{"id":2732,"date":"2022-08-02T15:06:00","date_gmt":"2022-08-02T12:06:00","guid":{"rendered":"https:\/\/wtdemo.link\/audio1\/?post_type=product&#038;p=2732"},"modified":"2022-08-02T15:06:00","modified_gmt":"2022-08-02T12:06:00","slug":"prolink-pm60-12-12v-5a-adaptor","status":"publish","type":"product","link":"https:\/\/wtdemo.link\/audio1\/product\/prolink-pm60-12-12v-5a-adaptor\/","title":{"rendered":"Prolink PM60-12 12V 5A Adapt\u00f6r"},"content":{"rendered":"<p><strong>Prolink PM60-12 12V 5A G\u00fc\u00e7 Kayna\u011f\u0131<\/strong><\/p>\n<p>Daima end\u00fcstri standartlar\u0131n\u0131 y\u00fckselten bir anlay\u0131\u015fla \u00fcr\u00fcn geli\u015ftirme s\u00fcrecine y\u00f6n veren Prolink, y\u00fcksek g\u00fcvenilirlik, verim ve s\u00fcrekli performans sa\u011flayan yeni nesil Prolink SMPS g\u00fc\u00e7 kaynaklar\u0131n\u0131 T\u00fcrkiye pazar\u0131na sunmu\u015ftur.<br \/>\nBenzersiz devre tasar\u0131m\u0131, ve \u00fcretim kalitesi ile \u00f6n plana \u00e7\u0131kan Prolink SMPS g\u00fc\u00e7 kaynaklar\u0131 her \u00fcr\u00fcn i\u00e7in %100 fonksiyon ve ya\u015fland\u0131rma testinden ge\u00e7mektedir.<\/p>\n<p><strong>\u00dcR\u00dcN \u00d6ZELL\u0130KLER\u0130:<\/strong><\/p>\n<p>&#8211; Giri\u015f Gerilimi : 110 V \/ 220 V<br \/>\n&#8211; \u00c7\u0131k\u0131\u015f gerilimi: 12V<br \/>\n&#8211; \u00c7\u0131k\u0131\u015f Ak\u0131m: 5A<br \/>\n&#8211; \u00c7\u0131k\u0131\u015f G\u00fcc\u00fc: 60 W<br \/>\n&#8211; Benzersiz devre tasar\u0131m\u0131<br \/>\n&#8211; Y\u00fcksek g\u00fc\u00e7 yo\u011funlu\u011funa kar\u015f\u0131n k\u00fc\u00e7\u00fck boyut<br \/>\n&#8211; \u00dcst\u00fcn verimlilik, uzun \u00f6m\u00fcr ve dayan\u0131kl\u0131l\u0131k<br \/>\n&#8211; Her \u00fcr\u00fcn i\u00e7in %100 fonksiyon testi<br \/>\n&#8211; CE g\u00fcvenlik standard\u0131na haiz<\/p>\n","protected":false},"excerpt":{"rendered":"<p>Prolink PM60-12 12V 5A G\u00fc\u00e7 Kayna\u011f\u0131 Daima end\u00fcstri standartlar\u0131n\u0131 y\u00fckselten bir anlay\u0131\u015fla \u00fcr\u00fcn geli\u015ftirme s\u00fcrecine y\u00f6n veren Prolink, y\u00fcksek g\u00fcvenilirlik, verim ve s\u00fcrekli performans sa\u011flayan yeni nesil Prolink SMPS g\u00fc\u00e7 kaynaklar\u0131n\u0131 T\u00fcrkiye pazar\u0131na sunmu\u015ftur. Benzersiz devre tasar\u0131m\u0131, ve \u00fcretim kalitesi ile \u00f6n plana \u00e7\u0131kan Prolink SMPS g\u00fc\u00e7 kaynaklar\u0131 her \u00fcr\u00fcn i\u00e7in %100 fonksiyon ve ya\u015fland\u0131rma [&hellip;]<\/p>\n","protected":false},"featured_media":2733,"comment_status":"open","ping_status":"closed","template":"","meta":[],"product_cat":[25],"product_tag":[],"class_list":{"0":"post-2732","1":"product","2":"type-product","3":"status-publish","4":"has-post-thumbnail","6":"product_cat-adaptorler","7":"notblog","9":"first","10":"instock","11":"shipping-taxable","12":"purchasable","13":"product-type-simple"},"_links":{"self":[{"href":"https:\/\/wtdemo.link\/audio1\/wp-json\/wp\/v2\/product\/2732","targetHints":{"allow":["GET"]}}],"collection":[{"href":"https:\/\/wtdemo.link\/audio1\/wp-json\/wp\/v2\/product"}],"about":[{"href":"https:\/\/wtdemo.link\/audio1\/wp-json\/wp\/v2\/types\/product"}],"replies":[{"embeddable":true,"href":"https:\/\/wtdemo.link\/audio1\/wp-json\/wp\/v2\/comments?post=2732"}],"wp:featuredmedia":[{"embeddable":true,"href":"https:\/\/wtdemo.link\/audio1\/wp-json\/wp\/v2\/media\/2733"}],"wp:attachment":[{"href":"https:\/\/wtdemo.link\/audio1\/wp-json\/wp\/v2\/media?parent=2732"}],"wp:term":[{"taxonomy":"product_cat","embeddable":true,"href":"https:\/\/wtdemo.link\/audio1\/wp-json\/wp\/v2\/product_cat?post=2732"},{"taxonomy":"product_tag","embeddable":true,"href":"https:\/\/wtdemo.link\/audio1\/wp-json\/wp\/v2\/product_tag?post=2732"}],"curies":[{"name":"wp","href":"https:\/\/api.w.org\/{rel}","templated":true}]}}