{"id":2736,"date":"2022-08-02T15:08:56","date_gmt":"2022-08-02T12:08:56","guid":{"rendered":"https:\/\/wtdemo.link\/audio1\/?post_type=product&#038;p=2736"},"modified":"2022-08-02T17:34:40","modified_gmt":"2022-08-02T14:34:40","slug":"microtec-erkek-erkek-vga-kablo-30-metre","status":"publish","type":"product","link":"https:\/\/wtdemo.link\/audio1\/product\/microtec-erkek-erkek-vga-kablo-30-metre\/","title":{"rendered":"MicroTec Erkek \/ Erkek VGA Kablo (30 Metre)"},"content":{"rendered":"<p><strong>MicroTec ERKEK \/ ERKEK VGA KABLO (30 METRE)<\/strong><\/p>\n<ul>\n<li>Veri kayb\u0131 olmadan tam iletkenlik sa\u011flayan 30 metre uzunlu\u011fundaki MicroTec VGA Kablo %99,5 oran\u0131nda bak\u0131r malzemeden yap\u0131lm\u0131\u015ft\u0131r.<br \/>\nKlasik siyah sert ve dayan\u0131kl\u0131 PVC kabuk k\u0131r\u0131lma, b\u00fck\u00fclme ve t\u00fcm d\u0131\u015f etkenlere kar\u015f\u0131 koruma sa\u011flar.<br \/>\n\u0130ki adet olan ferrit \u00e7ekirdekleri EMI (elektromanyetik parazit) \/ RFI (radyo frekans paraziti) ya kar\u015f\u0131 korur.<\/li>\n<\/ul>\n","protected":false},"excerpt":{"rendered":"<p>MicroTec ERKEK \/ ERKEK VGA KABLO (30 METRE) Veri kayb\u0131 olmadan tam iletkenlik sa\u011flayan 30 metre uzunlu\u011fundaki MicroTec VGA Kablo %99,5 oran\u0131nda bak\u0131r malzemeden yap\u0131lm\u0131\u015ft\u0131r. Klasik siyah sert ve dayan\u0131kl\u0131 PVC kabuk k\u0131r\u0131lma, b\u00fck\u00fclme ve t\u00fcm d\u0131\u015f etkenlere kar\u015f\u0131 koruma sa\u011flar. \u0130ki adet olan ferrit \u00e7ekirdekleri EMI (elektromanyetik parazit) \/ RFI (radyo frekans paraziti) ya [&hellip;]<\/p>\n","protected":false},"featured_media":2839,"comment_status":"open","ping_status":"closed","template":"","meta":[],"product_cat":[29],"product_tag":[],"class_list":{"0":"post-2736","1":"product","2":"type-product","3":"status-publish","4":"has-post-thumbnail","6":"product_cat-kablo-cesitleri","7":"notblog","9":"first","10":"instock","11":"shipping-taxable","12":"purchasable","13":"product-type-simple"},"_links":{"self":[{"href":"https:\/\/wtdemo.link\/audio1\/wp-json\/wp\/v2\/product\/2736","targetHints":{"allow":["GET"]}}],"collection":[{"href":"https:\/\/wtdemo.link\/audio1\/wp-json\/wp\/v2\/product"}],"about":[{"href":"https:\/\/wtdemo.link\/audio1\/wp-json\/wp\/v2\/types\/product"}],"replies":[{"embeddable":true,"href":"https:\/\/wtdemo.link\/audio1\/wp-json\/wp\/v2\/comments?post=2736"}],"wp:featuredmedia":[{"embeddable":true,"href":"https:\/\/wtdemo.link\/audio1\/wp-json\/wp\/v2\/media\/2839"}],"wp:attachment":[{"href":"https:\/\/wtdemo.link\/audio1\/wp-json\/wp\/v2\/media?parent=2736"}],"wp:term":[{"taxonomy":"product_cat","embeddable":true,"href":"https:\/\/wtdemo.link\/audio1\/wp-json\/wp\/v2\/product_cat?post=2736"},{"taxonomy":"product_tag","embeddable":true,"href":"https:\/\/wtdemo.link\/audio1\/wp-json\/wp\/v2\/product_tag?post=2736"}],"curies":[{"name":"wp","href":"https:\/\/api.w.org\/{rel}","templated":true}]}}