{"id":2738,"date":"2022-08-02T15:11:30","date_gmt":"2022-08-02T12:11:30","guid":{"rendered":"https:\/\/wtdemo.link\/audio1\/?post_type=product&#038;p=2738"},"modified":"2024-07-02T00:42:00","modified_gmt":"2024-07-01T21:42:00","slug":"4u-yan-kapaklari-acilan-kaynakli-duvar-tipi-kabinet-600x600","status":"publish","type":"product","link":"https:\/\/wtdemo.link\/audio1\/product\/4u-yan-kapaklari-acilan-kaynakli-duvar-tipi-kabinet-600x600\/","title":{"rendered":"4U Yan Kapaklar\u0131 A\u00e7\u0131lan, Kaynakl\u0131 Duvar Tipi Kabinet (600&#215;600)"},"content":{"rendered":"<p><strong>4U YAN KAPAKLARI A\u00c7ILAN, KAYNAKLI DUVAR T\u0130P\u0130 KAB\u0130NET<\/strong><\/p>\n<ul>\n<li>\u00dcr\u00fcn boyutlar\u0131: 600x600x267mm<br \/>\nA\u00e7\u0131labilir yan kapaklar<br \/>\n180 derece a\u00e7\u0131labilen kitlenebilir 4mm temperli rodajl\u0131 f\u00fcme cam<br \/>\nRal 7035 ve Ral 9005 renk se\u00e7enekleri<br \/>\n2 farkl\u0131 derinlik \u00f6l\u00e7\u00fcs\u00fc 450mm ve 600mm<br \/>\n4 farkl\u0131 y\u00fckseklik \u00f6l\u00e7\u00fcs\u00fc 7U, 9U, 12U, 16U<br \/>\nStandart 4 adet 1.5mm kal\u0131nl\u0131\u011f\u0131nda derinli\u011fi ayarlanabilir dikme<\/li>\n<\/ul>\n","protected":false},"excerpt":{"rendered":"<p>4U YAN KAPAKLARI A\u00c7ILAN, KAYNAKLI DUVAR T\u0130P\u0130 KAB\u0130NET \u00dcr\u00fcn boyutlar\u0131: 600x600x267mm A\u00e7\u0131labilir yan kapaklar 180 derece a\u00e7\u0131labilen kitlenebilir 4mm temperli rodajl\u0131 f\u00fcme cam Ral 7035 ve Ral 9005 renk se\u00e7enekleri 2 farkl\u0131 derinlik \u00f6l\u00e7\u00fcs\u00fc 450mm ve 600mm 4 farkl\u0131 y\u00fckseklik \u00f6l\u00e7\u00fcs\u00fc 7U, 9U, 12U, 16U Standart 4 adet 1.5mm kal\u0131nl\u0131\u011f\u0131nda derinli\u011fi ayarlanabilir dikme<\/p>\n","protected":false},"featured_media":2862,"comment_status":"open","ping_status":"closed","template":"","meta":[],"product_cat":[80],"product_tag":[],"class_list":{"0":"post-2738","1":"product","2":"type-product","3":"status-publish","4":"has-post-thumbnail","6":"product_cat-network-sistemleri","7":"notblog","9":"first","10":"instock","11":"shipping-taxable","12":"purchasable","13":"product-type-simple"},"_links":{"self":[{"href":"https:\/\/wtdemo.link\/audio1\/wp-json\/wp\/v2\/product\/2738","targetHints":{"allow":["GET"]}}],"collection":[{"href":"https:\/\/wtdemo.link\/audio1\/wp-json\/wp\/v2\/product"}],"about":[{"href":"https:\/\/wtdemo.link\/audio1\/wp-json\/wp\/v2\/types\/product"}],"replies":[{"embeddable":true,"href":"https:\/\/wtdemo.link\/audio1\/wp-json\/wp\/v2\/comments?post=2738"}],"wp:featuredmedia":[{"embeddable":true,"href":"https:\/\/wtdemo.link\/audio1\/wp-json\/wp\/v2\/media\/2862"}],"wp:attachment":[{"href":"https:\/\/wtdemo.link\/audio1\/wp-json\/wp\/v2\/media?parent=2738"}],"wp:term":[{"taxonomy":"product_cat","embeddable":true,"href":"https:\/\/wtdemo.link\/audio1\/wp-json\/wp\/v2\/product_cat?post=2738"},{"taxonomy":"product_tag","embeddable":true,"href":"https:\/\/wtdemo.link\/audio1\/wp-json\/wp\/v2\/product_tag?post=2738"}],"curies":[{"name":"wp","href":"https:\/\/api.w.org\/{rel}","templated":true}]}}