{"id":2742,"date":"2022-08-02T15:17:05","date_gmt":"2022-08-02T12:17:05","guid":{"rendered":"https:\/\/wtdemo.link\/audio1\/?post_type=product&#038;p=2742"},"modified":"2022-08-02T15:17:05","modified_gmt":"2022-08-02T12:17:05","slug":"ubnt-unifi-enterprise-ap-lr-long-range","status":"publish","type":"product","link":"https:\/\/wtdemo.link\/audio1\/product\/ubnt-unifi-enterprise-ap-lr-long-range\/","title":{"rendered":"UBNT Unifi Enterprise AP LR (Long Range)"},"content":{"rendered":"<p><strong>UBNT Unifi Enterprise AP LR (Long Range)<\/strong><\/p>\n<p>Ubiquiti Ubnt Unifi UAP LR yakla\u015f\u0131k 183 metrelik bir alanda wireless bir network\u00fc tek ba\u015f\u0131na ta\u015f\u0131yabilecek kapasitede \u00e7ok kaliteli bir \u00fcr\u00fcnd\u00fcr.<\/p>\n<p>\u0130\u00e7 mekan kullan\u0131m\u0131 i\u00e7in tasarlanm\u0131\u015f olup olduk\u00e7a \u015f\u0131k bir g\u00f6r\u00fcn\u00fcm\u00fc vard\u0131r. Bak\u0131ld\u0131\u011f\u0131nda \u015f\u0131k bir yang\u0131n dedekt\u00f6r\u00fcne benzemektedir. \u00d6zellikle \u00e7ok kullan\u0131c\u0131l\u0131 mekanlar i\u00e7in(Otel,Kamp\u00fcs gibi) tek tek \u00fcr\u00fcnleri konfig\u00fcre etmek \u00e7ok zordu, ama art\u0131k Uni-Fi var cihazlar\u0131 sadece ethernet kablosu ile poe olarak hem besleyerek hemde datas\u0131n\u0131z ta\u015f\u0131rs\u0131n\u0131z ve kontrol yaz\u0131l\u0131m\u0131 ile kulland\u0131\u011f\u0131n\u0131z t\u00fcm Uni-Fi&#8217;lar\u0131 tek bir bilgisayara kurdu\u011funuz \u00fccretsiz yaz\u0131l\u0131m\u0131 ile konfig\u00fcre edebilirsiniz.<\/p>\n<p>\u00dccretsiz gelen Uni-Fi yaz\u0131l\u0131m\u0131 ile cihazlar \u00fczerinde 4 farkl\u0131 SSID tan\u0131m\u0131 yapabilir, her SSID i\u00e7in bant geni\u015fli\u011fi s\u0131n\u0131rlamas\u0131,web trafi\u011finin kullan\u0131m\u0131 ile ilgili detayl\u0131 kullan\u0131m raporlar\u0131 alabilirsiniz, sisteminizdeki VLANlar ile uyumlu \u00e7al\u0131\u015f\u0131r.<\/p>\n<p>Sisteminizde birden fazla Uni-Fi kullan\u0131rsan\u0131z, di\u011fer Uni-Fi&#8217;lar ile kablosuz tekrarlay\u0131c\u0131 olarak kullanabilir veya Load Balance yaparak cihazlara gelen y\u00fckleri payla\u015ft\u0131rabilirsiniz.<\/p>\n<p><strong>Cihaz ile birlikte gelen kutu i\u00e7eri\u011fi:<\/strong><\/p>\n<p>Duvar ve Tavan Adapt\u00f6r Kiti Montaj<br \/>\nPoe adapt\u00f6r\u00fc<br \/>\nUnifi Kontrol\u00f6r Yaz\u0131l\u0131m Kurulum CD&#8217;si<\/p>\n<p><strong>\u015e\u0131k End\u00fcstriyel Tasar\u0131m<\/strong><br \/>\nTemiz bir end\u00fcstriyel tasar\u0131m \u00f6zelli\u011fi, UniFi \u00ae AP (montaj kitleri dahil) herhangi bir duvar veya tavan y\u00fczeyi i\u00e7ine sorunsuz bir \u015fekilde entegre edilebilir. LED g\u00f6sterge da\u011f\u0131t\u0131m\u0131n\u0131 ve yap\u0131land\u0131rmas\u0131n\u0131 kolayla\u015ft\u0131r\u0131r.<\/p>\n<p><strong>Binlerce \u00d6l\u00e7eklenebilirlik<\/strong><br \/>\nKendi yaz\u0131l\u0131m tabanl\u0131 yetenekleri ile, UniFi \u00ae sanal kontrol d\u00fczlemi bir merkezi kontrol\u00f6r alt\u0131nda s\u0131n\u0131rs\u0131z \u00f6l\u00e7eklenebilirlik sa\u011flar.<\/p>\n<p><strong>H\u0131zl\u0131 Da\u011f\u0131t\u0131m<\/strong><br \/>\nTak ve kurulum ve sezgisel y\u00f6netim \u00f6zel BT personeli kaynaklar ihtiyac\u0131n\u0131 azalt\u0131r.<\/p>\n<p><strong>\u0130nan\u0131lmaz Uzun Menzil Linkler<\/strong><br \/>\nUniFi \u00ae AP-LR uzun bir yelpazesi sunmaktad\u0131r &#8211; 183 m kadar &#8211; baz modeli UniFi AP veya UniFi AP-PRO daha.<\/p>\n<p><strong>E\u015fzamanl\u0131 Dual-Band Wi-Fi<\/strong><br \/>\nUniFi \u00ae AP-PRO 300 Mbps, 5 GHz band\u0131 i\u00e7in 2&#215;2 MIMO ve 450 Mbps, 2.4 GHz band\u0131 i\u00e7in 3&#215;3 MIMO kadar destekler.<\/p>\n<p><strong>Ekonomik Kurumsal Kablosuz<\/strong><br \/>\nUniFi \u00ae AP ak\u0131c\u0131 bir form fakt\u00f6r\u00fcnde y\u00fcksek performansl\u0131 Wi-Fi sunan, az $ 100 USD MSRP i\u00e7in kullan\u0131labilir.<\/p>\n<p><strong>Hi\u00e7bir Yaz\u0131l\u0131m \u00dccretleri<\/strong><br \/>\nUniFi \u00ae ayr\u0131 yaz\u0131l\u0131m, lisans veya destek \u00fccreti &#8211; Controller yaz\u0131l\u0131m\u0131 hi\u00e7bir ekstra \u00fccret \u00f6demeden UniFi AP donan\u0131m ile birlikte gelmektedir.<\/p>\n<p><strong>\u00d6l\u00e7eklenebilir \u015eirket Wi-Fi Y\u00f6netimi<\/strong><br \/>\nUniFi \u00ae Controller yaz\u0131l\u0131m\u0131, d\u00fc\u015f\u00fck gecikme s\u00fcresi ve y\u00fcksek uptime performans gerektiren y\u00fcksek yo\u011funluklu istemci da\u011f\u0131t\u0131mlar\u0131 i\u00e7in g\u00fc\u00e7l\u00fc, kurumsal kablosuz yaz\u0131l\u0131m motoru idealdir. Y\u00f6netilen hizmet sa\u011flay\u0131c\u0131lar i\u00e7in birden fazla da\u011f\u0131t\u0131lm\u0131\u015f da\u011f\u0131t\u0131mlar\u0131 ve \u00e7oklu kirac\u0131l\u0131k: bulutta bir tek UniFi Denetleyicisi \u00e7al\u0131\u015fan birden \u00e7ok site y\u00f6netebilirsiniz.<\/p>\n<p><strong>Geli\u015fmi\u015f Yaz\u0131l\u0131m \u00d6zellikleri<\/strong><br \/>\nSezgisel ve Sa\u011flam Yap\u0131land\u0131rma, Kontrol ve \u0130zleme an\u0131nda kar\u015f\u0131l\u0131k ve UniFi binlerce yap\u0131land\u0131rmak \u00ae AP. \u00c7abuk. Sistem trafi\u011fini y\u00f6netmek \u00d6zel Haritalar ve Google Maps Y\u00fckle \u00f6zel harita g\u00f6r\u00fcnt\u00fcleri veya kablosuz a\u011f\u0131n\u0131za g\u00f6rsel g\u00f6sterimi i\u00e7in Google Maps&#8217;i. WLAN Gruplar\u0131 b\u00fcy\u00fck da\u011f\u0131t\u0131mlar esnek yap\u0131land\u0131rma i\u00e7in WLAN gruplar\u0131n yararlan\u0131n ve aral\u0131\u011f\u0131n\u0131 geni\u015fletmek i\u00e7in AP aras\u0131ndaki kablosuz ba\u011flant\u0131 sa\u011flar. S\u0131f\u0131r-Atlatma Dola\u015f\u0131m A\u011f Unified Bir kullan\u0131c\u0131lar\u0131 dola\u015fmak ve sorunsuz onlar yak\u0131n AP ge\u00e7i\u015f olarak ba\u011flant\u0131y\u0131 s\u00fcrd\u00fcrmek, b\u00f6ylece birden fazla AP aras\u0131nda b\u00fcy\u00fck bir kablosuz a\u011f olu\u015fturun.<\/p>\n","protected":false},"excerpt":{"rendered":"<p>UBNT Unifi Enterprise AP LR (Long Range) Ubiquiti Ubnt Unifi UAP LR yakla\u015f\u0131k 183 metrelik bir alanda wireless bir network\u00fc tek ba\u015f\u0131na ta\u015f\u0131yabilecek kapasitede \u00e7ok kaliteli bir \u00fcr\u00fcnd\u00fcr. \u0130\u00e7 mekan kullan\u0131m\u0131 i\u00e7in tasarlanm\u0131\u015f olup olduk\u00e7a \u015f\u0131k bir g\u00f6r\u00fcn\u00fcm\u00fc vard\u0131r. Bak\u0131ld\u0131\u011f\u0131nda \u015f\u0131k bir yang\u0131n dedekt\u00f6r\u00fcne benzemektedir. \u00d6zellikle \u00e7ok kullan\u0131c\u0131l\u0131 mekanlar i\u00e7in(Otel,Kamp\u00fcs gibi) tek tek \u00fcr\u00fcnleri konfig\u00fcre [&hellip;]<\/p>\n","protected":false},"featured_media":2743,"comment_status":"open","ping_status":"closed","template":"","meta":[],"product_cat":[53],"product_tag":[],"class_list":{"0":"post-2742","1":"product","2":"type-product","3":"status-publish","4":"has-post-thumbnail","6":"product_cat-kablosuz-network-cihazlari","7":"notblog","9":"first","10":"instock","11":"shipping-taxable","12":"purchasable","13":"product-type-simple"},"_links":{"self":[{"href":"https:\/\/wtdemo.link\/audio1\/wp-json\/wp\/v2\/product\/2742","targetHints":{"allow":["GET"]}}],"collection":[{"href":"https:\/\/wtdemo.link\/audio1\/wp-json\/wp\/v2\/product"}],"about":[{"href":"https:\/\/wtdemo.link\/audio1\/wp-json\/wp\/v2\/types\/product"}],"replies":[{"embeddable":true,"href":"https:\/\/wtdemo.link\/audio1\/wp-json\/wp\/v2\/comments?post=2742"}],"wp:featuredmedia":[{"embeddable":true,"href":"https:\/\/wtdemo.link\/audio1\/wp-json\/wp\/v2\/media\/2743"}],"wp:attachment":[{"href":"https:\/\/wtdemo.link\/audio1\/wp-json\/wp\/v2\/media?parent=2742"}],"wp:term":[{"taxonomy":"product_cat","embeddable":true,"href":"https:\/\/wtdemo.link\/audio1\/wp-json\/wp\/v2\/product_cat?post=2742"},{"taxonomy":"product_tag","embeddable":true,"href":"https:\/\/wtdemo.link\/audio1\/wp-json\/wp\/v2\/product_tag?post=2742"}],"curies":[{"name":"wp","href":"https:\/\/api.w.org\/{rel}","templated":true}]}}