{"id":2744,"date":"2022-08-02T15:18:53","date_gmt":"2022-08-02T12:18:53","guid":{"rendered":"https:\/\/wtdemo.link\/audio1\/?post_type=product&#038;p=2744"},"modified":"2022-08-02T17:00:56","modified_gmt":"2022-08-02T14:00:56","slug":"microtec-ahd-kamera-test-cihazi-4-3","status":"publish","type":"product","link":"https:\/\/wtdemo.link\/audio1\/product\/microtec-ahd-kamera-test-cihazi-4-3\/","title":{"rendered":"MicroTec AHD Kamera Test Cihaz\u0131 (4.3)"},"content":{"rendered":"<p><strong>MicroTec AHD &#8211; TVI &#8211; CVI &#8211; ANALOG Kamera Test Cihaz\u0131<\/strong><\/p>\n<p>Analog g\u00fcvenlik g\u00fcvenlik kameralar\u0131 yerlerini HD g\u00f6r\u00fcnt\u00fc kalitesine sahip AHD &#8211; TVI &#8211; CVI -ANALOG kameralar\u0131na b\u0131rakmaya ba\u015flad\u0131\u011f\u0131 i\u00e7in, HD kamera kurulumu yapan g\u00fcvenlik kameras\u0131 montaj firmalar\u0131nda ahd kamera test mon\u00fcr\u00fc ihtiyac\u0131 do\u011fmu\u015ftur.<\/p>\n<p>Standart kamera test monit\u00f6rleri ile ahd kamera g\u00f6r\u00fcnt\u00fcs\u00fcn\u00fc test etmek m\u00fcmk\u00fcn de\u011fildir, bu nedenle hd kamera g\u00f6r\u00fcnt\u00fcs\u00fcn\u00fc test etmek i\u00e7in HD kamera test monit\u00f6r\u00fc kullan\u0131lmal\u0131d\u0131r.<\/p>\n<p>HD Kamera test monit\u00f6r\u00fc ile marka model farketmeksizin t\u00fcm ahd g\u00fcvenlik kamerlar\u0131n\u0131n g\u00f6r\u00fcnt\u00fcleri alabilirsiniz<\/p>\n<p><strong>MicroTec AHD Kamera Test Cihaz\u0131 \u00d6zellikler:<\/strong><\/p>\n<p>\u00dcr\u00fcn 4.3&#8243; lcd ekrana sahiptir.<br \/>\nBu \u00dcr\u00fcn 2MP HD kameralar\u0131 da g\u00f6r\u00fcnt\u00fcleyebilmektedir.<br \/>\nAnalog kameralar\u0131 g\u00f6r\u00fcnt\u00fcleyebilir.<br \/>\nHDCVI Kameralar\u0131 g\u00f6r\u00fcnt\u00fcleyebilir.<br \/>\nHD TVI Kameralar\u0131 g\u00f6r\u00fcnt\u00fcleyebilir.<br \/>\nAhd L serisi ve M serisi kameralar\u0131 2 Mega Pixel e kadar g\u00f6r\u00fcnt\u00fcleyebilir.<br \/>\nUzun \u00d6m\u00fcrl\u00fc 11800mah Lityum Pil<\/p>\n","protected":false},"excerpt":{"rendered":"<p>MicroTec AHD &#8211; TVI &#8211; CVI &#8211; ANALOG Kamera Test Cihaz\u0131 Analog g\u00fcvenlik g\u00fcvenlik kameralar\u0131 yerlerini HD g\u00f6r\u00fcnt\u00fc kalitesine sahip AHD &#8211; TVI &#8211; CVI -ANALOG kameralar\u0131na b\u0131rakmaya ba\u015flad\u0131\u011f\u0131 i\u00e7in, HD kamera kurulumu yapan g\u00fcvenlik kameras\u0131 montaj firmalar\u0131nda ahd kamera test mon\u00fcr\u00fc ihtiyac\u0131 do\u011fmu\u015ftur. Standart kamera test monit\u00f6rleri ile ahd kamera g\u00f6r\u00fcnt\u00fcs\u00fcn\u00fc test etmek m\u00fcmk\u00fcn [&hellip;]<\/p>\n","protected":false},"featured_media":2806,"comment_status":"open","ping_status":"closed","template":"","meta":[],"product_cat":[44],"product_tag":[],"class_list":{"0":"post-2744","1":"product","2":"type-product","3":"status-publish","4":"has-post-thumbnail","6":"product_cat-kamera-goruntuleme-ve-test-cihazlari","7":"notblog","9":"first","10":"instock","11":"shipping-taxable","12":"purchasable","13":"product-type-simple"},"_links":{"self":[{"href":"https:\/\/wtdemo.link\/audio1\/wp-json\/wp\/v2\/product\/2744","targetHints":{"allow":["GET"]}}],"collection":[{"href":"https:\/\/wtdemo.link\/audio1\/wp-json\/wp\/v2\/product"}],"about":[{"href":"https:\/\/wtdemo.link\/audio1\/wp-json\/wp\/v2\/types\/product"}],"replies":[{"embeddable":true,"href":"https:\/\/wtdemo.link\/audio1\/wp-json\/wp\/v2\/comments?post=2744"}],"wp:featuredmedia":[{"embeddable":true,"href":"https:\/\/wtdemo.link\/audio1\/wp-json\/wp\/v2\/media\/2806"}],"wp:attachment":[{"href":"https:\/\/wtdemo.link\/audio1\/wp-json\/wp\/v2\/media?parent=2744"}],"wp:term":[{"taxonomy":"product_cat","embeddable":true,"href":"https:\/\/wtdemo.link\/audio1\/wp-json\/wp\/v2\/product_cat?post=2744"},{"taxonomy":"product_tag","embeddable":true,"href":"https:\/\/wtdemo.link\/audio1\/wp-json\/wp\/v2\/product_tag?post=2744"}],"curies":[{"name":"wp","href":"https:\/\/api.w.org\/{rel}","templated":true}]}}