{"id":2746,"date":"2022-08-02T15:37:07","date_gmt":"2022-08-02T12:37:07","guid":{"rendered":"https:\/\/wtdemo.link\/audio1\/?post_type=product&#038;p=2746"},"modified":"2022-08-02T17:29:51","modified_gmt":"2022-08-02T14:29:51","slug":"xiaomi-mijia-home-360-1080p-ip-guvenlik-kamerasi","status":"publish","type":"product","link":"https:\/\/wtdemo.link\/audio1\/product\/xiaomi-mijia-home-360-1080p-ip-guvenlik-kamerasi\/","title":{"rendered":"Xiaomi MiJia Home 360\u00b0 1080P IP G\u00fcvenlik Kameras\u0131"},"content":{"rendered":"<p>360\u00b0 PTZ kontrol, gece g\u00f6r\u00fc\u015f\u00fc, hareket alg\u0131lama, intercom ve ak\u0131ll\u0131 telefonlardan kontrol gibi \u00f6zellikleri ile tercih edilebilecek en iyi IP kameralardan birisi olan MiJia kamera ile evinizde ya da i\u015f yerinizde kendi g\u00fcvenlik sisteminizi kurabilirsiniz.<\/p>\n<p><strong>\u00dcr\u00fcn \u00d6zellikleri<\/strong><\/p>\n<p>Ba\u011flant\u0131: WI-FI 2.4GHZ<br \/>\nDepolama: Micro SD Kart (max. 64 GB)<br \/>\n\u00c7\u00f6z\u00fcn\u00fcrl\u00fck: 720p-1080p<br \/>\nLens: F2.6mm 112\u00b0<br \/>\nG\u00fc\u00e7: 5V\/1A<br \/>\nGece G\u00f6r\u00fc\u015f\u00fc: 8 Non-invasive (940nm)<br \/>\nHareket Alg\u0131lama: Auto Capture (10 Saniye)<br \/>\nKontrol: PTZ<br \/>\nIntercom<br \/>\nA\u011f\u0131rl\u0131k: 230g<br \/>\nBoyut: 110 x 64 x 93mm<\/p>\n<p><strong>Kutu \u0130\u00e7eri\u011fi<\/strong><\/p>\n<p>1 \u00d7 Xiaomi MiJia 360\u00b0 720p-1080p Home Kamera<br \/>\n1 \u00d7 G\u00fc\u00e7 Kablosu<br \/>\n1 \u00d7 Duvar Ba\u011flant\u0131 Konsolu<br \/>\n2 \u00d7 Ba\u011flant\u0131 Vidas\u0131<br \/>\nKullan\u0131m K\u0131lavuzu<\/p>\n","protected":false},"excerpt":{"rendered":"<p>360\u00b0 PTZ kontrol, gece g\u00f6r\u00fc\u015f\u00fc, hareket alg\u0131lama, intercom ve ak\u0131ll\u0131 telefonlardan kontrol gibi \u00f6zellikleri ile tercih edilebilecek en iyi IP kameralardan birisi olan MiJia kamera ile evinizde ya da i\u015f yerinizde kendi g\u00fcvenlik sisteminizi kurabilirsiniz. \u00dcr\u00fcn \u00d6zellikleri Ba\u011flant\u0131: WI-FI 2.4GHZ Depolama: Micro SD Kart (max. 64 GB) \u00c7\u00f6z\u00fcn\u00fcrl\u00fck: 720p-1080p Lens: F2.6mm 112\u00b0 G\u00fc\u00e7: 5V\/1A Gece [&hellip;]<\/p>\n","protected":false},"featured_media":2835,"comment_status":"open","ping_status":"closed","template":"","meta":[],"product_cat":[26],"product_tag":[],"class_list":{"0":"post-2746","1":"product","2":"type-product","3":"status-publish","4":"has-post-thumbnail","6":"product_cat-ip-guvenlik-kameralari","7":"notblog","9":"first","10":"instock","11":"shipping-taxable","12":"purchasable","13":"product-type-simple"},"_links":{"self":[{"href":"https:\/\/wtdemo.link\/audio1\/wp-json\/wp\/v2\/product\/2746","targetHints":{"allow":["GET"]}}],"collection":[{"href":"https:\/\/wtdemo.link\/audio1\/wp-json\/wp\/v2\/product"}],"about":[{"href":"https:\/\/wtdemo.link\/audio1\/wp-json\/wp\/v2\/types\/product"}],"replies":[{"embeddable":true,"href":"https:\/\/wtdemo.link\/audio1\/wp-json\/wp\/v2\/comments?post=2746"}],"wp:featuredmedia":[{"embeddable":true,"href":"https:\/\/wtdemo.link\/audio1\/wp-json\/wp\/v2\/media\/2835"}],"wp:attachment":[{"href":"https:\/\/wtdemo.link\/audio1\/wp-json\/wp\/v2\/media?parent=2746"}],"wp:term":[{"taxonomy":"product_cat","embeddable":true,"href":"https:\/\/wtdemo.link\/audio1\/wp-json\/wp\/v2\/product_cat?post=2746"},{"taxonomy":"product_tag","embeddable":true,"href":"https:\/\/wtdemo.link\/audio1\/wp-json\/wp\/v2\/product_tag?post=2746"}],"curies":[{"name":"wp","href":"https:\/\/api.w.org\/{rel}","templated":true}]}}