{"id":2752,"date":"2022-08-02T15:42:04","date_gmt":"2022-08-02T12:42:04","guid":{"rendered":"https:\/\/wtdemo.link\/audio1\/?post_type=product&#038;p=2752"},"modified":"2022-08-02T17:23:43","modified_gmt":"2022-08-02T14:23:43","slug":"ids-5-mp-lensli-1080p-full-hd-ahd-guvenlik-kamerasi-kamera-sistemleri-icin-gece-goruslu-su-gecirmez-3-adet","status":"publish","type":"product","link":"https:\/\/wtdemo.link\/audio1\/product\/ids-5-mp-lensli-1080p-full-hd-ahd-guvenlik-kamerasi-kamera-sistemleri-icin-gece-goruslu-su-gecirmez-3-adet\/","title":{"rendered":"IDS 5 mp Lensli 1080P Full HD Ahd G\u00fcvenlik Kameras\u0131 Kamera Sistemleri I\u00e7in Gece G\u00f6r\u00fc\u015fl\u00fc Su Ge\u00e7irmez 3 Adet"},"content":{"rendered":"<p>G\u00dcVENL\u0130K KAMERASI 1080P GER\u00c7EK FULLHD<\/p>\n<p>Z\u0130F\u0130R\u0130 KARANLIKTA 20M, I\u015eIK DESTE\u011e\u0130YLE 200M KADAR NET GECE G\u00d6R\u00dc\u015e\u00dcNE SAH\u0130PT\u0130R.<\/p>\n<p>IP66 PLAST\u0130K, SU GE\u00c7\u0130RMEZ KASA.<\/p>\n<p>\u0130STED\u0130\u011e\u0130N\u0130Z ORTAM VE ALANDA KULLANAB\u0130L\u0130RS\u0130N\u0130Z.<\/p>\n<p>+55 \/ -15 DERECEYE KADAR B\u00dcT\u00dcN HAVA KO\u015eULLARINA DAYANIKLI<\/p>\n<p>AKROBATIK AYA\u011eI SAYES\u0130NDE \u0130STED\u0130\u011e\u0130N\u0130Z A\u00c7IDA SAB\u0130TLEYEB\u0130L\u0130RS\u0130N\u0130Z.<\/p>\n<p>6 ATOM LED \u0130LE NET GECE G\u00d6R\u00dc\u015e\u00dc<\/p>\n<p>82 DERECE EXTRA GEN\u0130\u015e A\u00c7ILIDIR.<\/p>\n","protected":false},"excerpt":{"rendered":"<p>G\u00dcVENL\u0130K KAMERASI 1080P GER\u00c7EK FULLHD Z\u0130F\u0130R\u0130 KARANLIKTA 20M, I\u015eIK DESTE\u011e\u0130YLE 200M KADAR NET GECE G\u00d6R\u00dc\u015e\u00dcNE SAH\u0130PT\u0130R. IP66 PLAST\u0130K, SU GE\u00c7\u0130RMEZ KASA. \u0130STED\u0130\u011e\u0130N\u0130Z ORTAM VE ALANDA KULLANAB\u0130L\u0130RS\u0130N\u0130Z. +55 \/ -15 DERECEYE KADAR B\u00dcT\u00dcN HAVA KO\u015eULLARINA DAYANIKLI AKROBATIK AYA\u011eI SAYES\u0130NDE \u0130STED\u0130\u011e\u0130N\u0130Z A\u00c7IDA SAB\u0130TLEYEB\u0130L\u0130RS\u0130N\u0130Z. 6 ATOM LED \u0130LE NET GECE G\u00d6R\u00dc\u015e\u00dc 82 DERECE EXTRA GEN\u0130\u015e A\u00c7ILIDIR.<\/p>\n","protected":false},"featured_media":2832,"comment_status":"open","ping_status":"closed","template":"","meta":[],"product_cat":[34],"product_tag":[],"class_list":{"0":"post-2752","1":"product","2":"type-product","3":"status-publish","4":"has-post-thumbnail","6":"product_cat-ahd-guvenlik-kameralari","7":"notblog","9":"first","10":"instock","11":"shipping-taxable","12":"purchasable","13":"product-type-simple"},"_links":{"self":[{"href":"https:\/\/wtdemo.link\/audio1\/wp-json\/wp\/v2\/product\/2752","targetHints":{"allow":["GET"]}}],"collection":[{"href":"https:\/\/wtdemo.link\/audio1\/wp-json\/wp\/v2\/product"}],"about":[{"href":"https:\/\/wtdemo.link\/audio1\/wp-json\/wp\/v2\/types\/product"}],"replies":[{"embeddable":true,"href":"https:\/\/wtdemo.link\/audio1\/wp-json\/wp\/v2\/comments?post=2752"}],"wp:featuredmedia":[{"embeddable":true,"href":"https:\/\/wtdemo.link\/audio1\/wp-json\/wp\/v2\/media\/2832"}],"wp:attachment":[{"href":"https:\/\/wtdemo.link\/audio1\/wp-json\/wp\/v2\/media?parent=2752"}],"wp:term":[{"taxonomy":"product_cat","embeddable":true,"href":"https:\/\/wtdemo.link\/audio1\/wp-json\/wp\/v2\/product_cat?post=2752"},{"taxonomy":"product_tag","embeddable":true,"href":"https:\/\/wtdemo.link\/audio1\/wp-json\/wp\/v2\/product_tag?post=2752"}],"curies":[{"name":"wp","href":"https:\/\/api.w.org\/{rel}","templated":true}]}}