{"id":2758,"date":"2022-08-02T15:48:48","date_gmt":"2022-08-02T12:48:48","guid":{"rendered":"https:\/\/wtdemo.link\/audio1\/?post_type=product&#038;p=2758"},"modified":"2022-08-02T17:26:13","modified_gmt":"2022-08-02T14:26:13","slug":"asus-adaptor-sarj-cihazi-adp-65dw-19v-3-42a-5-5x2-5mm","status":"publish","type":"product","link":"https:\/\/wtdemo.link\/audio1\/product\/asus-adaptor-sarj-cihazi-adp-65dw-19v-3-42a-5-5x2-5mm\/","title":{"rendered":"Asus Adapt\u00f6r &#8211; \u015earj Cihaz\u0131 &#8211; Adp 65DW &#8211; 19V 3.42A &#8211; 5.5&#215;2.5mm"},"content":{"rendered":"<p>Asus Adapt\u00f6r &#8211; \u015earj Cihaz\u0131 &#8211; Adp 65DW &#8211; 19V 3.42A &#8211; 5.5&#215;2.5mm<br \/>\nMarka Model Asus<\/p>\n<p>Durumu Orijinal \/ S\u0131f\u0131r \u00dcr\u00fcn<\/p>\n<p>\u00c7\u0131k\u0131\u015f Voltaj\u013119vAmper3.42a<\/p>\n<p>G\u00fc\u00e765W<\/p>\n<p>U\u00e7 Tipi5.5*2.5<\/p>\n","protected":false},"excerpt":{"rendered":"<p>Asus Adapt\u00f6r &#8211; \u015earj Cihaz\u0131 &#8211; Adp 65DW &#8211; 19V 3.42A &#8211; 5.5&#215;2.5mm Marka Model Asus Durumu Orijinal \/ S\u0131f\u0131r \u00dcr\u00fcn \u00c7\u0131k\u0131\u015f Voltaj\u013119vAmper3.42a G\u00fc\u00e765W U\u00e7 Tipi5.5*2.5<\/p>\n","protected":false},"featured_media":2833,"comment_status":"open","ping_status":"closed","template":"","meta":[],"product_cat":[25],"product_tag":[],"class_list":{"0":"post-2758","1":"product","2":"type-product","3":"status-publish","4":"has-post-thumbnail","6":"product_cat-adaptorler","7":"notblog","9":"first","10":"instock","11":"shipping-taxable","12":"purchasable","13":"product-type-simple"},"_links":{"self":[{"href":"https:\/\/wtdemo.link\/audio1\/wp-json\/wp\/v2\/product\/2758","targetHints":{"allow":["GET"]}}],"collection":[{"href":"https:\/\/wtdemo.link\/audio1\/wp-json\/wp\/v2\/product"}],"about":[{"href":"https:\/\/wtdemo.link\/audio1\/wp-json\/wp\/v2\/types\/product"}],"replies":[{"embeddable":true,"href":"https:\/\/wtdemo.link\/audio1\/wp-json\/wp\/v2\/comments?post=2758"}],"wp:featuredmedia":[{"embeddable":true,"href":"https:\/\/wtdemo.link\/audio1\/wp-json\/wp\/v2\/media\/2833"}],"wp:attachment":[{"href":"https:\/\/wtdemo.link\/audio1\/wp-json\/wp\/v2\/media?parent=2758"}],"wp:term":[{"taxonomy":"product_cat","embeddable":true,"href":"https:\/\/wtdemo.link\/audio1\/wp-json\/wp\/v2\/product_cat?post=2758"},{"taxonomy":"product_tag","embeddable":true,"href":"https:\/\/wtdemo.link\/audio1\/wp-json\/wp\/v2\/product_tag?post=2758"}],"curies":[{"name":"wp","href":"https:\/\/api.w.org\/{rel}","templated":true}]}}