{"id":2760,"date":"2022-08-02T15:51:13","date_gmt":"2022-08-02T12:51:13","guid":{"rendered":"https:\/\/wtdemo.link\/audio1\/?post_type=product&#038;p=2760"},"modified":"2022-08-02T17:26:37","modified_gmt":"2022-08-02T14:26:37","slug":"hp-pavilion-11-notebook-sarj-aleti-adaptor","status":"publish","type":"product","link":"https:\/\/wtdemo.link\/audio1\/product\/hp-pavilion-11-notebook-sarj-aleti-adaptor\/","title":{"rendered":"Hp Pavilion 11 Notebook \u015earj Aleti Adapt\u00f6r"},"content":{"rendered":"<p><strong>Hp Pavilion 11 Notebook Adapt\u00f6r \u015earj Cihaz\u0131<\/strong><br \/>\n<strong>Hp Pavilion 11 Adapt\u00f6r Teknik \u00d6zellikleri:<\/strong><br \/>\nINFHC14<\/p>\n<p>Marka: \u0130nfostar<\/p>\n<p>Durumu : %100 Uyumlu Muadil<\/p>\n<p>Voltaj: 19.5V<\/p>\n<p>Kapasite: 2.31A<\/p>\n<p>G\u00fc\u00e7: 45W<\/p>\n<p>Renk: Siyah<\/p>\n<p>U\u00e7 \u00c7ap\u0131: 4.5 x 3.0 mm &#8211; Pinli U\u00e7<\/p>\n<p>Garanti: 24 Ay Garantilidir.<\/p>\n<p>Par\u00e7a Kodlar\u0131: H6Y88AA<\/p>\n<p>Uyumlu Modeller: Hp Tablet &amp; Ultrabook Serileri, Hp 14, 15, Hp 210, 240, 242, 248, 250, 255, 340, 350, Hp Pavilion 11 x360, 13 x360, Hp Pavilion 11, 13, 14, Hp Stream 11, 13, 14<\/p>\n<p><strong>Hp Pavilion 11 Adapt\u00f6r Bilgilendirme:<\/strong><br \/>\nAdapt\u00f6rlerimiz taraf\u0131n\u0131za ula\u015fma\u2019dan \u00f6nce test edilmektedir. Sat\u0131n ald\u0131\u011f\u0131n\u0131z adapt\u00f6r mevcut sorununuz \u00e7\u00f6zmediyse problem laptopunuz da olabilir. Diledi\u011finiz takdirde taraf\u0131m\u0131za anla\u015fmal\u0131 kargo ile g\u00f6nderip sorununuz ile ilgilenebiliriz.<\/p>\n<p>Adapt\u00f6rlerimiz vermesi gereken g\u00fcc\u00fc sa\u011flar. Herhangi bir voltaj dalgalanmas\u0131ndan etkilenmez. \u00c7al\u0131\u015fma esnas\u0131nda minimum derecede \u0131s\u0131 \u00fcretir.<\/p>\n<p>Notebookunuza zarar verme gibi bir riski yoktur. T\u00fcm kalite testleri tamamland\u0131ktan sonra sat\u0131\u015fa sunulur.<\/p>\n<p>Adapt\u00f6r i\u00e7 k\u0131sm\u0131nda darbe ve \u0131s\u0131ya dayanakl\u0131 izolasyon malzemesi bulunmaktad\u0131r.<\/p>\n<p><strong>Hp Pavilion 11 Adapt\u00f6r Kullan\u0131m Talimatlar\u0131:<\/strong><br \/>\nNotebook modeli i\u00e7in \u00fcretilen adapt\u00f6rlerden farkl\u0131 adapt\u00f6rler kullanmay\u0131n, farkl\u0131 boyutlarda DC Jack olan adapt\u00f6rlerin kullan\u0131lmas\u0131 \u00fcr\u00fcnde hasara neden olabilir.<\/p>\n<p>Notebooklar\u0131n\u0131z\u0131 adapt\u00f6r ile \u015farj etmeden \u00f6nce \u015farj aletinin ve notebook bilgisayar\u0131n DC Jack i\u00e7erisinde yabanc\u0131 madde (toz, pamuk vs.) olmad\u0131\u011f\u0131ndan emin olunuz.<\/p>\n<p>Adapt\u00f6r\u00fc kullan\u0131rken yere koymay\u0131n, \u00e7\u00fcnk\u00fc ofis sandalyelerinin tekerlekleri kablolar\u0131 ezebilir ve k\u0131sa devrelere veya elektrik ka\u00e7aklar\u0131na neden olabilir<\/p>\n","protected":false},"excerpt":{"rendered":"<p>Hp Pavilion 11 Notebook Adapt\u00f6r \u015earj Cihaz\u0131 Hp Pavilion 11 Adapt\u00f6r Teknik \u00d6zellikleri: INFHC14 Marka: \u0130nfostar Durumu : %100 Uyumlu Muadil Voltaj: 19.5V Kapasite: 2.31A G\u00fc\u00e7: 45W Renk: Siyah U\u00e7 \u00c7ap\u0131: 4.5 x 3.0 mm &#8211; Pinli U\u00e7 Garanti: 24 Ay Garantilidir. Par\u00e7a Kodlar\u0131: H6Y88AA Uyumlu Modeller: Hp Tablet &amp; Ultrabook Serileri, Hp 14, 15, [&hellip;]<\/p>\n","protected":false},"featured_media":2834,"comment_status":"open","ping_status":"closed","template":"","meta":[],"product_cat":[25],"product_tag":[],"class_list":{"0":"post-2760","1":"product","2":"type-product","3":"status-publish","4":"has-post-thumbnail","6":"product_cat-adaptorler","7":"notblog","9":"first","10":"instock","11":"shipping-taxable","12":"purchasable","13":"product-type-simple"},"_links":{"self":[{"href":"https:\/\/wtdemo.link\/audio1\/wp-json\/wp\/v2\/product\/2760","targetHints":{"allow":["GET"]}}],"collection":[{"href":"https:\/\/wtdemo.link\/audio1\/wp-json\/wp\/v2\/product"}],"about":[{"href":"https:\/\/wtdemo.link\/audio1\/wp-json\/wp\/v2\/types\/product"}],"replies":[{"embeddable":true,"href":"https:\/\/wtdemo.link\/audio1\/wp-json\/wp\/v2\/comments?post=2760"}],"wp:featuredmedia":[{"embeddable":true,"href":"https:\/\/wtdemo.link\/audio1\/wp-json\/wp\/v2\/media\/2834"}],"wp:attachment":[{"href":"https:\/\/wtdemo.link\/audio1\/wp-json\/wp\/v2\/media?parent=2760"}],"wp:term":[{"taxonomy":"product_cat","embeddable":true,"href":"https:\/\/wtdemo.link\/audio1\/wp-json\/wp\/v2\/product_cat?post=2760"},{"taxonomy":"product_tag","embeddable":true,"href":"https:\/\/wtdemo.link\/audio1\/wp-json\/wp\/v2\/product_tag?post=2760"}],"curies":[{"name":"wp","href":"https:\/\/api.w.org\/{rel}","templated":true}]}}