{"id":2762,"date":"2022-08-02T15:53:57","date_gmt":"2022-08-02T12:53:57","guid":{"rendered":"https:\/\/wtdemo.link\/audio1\/?post_type=product&#038;p=2762"},"modified":"2022-08-02T17:07:21","modified_gmt":"2022-08-02T14:07:21","slug":"xiaomi-70mai-akilli-arac-ici-kamera-130-genis-aci-lens-1080p-sesli-kontrol-global-versiyon","status":"publish","type":"product","link":"https:\/\/wtdemo.link\/audio1\/product\/xiaomi-70mai-akilli-arac-ici-kamera-130-genis-aci-lens-1080p-sesli-kontrol-global-versiyon\/","title":{"rendered":"Xiaomi 70Mai Ak\u0131ll\u0131 Ara\u00e7 \u0130\u00e7i Kamera &#8211; 130\u00b0 Geni\u015f A\u00e7\u0131 Lens -1080p -Sesli Kontrol &#8211; Global Versiyon"},"content":{"rendered":"<p><strong>Xiaomi 70Mai Ak\u0131ll\u0131 Ara\u00e7 \u0130\u00e7i Kamera &#8211; 130\u00b0 Geni\u015f A\u00e7\u0131 Lens -1080p -Sesli Kontrol &#8211; Global Versiyon<\/strong><\/p>\n<p>Xiaomi 70Mai Ak\u0131ll\u0131 Ara\u00e7 \u0130\u00e7i Kamera &#8211; 130\u00b0 Geni\u015f A\u00e7\u0131 Lens &#8211; 1080p &#8211; Sesli Kontrol &#8211; Global Versiyon, y\u00fcksek g\u00f6r\u00fcnt\u00fc kalitesi ve geni\u015f g\u00f6r\u00fc\u015f a\u00e7\u0131s\u0131 ile yolculuk esnas\u0131nda hi\u00e7bir an\u0131 ka\u00e7\u0131rmaman\u0131z\u0131 sa\u011flar. G\u00f6r\u00fcnt\u00fcleri, kar\u0131\u015fabilece\u011finiz kazalarda kan\u0131t olarak kullanabilirsiniz. Ayr\u0131ca yolculuk esnas\u0131nda yakalad\u0131\u011f\u0131n\u0131z s\u0131ra d\u0131\u015f\u0131 g\u00f6r\u00fcnt\u00fcler de an\u0131 olarak kal\u0131r.<\/p>\n<p><strong>Xiaomi Ara\u00e7 \u0130\u00e7i Kameras\u0131 Hakk\u0131nda Temel Bilgiler<\/strong><\/p>\n<p>Xiaomi 70Mai Ak\u0131ll\u0131 Ara\u00e7 \u0130\u00e7i Kamera arac\u0131n\u0131zdaki \u00fc\u00e7\u00fcnc\u00fc g\u00f6z\u00fcn\u00fcz olur. Wi-Fi ba\u011flant\u0131s\u0131 sayesinde g\u00f6r\u00fcnt\u00fcleri anl\u0131k olarak uygulamaya aktarabilir ve dilerseniz g\u00f6r\u00fcnt\u00fcleri saklayabilir dilerseniz sosyal medyada payla\u015fabilirsiniz. G-sens\u00f6r\u00fc sayesinde darbe an\u0131nda kamera otomatik olarak \u00e7al\u0131\u015fmaya ba\u015flar ve cihaz\u0131n haf\u0131zas\u0131 doldu\u011funda eski g\u00f6r\u00fcnt\u00fclerin \u00fczerine kaydetmeye devam eder.<\/p>\n<p><strong>Xiaomi Ara\u00e7 \u0130\u00e7i Kameras\u0131n\u0131n Avantajlar\u0131<\/strong><\/p>\n<p>Xiaomi ara\u00e7 kameras\u0131nda kullan\u0131lan \u00f6zel s\u0131k\u0131\u015ft\u0131rma teknolojisi sayesinde g\u00f6r\u00fcnt\u00fclerin kalitesi d\u00fc\u015fmeden haf\u0131za kart\u0131nda daha az yer kaplar.<br \/>\nSony IMX323, g\u00f6r\u00fcnt\u00fclerin karanl\u0131kta ve \u0131\u015f\u0131\u011f\u0131n dengesiz oldu\u011fu ortamlarda dahi \u00e7ok net olmas\u0131n\u0131 sa\u011flar.<br \/>\nAndroid ve \u0130OS i\u015fletim sistemli telefonlar\u0131n\u0131za indirebilece\u011finiz mobil uygulama sayesinde e\u015f zamanl\u0131 olarak video ve foto\u011fraflara ula\u015fabilirsiniz.<br \/>\n<strong>Xiaomi Ara\u00e7 \u0130\u00e7i Kameras\u0131n\u0131n Teknik<\/strong> \u00d6zellikleri<\/p>\n<p>Video \u00e7\u00f6z\u00fcn\u00fcrl\u00fc\u011f\u00fc: 1920 x 1080p Full HD<br \/>\nGece g\u00f6r\u00fc\u015f\u00fc: Var<br \/>\nHaf\u0131za kart\u0131 deste\u011fi: 64 GB\u2019a kadar SD kart<br \/>\nG\u00f6r\u00fc\u015f a\u00e7\u0131s\u0131: 130 derece<br \/>\nMobil uygulamas\u0131: Var<br \/>\n<strong>Xiaomi Hakk\u0131nda<\/strong><\/p>\n<p>2010 y\u0131l\u0131nda \u00c7in\u2019de kurulan Xiaomi\u2019nin merkezi h\u00e2l\u00e2 Pekin\u2019dedir. \u0130lk olarak k\u00fc\u00e7\u00fck bir start-up olarak kurulan \u015firket k\u0131sa s\u00fcre i\u00e7erisinde b\u00fcy\u00fcyerek ad\u0131n\u0131 t\u00fcm d\u00fcnyada duyurur. En b\u00fcy\u00fck ak\u0131ll\u0131 telefon ve teknolojik cihaz \u00fcreticileri aras\u0131nda bulunan Xiaomi, zarif tasar\u0131mlar\u0131 ve kullan\u0131c\u0131 dostu ara y\u00fczleri ile \u00f6n plana \u00e7\u0131kar. Her t\u00fcr ara\u00e7ta rahatl\u0131kla kullan\u0131labilecek ara\u00e7 i\u00e7i kameralar\u0131 da pazarda \u00f6nemli bir yere sahiptir.<\/p>\n","protected":false},"excerpt":{"rendered":"<p>Xiaomi 70Mai Ak\u0131ll\u0131 Ara\u00e7 \u0130\u00e7i Kamera &#8211; 130\u00b0 Geni\u015f A\u00e7\u0131 Lens -1080p -Sesli Kontrol &#8211; Global Versiyon Xiaomi 70Mai Ak\u0131ll\u0131 Ara\u00e7 \u0130\u00e7i Kamera &#8211; 130\u00b0 Geni\u015f A\u00e7\u0131 Lens &#8211; 1080p &#8211; Sesli Kontrol &#8211; Global Versiyon, y\u00fcksek g\u00f6r\u00fcnt\u00fc kalitesi ve geni\u015f g\u00f6r\u00fc\u015f a\u00e7\u0131s\u0131 ile yolculuk esnas\u0131nda hi\u00e7bir an\u0131 ka\u00e7\u0131rmaman\u0131z\u0131 sa\u011flar. G\u00f6r\u00fcnt\u00fcleri, kar\u0131\u015fabilece\u011finiz kazalarda kan\u0131t olarak [&hellip;]<\/p>\n","protected":false},"featured_media":2813,"comment_status":"open","ping_status":"closed","template":"","meta":[],"product_cat":[27],"product_tag":[],"class_list":{"0":"post-2762","1":"product","2":"type-product","3":"status-publish","4":"has-post-thumbnail","6":"product_cat-arac-kameralari-ve-aksesuarlari","7":"notblog","9":"first","10":"instock","11":"shipping-taxable","12":"purchasable","13":"product-type-simple"},"_links":{"self":[{"href":"https:\/\/wtdemo.link\/audio1\/wp-json\/wp\/v2\/product\/2762","targetHints":{"allow":["GET"]}}],"collection":[{"href":"https:\/\/wtdemo.link\/audio1\/wp-json\/wp\/v2\/product"}],"about":[{"href":"https:\/\/wtdemo.link\/audio1\/wp-json\/wp\/v2\/types\/product"}],"replies":[{"embeddable":true,"href":"https:\/\/wtdemo.link\/audio1\/wp-json\/wp\/v2\/comments?post=2762"}],"wp:featuredmedia":[{"embeddable":true,"href":"https:\/\/wtdemo.link\/audio1\/wp-json\/wp\/v2\/media\/2813"}],"wp:attachment":[{"href":"https:\/\/wtdemo.link\/audio1\/wp-json\/wp\/v2\/media?parent=2762"}],"wp:term":[{"taxonomy":"product_cat","embeddable":true,"href":"https:\/\/wtdemo.link\/audio1\/wp-json\/wp\/v2\/product_cat?post=2762"},{"taxonomy":"product_tag","embeddable":true,"href":"https:\/\/wtdemo.link\/audio1\/wp-json\/wp\/v2\/product_tag?post=2762"}],"curies":[{"name":"wp","href":"https:\/\/api.w.org\/{rel}","templated":true}]}}