{"id":2764,"date":"2022-08-02T15:55:47","date_gmt":"2022-08-02T12:55:47","guid":{"rendered":"https:\/\/wtdemo.link\/audio1\/?post_type=product&#038;p=2764"},"modified":"2022-08-02T17:05:17","modified_gmt":"2022-08-02T14:05:17","slug":"alfaben-arac-ici-park-kamerali-kayit-kamerasi-1080p-hd-4-3-inc-ekran-aynali","status":"publish","type":"product","link":"https:\/\/wtdemo.link\/audio1\/product\/alfaben-arac-ici-park-kamerali-kayit-kamerasi-1080p-hd-4-3-inc-ekran-aynali\/","title":{"rendered":"Alfaben Ara\u00e7 I\u00e7i Park Kameral\u0131 Kay\u0131t Kameras\u0131 1080P Hd 4.3 Inc Ekran Aynal\u0131"},"content":{"rendered":"<p><strong>\u00d6zellikler<\/strong><\/p>\n<p>Tipi : Araba s\u00fcr\u00fc\u015f kaydedici<\/p>\n<p>\u00d6zellikler : Ayn\u0131 anda kay\u0131t, HD kamera<\/p>\n<p>Renk: \u00f6zel yap\u0131lm\u0131\u015f<\/p>\n<p>LCD ekran boyutu: 4.3 in\u00e7 HD ekran<\/p>\n<p>Kamera lensi: y\u00fcksek \u00e7\u00f6z\u00fcn\u00fcrl\u00fckl\u00fc ultra geni\u015f melek kamera lensi<\/p>\n<p>Video \u00e7\u00f6z\u00fcn\u00fcrl\u00fc\u011f\u00fc: maksimum 1080 p<\/p>\n<p>Renk efektleri: standart<\/p>\n<p>Kamera modu: 500 W<\/p>\n<p>G\u00fc\u00e7 aray\u00fcz\u00fc: 5 V 1A<\/p>\n<p>USB fonksiyonu: usb-disk<\/p>\n<p>Ak\u0131m frekans\u0131: 50\/60 HZ<\/p>\n<p>Pil: dahili pil<\/p>\n<p>Dosya format\u0131: AVI<\/p>\n<p>Foto\u011fraf format\u0131: JPEG<\/p>\n<p>Video format\u0131: PAL\/NTSC<\/p>\n<p>Video kay\u0131t format\u0131: M-JPEG<\/p>\n<p>Mikrofon: destek<\/p>\n<p>Dahili ses: destek<\/p>\n<p>Hareket alg\u0131lama: destek<\/p>\n<p>K\u0131z\u0131l\u00f6tesi gece g\u00f6r\u00fc\u015f: destek<\/p>\n<p>Y\u0131l ay\u0131 g\u00fcn noktalar\u0131: destek<\/p>\n<p>Depolama kart\u0131: TF, recommendmore daha 6-speed, kapasite 4G-32G TF kart (dahil de\u011fildir)<\/p>\n<p>S\u00fcrekli d\u00f6ng\u00fc kay\u0131t: diki\u015fsiz d\u00f6ng\u00fc kay\u0131t, saniye s\u0131z\u0131nt\u0131 yok<\/p>\n<p>Kamyon anahtar\u0131 makinesi: destek otomatik ate\u015fleme \u00e7izme, kapatma kapatmak<\/p>\n<p>Diller: rus\u00e7a, japonca, frans\u0131zca, \u0130talyanca, almanca, \u0130spanyolca, \u0130ngilizce, \u00e7ince (basitle\u015ftirilmi\u015f, geleneksel), korece, vb.<\/p>\n<p><strong>\u00d6zel \u00f6zellikler:<\/strong><\/p>\n<p>\u00d6n kamera , arka kamera, ayn\u0131 anda kamera kayd\u0131.<\/p>\n<p>Kaydedici ana ekran\u0131 iki kay\u0131t g\u00f6sterir.<\/p>\n<p>Paket dahil:<\/p>\n<p>1 * park kamera<\/p>\n<p>1 * dikiz ayna kamera<\/p>\n<p>1 * araba \u015farj\u0131<\/p>\n<p>1 * montaj aksesuarlar\u0131<\/p>\n<p>1 * kullan\u0131m k\u0131lavuzu<\/p>\n<p>1 * ambalaj kutusu<\/p>\n<p>(TF kart\u0131 dahil de\u011fildir)<\/p>\n","protected":false},"excerpt":{"rendered":"<p>\u00d6zellikler Tipi : Araba s\u00fcr\u00fc\u015f kaydedici \u00d6zellikler : Ayn\u0131 anda kay\u0131t, HD kamera Renk: \u00f6zel yap\u0131lm\u0131\u015f LCD ekran boyutu: 4.3 in\u00e7 HD ekran Kamera lensi: y\u00fcksek \u00e7\u00f6z\u00fcn\u00fcrl\u00fckl\u00fc ultra geni\u015f melek kamera lensi Video \u00e7\u00f6z\u00fcn\u00fcrl\u00fc\u011f\u00fc: maksimum 1080 p Renk efektleri: standart Kamera modu: 500 W G\u00fc\u00e7 aray\u00fcz\u00fc: 5 V 1A USB fonksiyonu: usb-disk Ak\u0131m frekans\u0131: 50\/60 [&hellip;]<\/p>\n","protected":false},"featured_media":2810,"comment_status":"open","ping_status":"closed","template":"","meta":[],"product_cat":[27],"product_tag":[],"class_list":{"0":"post-2764","1":"product","2":"type-product","3":"status-publish","4":"has-post-thumbnail","6":"product_cat-arac-kameralari-ve-aksesuarlari","7":"notblog","9":"first","10":"instock","11":"shipping-taxable","12":"purchasable","13":"product-type-simple"},"_links":{"self":[{"href":"https:\/\/wtdemo.link\/audio1\/wp-json\/wp\/v2\/product\/2764","targetHints":{"allow":["GET"]}}],"collection":[{"href":"https:\/\/wtdemo.link\/audio1\/wp-json\/wp\/v2\/product"}],"about":[{"href":"https:\/\/wtdemo.link\/audio1\/wp-json\/wp\/v2\/types\/product"}],"replies":[{"embeddable":true,"href":"https:\/\/wtdemo.link\/audio1\/wp-json\/wp\/v2\/comments?post=2764"}],"wp:featuredmedia":[{"embeddable":true,"href":"https:\/\/wtdemo.link\/audio1\/wp-json\/wp\/v2\/media\/2810"}],"wp:attachment":[{"href":"https:\/\/wtdemo.link\/audio1\/wp-json\/wp\/v2\/media?parent=2764"}],"wp:term":[{"taxonomy":"product_cat","embeddable":true,"href":"https:\/\/wtdemo.link\/audio1\/wp-json\/wp\/v2\/product_cat?post=2764"},{"taxonomy":"product_tag","embeddable":true,"href":"https:\/\/wtdemo.link\/audio1\/wp-json\/wp\/v2\/product_tag?post=2764"}],"curies":[{"name":"wp","href":"https:\/\/api.w.org\/{rel}","templated":true}]}}