{"id":2766,"date":"2022-08-02T15:57:25","date_gmt":"2022-08-02T12:57:25","guid":{"rendered":"https:\/\/wtdemo.link\/audio1\/?post_type=product&#038;p=2766"},"modified":"2022-08-02T17:05:34","modified_gmt":"2022-08-02T14:05:34","slug":"homyl-gece-gorus-170-derece-araba-arka-on-gorunum-kamera-geri-yedekleme-kamera","status":"publish","type":"product","link":"https:\/\/wtdemo.link\/audio1\/product\/homyl-gece-gorus-170-derece-araba-arka-on-gorunum-kamera-geri-yedekleme-kamera\/","title":{"rendered":"Homyl Gece G\u00f6r\u00fc\u015f 170 Derece Araba Arka \/ \u00d6n G\u00f6r\u00fcn\u00fcm Kamera Geri Yedekleme Kamera"},"content":{"rendered":"<p><strong>A\u00e7\u0131klama:<\/strong><\/p>\n<p>Profesyonel d\u0131\u015f su ge\u00e7irmez otob\u00fcs kamyonu gece g\u00f6r\u00fc\u015f dikiz kameras\u0131, kurulumu kolay ve kullan\u0131m\u0131 kolay<\/p>\n<p>480TVL HD sens\u00f6r\u00fc, 18ir LED&#8217;ler ile kullan\u0131l\u0131r. Karanl\u0131kta 3-5 metreye kadar (gece g\u00f6r\u00fc\u015f\u00fc otomatik)<\/p>\n<p>18 k\u0131z\u0131l\u00f6tesi lamba 3-5 metreye kadar karanl\u0131kta kullan\u0131lan, \u00e7ok seviyeli ayar a\u00e7\u0131s\u0131n\u0131 kolayca ayarlayabilirsiniz<\/p>\n<p>G\u00fc\u00e7 kayna\u011f\u0131: DC 12V &#8211; 24V geni\u015f voltaj, Otob\u00fcs kamyonu vb. \u0130\u00e7in uygundur.<\/p>\n<p>Kurulum basit ve kullan\u0131\u015fl\u0131d\u0131r ve otob\u00fcslere, okul otob\u00fcslerine, otob\u00fcslere, ekskavat\u00f6rlere, bi\u00e7erd\u00f6verlere vb. \u0130le uygulanabilir. Cetvel hatlar\u0131n\u0131 ters \u00e7eviren ve bir bak\u0131\u015fta tersine \u00e7evirme.<\/p>\n<p><strong>\u015eartname:<\/strong><\/p>\n<p>Malzeme: ABS + Metal<\/p>\n<p>Boyut Grafik:<\/p>\n<p>Boyut: yakl. 7x7x4cm \/ 2.76&#215;2.76&#215;1.57 in\u00e7<\/p>\n<p>Paket \u0130\u00e7eri\u011fi:<\/p>\n<p>1 Par\u00e7a Otob\u00fcs ters kamera<\/p>\n<p>1 par\u00e7a g\u00fc\u00e7 hatt\u0131 (50 cm )<\/p>\n<p>1 par\u00e7a kullan\u0131m k\u0131lavuzu<\/p>\n<p><strong>Not:<\/strong><\/p>\n<p>L\u00fctfen manuel \u00f6l\u00e7\u00fcm nedeniyle 0.5-1 in\u00e7 fark bekleyin. (1 in\u00e7 = 2.54cm)<\/p>\n<p>\u00d6demeyi yapmadan \u00f6nce l\u00fctfen boyut \u00f6l\u00e7\u00fcm\u00fcn\u00fc ve resmi dikkatlice kontrol edin.<\/p>\n<p>L\u00fctfen farkl\u0131 monit\u00f6rler aras\u0131ndaki fark nedeniyle, resim ger\u00e7ek rengini yans\u0131tmayabilir.<\/p>\n","protected":false},"excerpt":{"rendered":"<p>A\u00e7\u0131klama: Profesyonel d\u0131\u015f su ge\u00e7irmez otob\u00fcs kamyonu gece g\u00f6r\u00fc\u015f dikiz kameras\u0131, kurulumu kolay ve kullan\u0131m\u0131 kolay 480TVL HD sens\u00f6r\u00fc, 18ir LED&#8217;ler ile kullan\u0131l\u0131r. Karanl\u0131kta 3-5 metreye kadar (gece g\u00f6r\u00fc\u015f\u00fc otomatik) 18 k\u0131z\u0131l\u00f6tesi lamba 3-5 metreye kadar karanl\u0131kta kullan\u0131lan, \u00e7ok seviyeli ayar a\u00e7\u0131s\u0131n\u0131 kolayca ayarlayabilirsiniz G\u00fc\u00e7 kayna\u011f\u0131: DC 12V &#8211; 24V geni\u015f voltaj, Otob\u00fcs kamyonu vb. [&hellip;]<\/p>\n","protected":false},"featured_media":2811,"comment_status":"open","ping_status":"closed","template":"","meta":[],"product_cat":[27],"product_tag":[],"class_list":{"0":"post-2766","1":"product","2":"type-product","3":"status-publish","4":"has-post-thumbnail","6":"product_cat-arac-kameralari-ve-aksesuarlari","7":"notblog","9":"first","10":"instock","11":"shipping-taxable","12":"purchasable","13":"product-type-simple"},"_links":{"self":[{"href":"https:\/\/wtdemo.link\/audio1\/wp-json\/wp\/v2\/product\/2766","targetHints":{"allow":["GET"]}}],"collection":[{"href":"https:\/\/wtdemo.link\/audio1\/wp-json\/wp\/v2\/product"}],"about":[{"href":"https:\/\/wtdemo.link\/audio1\/wp-json\/wp\/v2\/types\/product"}],"replies":[{"embeddable":true,"href":"https:\/\/wtdemo.link\/audio1\/wp-json\/wp\/v2\/comments?post=2766"}],"wp:featuredmedia":[{"embeddable":true,"href":"https:\/\/wtdemo.link\/audio1\/wp-json\/wp\/v2\/media\/2811"}],"wp:attachment":[{"href":"https:\/\/wtdemo.link\/audio1\/wp-json\/wp\/v2\/media?parent=2766"}],"wp:term":[{"taxonomy":"product_cat","embeddable":true,"href":"https:\/\/wtdemo.link\/audio1\/wp-json\/wp\/v2\/product_cat?post=2766"},{"taxonomy":"product_tag","embeddable":true,"href":"https:\/\/wtdemo.link\/audio1\/wp-json\/wp\/v2\/product_tag?post=2766"}],"curies":[{"name":"wp","href":"https:\/\/api.w.org\/{rel}","templated":true}]}}