{"id":2770,"date":"2022-08-02T16:01:42","date_gmt":"2022-08-02T13:01:42","guid":{"rendered":"https:\/\/wtdemo.link\/audio1\/?post_type=product&#038;p=2770"},"modified":"2022-08-02T17:21:47","modified_gmt":"2022-08-02T14:21:47","slug":"sony-8li-5-mp-ahd-guvenlik-kamera-sistemi","status":"publish","type":"product","link":"https:\/\/wtdemo.link\/audio1\/product\/sony-8li-5-mp-ahd-guvenlik-kamera-sistemi\/","title":{"rendered":"Sony 8&#8217;li 5 Mp Ahd G\u00fcvenlik Kamera Sistemi"},"content":{"rendered":"<p>8 Kameral\u0131 5 Mp Sony Lens Ahd G\u00fcvenlik Kameras\u0131 Sistemi \u0130\u00e7eri\u011fi: 8 Adet 5 Mp Sony Lensli G\u00fcvenlik Kameras\u0131 1 Adet 1080 P 8 Kanal Ahd Kay\u0131t Cihaz\u0131 1 Adet 500 Gb Harddisk 1 Adet 12 Volt 10 Amper G\u00fcvenlik Kameras\u0131 Adapt\u00f6r\u00fc 1 Adet 100 Metre 2+1 Cctv G\u00fcvenlik Kamera Kablosu 16 Adet Bnc + 8 Adet Powerjack (Yedek G\u00f6nderiliyor)<br \/>\n<strong>Sony 8&#8217;li 5 Mp Ahd G\u00fcvenlik Kamera Sistemi \u00d6zellikleri<\/strong><br \/>\nBa\u011flant\u0131 Tipi Kablolu<br \/>\nGece G\u00f6r\u00fc\u015f Deste\u011fi Var<br \/>\nRenk Beyaz<br \/>\nGaranti S\u00fcresi (Ay) 24<br \/>\nYurt D\u0131\u015f\u0131 Sat\u0131\u015f Yok<br \/>\nStok Kodu HBV000011GDHB<\/p>\n","protected":false},"excerpt":{"rendered":"<p>8 Kameral\u0131 5 Mp Sony Lens Ahd G\u00fcvenlik Kameras\u0131 Sistemi \u0130\u00e7eri\u011fi: 8 Adet 5 Mp Sony Lensli G\u00fcvenlik Kameras\u0131 1 Adet 1080 P 8 Kanal Ahd Kay\u0131t Cihaz\u0131 1 Adet 500 Gb Harddisk 1 Adet 12 Volt 10 Amper G\u00fcvenlik Kameras\u0131 Adapt\u00f6r\u00fc 1 Adet 100 Metre 2+1 Cctv G\u00fcvenlik Kamera Kablosu 16 Adet Bnc + [&hellip;]<\/p>\n","protected":false},"featured_media":2830,"comment_status":"open","ping_status":"closed","template":"","meta":[],"product_cat":[34],"product_tag":[],"class_list":{"0":"post-2770","1":"product","2":"type-product","3":"status-publish","4":"has-post-thumbnail","6":"product_cat-ahd-guvenlik-kameralari","7":"notblog","9":"first","10":"instock","11":"shipping-taxable","12":"purchasable","13":"product-type-simple"},"_links":{"self":[{"href":"https:\/\/wtdemo.link\/audio1\/wp-json\/wp\/v2\/product\/2770","targetHints":{"allow":["GET"]}}],"collection":[{"href":"https:\/\/wtdemo.link\/audio1\/wp-json\/wp\/v2\/product"}],"about":[{"href":"https:\/\/wtdemo.link\/audio1\/wp-json\/wp\/v2\/types\/product"}],"replies":[{"embeddable":true,"href":"https:\/\/wtdemo.link\/audio1\/wp-json\/wp\/v2\/comments?post=2770"}],"wp:featuredmedia":[{"embeddable":true,"href":"https:\/\/wtdemo.link\/audio1\/wp-json\/wp\/v2\/media\/2830"}],"wp:attachment":[{"href":"https:\/\/wtdemo.link\/audio1\/wp-json\/wp\/v2\/media?parent=2770"}],"wp:term":[{"taxonomy":"product_cat","embeddable":true,"href":"https:\/\/wtdemo.link\/audio1\/wp-json\/wp\/v2\/product_cat?post=2770"},{"taxonomy":"product_tag","embeddable":true,"href":"https:\/\/wtdemo.link\/audio1\/wp-json\/wp\/v2\/product_tag?post=2770"}],"curies":[{"name":"wp","href":"https:\/\/api.w.org\/{rel}","templated":true}]}}