{"id":2772,"date":"2022-08-02T16:03:57","date_gmt":"2022-08-02T13:03:57","guid":{"rendered":"https:\/\/wtdemo.link\/audio1\/?post_type=product&#038;p=2772"},"modified":"2024-07-11T15:38:50","modified_gmt":"2024-07-11T12:38:50","slug":"ids-5mp-lens-1080p-ahd-fullhd-guvenlik-kamerasi-18-nano-led-gece-goruslu-su-gecirmez","status":"publish","type":"product","link":"https:\/\/wtdemo.link\/audio1\/product\/ids-5mp-lens-1080p-ahd-fullhd-guvenlik-kamerasi-18-nano-led-gece-goruslu-su-gecirmez\/","title":{"rendered":"Ids &#8211; 5mp Lens 1080P Ahd Fullhd G\u00fcvenlik Kameras\u0131 &#8211; 18 Nano LED Gece G\u00f6r\u00fc\u015fl\u00fc &#8211; Su Ge\u00e7irmez"},"content":{"rendered":"<p><strong>Ids &#8211; 5mp Lens 1080P Ahd Fullhd G\u00fcvenlik Kameras\u0131 &#8211; 18 Nano LED Gece G\u00f6r\u00fc\u015fl\u00fc &#8211; Su Ge\u00e7irmez<\/strong><\/p>\n<p>IP66 Su ge\u00e7irmezlik standart\u0131ndad\u0131r. Kasa Paslanmaz al\u0131\u015f\u0131ml\u0131 metaldir.<\/p>\n<p>Ba\u011f, Bah\u00e7e, Depo, Ofis, Bina, Site, Kuyumcu, Eczane, Hastane vb. b\u00fct\u00fcn ortam ve alanlarda istedi\u011finiz konumda kullanabilirsiniz. Full HD y\u00fcksek g\u00f6r\u00fcnt\u00fc kalitesi sayesinde detayl\u0131 olarak izleme yapabiliriniz.<\/p>\n","protected":false},"excerpt":{"rendered":"<p>Ids &#8211; 5mp Lens 1080P Ahd Fullhd G\u00fcvenlik Kameras\u0131 &#8211; 18 Nano LED Gece G\u00f6r\u00fc\u015fl\u00fc &#8211; Su Ge\u00e7irmez IP66 Su ge\u00e7irmezlik standart\u0131ndad\u0131r. Kasa Paslanmaz al\u0131\u015f\u0131ml\u0131 metaldir. Ba\u011f, Bah\u00e7e, Depo, Ofis, Bina, Site, Kuyumcu, Eczane, Hastane vb. b\u00fct\u00fcn ortam ve alanlarda istedi\u011finiz konumda kullanabilirsiniz. Full HD y\u00fcksek g\u00f6r\u00fcnt\u00fc kalitesi sayesinde detayl\u0131 olarak izleme yapabiliriniz.<\/p>\n","protected":false},"featured_media":2829,"comment_status":"open","ping_status":"closed","template":"","meta":[],"product_cat":[34],"product_tag":[],"class_list":{"0":"post-2772","1":"product","2":"type-product","3":"status-publish","4":"has-post-thumbnail","6":"product_cat-ahd-guvenlik-kameralari","7":"notblog","9":"first","10":"instock","11":"shipping-taxable","12":"purchasable","13":"product-type-simple"},"_links":{"self":[{"href":"https:\/\/wtdemo.link\/audio1\/wp-json\/wp\/v2\/product\/2772","targetHints":{"allow":["GET"]}}],"collection":[{"href":"https:\/\/wtdemo.link\/audio1\/wp-json\/wp\/v2\/product"}],"about":[{"href":"https:\/\/wtdemo.link\/audio1\/wp-json\/wp\/v2\/types\/product"}],"replies":[{"embeddable":true,"href":"https:\/\/wtdemo.link\/audio1\/wp-json\/wp\/v2\/comments?post=2772"}],"wp:featuredmedia":[{"embeddable":true,"href":"https:\/\/wtdemo.link\/audio1\/wp-json\/wp\/v2\/media\/2829"}],"wp:attachment":[{"href":"https:\/\/wtdemo.link\/audio1\/wp-json\/wp\/v2\/media?parent=2772"}],"wp:term":[{"taxonomy":"product_cat","embeddable":true,"href":"https:\/\/wtdemo.link\/audio1\/wp-json\/wp\/v2\/product_cat?post=2772"},{"taxonomy":"product_tag","embeddable":true,"href":"https:\/\/wtdemo.link\/audio1\/wp-json\/wp\/v2\/product_tag?post=2772"}],"curies":[{"name":"wp","href":"https:\/\/api.w.org\/{rel}","templated":true}]}}