{"id":2777,"date":"2022-08-02T16:12:16","date_gmt":"2022-08-02T13:12:16","guid":{"rendered":"https:\/\/wtdemo.link\/audio1\/?post_type=product&#038;p=2777"},"modified":"2022-08-02T17:19:38","modified_gmt":"2022-08-02T14:19:38","slug":"hikvision-ds-7616ni-q2-16-kanal-nvr-kayit-cihazi","status":"publish","type":"product","link":"https:\/\/wtdemo.link\/audio1\/product\/hikvision-ds-7616ni-q2-16-kanal-nvr-kayit-cihazi\/","title":{"rendered":"Hikvision DS-7616NI-Q2 16 Kanal Nvr Kay\u0131t Cihaz\u0131"},"content":{"rendered":"<p><strong>Hikvision DS-7616NI-Q2 16 Kanal Nvr Kay\u0131t Cihaz\u0131<\/strong><br \/>\n<strong>Hikvision DS-7616NI-Q2 16 Kanal NVR Kay\u0131t Cihaz\u0131 \u00d6zellikleri<\/strong><\/p>\n<p>16 Kanal kay\u0131t, 160 Mbps kay\u0131t 80 mbps izleme, 2 adet 6TB&#8217; ye kadar disk deste\u011fi, HDMI \u00e7\u0131k\u0131\u015f\u0131, VGA \u00e7\u0131k\u0131\u015f\u0131, 8MP Maks \u00e7\u00f6z\u00fcn\u00fcrl\u00fckte kay\u0131t, H.265+ \/ H.265 \/ H.264+ \/ H.264 Video s\u0131k\u0131\u015ft\u0131rma<\/p>\n<p>Hikvision DS-7616NI-Q2 16 Kanal Nvr Kay\u0131t Cihaz\u0131 \u00d6zellikleri<br \/>\nBa\u011flant\u0131 Tipi Kablolu<br \/>\nGaranti S\u00fcresi (Ay) 24<br \/>\nYurt D\u0131\u015f\u0131 Sat\u0131\u015f Yok<br \/>\nStok Kodu HBV00000RCWCV<\/p>\n","protected":false},"excerpt":{"rendered":"<p>Hikvision DS-7616NI-Q2 16 Kanal Nvr Kay\u0131t Cihaz\u0131 Hikvision DS-7616NI-Q2 16 Kanal NVR Kay\u0131t Cihaz\u0131 \u00d6zellikleri 16 Kanal kay\u0131t, 160 Mbps kay\u0131t 80 mbps izleme, 2 adet 6TB&#8217; ye kadar disk deste\u011fi, HDMI \u00e7\u0131k\u0131\u015f\u0131, VGA \u00e7\u0131k\u0131\u015f\u0131, 8MP Maks \u00e7\u00f6z\u00fcn\u00fcrl\u00fckte kay\u0131t, H.265+ \/ H.265 \/ H.264+ \/ H.264 Video s\u0131k\u0131\u015ft\u0131rma Hikvision DS-7616NI-Q2 16 Kanal Nvr Kay\u0131t Cihaz\u0131 [&hellip;]<\/p>\n","protected":false},"featured_media":2827,"comment_status":"open","ping_status":"closed","template":"","meta":[],"product_cat":[35],"product_tag":[],"class_list":{"0":"post-2777","1":"product","2":"type-product","3":"status-publish","4":"has-post-thumbnail","6":"product_cat-kayit-cihazlari","7":"notblog","9":"first","10":"instock","11":"shipping-taxable","12":"purchasable","13":"product-type-simple"},"_links":{"self":[{"href":"https:\/\/wtdemo.link\/audio1\/wp-json\/wp\/v2\/product\/2777","targetHints":{"allow":["GET"]}}],"collection":[{"href":"https:\/\/wtdemo.link\/audio1\/wp-json\/wp\/v2\/product"}],"about":[{"href":"https:\/\/wtdemo.link\/audio1\/wp-json\/wp\/v2\/types\/product"}],"replies":[{"embeddable":true,"href":"https:\/\/wtdemo.link\/audio1\/wp-json\/wp\/v2\/comments?post=2777"}],"wp:featuredmedia":[{"embeddable":true,"href":"https:\/\/wtdemo.link\/audio1\/wp-json\/wp\/v2\/media\/2827"}],"wp:attachment":[{"href":"https:\/\/wtdemo.link\/audio1\/wp-json\/wp\/v2\/media?parent=2777"}],"wp:term":[{"taxonomy":"product_cat","embeddable":true,"href":"https:\/\/wtdemo.link\/audio1\/wp-json\/wp\/v2\/product_cat?post=2777"},{"taxonomy":"product_tag","embeddable":true,"href":"https:\/\/wtdemo.link\/audio1\/wp-json\/wp\/v2\/product_tag?post=2777"}],"curies":[{"name":"wp","href":"https:\/\/api.w.org\/{rel}","templated":true}]}}