{"id":2779,"date":"2022-08-02T16:15:42","date_gmt":"2022-08-02T13:15:42","guid":{"rendered":"https:\/\/wtdemo.link\/audio1\/?post_type=product&#038;p=2779"},"modified":"2024-07-09T03:25:34","modified_gmt":"2024-07-09T00:25:34","slug":"dahua-nvr2108hs-t-8-kanal-1-sata-smart-h-265-nvr-kayit-cihazi","status":"publish","type":"product","link":"https:\/\/wtdemo.link\/audio1\/product\/dahua-nvr2108hs-t-8-kanal-1-sata-smart-h-265-nvr-kayit-cihazi\/","title":{"rendered":"Dahua NVR2108HS-T 8 Kanal 1 Sata Smart H.265+ NVR Kay\u0131t Cihaz\u0131"},"content":{"rendered":"<p><strong>Dahua NVR2108HS-T 8 Kanal 1 Sata Smart H.265+ NVR Kay\u0131t Cihaz\u0131<\/strong><\/p>\n<p>Yeni 4.0 kullan\u0131c\u0131 aray\u00fcz\u00fc<br \/>\nP2P uzaktan izleme, mobil cihazda video oynatma<br \/>\n4\u2013kanal@1080P(30FPS), kendinden uyarlamal\u0131 kod \u00e7\u00f6zme \u00f6zelli\u011fi<br \/>\nONVIF ve RTSP protokol\u00fcn\u00fcn ana ak\u0131m kameralar\u0131 i\u00e7in destek<br \/>\nSmart H.265+\/Smart H.264+\/H.265\/H.264<br \/>\nVGA\/HDMI e\u015fzamanl\u0131 video \u00e7\u0131k\u0131\u015f\u0131, maksimum HDMI \u00e7\u00f6z\u00fcn\u00fcrl\u00fc\u011f\u00fc 1080P<br \/>\nParametrelerin ayarlanmas\u0131, bilgi al\u0131nmas\u0131 ve ayn\u0131 IPC\u2019lerin y\u00fckseltilmesi gibi IPC\u2019lerin uzaktan yap\u0131land\u0131r\u0131lmas\u0131 ve y\u00f6netimi<br \/>\ngruplar halinde model<br \/>\nDHCP(Dinamik Ana Bilgisayar Yap\u0131land\u0131rma Protokol\u00fc), HTTP(K\u00f6pr\u00fc Metni Aktar\u0131m Protokol\u00fc), NTP(A\u011f Zaman Protokol\u00fc) ve DDNS(Dinamik Etki Alan\u0131 Ad\u0131 Sistemi)<br \/>\n<strong>Dahua NVR2108HS-T Teknik \u00d6zellikler<\/strong><br \/>\n<strong>Sistem<\/strong><br \/>\nAna \u0130\u015flemci End\u00fcstriyel s\u0131n\u0131f g\u00f6m\u00fcl\u00fc i\u015flemci<br \/>\n\u0130\u015fletim Sistemi G\u00f6m\u00fcl\u00fc LINUX<br \/>\n\u00c7al\u0131\u015fma Aray\u00fcz\u00fc Web\/yerel GUI\u2019de \u00e7al\u0131\u015fma<br \/>\n<strong>Video<\/strong><br \/>\nEri\u015fim Kanal\u0131 8 Kanal<br \/>\n\u015eebeke Bant Geni\u015fli\u011fi Eri\u015fim i\u00e7in 80 Mbps, depolama i\u00e7in 80 Mbps ve iletme i\u00e7in 60 Mbps.<br \/>\n\u00c7\u00f6z\u00fcn\u00fcrl\u00fck 8MP\/5MP\/4MP\/3MP\/1080P\/720P\/D1\/CIF<br \/>\nKod \u00c7\u00f6zme Yetene\u011fi 1\u2013kanal@8MP(30FPS) 1\u2013ch@5MP(30FPS)<br \/>\n2\u2013kanal@4MP(30FPS) 2\u2013ch@3MP(30FPS)<br \/>\n4\u2013kanal@1080P(30FPS) 8\u2013kanal@720P(30FPS)<br \/>\nVideo \u00c7\u0131k\u0131\u015f\u0131 1 VGA\/1 HDMI e\u015fzamanl\u0131 video \u00e7\u0131k\u0131\u015f\u0131, maksimum \u00e7\u00f6z\u00fcn\u00fcrl\u00fck 1080P<br \/>\n\u00c7oklu Ekran 1\/4\/8\/9<br \/>\n\u00dc\u00e7\u00fcnc\u00fc Taraf Kamera Eri\u015fimi Onvif, RTSP<br \/>\nS\u0131k\u0131\u015ft\u0131rma<br \/>\nVideo Smart H.265+\/Smart H.264+\/H.265\/H.264<br \/>\nSes PCM\/G711A\/G711U\/G726\/AAC<br \/>\n<strong>Network<\/strong><br \/>\nNetwork Protokol\u00fc HTTP, HTTPS, TCP\/IP, IPv4, IPv6, RTSP, UDP, NTP, DHCP,DNS, P2P<br \/>\nCep Telefonu Eri\u015fimi iDMSS(iOS), gDMSS(Android)<br \/>\nEri\u015fim Standard\u0131 ONVIF(profile T\/profile S\/profile G),CGI,SDK<br \/>\nTaray\u0131c\u0131 Chrome, IE9 or above, Firefox<br \/>\n<strong>Kay\u0131t Oynatma<\/strong><br \/>\n\u00c7ok Kanall\u0131 Oynatma 8 kanala kadar oynatma<br \/>\nKay\u0131t Modu Kay\u0131t modunun \u00f6nceli\u011fi: Manuel kay\u0131t &gt; alarm kayd\u0131 &gt; hareket alg\u0131lama kayd\u0131 &gt; zamanl\u0131 kay\u0131t<br \/>\nDepolama Yerel HDD ve a\u011f<br \/>\n<strong>Destek USB<\/strong><br \/>\nPlayback Fonksiyonu 1. Oynat, duraklat, durdur, h\u0131zl\u0131 ileri, h\u0131zl\u0131 geri, geri sar, kareye g\u00f6re oynat<br \/>\n2. Tam ekran, yedekleme (kes\/dosya), k\u0131smen b\u00fcy\u00fct, ses a\u00e7\u0131k\/kapal\u0131<br \/>\nAlarm<br \/>\nGenel Alarm Hareket alg\u0131lama, gizlilik maskeleme, video kayb\u0131, PIR alarm\u0131, IPC alarm\u0131<br \/>\nAnormallik Alarm\u0131 \u00d6n u\u00e7 cihaz \u00e7evrimd\u0131\u015f\u0131 oluyor, depolama hatas\u0131, tam depolama, IP \u00e7ak\u0131\u015fmas\u0131, MAC \u00e7ak\u0131\u015fmas\u0131, oturum a\u00e7ma kilidi, a\u011f g\u00fcvenli\u011fi anormalli\u011fi<br \/>\nAlarm Ba\u011flant\u0131s\u0131 Video kayd\u0131, anl\u0131k g\u00f6r\u00fcnt\u00fc, g\u00fcnl\u00fck, \u00f6n ayar, tur<br \/>\n<strong>Harici Port<\/strong><br \/>\nHDD 1 SATA 2.0 port, tek bir HDD i\u00e7in 8 TB\u2019a kadar. Maksimum HDD kapasitesi ortam s\u0131cakl\u0131\u011f\u0131na g\u00f6re de\u011fi\u015fir<br \/>\nUSB 1 \u00f6n USB 2.0 port, 1 arka USB 2.0 port<br \/>\nHDMI 1<br \/>\nVGA 1<br \/>\nRCA Giri\u015fi 1<br \/>\nRCA \u00c7\u0131k\u0131\u015f\u0131 1<br \/>\nAlarm \u2013<br \/>\nNetwork 1 RJ\u201345 port (10\/100 Mbps)<br \/>\n<strong>Genel \u00d6zellikler<\/strong><br \/>\nG\u00fc\u00e7 Kayna\u011f\u0131 DC12V, 1.5A<br \/>\nG\u00fc\u00e7 T\u00fcketimi NVR\u2019nin toplam \u00e7\u0131k\u0131\u015f\u0131 \u2264 10W\u2019dir (HDD\u2019siz)<br \/>\nNet A\u011f\u0131rl\u0131\u011f\u0131 0.81 kg<br \/>\n\u00dcr\u00fcn Boyutlar\u0131 260 mm\u00d7225 mm\u00d747.6 mm<br \/>\nKutu \u00d6l\u00e7\u00fcleri 87 mm\u00d7331 mm\u00d7312 mm<br \/>\n\u00c7al\u0131\u015fma S\u0131cakl\u0131\u011f\u0131 -10\u00b0C 45\u00b0C (+34\u00b0F +113\u00b0F)<br \/>\nDepolama s\u0131cakl\u0131\u011f\u0131 0\u00b0C 40\u00b0C (+32\u00b0F +104\u00b0F)<br \/>\n\u00c7al\u0131\u015fma Nemi 10%~93%<br \/>\nDepolama Nemi 30%~85%<br \/>\n\u00c7al\u0131\u015fma Y\u00fcksekli\u011fi 3000 m<br \/>\nKurulum Masa\u00fcst\u00fc montaj\u0131<br \/>\nSertifika CE\/FCC<\/p>\n","protected":false},"excerpt":{"rendered":"<p>Dahua NVR2108HS-T 8 Kanal 1 Sata Smart H.265+ NVR Kay\u0131t Cihaz\u0131 Yeni 4.0 kullan\u0131c\u0131 aray\u00fcz\u00fc P2P uzaktan izleme, mobil cihazda video oynatma 4\u2013kanal@1080P(30FPS), kendinden uyarlamal\u0131 kod \u00e7\u00f6zme \u00f6zelli\u011fi ONVIF ve RTSP protokol\u00fcn\u00fcn ana ak\u0131m kameralar\u0131 i\u00e7in destek Smart H.265+\/Smart H.264+\/H.265\/H.264 VGA\/HDMI e\u015fzamanl\u0131 video \u00e7\u0131k\u0131\u015f\u0131, maksimum HDMI \u00e7\u00f6z\u00fcn\u00fcrl\u00fc\u011f\u00fc 1080P Parametrelerin ayarlanmas\u0131, bilgi al\u0131nmas\u0131 ve ayn\u0131 IPC\u2019lerin [&hellip;]<\/p>\n","protected":false},"featured_media":2826,"comment_status":"open","ping_status":"closed","template":"","meta":[],"product_cat":[35],"product_tag":[],"class_list":{"0":"post-2779","1":"product","2":"type-product","3":"status-publish","4":"has-post-thumbnail","6":"product_cat-kayit-cihazlari","7":"notblog","9":"first","10":"instock","11":"shipping-taxable","12":"purchasable","13":"product-type-simple"},"_links":{"self":[{"href":"https:\/\/wtdemo.link\/audio1\/wp-json\/wp\/v2\/product\/2779","targetHints":{"allow":["GET"]}}],"collection":[{"href":"https:\/\/wtdemo.link\/audio1\/wp-json\/wp\/v2\/product"}],"about":[{"href":"https:\/\/wtdemo.link\/audio1\/wp-json\/wp\/v2\/types\/product"}],"replies":[{"embeddable":true,"href":"https:\/\/wtdemo.link\/audio1\/wp-json\/wp\/v2\/comments?post=2779"}],"wp:featuredmedia":[{"embeddable":true,"href":"https:\/\/wtdemo.link\/audio1\/wp-json\/wp\/v2\/media\/2826"}],"wp:attachment":[{"href":"https:\/\/wtdemo.link\/audio1\/wp-json\/wp\/v2\/media?parent=2779"}],"wp:term":[{"taxonomy":"product_cat","embeddable":true,"href":"https:\/\/wtdemo.link\/audio1\/wp-json\/wp\/v2\/product_cat?post=2779"},{"taxonomy":"product_tag","embeddable":true,"href":"https:\/\/wtdemo.link\/audio1\/wp-json\/wp\/v2\/product_tag?post=2779"}],"curies":[{"name":"wp","href":"https:\/\/api.w.org\/{rel}","templated":true}]}}