{"id":2781,"date":"2022-08-02T16:17:23","date_gmt":"2022-08-02T13:17:23","guid":{"rendered":"https:\/\/wtdemo.link\/audio1\/?post_type=product&#038;p=2781"},"modified":"2022-08-02T17:19:03","modified_gmt":"2022-08-02T14:19:03","slug":"avenir-4-kanal-6-mp-1x6tb-hdd-network-kayit-cihazi","status":"publish","type":"product","link":"https:\/\/wtdemo.link\/audio1\/product\/avenir-4-kanal-6-mp-1x6tb-hdd-network-kayit-cihazi\/","title":{"rendered":"Avenir 4 Kanal 6 MP 1X6TB HDD Network Kay\u0131t Cihaz\u0131"},"content":{"rendered":"<p>Avenir 4 Kanal 6 MP 1X6TB HDD Network Kay\u0131t Cihaz\u0131<\/p>\n<p>\u2022 4 Kanal 6 MP &#8216;e Kadar 1X6 TB HDD IP Kay\u0131t Cihaz\u0131<\/p>\n<p>\u2022 6MP\/5MP\/3MP\/1080P\/UXGA\/720P\/VGA<\/p>\n<p>\u2022 32 Kullan\u0131c\u0131 \u2022 Ses Giri\u015f\/\u00c7\u0131k\u0131\u015f :1\/1<\/p>\n<p>\u2022 1 HDMI , 1 VGA ,1 x USB3.0 ,1 xUSB2.0 \u2022 H.264+<\/p>\n<p>\u2022 \u0130VMS-4500 \u202212 vDC -10\/+55 \u00b0C<\/p>\n<p>\u2022Boyutlar(mm):315x320x45<\/p>\n","protected":false},"excerpt":{"rendered":"<p>Avenir 4 Kanal 6 MP 1X6TB HDD Network Kay\u0131t Cihaz\u0131 \u2022 4 Kanal 6 MP &#8216;e Kadar 1X6 TB HDD IP Kay\u0131t Cihaz\u0131 \u2022 6MP\/5MP\/3MP\/1080P\/UXGA\/720P\/VGA \u2022 32 Kullan\u0131c\u0131 \u2022 Ses Giri\u015f\/\u00c7\u0131k\u0131\u015f :1\/1 \u2022 1 HDMI , 1 VGA ,1 x USB3.0 ,1 xUSB2.0 \u2022 H.264+ \u2022 \u0130VMS-4500 \u202212 vDC -10\/+55 \u00b0C \u2022Boyutlar(mm):315x320x45<\/p>\n","protected":false},"featured_media":2825,"comment_status":"open","ping_status":"closed","template":"","meta":[],"product_cat":[35],"product_tag":[],"class_list":{"0":"post-2781","1":"product","2":"type-product","3":"status-publish","4":"has-post-thumbnail","6":"product_cat-kayit-cihazlari","7":"notblog","9":"first","10":"instock","11":"shipping-taxable","12":"purchasable","13":"product-type-simple"},"_links":{"self":[{"href":"https:\/\/wtdemo.link\/audio1\/wp-json\/wp\/v2\/product\/2781","targetHints":{"allow":["GET"]}}],"collection":[{"href":"https:\/\/wtdemo.link\/audio1\/wp-json\/wp\/v2\/product"}],"about":[{"href":"https:\/\/wtdemo.link\/audio1\/wp-json\/wp\/v2\/types\/product"}],"replies":[{"embeddable":true,"href":"https:\/\/wtdemo.link\/audio1\/wp-json\/wp\/v2\/comments?post=2781"}],"wp:featuredmedia":[{"embeddable":true,"href":"https:\/\/wtdemo.link\/audio1\/wp-json\/wp\/v2\/media\/2825"}],"wp:attachment":[{"href":"https:\/\/wtdemo.link\/audio1\/wp-json\/wp\/v2\/media?parent=2781"}],"wp:term":[{"taxonomy":"product_cat","embeddable":true,"href":"https:\/\/wtdemo.link\/audio1\/wp-json\/wp\/v2\/product_cat?post=2781"},{"taxonomy":"product_tag","embeddable":true,"href":"https:\/\/wtdemo.link\/audio1\/wp-json\/wp\/v2\/product_tag?post=2781"}],"curies":[{"name":"wp","href":"https:\/\/api.w.org\/{rel}","templated":true}]}}