{"id":2783,"date":"2022-08-02T16:20:39","date_gmt":"2022-08-02T13:20:39","guid":{"rendered":"https:\/\/wtdemo.link\/audio1\/?post_type=product&#038;p=2783"},"modified":"2022-08-02T17:19:08","modified_gmt":"2022-08-02T14:19:08","slug":"kingboss-dijital-ses-kayit-cihazi-mp3-calar-kingboss-profesyonel-ses-kayit-cihazi-8-gb","status":"publish","type":"product","link":"https:\/\/wtdemo.link\/audio1\/product\/kingboss-dijital-ses-kayit-cihazi-mp3-calar-kingboss-profesyonel-ses-kayit-cihazi-8-gb\/","title":{"rendered":"Kingboss Dijital Ses Kay\u0131t Cihaz\u0131 Mp3 \u00c7alar Kingboss Profesyonel Ses Kay\u0131t Cihaz\u0131 8 Gb"},"content":{"rendered":"<p><strong>Kingboss Dijital Ses Kay\u0131t Cihaz\u0131 Mp3 \u00c7alar Kingboss Profesyonel Ses Kay\u0131t Cihaz\u0131 8 Gb<\/strong><br \/>\n<strong>Ses Kay\u0131t Cihaz\u0131 \u00d6zellikleri:<\/strong><\/p>\n<p>8Gb dahili haf\u0131zal\u0131 dijital ses kay\u0131t cihaz\u0131.<\/p>\n<p>Mp3 \u00e7alar \u00f6zelli\u011fi ile bilgisayardan y\u00fckleyece\u011finiz m\u00fczikleri dinleyebilme.<\/p>\n<p>Kalem b\u00fcy\u00fckl\u00fc\u011f\u00fcndedir, portatiftir, cebinizde, \u00e7antan\u0131zda her yere kolayca ta\u015f\u0131yabilirsiniz.<\/p>\n<p>\u015earj edilebilir dahili batarya.<\/p>\n<p>MP3, WMA, ASF, and WAV ses dosyalar\u0131n\u0131 \u00e7alabilir.<\/p>\n<p>650 saate kadar ses kay\u0131t yapma imkan\u0131 sa\u011flar.<\/p>\n<p>Paket i\u00e7eri\u011finde 3.5 mm jackl\u0131 \u00f6zel kulakl\u0131\u011f\u0131n bir ucu kulakl\u0131k iken di\u011fer ucu mikrofon olarak kullan\u0131labilir.<\/p>\n<p>Yine ayn\u0131 kulakl\u0131k ile hem ses kaydedebilir hem de kay\u0131tlar\u0131n\u0131z\u0131 dinleyebilirsiniz.<\/p>\n<p>Uzun menzilli ses kay\u0131t imkan\u0131.<\/p>\n<p>5 metreye kadar kusursuz ses kayd\u0131 yapman\u0131z\u0131 sa\u011flar.<\/p>\n<p>Dayan\u0131kl\u0131 \u00e7elik ala\u015f\u0131m metal g\u00f6vdesi ile y\u0131llarca kullanabilece\u011finiz m\u00fcthi\u015f bir \u00fcr\u00fcn.<\/p>\n<p><strong>Ses Kay\u0131t Cihaz\u0131 Teknik \u00d6zellikleri:<\/strong><\/p>\n<p>Haf\u0131za: 8 GB<\/p>\n<p>LCD ekran<\/p>\n<p>Dahili hoparl\u00f6r<\/p>\n<p>M\u00fczik \u00e7alma\/dinleme fonksiyonu<\/p>\n<p>128 X 64 ekran<\/p>\n<p>\u00c7oklu dil se\u00e7ene\u011fi<\/p>\n<p>Kay\u0131t g\u00f6stergesi<\/p>\n<p>Ses kontrol fonksiyonu (VOR) mevcuttur.<\/p>\n<p>7 farkl\u0131 RQ modu: NOP, ROCK, POP, CLASSOL, SOFT, JAZZ and DBB<\/p>\n<p>G\u00fc\u00e7 kayna\u011f\u0131: 3.7V dahili lithium pil<\/p>\n<p>D\u00fc\u015f\u00fck pil g\u00fc\u00e7 g\u00f6stergesi<\/p>\n<p>Dahili \u015farj edilebilir lithium pili defalarca \u015farj edebilir ve pil masraf\u0131ndan ciddi bir tasarruf yapabilirsiniz.<\/p>\n<p>Renk: gri<\/p>\n<p><strong>Mp3 \u00c7alar Ses Kay\u0131t Cihaz\u0131 Kullan\u0131m\u0131:<\/strong><\/p>\n<p>1 &#8211; Ses kayd\u0131 ve kay\u0131t dinleme i\u00e7in ayr\u0131 d\u00fc\u011fmeler ile kullan\u0131m kolayl\u0131\u011f\u0131.<\/p>\n<p>2 &#8211; VOR sistemi: Ses Duyarl\u0131\/ Aktif Kay\u0131t (Sese duyarl\u0131 olarak otomatik kayda ba\u015flar, bir s\u00fcre ses alg\u0131lamad\u0131\u011f\u0131nda otomatik bekleme moduna ge\u00e7er.)<\/p>\n<p>3 &#8211; D\u00f6rt farkl\u0131 kay\u0131t modu:<\/p>\n<p>SP y\u00fcksek kaliteli berrak ses kayd\u0131.<\/p>\n<p>LP uzun s\u00fcreli kay\u0131t imkan\u0131.<\/p>\n<p>SP VOICE ses alg\u0131lay\u0131c\u0131l\u0131 y\u00fcksek kaliteli ses kayd\u0131.<\/p>\n<p>LP VOICE ses alg\u0131lay\u0131c\u0131l\u0131 uzun s\u00fcreli ses kayd\u0131.<\/p>\n<p>4 &#8211; Sleek appearance design and comfortable touch<\/p>\n<p>5 &#8211; Telefon g\u00f6r\u00fc\u015femelerinizi kaydedebilirsiniz.<\/p>\n<p>6 &#8211; MP1, MP2, MP3,WAV gibi farkl\u0131 formatta ses formatlar\u0131n\u0131 destekler<\/p>\n<p>7 &#8211; Tak \u00e7al\u0131\u015ft\u0131r \u00f6zelli\u011fi ile ekstra bir kurulum gerektirmez.<\/p>\n<p><strong>Kay\u0131t Cihaz\u0131 Paket i\u00e7eri\u011fi:<\/strong><\/p>\n<p>1 x 8GB USB Ses kay\u0131t.<\/p>\n<p>1 x USB kablo<\/p>\n<p>1 x Kulakl\u0131k\/mikrofon<\/p>\n<p>1 x Kullan\u0131m k\u0131lavuzu<\/p>\n","protected":false},"excerpt":{"rendered":"<p>Kingboss Dijital Ses Kay\u0131t Cihaz\u0131 Mp3 \u00c7alar Kingboss Profesyonel Ses Kay\u0131t Cihaz\u0131 8 Gb Ses Kay\u0131t Cihaz\u0131 \u00d6zellikleri: 8Gb dahili haf\u0131zal\u0131 dijital ses kay\u0131t cihaz\u0131. Mp3 \u00e7alar \u00f6zelli\u011fi ile bilgisayardan y\u00fckleyece\u011finiz m\u00fczikleri dinleyebilme. Kalem b\u00fcy\u00fckl\u00fc\u011f\u00fcndedir, portatiftir, cebinizde, \u00e7antan\u0131zda her yere kolayca ta\u015f\u0131yabilirsiniz. \u015earj edilebilir dahili batarya. MP3, WMA, ASF, and WAV ses dosyalar\u0131n\u0131 \u00e7alabilir. 650 [&hellip;]<\/p>\n","protected":false},"featured_media":2824,"comment_status":"open","ping_status":"closed","template":"","meta":[],"product_cat":[35],"product_tag":[],"class_list":{"0":"post-2783","1":"product","2":"type-product","3":"status-publish","4":"has-post-thumbnail","6":"product_cat-kayit-cihazlari","7":"notblog","9":"first","10":"instock","11":"shipping-taxable","12":"purchasable","13":"product-type-simple"},"_links":{"self":[{"href":"https:\/\/wtdemo.link\/audio1\/wp-json\/wp\/v2\/product\/2783","targetHints":{"allow":["GET"]}}],"collection":[{"href":"https:\/\/wtdemo.link\/audio1\/wp-json\/wp\/v2\/product"}],"about":[{"href":"https:\/\/wtdemo.link\/audio1\/wp-json\/wp\/v2\/types\/product"}],"replies":[{"embeddable":true,"href":"https:\/\/wtdemo.link\/audio1\/wp-json\/wp\/v2\/comments?post=2783"}],"wp:featuredmedia":[{"embeddable":true,"href":"https:\/\/wtdemo.link\/audio1\/wp-json\/wp\/v2\/media\/2824"}],"wp:attachment":[{"href":"https:\/\/wtdemo.link\/audio1\/wp-json\/wp\/v2\/media?parent=2783"}],"wp:term":[{"taxonomy":"product_cat","embeddable":true,"href":"https:\/\/wtdemo.link\/audio1\/wp-json\/wp\/v2\/product_cat?post=2783"},{"taxonomy":"product_tag","embeddable":true,"href":"https:\/\/wtdemo.link\/audio1\/wp-json\/wp\/v2\/product_tag?post=2783"}],"curies":[{"name":"wp","href":"https:\/\/api.w.org\/{rel}","templated":true}]}}