{"id":2787,"date":"2022-08-02T16:23:50","date_gmt":"2022-08-02T13:23:50","guid":{"rendered":"https:\/\/wtdemo.link\/audio1\/?post_type=product&#038;p=2787"},"modified":"2024-07-02T16:26:21","modified_gmt":"2024-07-02T13:26:21","slug":"retro-rt-3118a-ptz-analog-ahd-hdcvi-kamera-kontrol-klavyesi","status":"publish","type":"product","link":"https:\/\/wtdemo.link\/audio1\/product\/retro-rt-3118a-ptz-analog-ahd-hdcvi-kamera-kontrol-klavyesi\/","title":{"rendered":"Retro RT-3118A Ptz Analog + Ahd + Hdcv\u0131 Kamera Kontrol Klavyesi"},"content":{"rendered":"<p><strong>Retro RT-3118A Ptz Analog + Ahd + Hdcv\u0131 Kamera Kontrol Klavyesi<\/strong><br \/>\nTeknik Bilgiler Analog+AHD+HDCVI Keyboard Kontrol Klavyesi<br \/>\nRetro RT-3118A Ptz Analog + Ahd + Hdcv\u0131 Kamera Kontrol Klavyesi \u00d6zellikleri<br \/>\nBa\u011flant\u0131 Tipi Kablolu<br \/>\nGaranti Notu E\u011fer sat\u0131n ald\u0131\u011f\u0131n\u0131z \u00fcr\u00fcn kurulum gerektiriyorsa, size en yak\u0131n yetkili servisi aray\u0131n. \u00dcr\u00fcn kutusunun (ambalaj\u0131n) a\u00e7\u0131lmas\u0131 ve kurulum i\u015flemi mutlaka yetkili servis taraf\u0131ndan yap\u0131lmal\u0131d\u0131r. Aksi takdirde \u00fcr\u00fcn\u00fcn\u00fcz garanti kapsam\u0131 d\u0131\u015f\u0131nda kal\u0131r<\/p>\n","protected":false},"excerpt":{"rendered":"<p>Retro RT-3118A Ptz Analog + Ahd + Hdcv\u0131 Kamera Kontrol Klavyesi Teknik Bilgiler Analog+AHD+HDCVI Keyboard Kontrol Klavyesi Retro RT-3118A Ptz Analog + Ahd + Hdcv\u0131 Kamera Kontrol Klavyesi \u00d6zellikleri Ba\u011flant\u0131 Tipi Kablolu Garanti Notu E\u011fer sat\u0131n ald\u0131\u011f\u0131n\u0131z \u00fcr\u00fcn kurulum gerektiriyorsa, size en yak\u0131n yetkili servisi aray\u0131n. \u00dcr\u00fcn kutusunun (ambalaj\u0131n) a\u00e7\u0131lmas\u0131 ve kurulum i\u015flemi mutlaka yetkili [&hellip;]<\/p>\n","protected":false},"featured_media":2821,"comment_status":"open","ping_status":"closed","template":"","meta":[],"product_cat":[39],"product_tag":[],"class_list":{"0":"post-2787","1":"product","2":"type-product","3":"status-publish","4":"has-post-thumbnail","6":"product_cat-kamera-kontrol-klavyeleri","7":"notblog","9":"first","10":"instock","11":"shipping-taxable","12":"purchasable","13":"product-type-simple"},"_links":{"self":[{"href":"https:\/\/wtdemo.link\/audio1\/wp-json\/wp\/v2\/product\/2787","targetHints":{"allow":["GET"]}}],"collection":[{"href":"https:\/\/wtdemo.link\/audio1\/wp-json\/wp\/v2\/product"}],"about":[{"href":"https:\/\/wtdemo.link\/audio1\/wp-json\/wp\/v2\/types\/product"}],"replies":[{"embeddable":true,"href":"https:\/\/wtdemo.link\/audio1\/wp-json\/wp\/v2\/comments?post=2787"}],"wp:featuredmedia":[{"embeddable":true,"href":"https:\/\/wtdemo.link\/audio1\/wp-json\/wp\/v2\/media\/2821"}],"wp:attachment":[{"href":"https:\/\/wtdemo.link\/audio1\/wp-json\/wp\/v2\/media?parent=2787"}],"wp:term":[{"taxonomy":"product_cat","embeddable":true,"href":"https:\/\/wtdemo.link\/audio1\/wp-json\/wp\/v2\/product_cat?post=2787"},{"taxonomy":"product_tag","embeddable":true,"href":"https:\/\/wtdemo.link\/audio1\/wp-json\/wp\/v2\/product_tag?post=2787"}],"curies":[{"name":"wp","href":"https:\/\/api.w.org\/{rel}","templated":true}]}}