{"id":2789,"date":"2022-08-02T16:26:07","date_gmt":"2022-08-02T13:26:07","guid":{"rendered":"https:\/\/wtdemo.link\/audio1\/?post_type=product&#038;p=2789"},"modified":"2022-08-02T16:53:23","modified_gmt":"2022-08-02T13:53:23","slug":"magbox-mg-4880-ahdtvicvicvbs-8-mp-kamera-test-cihazi-5-inc-ekran","status":"publish","type":"product","link":"https:\/\/wtdemo.link\/audio1\/product\/magbox-mg-4880-ahdtvicvicvbs-8-mp-kamera-test-cihazi-5-inc-ekran\/","title":{"rendered":"Magbox MG-4880 Ahd+Tv\u0131+Cv\u0131+Cvbs 8 Mp Kamera Test Cihaz\u0131 (5 In\u00e7 Ekran)"},"content":{"rendered":"<p><strong>Magbox Mg-4880 Ahd+Tv\u0131+Cv\u0131+Cvbs 8 Mp Kamera 5 \u0130n\u00e7 Ekran Test Cihaz\u0131 \u00d6zellikleri<\/strong><\/p>\n<p><strong>Teknik \u00d6zellikleri<\/strong><br \/>\nTan\u0131m: Kamera Test Cihaz\u0131<br \/>\nSinyal Modu: Ntsc\/Pal<br \/>\nLcd Ekran: 5&#8243; 800*480 \u00c7\u00f6z\u00fcn\u00fcrl\u00fck<br \/>\nSes Giri\u015f Testi: Evet<br \/>\nPtz Kontrol: Pelco-D \/ P, Support Rs485, Baud Rate 1200 &#8211; 14400bps Protokollerini Destekler.<br \/>\nCvbs Analog Testi: Evet<br \/>\nAhd Tv Cv\u0131 Kamera Test: 720p \/ 1080p 3mp \/ 4mp \/ 5mp \/ 8mp Kameralar\u0131 Destekler.<br \/>\nDc12v \u00c7\u0131k\u0131\u015f: Kamera Beslemesi \u0130\u00e7in Dc12v &#8211; 1a G\u00fc\u00e7 \u00c7\u0131k\u0131\u015f\u0131.<br \/>\nG\u00fc\u00e7 Adapt\u00f6r\u00fc: Dc 5v\/1a Giri\u015f<br \/>\nDil: 12 Dil Destekli<br \/>\nHdm\u0131 Video Giri\u015f Testi: 1080p Hdm\u0131 Video Giri\u015fi Deste\u011fi.<br \/>\nBatarya: 3.7v-3000mah Lityum Polimer Batarya. 8 Saat \u00c7al\u0131\u015fma S\u00fcresi.<br \/>\n\u00c7al\u0131\u015fma S\u0131cakl\u0131\u011f\u0131: -10?&#8211;+50?<br \/>\n\u00c7al\u0131\u015fma Nemi: 30%&#8211;90%<br \/>\n\u00d6l\u00e7\u00fcler: 38mm\u00d7103mm\u00d741mm<br \/>\nA\u011f\u0131rl\u0131k: 0.5 Kg<\/p>\n<p><strong>Kutu \u0130\u00e7eri\u011fi<\/strong><br \/>\n1x Kamera Test Cihaz\u0131<br \/>\n1x Bnc Kablosu<br \/>\n1x Prob Kablosu<br \/>\n1x \u015earj Kablosu<br \/>\n1x Rj45 Test Aparat\u0131<br \/>\n1x Usb Kablo<\/p>\n","protected":false},"excerpt":{"rendered":"<p>Magbox Mg-4880 Ahd+Tv\u0131+Cv\u0131+Cvbs 8 Mp Kamera 5 \u0130n\u00e7 Ekran Test Cihaz\u0131 \u00d6zellikleri Teknik \u00d6zellikleri Tan\u0131m: Kamera Test Cihaz\u0131 Sinyal Modu: Ntsc\/Pal Lcd Ekran: 5&#8243; 800*480 \u00c7\u00f6z\u00fcn\u00fcrl\u00fck Ses Giri\u015f Testi: Evet Ptz Kontrol: Pelco-D \/ P, Support Rs485, Baud Rate 1200 &#8211; 14400bps Protokollerini Destekler. Cvbs Analog Testi: Evet Ahd Tv Cv\u0131 Kamera Test: 720p \/ [&hellip;]<\/p>\n","protected":false},"featured_media":2802,"comment_status":"open","ping_status":"closed","template":"","meta":[],"product_cat":[44],"product_tag":[],"class_list":{"0":"post-2789","1":"product","2":"type-product","3":"status-publish","4":"has-post-thumbnail","6":"product_cat-kamera-goruntuleme-ve-test-cihazlari","7":"notblog","9":"first","10":"instock","11":"shipping-taxable","12":"purchasable","13":"product-type-simple"},"_links":{"self":[{"href":"https:\/\/wtdemo.link\/audio1\/wp-json\/wp\/v2\/product\/2789","targetHints":{"allow":["GET"]}}],"collection":[{"href":"https:\/\/wtdemo.link\/audio1\/wp-json\/wp\/v2\/product"}],"about":[{"href":"https:\/\/wtdemo.link\/audio1\/wp-json\/wp\/v2\/types\/product"}],"replies":[{"embeddable":true,"href":"https:\/\/wtdemo.link\/audio1\/wp-json\/wp\/v2\/comments?post=2789"}],"wp:featuredmedia":[{"embeddable":true,"href":"https:\/\/wtdemo.link\/audio1\/wp-json\/wp\/v2\/media\/2802"}],"wp:attachment":[{"href":"https:\/\/wtdemo.link\/audio1\/wp-json\/wp\/v2\/media?parent=2789"}],"wp:term":[{"taxonomy":"product_cat","embeddable":true,"href":"https:\/\/wtdemo.link\/audio1\/wp-json\/wp\/v2\/product_cat?post=2789"},{"taxonomy":"product_tag","embeddable":true,"href":"https:\/\/wtdemo.link\/audio1\/wp-json\/wp\/v2\/product_tag?post=2789"}],"curies":[{"name":"wp","href":"https:\/\/api.w.org\/{rel}","templated":true}]}}