{"id":2791,"date":"2022-08-02T16:27:53","date_gmt":"2022-08-02T13:27:53","guid":{"rendered":"https:\/\/wtdemo.link\/audio1\/?post_type=product&#038;p=2791"},"modified":"2022-08-02T16:27:53","modified_gmt":"2022-08-02T13:27:53","slug":"novacom-sathero-sh-810hd-dvb-s2-t2-c-combo-dijital-uydu-bulucu-kamera-test-cihazi","status":"publish","type":"product","link":"https:\/\/wtdemo.link\/audio1\/product\/novacom-sathero-sh-810hd-dvb-s2-t2-c-combo-dijital-uydu-bulucu-kamera-test-cihazi\/","title":{"rendered":"Novacom Sathero SH-810HD Dvb-S2\/t2\/c Combo Dijital Uydu Bulucu + Kamera Test Cihaz\u0131"},"content":{"rendered":"<p><strong>NOVACOM SATHERO SH-810HD DVB-S2\/T2\/C COMBO D\u0130J\u0130TAL UYDU BULUCU + KAMERA TEST C\u0130HAZI<\/strong><\/p>\n<p><strong>810HD Combo Dijital Uydu Bulucu \u0130le Yapabilecekleriniz;<\/strong><\/p>\n<p>Turksat \/ Hotbird \/ Astra \/ Digiturk vs. gibi uydular\u0131n \u00e7anak anten kurulumunu yapabilirsiniz<br \/>\nMdu-5 LNB deste\u011fi ile merkezi sistem Digiturk kurlumu<br \/>\nTP kontrol \u00f6zelli\u011fi ile normal santral kurulumda Multi (\u00e7oklu) TP kontrol\u00fc<br \/>\nQuattro LNB i\u00e7in ayr\u0131 ayr\u0131 polarizasyon tespiti<br \/>\nH\u0131zl\u0131 tepkime s\u00fcresi ve sinyale kitlenme<br \/>\nDVB-C \u00f6zelli\u011fi ile merkezi sistem headend kurulumu<br \/>\nDVB-T \u00f6zelli\u011fi ile karasal terrestrial anten kurulumu<br \/>\nKamera test \u00f6zelli\u011fi ile AHD\/HD-TVI\/Analog 5MP\u2019e kadar kameralar\u0131n\u0131z\u0131 test edebilir.<br \/>\n12V DC out \u00e7\u0131k\u0131\u015f\u0131 ile kameralar\u0131n\u0131z\u0131 test a\u015famas\u0131nda besleyebilirsiniz.<br \/>\nBoyun ask\u0131s\u0131 ile kurulum a\u015famas\u0131nda boynunuzda ta\u015f\u0131yabilirsiniz.<\/p>\n<p><strong>Teknik \u00d6zellikler<\/strong><\/p>\n<p>Destek DVB S\/S2\/ T\/T2<br \/>\nDestek QPSK, 8PSK, 16APSK, 32APSK<br \/>\nDestek QPSK, 16QAM, 64QAM, 256QAM<br \/>\nDVB-S, DVB-S2, CBS MPEG-4 ve ABS-S sinyali ile uyumlu.<br \/>\nHD g\u00fcvenlik kameras\u0131 giri\u015fi (iste\u011fe ba\u011fl\u0131)<br \/>\nDC 12V\/2A \u00e7\u0131k\u0131\u015f\u0131.<br \/>\nDestek Analog, AHD 1.0, 2.0, hd-tvi 1.0, 2.0<br \/>\nDVB S \/ S2 \/ T \/ T2 sinyallerini otomatik olarak tan\u0131mlay\u0131n.<br \/>\n3.5 in\u00e7 HD TFT LCD ekran.<br \/>\nMPEG-2 \/ MPEG-4 \/ H.264 kod \u00e7\u00f6zme Video format\u0131 ve 1080P Full HD.<br \/>\n\u00c7ok ama\u00e7l\u0131 tasar\u0131m.<br \/>\nKolay kullan\u0131m OSD tasar\u0131m\u0131.<br \/>\nH\u0131zl\u0131 uydu sinyal bulma.<br \/>\nProgram oynatma, video izleme.<br \/>\nH\u0131zl\u0131 uydu anteni kurulumu.<br \/>\nK\u00fcresel uydu veri \u00f6nceden ayarlanm\u0131\u015f.<br \/>\nUydu parametreleri d\u00fczenlenebilir.<br \/>\nDestek DISEqC1.0,DISEqC1.1<br \/>\nKolay kullan\u0131m DISEqC1.2, USALS OSD tasar\u0131m\u0131.<br \/>\n\u00c7oklu uydular \/ TPs taramas\u0131, k\u00f6r tarama ve NIT taramas\u0131.<br \/>\nEkran G\u00fcc\u00fc : BER, MER, C\/N, NIT de\u011feri.<br \/>\nSinyal \u0131\u015f\u0131k belirten kilitli.<br \/>\n13\/18 volt g\u00f6sterge \u0131\u015f\u0131klar\u0131.<br \/>\n22KHz g\u00f6sterge \u0131\u015f\u0131\u011f\u0131.<br \/>\nLNB k\u0131sa devre korumas\u0131 ve uyar\u0131s\u0131.<br \/>\nSes ve video giri\u015fi.<br \/>\nHDMI 1.4 \u00e7\u0131k\u0131\u015f\u0131.<br \/>\nProfesyonel \u015fok davay\u0131 korur.<br \/>\nDestek USB PVR, MP3, JPG foto\u011fraf oynatma.<br \/>\n\u00c7\u0131kar\u0131labilir pil tasar\u0131m.<br \/>\nY\u00fcksek kapasiteli LI-ION pil (11.1V 3800mA), yakla\u015f\u0131k 5 saat s\u00fcrebilir.<\/p>\n","protected":false},"excerpt":{"rendered":"<p>NOVACOM SATHERO SH-810HD DVB-S2\/T2\/C COMBO D\u0130J\u0130TAL UYDU BULUCU + KAMERA TEST C\u0130HAZI 810HD Combo Dijital Uydu Bulucu \u0130le Yapabilecekleriniz; Turksat \/ Hotbird \/ Astra \/ Digiturk vs. gibi uydular\u0131n \u00e7anak anten kurulumunu yapabilirsiniz Mdu-5 LNB deste\u011fi ile merkezi sistem Digiturk kurlumu TP kontrol \u00f6zelli\u011fi ile normal santral kurulumda Multi (\u00e7oklu) TP kontrol\u00fc Quattro LNB i\u00e7in [&hellip;]<\/p>\n","protected":false},"featured_media":2792,"comment_status":"open","ping_status":"closed","template":"","meta":[],"product_cat":[44],"product_tag":[],"class_list":{"0":"post-2791","1":"product","2":"type-product","3":"status-publish","4":"has-post-thumbnail","6":"product_cat-kamera-goruntuleme-ve-test-cihazlari","7":"notblog","9":"first","10":"instock","11":"shipping-taxable","12":"purchasable","13":"product-type-simple"},"_links":{"self":[{"href":"https:\/\/wtdemo.link\/audio1\/wp-json\/wp\/v2\/product\/2791","targetHints":{"allow":["GET"]}}],"collection":[{"href":"https:\/\/wtdemo.link\/audio1\/wp-json\/wp\/v2\/product"}],"about":[{"href":"https:\/\/wtdemo.link\/audio1\/wp-json\/wp\/v2\/types\/product"}],"replies":[{"embeddable":true,"href":"https:\/\/wtdemo.link\/audio1\/wp-json\/wp\/v2\/comments?post=2791"}],"wp:featuredmedia":[{"embeddable":true,"href":"https:\/\/wtdemo.link\/audio1\/wp-json\/wp\/v2\/media\/2792"}],"wp:attachment":[{"href":"https:\/\/wtdemo.link\/audio1\/wp-json\/wp\/v2\/media?parent=2791"}],"wp:term":[{"taxonomy":"product_cat","embeddable":true,"href":"https:\/\/wtdemo.link\/audio1\/wp-json\/wp\/v2\/product_cat?post=2791"},{"taxonomy":"product_tag","embeddable":true,"href":"https:\/\/wtdemo.link\/audio1\/wp-json\/wp\/v2\/product_tag?post=2791"}],"curies":[{"name":"wp","href":"https:\/\/api.w.org\/{rel}","templated":true}]}}