{"id":2796,"date":"2022-08-02T16:33:23","date_gmt":"2022-08-02T13:33:23","guid":{"rendered":"https:\/\/wtdemo.link\/audio1\/?post_type=product&#038;p=2796"},"modified":"2022-08-02T17:13:02","modified_gmt":"2022-08-02T14:13:02","slug":"wd-purple-3tb-35-sata-iii-6gbit-s-64mb-7-24-guvenlik-kamerasi-diski-wd30purz","status":"publish","type":"product","link":"https:\/\/wtdemo.link\/audio1\/product\/wd-purple-3tb-35-sata-iii-6gbit-s-64mb-7-24-guvenlik-kamerasi-diski-wd30purz\/","title":{"rendered":"WD Purple 3TB 3,5&#8243; SATA III 6Gbit\/s 64MB 7\/24 G\u00fcvenlik Kameras\u0131 Diski WD30PURZ"},"content":{"rendered":"<p><strong><br \/>\nWD Purple 3TB 3,5&#8243; SATA III 6Gbit\/s 64MB 7\/24 G\u00fcvenlik Kameras\u0131 Diski WD30PURZ<br \/>\nWD Purple 3TB 3,5&#8243; SATA III 6Gbit\/s 64MB 7\/24 G\u00fcvenlik Kameras\u0131 Diski WD30PURZ \u00d6zellikleri<\/strong><br \/>\nBa\u011flant\u0131 Tipi Sata 3<br \/>\nCache Bellek 64 MB<br \/>\nDisk Boyutu 3,5 in\u00e7<br \/>\nDisk Tipi G\u00fcvenlik Kameras\u0131 Diski<br \/>\nD\u00f6n\u00fc\u015f H\u0131z\u0131 5400 RPM<br \/>\nKapasite 3 TB<\/p>\n","protected":false},"excerpt":{"rendered":"<p>WD Purple 3TB 3,5&#8243; SATA III 6Gbit\/s 64MB 7\/24 G\u00fcvenlik Kameras\u0131 Diski WD30PURZ WD Purple 3TB 3,5&#8243; SATA III 6Gbit\/s 64MB 7\/24 G\u00fcvenlik Kameras\u0131 Diski WD30PURZ \u00d6zellikleri Ba\u011flant\u0131 Tipi Sata 3 Cache Bellek 64 MB Disk Boyutu 3,5 in\u00e7 Disk Tipi G\u00fcvenlik Kameras\u0131 Diski D\u00f6n\u00fc\u015f H\u0131z\u0131 5400 RPM Kapasite 3 TB<\/p>\n","protected":false},"featured_media":2820,"comment_status":"open","ping_status":"closed","template":"","meta":[],"product_cat":[47],"product_tag":[],"class_list":{"0":"post-2796","1":"product","2":"type-product","3":"status-publish","4":"has-post-thumbnail","6":"product_cat-guvenlik-harddiskleri","7":"notblog","9":"first","10":"instock","11":"shipping-taxable","12":"purchasable","13":"product-type-simple"},"_links":{"self":[{"href":"https:\/\/wtdemo.link\/audio1\/wp-json\/wp\/v2\/product\/2796","targetHints":{"allow":["GET"]}}],"collection":[{"href":"https:\/\/wtdemo.link\/audio1\/wp-json\/wp\/v2\/product"}],"about":[{"href":"https:\/\/wtdemo.link\/audio1\/wp-json\/wp\/v2\/types\/product"}],"replies":[{"embeddable":true,"href":"https:\/\/wtdemo.link\/audio1\/wp-json\/wp\/v2\/comments?post=2796"}],"wp:featuredmedia":[{"embeddable":true,"href":"https:\/\/wtdemo.link\/audio1\/wp-json\/wp\/v2\/media\/2820"}],"wp:attachment":[{"href":"https:\/\/wtdemo.link\/audio1\/wp-json\/wp\/v2\/media?parent=2796"}],"wp:term":[{"taxonomy":"product_cat","embeddable":true,"href":"https:\/\/wtdemo.link\/audio1\/wp-json\/wp\/v2\/product_cat?post=2796"},{"taxonomy":"product_tag","embeddable":true,"href":"https:\/\/wtdemo.link\/audio1\/wp-json\/wp\/v2\/product_tag?post=2796"}],"curies":[{"name":"wp","href":"https:\/\/api.w.org\/{rel}","templated":true}]}}