{"id":2798,"date":"2022-08-02T16:34:31","date_gmt":"2022-08-02T13:34:31","guid":{"rendered":"https:\/\/wtdemo.link\/audio1\/?post_type=product&#038;p=2798"},"modified":"2022-08-02T17:10:32","modified_gmt":"2022-08-02T14:10:32","slug":"seagate-skyhawk-3-5-4tb-sata-3-0-64mb-190mb-s-rv-sensor-5900rpm-64hd-kamera-180tb-yil-isyuku-7-24-guvenlik-disk","status":"publish","type":"product","link":"https:\/\/wtdemo.link\/audio1\/product\/seagate-skyhawk-3-5-4tb-sata-3-0-64mb-190mb-s-rv-sensor-5900rpm-64hd-kamera-180tb-yil-isyuku-7-24-guvenlik-disk\/","title":{"rendered":"Seagate Skyhawk 3.5&#8243; 4TB Sata 3.0  64MB 190Mb\/s RV Sens\u00f6r 5900Rpm 64HD Kamera 180TB\/Yil Isy\u00fck\u00fc 7\/24 G\u00fcvenlik Disk"},"content":{"rendered":"<p><strong>Seagate Skyhawk 3.5&#8243; 4TB Sata 3.0 64MB 190Mb\/s RV Sens\u00f6r 5900Rpm 64HD Kamera 180TB\/Yil Isy\u00fck\u00fc 7\/24 G\u00fcvenlik Disk ST4000VX007<br \/>\nSeagate Skyhawk 3.5&#8243; 4TB Sata 3.0 64MB 190Mb\/s RV Sens\u00f6r 5900Rpm 64HD Kamera 180TB\/Yil Isy\u00fck\u00fc 7\/24 G\u00fcvenlik Disk ST4000VX007 \u00d6zellikleri<\/strong><br \/>\nBa\u011flant\u0131 Tipi Sata 3<br \/>\nCache Bellek 64 MB<br \/>\nDisk Boyutu 3,5 in\u00e7<br \/>\nDisk Tipi G\u00fcvenlik Kameras\u0131 Diski<br \/>\nD\u00f6n\u00fc\u015f H\u0131z\u0131 5900 RPM<br \/>\nKal\u0131nl\u0131k 10,2 mm<br \/>\nKapasite 4 TB<code><\/code><\/p>\n","protected":false},"excerpt":{"rendered":"<p>Seagate Skyhawk 3.5&#8243; 4TB Sata 3.0 64MB 190Mb\/s RV Sens\u00f6r 5900Rpm 64HD Kamera 180TB\/Yil Isy\u00fck\u00fc 7\/24 G\u00fcvenlik Disk ST4000VX007 Seagate Skyhawk 3.5&#8243; 4TB Sata 3.0 64MB 190Mb\/s RV Sens\u00f6r 5900Rpm 64HD Kamera 180TB\/Yil Isy\u00fck\u00fc 7\/24 G\u00fcvenlik Disk ST4000VX007 \u00d6zellikleri Ba\u011flant\u0131 Tipi Sata 3 Cache Bellek 64 MB Disk Boyutu 3,5 in\u00e7 Disk Tipi G\u00fcvenlik Kameras\u0131 [&hellip;]<\/p>\n","protected":false},"featured_media":2816,"comment_status":"open","ping_status":"closed","template":"","meta":[],"product_cat":[47],"product_tag":[],"class_list":{"0":"post-2798","1":"product","2":"type-product","3":"status-publish","4":"has-post-thumbnail","6":"product_cat-guvenlik-harddiskleri","7":"notblog","9":"first","10":"instock","11":"shipping-taxable","12":"purchasable","13":"product-type-simple"},"_links":{"self":[{"href":"https:\/\/wtdemo.link\/audio1\/wp-json\/wp\/v2\/product\/2798","targetHints":{"allow":["GET"]}}],"collection":[{"href":"https:\/\/wtdemo.link\/audio1\/wp-json\/wp\/v2\/product"}],"about":[{"href":"https:\/\/wtdemo.link\/audio1\/wp-json\/wp\/v2\/types\/product"}],"replies":[{"embeddable":true,"href":"https:\/\/wtdemo.link\/audio1\/wp-json\/wp\/v2\/comments?post=2798"}],"wp:featuredmedia":[{"embeddable":true,"href":"https:\/\/wtdemo.link\/audio1\/wp-json\/wp\/v2\/media\/2816"}],"wp:attachment":[{"href":"https:\/\/wtdemo.link\/audio1\/wp-json\/wp\/v2\/media?parent=2798"}],"wp:term":[{"taxonomy":"product_cat","embeddable":true,"href":"https:\/\/wtdemo.link\/audio1\/wp-json\/wp\/v2\/product_cat?post=2798"},{"taxonomy":"product_tag","embeddable":true,"href":"https:\/\/wtdemo.link\/audio1\/wp-json\/wp\/v2\/product_tag?post=2798"}],"curies":[{"name":"wp","href":"https:\/\/api.w.org\/{rel}","templated":true}]}}