{"id":2800,"date":"2022-08-02T16:35:48","date_gmt":"2022-08-02T13:35:48","guid":{"rendered":"https:\/\/wtdemo.link\/audio1\/?post_type=product&#038;p=2800"},"modified":"2022-08-02T17:09:49","modified_gmt":"2022-08-02T14:09:49","slug":"wd-guvenlik-disk-500-gb-hdd","status":"publish","type":"product","link":"https:\/\/wtdemo.link\/audio1\/product\/wd-guvenlik-disk-500-gb-hdd\/","title":{"rendered":"WD G\u00fcvenlik Disk 500 GB HDD"},"content":{"rendered":"<p><strong>WD G\u00fcvenlik Disk 500 GB HDD \u00d6zellikleri<\/strong><br \/>\nBa\u011flant\u0131 Tipi Sata 3<br \/>\nCache Bellek Belirtilmemi\u015f<br \/>\nDisk Boyutu 3,5 in\u00e7<br \/>\nD\u00f6n\u00fc\u015f H\u0131z\u0131 5400 RPM<br \/>\nKapasite 500 GB<\/p>\n","protected":false},"excerpt":{"rendered":"<p>WD G\u00fcvenlik Disk 500 GB HDD \u00d6zellikleri Ba\u011flant\u0131 Tipi Sata 3 Cache Bellek Belirtilmemi\u015f Disk Boyutu 3,5 in\u00e7 D\u00f6n\u00fc\u015f H\u0131z\u0131 5400 RPM Kapasite 500 GB<\/p>\n","protected":false},"featured_media":2815,"comment_status":"open","ping_status":"closed","template":"","meta":[],"product_cat":[47],"product_tag":[],"class_list":{"0":"post-2800","1":"product","2":"type-product","3":"status-publish","4":"has-post-thumbnail","6":"product_cat-guvenlik-harddiskleri","7":"notblog","9":"first","10":"instock","11":"shipping-taxable","12":"purchasable","13":"product-type-simple"},"_links":{"self":[{"href":"https:\/\/wtdemo.link\/audio1\/wp-json\/wp\/v2\/product\/2800","targetHints":{"allow":["GET"]}}],"collection":[{"href":"https:\/\/wtdemo.link\/audio1\/wp-json\/wp\/v2\/product"}],"about":[{"href":"https:\/\/wtdemo.link\/audio1\/wp-json\/wp\/v2\/types\/product"}],"replies":[{"embeddable":true,"href":"https:\/\/wtdemo.link\/audio1\/wp-json\/wp\/v2\/comments?post=2800"}],"wp:featuredmedia":[{"embeddable":true,"href":"https:\/\/wtdemo.link\/audio1\/wp-json\/wp\/v2\/media\/2815"}],"wp:attachment":[{"href":"https:\/\/wtdemo.link\/audio1\/wp-json\/wp\/v2\/media?parent=2800"}],"wp:term":[{"taxonomy":"product_cat","embeddable":true,"href":"https:\/\/wtdemo.link\/audio1\/wp-json\/wp\/v2\/product_cat?post=2800"},{"taxonomy":"product_tag","embeddable":true,"href":"https:\/\/wtdemo.link\/audio1\/wp-json\/wp\/v2\/product_tag?post=2800"}],"curies":[{"name":"wp","href":"https:\/\/api.w.org\/{rel}","templated":true}]}}