{"id":2844,"date":"2022-08-02T17:54:38","date_gmt":"2022-08-02T14:54:38","guid":{"rendered":"https:\/\/wtdemo.link\/audio1\/?post_type=product&#038;p=2844"},"modified":"2022-08-02T17:56:23","modified_gmt":"2022-08-02T14:56:23","slug":"tp-link-tl-wr802n-300-mbps-n-kablosuz-ap-client-router-repeater-bridge-1-wan-lan-portu-nano-router","status":"publish","type":"product","link":"https:\/\/wtdemo.link\/audio1\/product\/tp-link-tl-wr802n-300-mbps-n-kablosuz-ap-client-router-repeater-bridge-1-wan-lan-portu-nano-router\/","title":{"rendered":"TP-LINK TL-WR802N 300 Mbps N Kablosuz AP\/Client\/Router\/Repeater\/Bridge 1 WAN\/LAN Portu Nano Router"},"content":{"rendered":"<p><strong>TP-LINK TL-WR802N 300 Mbps N Kablosuz AP\/Client\/Router\/Repeater\/Bridge 1 WAN\/LAN Portu Nano Router<\/strong><br \/>\n300Mbps kablosuz veri h\u0131z\u0131 video ak\u0131\u015f\u0131, online oyunlar ve internet aramas\u0131 i\u00e7in idealdir<br \/>\nCep tipi ev ve seyahat kullan\u0131m\u0131 i\u00e7in idealdir<br \/>\nY\u00f6nlendirici(varsay\u0131lan), AP, \u0130stemci, Yineleyici ve WISP modlar\u0131 deste\u011fi<br \/>\nMikro USB portu \u00fczerinden harici g\u00fc\u00e7 adapt\u00f6r\u00fc yoluyla veya bilgisayara USB ba\u011flama yoluyla \u00e7al\u0131\u015fmas\u0131 her durum i\u00e7in esneklik sa\u011flar<br \/>\nDakikalar i\u00e7inde kolay kurulum<\/p>\n","protected":false},"excerpt":{"rendered":"<p>TP-LINK TL-WR802N 300 Mbps N Kablosuz AP\/Client\/Router\/Repeater\/Bridge 1 WAN\/LAN Portu Nano Router 300Mbps kablosuz veri h\u0131z\u0131 video ak\u0131\u015f\u0131, online oyunlar ve internet aramas\u0131 i\u00e7in idealdir Cep tipi ev ve seyahat kullan\u0131m\u0131 i\u00e7in idealdir Y\u00f6nlendirici(varsay\u0131lan), AP, \u0130stemci, Yineleyici ve WISP modlar\u0131 deste\u011fi Mikro USB portu \u00fczerinden harici g\u00fc\u00e7 adapt\u00f6r\u00fc yoluyla veya bilgisayara USB ba\u011flama yoluyla \u00e7al\u0131\u015fmas\u0131 [&hellip;]<\/p>\n","protected":false},"featured_media":2845,"comment_status":"open","ping_status":"closed","template":"","meta":[],"product_cat":[53],"product_tag":[],"class_list":{"0":"post-2844","1":"product","2":"type-product","3":"status-publish","4":"has-post-thumbnail","6":"product_cat-kablosuz-network-cihazlari","7":"notblog","9":"first","10":"instock","11":"shipping-taxable","12":"purchasable","13":"product-type-simple"},"_links":{"self":[{"href":"https:\/\/wtdemo.link\/audio1\/wp-json\/wp\/v2\/product\/2844","targetHints":{"allow":["GET"]}}],"collection":[{"href":"https:\/\/wtdemo.link\/audio1\/wp-json\/wp\/v2\/product"}],"about":[{"href":"https:\/\/wtdemo.link\/audio1\/wp-json\/wp\/v2\/types\/product"}],"replies":[{"embeddable":true,"href":"https:\/\/wtdemo.link\/audio1\/wp-json\/wp\/v2\/comments?post=2844"}],"wp:featuredmedia":[{"embeddable":true,"href":"https:\/\/wtdemo.link\/audio1\/wp-json\/wp\/v2\/media\/2845"}],"wp:attachment":[{"href":"https:\/\/wtdemo.link\/audio1\/wp-json\/wp\/v2\/media?parent=2844"}],"wp:term":[{"taxonomy":"product_cat","embeddable":true,"href":"https:\/\/wtdemo.link\/audio1\/wp-json\/wp\/v2\/product_cat?post=2844"},{"taxonomy":"product_tag","embeddable":true,"href":"https:\/\/wtdemo.link\/audio1\/wp-json\/wp\/v2\/product_tag?post=2844"}],"curies":[{"name":"wp","href":"https:\/\/api.w.org\/{rel}","templated":true}]}}