{"id":2848,"date":"2022-08-02T18:01:22","date_gmt":"2022-08-02T15:01:22","guid":{"rendered":"https:\/\/wtdemo.link\/audio1\/?post_type=product&#038;p=2848"},"modified":"2022-08-02T18:01:22","modified_gmt":"2022-08-02T15:01:22","slug":"usbyokanten-gucu2-dbikablosuz-baglanti-hizibelirtilmemisethernet-cikisiyokwireless-ozelligi80211-b-g-ntum-ozellikler-asus-dsl-n16-dualband-vpn-adsl-vdsl-fiber-modem-router","status":"publish","type":"product","link":"https:\/\/wtdemo.link\/audio1\/product\/usbyokanten-gucu2-dbikablosuz-baglanti-hizibelirtilmemisethernet-cikisiyokwireless-ozelligi80211-b-g-ntum-ozellikler-asus-dsl-n16-dualband-vpn-adsl-vdsl-fiber-modem-router\/","title":{"rendered":"USBYokAnten G\u00fcc\u00fc2 dBiKablosuz Ba\u011flant\u0131 H\u0131z\u0131Belirtilmemi\u015fEthernet \u00c7\u0131k\u0131\u015f\u0131YokWireless \u00d6zelli\u011fi802,11 b\/g\/nT\u00fcm \u00d6zellikler Asus DSL-N16 DualBand Vpn ADSL VDSL-Fiber Modem Router"},"content":{"rendered":"<p>ASUS DSL-N16 Ebeveyn Kontrol Destekli-VPN-ADSL-VDSL-FiBER-Modem Router<br \/>\nASUS DSL-N16<br \/>\nEbeveyn Kontrol Destekli &#8211; DLNA-VPN-ADSL-VDSL-Fiber-Modem Router<br \/>\nASUS WRT ile t\u00fcm a\u011f\u0131n\u0131z\u0131n kontrol\u00fc elinizin alt\u0131nda ve \u00e7ok kolay<br \/>\n2&#8217;si 1 arada tasar\u0131m &#8211; \u00c7ift kullan\u0131m i\u00e7in \u00e7ift WAN giri\u015fi &#8211; WiFi router ve DSL modem<br \/>\nM\u00fckemmel uyum &#8211; ADSL2\/2+, ADSL, VDSL2, fiber ve kablo hizmetleriyle uyumlu<br \/>\nKullan\u0131m\u0131 kolay ASUS Router uygulamas\u0131 &#8211; Bilgisayar a\u00e7maya gerek olmadan a\u011f\u0131n\u0131z\u0131 her yerden kontrol edin<br \/>\nEbeveyn Kontrol\u00fc &#8211; Aileniz ve \u00e7ocuklar\u0131n\u0131z\u0131n \u0130nternet aktivitelerini izleyin ve filtreleyin<br \/>\nVPN sunucusu ve istemcisi deste\u011fi &#8211; Ev a\u011f\u0131n\u0131za \u015fifrelenmi\u015f ve \u00f6zel bir ba\u011flant\u0131 ile uzaktan eri\u015fin<br \/>\nDualband deste\u011fi ile maksimum kablosuz performans\u0131 al\u0131n<br \/>\nMisafir A\u011f\u0131 ile a\u011f\u0131n\u0131z\u0131n size \u00f6zel tutunuz<br \/>\n\u00dccretsiz DDNS servisi<br \/>\nY\u00fcksek VDSL Ba\u011flant\u0131 performans\u0131<\/p>\n","protected":false},"excerpt":{"rendered":"<p>ASUS DSL-N16 Ebeveyn Kontrol Destekli-VPN-ADSL-VDSL-FiBER-Modem Router ASUS DSL-N16 Ebeveyn Kontrol Destekli &#8211; DLNA-VPN-ADSL-VDSL-Fiber-Modem Router ASUS WRT ile t\u00fcm a\u011f\u0131n\u0131z\u0131n kontrol\u00fc elinizin alt\u0131nda ve \u00e7ok kolay 2&#8217;si 1 arada tasar\u0131m &#8211; \u00c7ift kullan\u0131m i\u00e7in \u00e7ift WAN giri\u015fi &#8211; WiFi router ve DSL modem M\u00fckemmel uyum &#8211; ADSL2\/2+, ADSL, VDSL2, fiber ve kablo hizmetleriyle uyumlu Kullan\u0131m\u0131 kolay [&hellip;]<\/p>\n","protected":false},"featured_media":2849,"comment_status":"open","ping_status":"closed","template":"","meta":[],"product_cat":[53],"product_tag":[],"class_list":{"0":"post-2848","1":"product","2":"type-product","3":"status-publish","4":"has-post-thumbnail","6":"product_cat-kablosuz-network-cihazlari","7":"notblog","9":"first","10":"instock","11":"shipping-taxable","12":"purchasable","13":"product-type-simple"},"_links":{"self":[{"href":"https:\/\/wtdemo.link\/audio1\/wp-json\/wp\/v2\/product\/2848","targetHints":{"allow":["GET"]}}],"collection":[{"href":"https:\/\/wtdemo.link\/audio1\/wp-json\/wp\/v2\/product"}],"about":[{"href":"https:\/\/wtdemo.link\/audio1\/wp-json\/wp\/v2\/types\/product"}],"replies":[{"embeddable":true,"href":"https:\/\/wtdemo.link\/audio1\/wp-json\/wp\/v2\/comments?post=2848"}],"wp:featuredmedia":[{"embeddable":true,"href":"https:\/\/wtdemo.link\/audio1\/wp-json\/wp\/v2\/media\/2849"}],"wp:attachment":[{"href":"https:\/\/wtdemo.link\/audio1\/wp-json\/wp\/v2\/media?parent=2848"}],"wp:term":[{"taxonomy":"product_cat","embeddable":true,"href":"https:\/\/wtdemo.link\/audio1\/wp-json\/wp\/v2\/product_cat?post=2848"},{"taxonomy":"product_tag","embeddable":true,"href":"https:\/\/wtdemo.link\/audio1\/wp-json\/wp\/v2\/product_tag?post=2848"}],"curies":[{"name":"wp","href":"https:\/\/api.w.org\/{rel}","templated":true}]}}