{"id":2852,"date":"2022-08-02T18:05:14","date_gmt":"2022-08-02T15:05:14","guid":{"rendered":"https:\/\/wtdemo.link\/audio1\/?post_type=product&#038;p=2852"},"modified":"2022-08-02T18:05:40","modified_gmt":"2022-08-02T15:05:40","slug":"aogo-nikon-fotograf-makinasi-kablosu-nikon-uc-e6-uc-e16-uc-e17-8pin","status":"publish","type":"product","link":"https:\/\/wtdemo.link\/audio1\/product\/aogo-nikon-fotograf-makinasi-kablosu-nikon-uc-e6-uc-e16-uc-e17-8pin\/","title":{"rendered":"Aogo Nikon Foto\u011fraf Makinas\u0131 Kablosu Nikon Uc-E6 \/ UC-E16 \/ UC-E17 8pin"},"content":{"rendered":"<p>Nikon UC-E6 USB EMI\/RFI Parazitini Azalt\u0131r: Ta\u015f\u0131nabilir veri aktar\u0131m kablosu, folyo ve \u00f6rg\u00fc koruyucu, EMI\/RFI giri\u015fimini azalt\u0131r, size daha h\u0131zl\u0131 ve daha kararl\u0131 veri aktar\u0131m\u0131 sa\u011flar.   8 pinli Nikon kamera kablosu, 480Mbps&#8217;ye kadar aktar\u0131m h\u0131zlar\u0131, di\u011ferlerinden %10&#8217;a kadar daha h\u0131zl\u0131 aktar\u0131m h\u0131z\u0131.: Bu Nikon USB kablosu, bilgisayar\u0131n\u0131zdaki USB ba\u011flant\u0131 noktas\u0131n\u0131 kullanarak kameran\u0131zdan g\u00f6r\u00fcnt\u00fc indirmek i\u00e7in kullan\u0131l\u0131r.   Mac ve PC uyumlu.<br \/>\nEMI\/RFI Parazitini Azalt\u0131n: Ta\u015f\u0131nabilir veri aktar\u0131m kablosu, folyo ve \u00f6rg\u00fc ekranlama, EMI\/RFI giri\u015fimini azalt\u0131r, size daha h\u0131zl\u0131 ve daha kararl\u0131 veri aktar\u0131m\u0131 sa\u011flar.   8 Pinli Nikon kamera kablosu, 480Mbps&#8217;ye kadar aktar\u0131m h\u0131zlar\u0131, di\u011ferlerine g\u00f6re %10&#8217;a kadar daha h\u0131zl\u0131 aktar\u0131m h\u0131z\u0131.<br \/>\n\u015eunlarla uyumludur: Nikon Digital SLR DSLR D3200, D3300, D5000, D5100, D5200, D5300, D5500, D7100, D7200, D750, Df;   Nikon 1 S2 1S2, 1 V1 1V1;   Coolpix P100, P330, P500, P510, P520, P530, P6000, P7000, P7100, P7800, P90 ve daha fazlas\u0131.<br \/>\n\u015eunlarla uyumludur: Nikon COOLPIX A, A10, A100, A300, AW100, AW110, B500, L100, L110, L120, L23, L27, L28, L29, L30, L31, L32, L320, L330, L340, L620, L810, L820 , L830, L840 ve daha fazlas\u0131.<br \/>\n\u015eunlarla da uyumludur: Nikon COOLPIX S01, S02, S1000pj, S230, S2800, S2900, S3000, S31, S3100, S32, S3300, S3500, S3600, S3700, S4000, S4100, S4150, S4200, S4300, S5200, S6000, S6100, S6200, S6300, S640, S6400, S6500, S6700, S8000, S800c, S8100, S8200, S9200, S9300, S9400, S9500 ve daha fazlas\u0131.   Kablo uzunlu\u011fu 1 metre\/yakla\u015f\u0131k<\/p>\n","protected":false},"excerpt":{"rendered":"<p>Nikon UC-E6 USB EMI\/RFI Parazitini Azalt\u0131r: Ta\u015f\u0131nabilir veri aktar\u0131m kablosu, folyo ve \u00f6rg\u00fc koruyucu, EMI\/RFI giri\u015fimini azalt\u0131r, size daha h\u0131zl\u0131 ve daha kararl\u0131 veri aktar\u0131m\u0131 sa\u011flar. 8 pinli Nikon kamera kablosu, 480Mbps&#8217;ye kadar aktar\u0131m h\u0131zlar\u0131, di\u011ferlerinden %10&#8217;a kadar daha h\u0131zl\u0131 aktar\u0131m h\u0131z\u0131.: Bu Nikon USB kablosu, bilgisayar\u0131n\u0131zdaki USB ba\u011flant\u0131 noktas\u0131n\u0131 kullanarak kameran\u0131zdan g\u00f6r\u00fcnt\u00fc indirmek i\u00e7in [&hellip;]<\/p>\n","protected":false},"featured_media":2853,"comment_status":"open","ping_status":"closed","template":"","meta":[],"product_cat":[29,67],"product_tag":[],"class_list":{"0":"post-2852","1":"product","2":"type-product","3":"status-publish","4":"has-post-thumbnail","6":"product_cat-kablo-cesitleri","7":"product_cat-kamera-aksesuarlari","8":"notblog","10":"first","11":"instock","12":"shipping-taxable","13":"purchasable","14":"product-type-simple"},"_links":{"self":[{"href":"https:\/\/wtdemo.link\/audio1\/wp-json\/wp\/v2\/product\/2852","targetHints":{"allow":["GET"]}}],"collection":[{"href":"https:\/\/wtdemo.link\/audio1\/wp-json\/wp\/v2\/product"}],"about":[{"href":"https:\/\/wtdemo.link\/audio1\/wp-json\/wp\/v2\/types\/product"}],"replies":[{"embeddable":true,"href":"https:\/\/wtdemo.link\/audio1\/wp-json\/wp\/v2\/comments?post=2852"}],"wp:featuredmedia":[{"embeddable":true,"href":"https:\/\/wtdemo.link\/audio1\/wp-json\/wp\/v2\/media\/2853"}],"wp:attachment":[{"href":"https:\/\/wtdemo.link\/audio1\/wp-json\/wp\/v2\/media?parent=2852"}],"wp:term":[{"taxonomy":"product_cat","embeddable":true,"href":"https:\/\/wtdemo.link\/audio1\/wp-json\/wp\/v2\/product_cat?post=2852"},{"taxonomy":"product_tag","embeddable":true,"href":"https:\/\/wtdemo.link\/audio1\/wp-json\/wp\/v2\/product_tag?post=2852"}],"curies":[{"name":"wp","href":"https:\/\/api.w.org\/{rel}","templated":true}]}}