{"id":2854,"date":"2022-08-02T18:07:42","date_gmt":"2022-08-02T15:07:42","guid":{"rendered":"https:\/\/wtdemo.link\/audio1\/?post_type=product&#038;p=2854"},"modified":"2022-08-02T18:07:42","modified_gmt":"2022-08-02T15:07:42","slug":"sony-np-f970-kamera-ve-led-batarya-led-gostergeli-9700-mah","status":"publish","type":"product","link":"https:\/\/wtdemo.link\/audio1\/product\/sony-np-f970-kamera-ve-led-batarya-led-gostergeli-9700-mah\/","title":{"rendered":"Sony NP-F970 Kamera ve Led Batarya Led G\u00f6stergeli (9700 mAh)"},"content":{"rendered":"<p>Sony NP-F970 Kamera ve Led Batarya Led G\u00f6stergeli (9700 mAh)<\/p>\n<p><strong>\u00d6ZELL\u0130KLER<\/strong><\/p>\n<p>2 Y\u0131l Garantili.<\/p>\n<p>Ekstra Uzun \u00d6m\u00fcrl\u00fc Led G\u00f6stergeli<\/p>\n<p>Led G\u00f6sterge Sayesinde Batarya Seviyesini g\u00f6rebilme imkan\u0131<\/p>\n<p>Muadil \u00dcr\u00fcn. Y\u00fcksek Kalite.<\/p>\n<p>A\u015f\u0131r\u0131 \u015earj Korumas\u0131<\/p>\n<p>CE sertifikal\u0131 ve UL listesi<\/p>\n<p><strong>UYUMLU MODELLER<\/strong><\/p>\n<p>Sony NP-F Serisi Batarya Kullanan Kameralar ve Led I\u015f\u0131klar<\/p>\n<p>PAKET \u0130\u00c7ER\u0130\u011e\u0130<\/p>\n<p>1 Adet Sony NP-F970 Batarya<\/p>\n<p>1 Adet Kullan\u0131m Klavuzu<\/p>\n<p>1 Adet Garanti Belgesi<\/p>\n","protected":false},"excerpt":{"rendered":"<p>Sony NP-F970 Kamera ve Led Batarya Led G\u00f6stergeli (9700 mAh) \u00d6ZELL\u0130KLER 2 Y\u0131l Garantili. Ekstra Uzun \u00d6m\u00fcrl\u00fc Led G\u00f6stergeli Led G\u00f6sterge Sayesinde Batarya Seviyesini g\u00f6rebilme imkan\u0131 Muadil \u00dcr\u00fcn. Y\u00fcksek Kalite. A\u015f\u0131r\u0131 \u015earj Korumas\u0131 CE sertifikal\u0131 ve UL listesi UYUMLU MODELLER Sony NP-F Serisi Batarya Kullanan Kameralar ve Led I\u015f\u0131klar PAKET \u0130\u00c7ER\u0130\u011e\u0130 1 Adet Sony NP-F970 [&hellip;]<\/p>\n","protected":false},"featured_media":2855,"comment_status":"open","ping_status":"closed","template":"","meta":[],"product_cat":[67],"product_tag":[],"class_list":{"0":"post-2854","1":"product","2":"type-product","3":"status-publish","4":"has-post-thumbnail","6":"product_cat-kamera-aksesuarlari","7":"notblog","9":"first","10":"instock","11":"shipping-taxable","12":"purchasable","13":"product-type-simple"},"_links":{"self":[{"href":"https:\/\/wtdemo.link\/audio1\/wp-json\/wp\/v2\/product\/2854","targetHints":{"allow":["GET"]}}],"collection":[{"href":"https:\/\/wtdemo.link\/audio1\/wp-json\/wp\/v2\/product"}],"about":[{"href":"https:\/\/wtdemo.link\/audio1\/wp-json\/wp\/v2\/types\/product"}],"replies":[{"embeddable":true,"href":"https:\/\/wtdemo.link\/audio1\/wp-json\/wp\/v2\/comments?post=2854"}],"wp:featuredmedia":[{"embeddable":true,"href":"https:\/\/wtdemo.link\/audio1\/wp-json\/wp\/v2\/media\/2855"}],"wp:attachment":[{"href":"https:\/\/wtdemo.link\/audio1\/wp-json\/wp\/v2\/media?parent=2854"}],"wp:term":[{"taxonomy":"product_cat","embeddable":true,"href":"https:\/\/wtdemo.link\/audio1\/wp-json\/wp\/v2\/product_cat?post=2854"},{"taxonomy":"product_tag","embeddable":true,"href":"https:\/\/wtdemo.link\/audio1\/wp-json\/wp\/v2\/product_tag?post=2854"}],"curies":[{"name":"wp","href":"https:\/\/api.w.org\/{rel}","templated":true}]}}