{"id":2858,"date":"2022-08-02T18:11:55","date_gmt":"2022-08-02T15:11:55","guid":{"rendered":"https:\/\/wtdemo.link\/audio1\/?post_type=product&#038;p=2858"},"modified":"2022-08-02T18:11:56","modified_gmt":"2022-08-02T15:11:56","slug":"bintech-60-in-1-parca-aksiyon-kamera-aksesuar-seti","status":"publish","type":"product","link":"https:\/\/wtdemo.link\/audio1\/product\/bintech-60-in-1-parca-aksiyon-kamera-aksesuar-seti\/","title":{"rendered":"Bintech 60 In 1 Par\u00e7a Aksiyon Kamera Aksesuar Seti"},"content":{"rendered":"<p>Outfire Aksiyon Kamera Seti 41 Par\u00e7a \u00c7antal\u0131 Full Aksesuar<br \/>\n\u00dcr\u00fcn \u0130\u00e7eri\u011fi:<br \/>\n* Kafa band\u0131<br \/>\n* G\u00f6\u011f\u00fcs band\u0131<br \/>\n* \u015eamand\u0131ra ( 3 par\u00e7a )<br \/>\n* Monopod ( 2 par\u00e7a )<br \/>\n* \u00c7anta<br \/>\n* J-hook ba\u011flant\u0131 aparat\u0131<br \/>\n* 360 derece d\u00f6nebilen bileklik ( 2 par\u00e7a )<br \/>\n* Kask band\u0131<br \/>\n* Ara\u00e7 i\u00e7in aparat vantuz<br \/>\n* Kask uzatma ve ba\u011flant\u0131 aparatlar\u0131 ( 5 par\u00e7a )<br \/>\n* 360 derece d\u00f6nebilen klips kelep\u00e7e<br \/>\n* Vida s\u0131kma aparat\u0131<br \/>\n* 2 Adet D\u00fcz 2 Adet Oval Zemin 4 adet 3M Yap\u0131\u015ft\u0131rma Aparat\u0131 ( 8 par\u00e7a )<br \/>\n* H\u0131zl\u0131 tak \u00e7\u0131kar aparat\u0131<br \/>\n* Bu\u011fu \u00f6nleyici (2 par\u00e7a)<br \/>\n* Bisiklet i\u00e7in ba\u011flant\u0131 aparatlar\u0131 (5 par\u00e7a)<br \/>\n* Bileklik band\u0131<br \/>\n* Taban destek aparat\u0131 (2 par\u00e7a)<br \/>\n* Housing koruyucu<br \/>\n* Tripod 6.5 * 3.5 * 3.5cm<\/p>\n<p>Outfire aksiyon kamera Seti 41 par\u00e7a \u00e7antal\u0131 full aksesuar seti ile heyecan verici video \u00e7ekimleri yapabilirsiniz.<\/p>\n<p>Setin i\u00e7erisinde yer alan \u00fcr\u00fcnler, farkl\u0131 alanlara \u00f6zel opsiyonlar sunar.<\/p>\n<p>Bu sayede, \u00e7ekim yapmak istedi\u011finiz alan\u0131n \u00f6zelliklerine g\u00f6re kameran\u0131z\u0131 ayarlayabilirsiniz.<\/p>\n<p>Kameran\u0131z\u0131 \u00e7ekim s\u0131ras\u0131nda koruyabilmeniz i\u00e7in ideal olan bu aksesuarlar, ergonomik \u00f6zellikleriyle size konfor da sa\u011flar.<\/p>\n<p>Kafa band\u0131 aparat\u0131n\u0131 kullanarak, kameran\u0131z\u0131 \u00e7ekim esnas\u0131nda ba\u015f\u0131n\u0131za sabitleyebilirsiniz.<\/p>\n<p>Kaykay, bisiklet, motosiklet gibi ta\u015f\u0131tlar\u0131 s\u00fcrerken ya\u015fad\u0131\u011f\u0131n\u0131z heyecan\u0131 izleyicilerinize aktarabilmek i\u00e7in bu \u00e7ekim a\u00e7\u0131s\u0131n\u0131 tercih edebilirsiniz.<\/p>\n<p>Kafa band\u0131 aparat\u0131n\u0131 kullanman\u0131z, izleyicilerin sizinle ayn\u0131 a\u00e7\u0131dan aksiyonu deneyimleyebilmesine olanak tan\u0131r.<\/p>\n<p>Terleme sorununa yol a\u00e7mayan kafa band\u0131, yap\u0131\u015fkanl\u0131 tasar\u0131m\u0131yla size pratik bir kullan\u0131m olana\u011f\u0131 sunar.<\/p>\n<p>Kafa band\u0131n\u0131n farkl\u0131 \u00f6l\u00e7\u00fclerde ayarlanabilmesi, \u00fcr\u00fcnden ba\u015f\u0131n\u0131za uygun \u015fekilde yararlanabilmenizi sa\u011flar.<\/p>\n<p>G\u00f6\u011f\u00fcs Band\u0131 ile \u00c7ekimlerinizdeki Sars\u0131nt\u0131lar\u0131 Azalt\u0131nOutfire markas\u0131n\u0131n \u00fcretti\u011fi 41 par\u00e7al\u0131k \u00e7ekim seti, g\u00f6\u011f\u00fcs band\u0131na yer veren i\u00e7eri\u011fiyle sabit \u00e7ekim yapabilmenize yard\u0131mc\u0131 olur.<\/p>\n<p>G\u00f6\u011fs\u00fcn\u00fczde sabitleyerek kullanabilece\u011finiz g\u00f6\u011f\u00fcs band\u0131, siz hareket ederken bu hareketlerinize uyum g\u00f6sterir.<\/p>\n<p>360 derecelik bir a\u00e7\u0131yla d\u00f6nebilen bilekli\u011fe de i\u00e7eri\u011finde yer veren set, kolunuzu \u00f6zg\u00fcrce kullanabilmeniz i\u00e7in uygundur.<\/p>\n<p>Kask band\u0131 yard\u0131m\u0131yla kameran\u0131z\u0131 kask\u0131n\u0131za monte ederek g\u00fcvenli bir \u015fekilde kullanabilirsiniz.<\/p>\n<p>Ara\u00e7 i\u00e7i \u00e7ekimler i\u00e7in ideal olan vantuz deste\u011fi, kameran\u0131z\u0131 otomobilinizde sabitleyebilmenize yard\u0131m eder.<\/p>\n<p>\u00c7antas\u0131 Sayesinde 41 Par\u00e7al\u0131k Seti G\u00fcvenli Bir \u015eekilde Ta\u015f\u0131y\u0131n Fermuarl\u0131 \u00e7antaya sahip olan 41 par\u00e7al\u0131k aksesuar seti, \u00e7ekim yapmaya giderken t\u00fcm \u00fcr\u00fcnlerinizi bir arada bulundurabilmenize olanak tan\u0131r. Pratik tasar\u0131m\u0131yla be\u011feni toplayan \u00e7anta, ergonomik tutma kolu sayesinde kolayca ta\u015f\u0131yabilece\u011finiz \u015fekilde \u00fcretilmi\u015ftir.<\/p>\n<p>\u00c7antan\u0131n i\u00e7erisinde bulunan b\u00f6lmeler, farkl\u0131 boyutlardaki \u00e7ekim ekipmanlar\u0131n\u0131z\u0131 d\u00fczenli bir \u015fekilde \u00fcr\u00fcn\u00fcn i\u00e7erisine yerle\u015ftirebilmenize izin verir.<\/p>\n<p>\u00c7e\u015fitli ba\u011flant\u0131 aparatlar\u0131n\u0131 da i\u00e7eren 41 par\u00e7al\u0131k set, ortam \u015fartlar\u0131na ba\u011fl\u0131 olarak opsiyonel \u00e7ekim tekniklerini deneyebilmenize yard\u0131m eder.<\/p>\n<p>360 derecelik a\u00e7\u0131yla kullanabilece\u011finiz klips kelep\u00e7e aparat\u0131n\u0131 da i\u00e7eren set, g\u00fcvenli bir \u015fekilde aksiyon kameran\u0131zdan yararlanabilmenize yard\u0131mc\u0131 olur.<\/p>\n<p>Vida s\u0131kma aparat\u0131 yard\u0131m\u0131yla \u00e7e\u015fitli aparatlar\u0131n\u0131z\u0131 sabitleyerek kullanabilirsiniz.<\/p>\n<p>Bu\u011fu \u00d6nleyici ile A\u00e7\u0131k Hava \u015eartlar\u0131na Uyum G\u00f6sterin Kameran\u0131z\u0131n a\u00e7\u0131k hava ko\u015fullar\u0131na ba\u011fl\u0131 olarak bu\u011fulanmamas\u0131 i\u00e7in, Outfire markas\u0131n\u0131n 41 par\u00e7al\u0131k seti i\u00e7erisindeki bu\u011fu \u00f6nleyicileri kullanabilirsiniz.<\/p>\n<p>H\u0131zl\u0131 bir \u015fekilde kameran\u0131z\u0131 tak\u0131p \u00e7\u0131karabilece\u011finiz g\u00fcvenli aparatlar, objektifinizin sars\u0131lmas\u0131n\u0131 \u00f6nleyerek size katk\u0131 sa\u011flar.<\/p>\n<p>Sabit ve kaliteli \u00e7ekimler yapabilmek i\u00e7in, Outfire taraf\u0131ndan \u00fcretilen i\u015flevsel ara\u00e7lardan yararlanabilirsiniz.<\/p>\n<p>Bisiklet \u00fczerinde video kayd\u0131 yapabilmenize de olanak tan\u0131yan aparatlar, kameran\u0131z\u0131 gidonunuza sabitleyebilmenizi sa\u011flar.<\/p>\n<p>Bu sayede, kameran\u0131n d\u00fc\u015fmesini \u00f6nleyerek g\u00fcvenli ve rahat bir \u015fekilde s\u00fcr\u00fc\u015f ger\u00e7ekle\u015ftirebilirsiniz.<\/p>\n<p>Bileklik band\u0131na i\u00e7eri\u011finde yer veren set, bile\u011finizi daha rahat bir bi\u00e7imde kullanarak video kameran\u0131z\u0131 y\u00f6netebilmenize yard\u0131m eder.<\/p>\n<p>Bileklik band\u0131, cildinizi tahri\u015f etmeyen dokusuyla da be\u011feninizi kazan\u0131r.<\/p>\n<p>Tripod Deste\u011fi Sa\u011flayan Kullan\u0131\u015fl\u0131 \u00c7ekim Seti Aksiyon kameran\u0131z\u0131 sabitleyebilmek i\u00e7in Outfire kamera seti i\u00e7erisindeki tripodu kullanabilirsiniz.<\/p>\n<p>Uzunlu\u011funu ayarlayabilece\u011finiz tripod, \u00e7ekim esnas\u0131nda kameran\u0131z\u0131n sars\u0131lmas\u0131n\u0131 \u00f6nler.<\/p>\n<p>Dengeli bir \u015fekilde sabit durabilen bu \u00fcr\u00fcn, kameran\u0131z\u0131n devrilmesini ya da e\u011filmesini \u00f6nler.<\/p>\n<p>Outfire aksiyon kameras\u0131 seti i\u00e7erisindeki t\u00fcm \u00fcr\u00fcnler hem hafif hem de sa\u011flam yap\u0131lar\u0131yla kullan\u0131c\u0131lar\u0131n\u0131 memnun eder.<\/p>\n<p>41 par\u00e7al\u0131k geni\u015f bir i\u00e7eri\u011fe sahip olan bu set, ergonomik \u00f6zellikler ta\u015f\u0131yan \u00fcr\u00fcnlere yer verir.<\/p>\n<p>Ayarlanabilir ask\u0131 aparat\u0131ndan yararlanarak, v\u00fccut \u00f6l\u00e7\u00fclerinize g\u00f6re kameran\u0131z\u0131n bulunmas\u0131 gereken konumu belirleyebilirsiniz.<\/p>\n<p>Suya dayan\u0131kl\u0131 par\u00e7alar\u0131 da i\u00e7eren set, ya\u011f\u0131\u015f alt\u0131nda da aksiyon dolu \u00e7ekimlerinizi yapabilmenize izin verir.<\/p>\n<p>K\u00fc\u00e7\u00fck boyutlarda \u00fcretilen aparatlar, aksiyon an\u0131nda hareket yetinizin k\u0131s\u0131tlanmas\u0131n\u0131 engeller.<\/p>\n<p>Bu sayede aparatlar size ekstra g\u00fcvenlik sa\u011flamay\u0131 ba\u015far\u0131r.<\/p>\n","protected":false},"excerpt":{"rendered":"<p>Outfire Aksiyon Kamera Seti 41 Par\u00e7a \u00c7antal\u0131 Full Aksesuar \u00dcr\u00fcn \u0130\u00e7eri\u011fi: * Kafa band\u0131 * G\u00f6\u011f\u00fcs band\u0131 * \u015eamand\u0131ra ( 3 par\u00e7a ) * Monopod ( 2 par\u00e7a ) * \u00c7anta * J-hook ba\u011flant\u0131 aparat\u0131 * 360 derece d\u00f6nebilen bileklik ( 2 par\u00e7a ) * Kask band\u0131 * Ara\u00e7 i\u00e7in aparat vantuz * Kask uzatma [&hellip;]<\/p>\n","protected":false},"featured_media":2860,"comment_status":"open","ping_status":"closed","template":"","meta":[],"product_cat":[67],"product_tag":[],"class_list":{"0":"post-2858","1":"product","2":"type-product","3":"status-publish","4":"has-post-thumbnail","6":"product_cat-kamera-aksesuarlari","7":"notblog","9":"first","10":"instock","11":"shipping-taxable","12":"purchasable","13":"product-type-simple"},"_links":{"self":[{"href":"https:\/\/wtdemo.link\/audio1\/wp-json\/wp\/v2\/product\/2858","targetHints":{"allow":["GET"]}}],"collection":[{"href":"https:\/\/wtdemo.link\/audio1\/wp-json\/wp\/v2\/product"}],"about":[{"href":"https:\/\/wtdemo.link\/audio1\/wp-json\/wp\/v2\/types\/product"}],"replies":[{"embeddable":true,"href":"https:\/\/wtdemo.link\/audio1\/wp-json\/wp\/v2\/comments?post=2858"}],"wp:featuredmedia":[{"embeddable":true,"href":"https:\/\/wtdemo.link\/audio1\/wp-json\/wp\/v2\/media\/2860"}],"wp:attachment":[{"href":"https:\/\/wtdemo.link\/audio1\/wp-json\/wp\/v2\/media?parent=2858"}],"wp:term":[{"taxonomy":"product_cat","embeddable":true,"href":"https:\/\/wtdemo.link\/audio1\/wp-json\/wp\/v2\/product_cat?post=2858"},{"taxonomy":"product_tag","embeddable":true,"href":"https:\/\/wtdemo.link\/audio1\/wp-json\/wp\/v2\/product_tag?post=2858"}],"curies":[{"name":"wp","href":"https:\/\/api.w.org\/{rel}","templated":true}]}}