{"id":2864,"date":"2022-08-02T18:24:06","date_gmt":"2022-08-02T15:24:06","guid":{"rendered":"https:\/\/wtdemo.link\/audio1\/?post_type=product&#038;p=2864"},"modified":"2022-08-02T18:24:06","modified_gmt":"2022-08-02T15:24:06","slug":"hikvision-haikon-6-kamerali-guvenlik-kamera-hazir-set-1tb-7-24-hdd-1tb-kayit-kapasiteli-sistem","status":"publish","type":"product","link":"https:\/\/wtdemo.link\/audio1\/product\/hikvision-haikon-6-kamerali-guvenlik-kamera-hazir-set-1tb-7-24-hdd-1tb-kayit-kapasiteli-sistem\/","title":{"rendered":"Hikvision Ha\u0131kon 6 Kameral\u0131 G\u00fcvenlik Kamera Haz\u0131r Set 1tb 7\/24 Hdd-1tb Kay\u0131t Kapasiteli Sistem"},"content":{"rendered":"<p><strong>HAIKON-H\u0130KV\u0130S\u0130ON 2MP-1080P AHD<\/strong><\/p>\n<p>6 Kameral\u0131 Haz\u0131r G\u00fcvenlik Kamera Seti<\/p>\n<p><strong>Paket i\u00e7eri\u011fi;<\/strong><\/p>\n<p>6 Adet HiKV\u0130S\u0130ON 2Mp Ahd Kamera Ir Ledli Gece G\u00f6r\u00fc\u015fl\u00fc 1080p D\u0131\u015f Ortam;<\/p>\n<p>1 Adet HiKV\u0130S\u0130ON 8 Kanal (8 Kameral\u0131) Ahd Dvr Kay\u0131t Cihaz\u0131<\/p>\n<p>2P2 Sabit \u0130p \u0130stemez,Uzakten \u0130zleme<\/p>\n<p>8 Kanal 1080P Lite, HD-TVI, AHD(720P), CVI, Analog Hibrit Deste\u011fi, 1920&#215;1080\/60Hz Video \u00c7\u0131k\u0131\u015f\u0131, H.264+\/H.264 Video S\u0131k\u0131\u015ft\u0131rma, 1 adet 6 TB&#8217;ye Kadar Disk Deste\u011fi, -10\u00b0C \/ +55\u00b0C \u00c7al\u0131\u015fma S\u0131cakl\u0131\u011f\u0131, 12 V DC, Ses 1\/1, 1xRJ45 10\/100;<\/p>\n<p>1 Adet 1TB G\u00fcvenlik 7\/24 Harddisk;<\/p>\n<p>1 Adet Metal Kasa Kamera Adapt\u00f6r\u00fc;<\/p>\n<p>2+1 CCTV Kamera Kablosu 200 Mt;<\/p>\n<p>12 Adet Bnc Konnekt\u00f6r ve 6 Adet Power jack;<\/p>\n<p>\u0130stanbul i\u00e7i \u00fccretli Kurulum Deste\u011fi Verilir;<\/p>\n<p>2 YIL \u0130THALAT\u00c7I GARANT\u0130L\u0130<\/p>\n<p>1,5Mt. HDMI KABLO HED\u0130YE<\/p>\n","protected":false},"excerpt":{"rendered":"<p>HAIKON-H\u0130KV\u0130S\u0130ON 2MP-1080P AHD 6 Kameral\u0131 Haz\u0131r G\u00fcvenlik Kamera Seti Paket i\u00e7eri\u011fi; 6 Adet HiKV\u0130S\u0130ON 2Mp Ahd Kamera Ir Ledli Gece G\u00f6r\u00fc\u015fl\u00fc 1080p D\u0131\u015f Ortam; 1 Adet HiKV\u0130S\u0130ON 8 Kanal (8 Kameral\u0131) Ahd Dvr Kay\u0131t Cihaz\u0131 2P2 Sabit \u0130p \u0130stemez,Uzakten \u0130zleme 8 Kanal 1080P Lite, HD-TVI, AHD(720P), CVI, Analog Hibrit Deste\u011fi, 1920&#215;1080\/60Hz Video \u00c7\u0131k\u0131\u015f\u0131, H.264+\/H.264 Video [&hellip;]<\/p>\n","protected":false},"featured_media":2865,"comment_status":"open","ping_status":"closed","template":"","meta":[],"product_cat":[40],"product_tag":[],"class_list":{"0":"post-2864","1":"product","2":"type-product","3":"status-publish","4":"has-post-thumbnail","6":"product_cat-guvenlik-kamera-setleri","7":"notblog","9":"first","10":"instock","11":"shipping-taxable","12":"purchasable","13":"product-type-simple"},"_links":{"self":[{"href":"https:\/\/wtdemo.link\/audio1\/wp-json\/wp\/v2\/product\/2864","targetHints":{"allow":["GET"]}}],"collection":[{"href":"https:\/\/wtdemo.link\/audio1\/wp-json\/wp\/v2\/product"}],"about":[{"href":"https:\/\/wtdemo.link\/audio1\/wp-json\/wp\/v2\/types\/product"}],"replies":[{"embeddable":true,"href":"https:\/\/wtdemo.link\/audio1\/wp-json\/wp\/v2\/comments?post=2864"}],"wp:featuredmedia":[{"embeddable":true,"href":"https:\/\/wtdemo.link\/audio1\/wp-json\/wp\/v2\/media\/2865"}],"wp:attachment":[{"href":"https:\/\/wtdemo.link\/audio1\/wp-json\/wp\/v2\/media?parent=2864"}],"wp:term":[{"taxonomy":"product_cat","embeddable":true,"href":"https:\/\/wtdemo.link\/audio1\/wp-json\/wp\/v2\/product_cat?post=2864"},{"taxonomy":"product_tag","embeddable":true,"href":"https:\/\/wtdemo.link\/audio1\/wp-json\/wp\/v2\/product_tag?post=2864"}],"curies":[{"name":"wp","href":"https:\/\/api.w.org\/{rel}","templated":true}]}}