{"id":2866,"date":"2022-08-02T18:25:39","date_gmt":"2022-08-02T15:25:39","guid":{"rendered":"https:\/\/wtdemo.link\/audio1\/?post_type=product&#038;p=2866"},"modified":"2022-08-02T18:25:39","modified_gmt":"2022-08-02T15:25:39","slug":"qromax-8-kamerali-yuz-tanimali-hareket-algilayan-5-mp-36-ir-led-metal-kasa-guvenlik-kamerasi-seti","status":"publish","type":"product","link":"https:\/\/wtdemo.link\/audio1\/product\/qromax-8-kamerali-yuz-tanimali-hareket-algilayan-5-mp-36-ir-led-metal-kasa-guvenlik-kamerasi-seti\/","title":{"rendered":"qromax 8 Kameral\u0131 Y\u00fcz Tan\u0131mal\u0131 Hareket Alg\u0131layan 5 Mp 36 Ir LED Metal Kasa G\u00fcvenlik Kameras\u0131 Seti"},"content":{"rendered":"<p><strong>8 KAMERALI 5 MEGAPIXEL 3,6 mm SONY LENS 1080P FULLHD 36 SMART IR Led GECE G\u00d6R\u00dc\u015eL\u00dc G\u00dcVENL\u0130K KAMERA SET\u0130 \u0130\u00c7ER\u0130\u011e\u0130<\/strong><br \/>\n8 Adet 1080P FULLHD 18 36 SMART IR Led GECE G\u00d6R\u00dc\u015eL\u00dc 3,6 mm 5 MP Sony LENS, G\u00fcvenlik Kameras\u0131<br \/>\n1 Adet 8 KANAL 1080N AHD KAYIT C\u0130HAZI<br \/>\n1 Adet 320 GB 7200 RPM SATA Harddisk<br \/>\n1 Adet 12 Volt 15 Amper G\u00fcvenlik Kameras\u0131 \u0130\u00e7in Kaliteli Elektrik Adapt\u00f6r\u00fc<br \/>\n1 Adet 100 Metre Rulo Halinde Kaliteli G\u00fcvenlik Kamera Kablosu<br \/>\n16 Adet BNC Konnekt\u00f6r<br \/>\n8 Adet Powerjack<\/p>\n<p>\u0130nsan Y\u00fcz\u00fc alg\u0131lad\u0131\u011f\u0131nda, Sesli Alarm Verme, Mail ile Haber verme, Cep Telefonuna Bildirim G\u00f6nderme \u00f6zelli\u011fine sahiptir.<br \/>\nHareket alg\u0131lad\u0131\u011f\u0131nda Sesli Alarm Verme, Mail ile Haber verme, Cep Telefonuna Bildirim G\u00f6nderme \u00f6zelli\u011fine sahiptir.<br \/>\n\u0130nsan Bedeni alg\u0131lad\u0131\u011f\u0131nda Sesli Alarm Verme, Mail ile Haber verme, Cep Telefonuna Bildirim G\u00f6nderme \u00f6zelli\u011fine sahiptir.<br \/>\nUSB den tak\u0131lacak W\u0130F\u0130 adapt\u00f6r\u00fc ile Modeme yani \u0130nternete kablosuz ba\u011flanabilmektedir.<\/p>\n<p>XMEYE cep telefonu program\u0131 uyumludur.<br \/>\n\u00dcr\u00fcnlerimiz 2 Y\u0131l Distrib\u00fct\u00f6r Firma Garantilidir.<br \/>\n\u00dcr\u00fcnlerimiz TSE, CE, ISO 9001, FC, RoHS sertifikalar\u0131na sahiptir.<\/p>\n","protected":false},"excerpt":{"rendered":"<p>8 KAMERALI 5 MEGAPIXEL 3,6 mm SONY LENS 1080P FULLHD 36 SMART IR Led GECE G\u00d6R\u00dc\u015eL\u00dc G\u00dcVENL\u0130K KAMERA SET\u0130 \u0130\u00c7ER\u0130\u011e\u0130 8 Adet 1080P FULLHD 18 36 SMART IR Led GECE G\u00d6R\u00dc\u015eL\u00dc 3,6 mm 5 MP Sony LENS, G\u00fcvenlik Kameras\u0131 1 Adet 8 KANAL 1080N AHD KAYIT C\u0130HAZI 1 Adet 320 GB 7200 RPM SATA Harddisk [&hellip;]<\/p>\n","protected":false},"featured_media":2867,"comment_status":"open","ping_status":"closed","template":"","meta":[],"product_cat":[40],"product_tag":[],"class_list":{"0":"post-2866","1":"product","2":"type-product","3":"status-publish","4":"has-post-thumbnail","6":"product_cat-guvenlik-kamera-setleri","7":"notblog","9":"first","10":"instock","11":"shipping-taxable","12":"purchasable","13":"product-type-simple"},"_links":{"self":[{"href":"https:\/\/wtdemo.link\/audio1\/wp-json\/wp\/v2\/product\/2866","targetHints":{"allow":["GET"]}}],"collection":[{"href":"https:\/\/wtdemo.link\/audio1\/wp-json\/wp\/v2\/product"}],"about":[{"href":"https:\/\/wtdemo.link\/audio1\/wp-json\/wp\/v2\/types\/product"}],"replies":[{"embeddable":true,"href":"https:\/\/wtdemo.link\/audio1\/wp-json\/wp\/v2\/comments?post=2866"}],"wp:featuredmedia":[{"embeddable":true,"href":"https:\/\/wtdemo.link\/audio1\/wp-json\/wp\/v2\/media\/2867"}],"wp:attachment":[{"href":"https:\/\/wtdemo.link\/audio1\/wp-json\/wp\/v2\/media?parent=2866"}],"wp:term":[{"taxonomy":"product_cat","embeddable":true,"href":"https:\/\/wtdemo.link\/audio1\/wp-json\/wp\/v2\/product_cat?post=2866"},{"taxonomy":"product_tag","embeddable":true,"href":"https:\/\/wtdemo.link\/audio1\/wp-json\/wp\/v2\/product_tag?post=2866"}],"curies":[{"name":"wp","href":"https:\/\/api.w.org\/{rel}","templated":true}]}}