{"id":2868,"date":"2022-08-02T18:27:03","date_gmt":"2022-08-02T15:27:03","guid":{"rendered":"https:\/\/wtdemo.link\/audio1\/?post_type=product&#038;p=2868"},"modified":"2022-08-02T18:27:03","modified_gmt":"2022-08-02T15:27:03","slug":"proahd-5-mp-lens-1080p-hd-guvenlik-kamerasi-seti-4lu","status":"publish","type":"product","link":"https:\/\/wtdemo.link\/audio1\/product\/proahd-5-mp-lens-1080p-hd-guvenlik-kamerasi-seti-4lu\/","title":{"rendered":"Proahd 5 MP Lens 1080P HD G\u00fcvenlik Kameras\u0131 Seti 4&#8217;l\u00fc"},"content":{"rendered":"<p>Proahd 5 MP Lens 1080P HD G\u00fcvenlik Kameras\u0131 Seti 4&#8217;l\u00fc<br \/>\n<strong>SET\u0130M\u0130Z\u0130N \u0130\u00c7ER\u0130\u011e\u0130<\/strong> : 4 Adet 5 mp lens 1080p Hd Gece G\u00f6r\u00fc\u015fl\u00fc 36 KingLed G\u00fcvenlik Kameras\u0131, 1 Adet 4 Kanal 1080N Ahd Kay\u0131t Cihaz\u0131 (Sabit ip gerektirmez, Hdmi ve Vga \u00c7\u0131k\u0131\u015fl\u0131, Cepten Programla Kolayca \u0130zleme), 1 Adet 250 GB 7200 RPM SATA Harddisk (Hdd), 1 Adet 12 Volt 5 Amper G\u00fcvenlik Kameras\u0131 \u0130\u00e7in Kaliteli Elektrik Adapt\u00f6r\u00fc Metal, 50 Metre 2+1 Kaliteli Kamera Kablosu, 8 Adet BNC Konnektor, 4 Adet Powerjack<\/p>\n","protected":false},"excerpt":{"rendered":"<p>Proahd 5 MP Lens 1080P HD G\u00fcvenlik Kameras\u0131 Seti 4&#8217;l\u00fc SET\u0130M\u0130Z\u0130N \u0130\u00c7ER\u0130\u011e\u0130 : 4 Adet 5 mp lens 1080p Hd Gece G\u00f6r\u00fc\u015fl\u00fc 36 KingLed G\u00fcvenlik Kameras\u0131, 1 Adet 4 Kanal 1080N Ahd Kay\u0131t Cihaz\u0131 (Sabit ip gerektirmez, Hdmi ve Vga \u00c7\u0131k\u0131\u015fl\u0131, Cepten Programla Kolayca \u0130zleme), 1 Adet 250 GB 7200 RPM SATA Harddisk (Hdd), 1 [&hellip;]<\/p>\n","protected":false},"featured_media":2869,"comment_status":"open","ping_status":"closed","template":"","meta":[],"product_cat":[40],"product_tag":[],"class_list":{"0":"post-2868","1":"product","2":"type-product","3":"status-publish","4":"has-post-thumbnail","6":"product_cat-guvenlik-kamera-setleri","7":"notblog","9":"first","10":"instock","11":"shipping-taxable","12":"purchasable","13":"product-type-simple"},"_links":{"self":[{"href":"https:\/\/wtdemo.link\/audio1\/wp-json\/wp\/v2\/product\/2868","targetHints":{"allow":["GET"]}}],"collection":[{"href":"https:\/\/wtdemo.link\/audio1\/wp-json\/wp\/v2\/product"}],"about":[{"href":"https:\/\/wtdemo.link\/audio1\/wp-json\/wp\/v2\/types\/product"}],"replies":[{"embeddable":true,"href":"https:\/\/wtdemo.link\/audio1\/wp-json\/wp\/v2\/comments?post=2868"}],"wp:featuredmedia":[{"embeddable":true,"href":"https:\/\/wtdemo.link\/audio1\/wp-json\/wp\/v2\/media\/2869"}],"wp:attachment":[{"href":"https:\/\/wtdemo.link\/audio1\/wp-json\/wp\/v2\/media?parent=2868"}],"wp:term":[{"taxonomy":"product_cat","embeddable":true,"href":"https:\/\/wtdemo.link\/audio1\/wp-json\/wp\/v2\/product_cat?post=2868"},{"taxonomy":"product_tag","embeddable":true,"href":"https:\/\/wtdemo.link\/audio1\/wp-json\/wp\/v2\/product_tag?post=2868"}],"curies":[{"name":"wp","href":"https:\/\/api.w.org\/{rel}","templated":true}]}}