{"id":2871,"date":"2022-08-02T22:38:49","date_gmt":"2022-08-02T19:38:49","guid":{"rendered":"https:\/\/wtdemo.link\/audio1\/?post_type=product&#038;p=2871"},"modified":"2022-08-14T20:25:06","modified_gmt":"2022-08-14T17:25:06","slug":"ugreen-harici-usb-ses-karti-15-cm","status":"publish","type":"product","link":"https:\/\/wtdemo.link\/audio1\/product\/ugreen-harici-usb-ses-karti-15-cm\/","title":{"rendered":"Ugreen Harici USB Ses Kart\u0131 15 cm"},"content":{"rendered":"<p><strong>Ugreen Harici USB Ses Kart\u0131 15 cm<\/strong><br \/>\nUgreen Harici USB Ses Kart\u0131, bilgisayar\u0131n\u0131zda ya\u015fad\u0131\u011f\u0131n\u0131z ses sorunlar\u0131n\u0131 giderebilen basit ve etkili bir ses kart\u0131d\u0131r. Standart ses kartlar\u0131ndan farkl\u0131 olarak mikrofon, kulakl\u0131kl\u0131 mikrofon ve kulakl\u0131k giri\u015flerine sahiptir. Bu sayede ak\u0131ll\u0131 telefonlar\u0131n\u0131zda kulland\u0131\u011f\u0131n\u0131z kulakl\u0131klar\u0131n\u0131z\u0131n hem mikrofon hem de kulakl\u0131k \u00f6zelli\u011fini kullanabilirsiniz. Ayr\u0131ca OTG deste\u011fi sayesinde sadece bilgisayarlarda de\u011fil ak\u0131ll\u0131 telefonlar\u0131n\u0131zda da \u00e7al\u0131\u015fmaktad\u0131r. Kumanda paneline sahip olan Ugreen harici ses kart\u0131 mikrofon susturma, kulakl\u0131k susturma ve ses a\u00e7ma k\u0131sma fonksiyonlar\u0131n\u0131 basit bir \u015fekilde y\u00f6netmenizi sa\u011flar.<\/p>\n<p><strong>\u00d6zellikler<\/strong><br \/>\n\u00dcretici Kodu: 40964<br \/>\nBoyut: 74x34x15.5mm<br \/>\n\u00c7\u0131k\u0131\u015f:<br \/>\n3.5mm kulakl\u0131k jak\u0131<br \/>\n3.5mm mono mikrofon jack<br \/>\n4-pin combo Mic\/kulakl\u0131k jack (Sadece destek CTIA)<br \/>\nSNR: \u2265 85db<br \/>\n\u00d6rnekleme Oran\u0131: 16bit 48 KHz<br \/>\nGecikme S\u00fcresi: 40-50 mS<br \/>\nFrekans Tepkisi: 20Hz-20 KHz<br \/>\nDevre D\u0131\u015f\u0131 Fonksiyonu ile Kulakl\u0131k Mikrofon ve Ses Kontrol\u00fc<br \/>\nTak \u00c7al\u0131\u015ft\u0131r Windows\/Mac OS\/Linux<\/p>\n<p>Paket \u0130\u00e7eri\u011fi<br \/>\n1 x Ugreen Harici USB 3.5mm Ses Kart\u0131<\/p>\n","protected":false},"excerpt":{"rendered":"<p>Ugreen Harici USB Ses Kart\u0131 15 cm Ugreen Harici USB Ses Kart\u0131, bilgisayar\u0131n\u0131zda ya\u015fad\u0131\u011f\u0131n\u0131z ses sorunlar\u0131n\u0131 giderebilen basit ve etkili bir ses kart\u0131d\u0131r. Standart ses kartlar\u0131ndan farkl\u0131 olarak mikrofon, kulakl\u0131kl\u0131 mikrofon ve kulakl\u0131k giri\u015flerine sahiptir. Bu sayede ak\u0131ll\u0131 telefonlar\u0131n\u0131zda kulland\u0131\u011f\u0131n\u0131z kulakl\u0131klar\u0131n\u0131z\u0131n hem mikrofon hem de kulakl\u0131k \u00f6zelli\u011fini kullanabilirsiniz. Ayr\u0131ca OTG deste\u011fi sayesinde sadece bilgisayarlarda de\u011fil [&hellip;]<\/p>\n","protected":false},"featured_media":2872,"comment_status":"open","ping_status":"closed","template":"","meta":[],"product_cat":[30],"product_tag":[],"class_list":{"0":"post-2871","1":"product","2":"type-product","3":"status-publish","4":"has-post-thumbnail","6":"product_cat-ses-kartlari","7":"notblog","9":"first","10":"instock","11":"featured","12":"shipping-taxable","13":"purchasable","14":"product-type-simple"},"_links":{"self":[{"href":"https:\/\/wtdemo.link\/audio1\/wp-json\/wp\/v2\/product\/2871","targetHints":{"allow":["GET"]}}],"collection":[{"href":"https:\/\/wtdemo.link\/audio1\/wp-json\/wp\/v2\/product"}],"about":[{"href":"https:\/\/wtdemo.link\/audio1\/wp-json\/wp\/v2\/types\/product"}],"replies":[{"embeddable":true,"href":"https:\/\/wtdemo.link\/audio1\/wp-json\/wp\/v2\/comments?post=2871"}],"wp:featuredmedia":[{"embeddable":true,"href":"https:\/\/wtdemo.link\/audio1\/wp-json\/wp\/v2\/media\/2872"}],"wp:attachment":[{"href":"https:\/\/wtdemo.link\/audio1\/wp-json\/wp\/v2\/media?parent=2871"}],"wp:term":[{"taxonomy":"product_cat","embeddable":true,"href":"https:\/\/wtdemo.link\/audio1\/wp-json\/wp\/v2\/product_cat?post=2871"},{"taxonomy":"product_tag","embeddable":true,"href":"https:\/\/wtdemo.link\/audio1\/wp-json\/wp\/v2\/product_tag?post=2871"}],"curies":[{"name":"wp","href":"https:\/\/api.w.org\/{rel}","templated":true}]}}