{"id":2873,"date":"2022-08-02T22:40:19","date_gmt":"2022-08-02T19:40:19","guid":{"rendered":"https:\/\/wtdemo.link\/audio1\/?post_type=product&#038;p=2873"},"modified":"2022-08-14T20:25:05","modified_gmt":"2022-08-14T17:25:05","slug":"asus-xonar-u5-usb-ses-karti","status":"publish","type":"product","link":"https:\/\/wtdemo.link\/audio1\/product\/asus-xonar-u5-usb-ses-karti\/","title":{"rendered":"Asus Xonar U5 Usb Ses Kart\u0131"},"content":{"rendered":"<p><strong><br \/>\nAsus Xonar U5 Usb Ses Kart\u0131<\/strong><br \/>\n192kHz\/24-bit HD ses \u00f6zellikli, k\u00fc\u00e7\u00fck 5.1 kanal USB ses kart\u0131 ve kulakl\u0131k amplifikat\u00f6r\u00fc<br \/>\nK\u00fc\u00e7\u00fck ve sadece USB\u2019den g\u00fc\u00e7 alan, ger\u00e7ek 5.1 kanal HD (192kHz\/24-bit) saran ses<br \/>\nSaf ses i\u00e7in 104dB SNR<br \/>\nBir\u00e7ok ses teknolojisini Sonic Studio ile kontrol edin<br \/>\nPerfect Voice teknolojisiyle oyun i\u00e7i ileti\u015fimde g\u00fcr\u00fclt\u00fcleri ortadan kald\u0131r\u0131n<br \/>\nAnl\u0131k oyun i\u00e7i ayarlamalar i\u00e7in ba\u011f\u0131ms\u0131z mikrofon ve ana ses kontrolleri<br \/>\nDahili kulakl\u0131k amplifikat\u00f6r\u00fc, ba\u011f\u0131ml\u0131l\u0131k yaratan bir deneyim i\u00e7in temiz ve detayl\u0131 ses sunar<\/p>\n","protected":false},"excerpt":{"rendered":"<p>Asus Xonar U5 Usb Ses Kart\u0131 192kHz\/24-bit HD ses \u00f6zellikli, k\u00fc\u00e7\u00fck 5.1 kanal USB ses kart\u0131 ve kulakl\u0131k amplifikat\u00f6r\u00fc K\u00fc\u00e7\u00fck ve sadece USB\u2019den g\u00fc\u00e7 alan, ger\u00e7ek 5.1 kanal HD (192kHz\/24-bit) saran ses Saf ses i\u00e7in 104dB SNR Bir\u00e7ok ses teknolojisini Sonic Studio ile kontrol edin Perfect Voice teknolojisiyle oyun i\u00e7i ileti\u015fimde g\u00fcr\u00fclt\u00fcleri ortadan kald\u0131r\u0131n Anl\u0131k [&hellip;]<\/p>\n","protected":false},"featured_media":2874,"comment_status":"open","ping_status":"closed","template":"","meta":[],"product_cat":[30],"product_tag":[],"class_list":{"0":"post-2873","1":"product","2":"type-product","3":"status-publish","4":"has-post-thumbnail","6":"product_cat-ses-kartlari","7":"notblog","9":"first","10":"instock","11":"featured","12":"shipping-taxable","13":"purchasable","14":"product-type-simple"},"_links":{"self":[{"href":"https:\/\/wtdemo.link\/audio1\/wp-json\/wp\/v2\/product\/2873","targetHints":{"allow":["GET"]}}],"collection":[{"href":"https:\/\/wtdemo.link\/audio1\/wp-json\/wp\/v2\/product"}],"about":[{"href":"https:\/\/wtdemo.link\/audio1\/wp-json\/wp\/v2\/types\/product"}],"replies":[{"embeddable":true,"href":"https:\/\/wtdemo.link\/audio1\/wp-json\/wp\/v2\/comments?post=2873"}],"wp:featuredmedia":[{"embeddable":true,"href":"https:\/\/wtdemo.link\/audio1\/wp-json\/wp\/v2\/media\/2874"}],"wp:attachment":[{"href":"https:\/\/wtdemo.link\/audio1\/wp-json\/wp\/v2\/media?parent=2873"}],"wp:term":[{"taxonomy":"product_cat","embeddable":true,"href":"https:\/\/wtdemo.link\/audio1\/wp-json\/wp\/v2\/product_cat?post=2873"},{"taxonomy":"product_tag","embeddable":true,"href":"https:\/\/wtdemo.link\/audio1\/wp-json\/wp\/v2\/product_tag?post=2873"}],"curies":[{"name":"wp","href":"https:\/\/api.w.org\/{rel}","templated":true}]}}