{"id":2875,"date":"2022-08-02T22:41:47","date_gmt":"2022-08-02T19:41:47","guid":{"rendered":"https:\/\/wtdemo.link\/audio1\/?post_type=product&#038;p=2875"},"modified":"2025-04-13T19:45:05","modified_gmt":"2025-04-13T16:45:05","slug":"blueway-7-1-ses-karti-sound-efektli-usb-2-0-cevirici-donusturucu","status":"publish","type":"product","link":"https:\/\/wtdemo.link\/audio1\/product\/blueway-7-1-ses-karti-sound-efektli-usb-2-0-cevirici-donusturucu\/","title":{"rendered":"Blueway 7.1 Ses Kart\u0131 Sound Efektli USB 2.0 \u00c7evirici D\u00f6n\u00fc\u015ft\u00fcr\u00fcc\u00fc"},"content":{"rendered":"<p><strong>Blueway 7.1 Ses Kart\u0131 Sound Efektli USB 2.0 \u00c7evirici D\u00f6n\u00fc\u015ft\u00fcr\u00fcc\u00fc<\/strong><br \/>\n<strong>Usb 7.1 Kanal Ses Kart\u0131<\/strong><\/p>\n<p>-Usb Sanal 7.1 Kanal Ses Adapt\u00f6r\u00fc,<\/p>\n<p>-Hem Masa\u00fcst\u00fc Veya Hem De Notebook Sistemleri \u0130le Kullan\u0131labilen Bir Y\u00fcksek Esnek Audio Arabirimidir.<\/p>\n<p>-Xear 3D Ses \u0130le Desteklenen Sim\u00fclasyon Yaz\u0131l\u0131m\u0131,<\/p>\n<p>-7.1 Kanal Ortam\u0131 \u0130\u00e7inde Stereo Hoparl\u00f6r Veya Kulakl\u0131\u011f\u0131n\u0131z\u0131 \u00c7al\u0131\u015ft\u0131r\u0131r.<\/p>\n<p>-S\u00fcr\u00fcc\u00fcye Gerek Yoktur, Anl\u0131ka Audio Playback \u0130\u00e7in Yaln\u0131zca Tak Ve \u00c7al\u0131\u015ft\u0131r,<\/p>\n<p>-Ayr\u0131ca T\u00fcm Ana \u0130\u015fletim Sistemleri \u0130le Uyumludur.<br \/>\n<strong>\u00d6zellikler:<\/strong><\/p>\n<p>1-Usb 2.0 Tam H\u0131z (12Mbps)Spesifikasyonu \u0130le Uyumlu<br \/>\n2-Usb Audio Cihaz S\u0131n\u0131f Spesifikasyonu 1.0 \u0130le Uyumlu<br \/>\n3-Usb H\u0131d S\u0131n\u0131f Spesifikasyonu 1.1 \u0130le Uyumlu<br \/>\n4-Usb Veriyolu-\u00c7al\u0131\u015ft\u0131rma Modu, Harici G\u00fcce Gerek Yoktur<br \/>\n5-Konekt\u00f6rler: Usb Tipi-A, Stereo \u00c7\u0131k\u0131\u015f Fi\u015fi, Tek Mikrofon ?Giri\u015f Fi\u015fi<br \/>\n6-Fonksiyonel Tu\u015flar: Mikrofon-Sessiz,Hoparl\u00f6r-Sessiz,Ses-A\u00e7ma,Ses-K\u0131sma<br \/>\n7-Led G\u00f6stergeleri: Mikrofon-Sessiz Durumu, \u0130\u015flevlik 9. S\u00fcr\u00fcc\u00fcs\u00fcz-Windows 98 Se\/Me\/2000\/Xp\/Server 2003\/Vista\/Windows7-8-10,Linux,Macos \u0130\u00e7in S\u00fcr\u00fcc\u00fcye Gerek Yoktur.<\/p>\n","protected":false},"excerpt":{"rendered":"<p>Blueway 7.1 Ses Kart\u0131 Sound Efektli USB 2.0 \u00c7evirici D\u00f6n\u00fc\u015ft\u00fcr\u00fcc\u00fc Usb 7.1 Kanal Ses Kart\u0131 -Usb Sanal 7.1 Kanal Ses Adapt\u00f6r\u00fc, -Hem Masa\u00fcst\u00fc Veya Hem De Notebook Sistemleri \u0130le Kullan\u0131labilen Bir Y\u00fcksek Esnek Audio Arabirimidir. -Xear 3D Ses \u0130le Desteklenen Sim\u00fclasyon Yaz\u0131l\u0131m\u0131, -7.1 Kanal Ortam\u0131 \u0130\u00e7inde Stereo Hoparl\u00f6r Veya Kulakl\u0131\u011f\u0131n\u0131z\u0131 \u00c7al\u0131\u015ft\u0131r\u0131r. -S\u00fcr\u00fcc\u00fcye Gerek Yoktur, Anl\u0131ka [&hellip;]<\/p>\n","protected":false},"featured_media":2876,"comment_status":"open","ping_status":"closed","template":"","meta":[],"product_cat":[30],"product_tag":[],"class_list":{"0":"post-2875","1":"product","2":"type-product","3":"status-publish","4":"has-post-thumbnail","6":"product_cat-ses-kartlari","7":"notblog","9":"first","10":"instock","11":"featured","12":"shipping-taxable","13":"purchasable","14":"product-type-simple"},"_links":{"self":[{"href":"https:\/\/wtdemo.link\/audio1\/wp-json\/wp\/v2\/product\/2875","targetHints":{"allow":["GET"]}}],"collection":[{"href":"https:\/\/wtdemo.link\/audio1\/wp-json\/wp\/v2\/product"}],"about":[{"href":"https:\/\/wtdemo.link\/audio1\/wp-json\/wp\/v2\/types\/product"}],"replies":[{"embeddable":true,"href":"https:\/\/wtdemo.link\/audio1\/wp-json\/wp\/v2\/comments?post=2875"}],"wp:featuredmedia":[{"embeddable":true,"href":"https:\/\/wtdemo.link\/audio1\/wp-json\/wp\/v2\/media\/2876"}],"wp:attachment":[{"href":"https:\/\/wtdemo.link\/audio1\/wp-json\/wp\/v2\/media?parent=2875"}],"wp:term":[{"taxonomy":"product_cat","embeddable":true,"href":"https:\/\/wtdemo.link\/audio1\/wp-json\/wp\/v2\/product_cat?post=2875"},{"taxonomy":"product_tag","embeddable":true,"href":"https:\/\/wtdemo.link\/audio1\/wp-json\/wp\/v2\/product_tag?post=2875"}],"curies":[{"name":"wp","href":"https:\/\/api.w.org\/{rel}","templated":true}]}}