{"id":2877,"date":"2022-08-02T22:43:43","date_gmt":"2022-08-02T19:43:43","guid":{"rendered":"https:\/\/wtdemo.link\/audio1\/?post_type=product&#038;p=2877"},"modified":"2022-08-14T20:25:04","modified_gmt":"2022-08-14T17:25:04","slug":"creative-sound-blaster-x3-hi-res-7-1-harici-usb-dac-ve-amp-ses-karti-super-x-fi-pc-ve-mac-uyumlu","status":"publish","type":"product","link":"https:\/\/wtdemo.link\/audio1\/product\/creative-sound-blaster-x3-hi-res-7-1-harici-usb-dac-ve-amp-ses-karti-super-x-fi-pc-ve-mac-uyumlu\/","title":{"rendered":"Creative Sound Blaster X3 &#8211; Hi-Res &#8211; 7.1 Harici USB Dac ve Amp Ses Kart\u0131 &#8211; Super X-Fi\u00ae- Pc ve Mac Uyumlu"},"content":{"rendered":"<p><strong>Sound Blaster X3<\/strong><\/p>\n<p>PC ve Mac i\u00e7in Super X-Fi\u00ae ile Hi-res 7.1 Harici USB DAC ve Amp Ses Kart\u0131<\/p>\n<p>WORKS WITH:<br \/>\nWindows PC | macOS | PS4\u2122 | PS5\u2122 | Nintendo Switch\u2122<\/p>\n<p>Masa\u00fcst\u00fc film deneyiminiz i\u00e7in \u00e7\u0131tay\u0131 y\u00fckselten X3, hoparl\u00f6r veya kulakl\u0131k tercihiniz ne olursa olsun, evde en iyi sinema deneyimini vaat eden \u00f6zelliklerle dolu olarak gelir. \u00d6d\u00fcll\u00fc Super X-Fi teknolojimizin yan\u0131 s\u0131ra hoparl\u00f6rlerde 7.1 ayr\u0131k surround, kulakl\u0131klarda 7.1 sanal surround ve Dolby Digital Live1 \u00f6zelli\u011fine sahip d\u00fcnyan\u0131n ilk harici \u00e7ok kanall\u0131 USB DAC ve Amfisidir. 115 dB DNR \/ SNR&#8217;de y\u00fcksek \u00e7\u00f6z\u00fcn\u00fcrl\u00fckl\u00fc 32 bit \/ 192 kHz oynatmaya g\u00fc\u00e7 veren y\u00fcksek ses bile\u015fenleri ile birle\u015fti\u011finde, sesin st\u00fcdyo d\u00fczeyinde hassasiyet ve netlikle sa\u011fland\u0131\u011f\u0131ndan emin olabilirsiniz.<\/p>\n<p>Ve \u00e7ok y\u00f6nl\u00fcl\u00fck s\u00f6z konusu oldu\u011funda, X3 e\u015fsizdir. USB-C ba\u011flant\u0131 noktas\u0131, Optik \u00e7\u0131k\u0131\u015f ve \u00e7o\u011fu ses cihaz\u0131yla uyumlu olmas\u0131n\u0131 sa\u011flayan Hat giri\u015fi gibi say\u0131s\u0131z ba\u011flant\u0131 se\u00e7ene\u011fine sahip olan X3, film ve oyun deneyiminizi evinizin rahatl\u0131\u011f\u0131nda yeniden tan\u0131mlayacak \u015fekilde ayarland\u0131.<\/p>\n<p>1Dolby Digital Live yaln\u0131zca Windows&#8217;ta mevcuttur.<\/p>\n","protected":false},"excerpt":{"rendered":"<p>Sound Blaster X3 PC ve Mac i\u00e7in Super X-Fi\u00ae ile Hi-res 7.1 Harici USB DAC ve Amp Ses Kart\u0131 WORKS WITH: Windows PC | macOS | PS4\u2122 | PS5\u2122 | Nintendo Switch\u2122 Masa\u00fcst\u00fc film deneyiminiz i\u00e7in \u00e7\u0131tay\u0131 y\u00fckselten X3, hoparl\u00f6r veya kulakl\u0131k tercihiniz ne olursa olsun, evde en iyi sinema deneyimini vaat eden \u00f6zelliklerle dolu [&hellip;]<\/p>\n","protected":false},"featured_media":2878,"comment_status":"open","ping_status":"closed","template":"","meta":[],"product_cat":[30],"product_tag":[],"class_list":{"0":"post-2877","1":"product","2":"type-product","3":"status-publish","4":"has-post-thumbnail","6":"product_cat-ses-kartlari","7":"notblog","9":"first","10":"instock","11":"featured","12":"shipping-taxable","13":"purchasable","14":"product-type-simple"},"_links":{"self":[{"href":"https:\/\/wtdemo.link\/audio1\/wp-json\/wp\/v2\/product\/2877","targetHints":{"allow":["GET"]}}],"collection":[{"href":"https:\/\/wtdemo.link\/audio1\/wp-json\/wp\/v2\/product"}],"about":[{"href":"https:\/\/wtdemo.link\/audio1\/wp-json\/wp\/v2\/types\/product"}],"replies":[{"embeddable":true,"href":"https:\/\/wtdemo.link\/audio1\/wp-json\/wp\/v2\/comments?post=2877"}],"wp:featuredmedia":[{"embeddable":true,"href":"https:\/\/wtdemo.link\/audio1\/wp-json\/wp\/v2\/media\/2878"}],"wp:attachment":[{"href":"https:\/\/wtdemo.link\/audio1\/wp-json\/wp\/v2\/media?parent=2877"}],"wp:term":[{"taxonomy":"product_cat","embeddable":true,"href":"https:\/\/wtdemo.link\/audio1\/wp-json\/wp\/v2\/product_cat?post=2877"},{"taxonomy":"product_tag","embeddable":true,"href":"https:\/\/wtdemo.link\/audio1\/wp-json\/wp\/v2\/product_tag?post=2877"}],"curies":[{"name":"wp","href":"https:\/\/api.w.org\/{rel}","templated":true}]}}