{"id":2879,"date":"2022-08-02T22:45:10","date_gmt":"2022-08-02T19:45:10","guid":{"rendered":"https:\/\/wtdemo.link\/audio1\/?post_type=product&#038;p=2879"},"modified":"2022-08-14T20:25:03","modified_gmt":"2022-08-14T17:25:03","slug":"focusrite-scarlett-2i2-gen-3-usb-ses-karti","status":"publish","type":"product","link":"https:\/\/wtdemo.link\/audio1\/product\/focusrite-scarlett-2i2-gen-3-usb-ses-karti\/","title":{"rendered":"Focusrite Scarlett 2i2 Gen 3 USB Ses Kart\u0131"},"content":{"rendered":"<p><strong>Focusrite Scarlett 2i2 Gen 3 USB Ses Kart\u0131<\/strong><br \/>\n\u015eark\u0131c\u0131 ve Besteciler i\u00e7in En Ak\u0131lc\u0131 \u00c7\u00f6z\u00fcm<\/p>\n<p>G\u00fcn\u00fcn teknolojisi ile yarat\u0131labilecek en kullan\u0131c\u0131 dostu ses kart\u0131n\u0131 geli\u015ftirdik. E\u011fer gitar\u0131n\u0131z ile birlikte st\u00fcdyo kalitesinde bir kay\u0131t yapmak istiyorsan\u0131z 3. nesik scarlett solo size bunu kolayca sunar.<\/p>\n<p>\u2714 Bug\u00fcne kadar geli\u015ftirdiklerimiz aras\u0131nda en iyi preamplara sahip olan Scarlett ile mikrofon ve enstr\u00fcman kay\u0131tlar\u0131n\u0131zda fark yaratacaks\u0131n\u0131z.<\/p>\n<p>\u2714 Enstr\u00fcman giri\u015fi sayesinde, gitar veya bas gitar\u0131n\u0131z\u0131 direkt olarak ba\u011flayabilirsiniz.<\/p>\n<p>\u2714 Quick Start tool, hi\u00e7 olmad\u0131\u011f\u0131 kadar kolay bir kay\u0131t imkan\u0131 sunar.<\/p>\n<p>\u2714 Y\u00fcksek performansl\u0131 d\u00f6n\u00fc\u015ft\u00fcr\u00fcc\u00fcleri, st\u00fcdyo kalitesinde kay\u0131t imkan\u0131 sa\u011flar.<\/p>\n<p>Tam olarak arad\u0131\u011f\u0131n\u0131z aray\u00fcz!<\/p>\n<p>Scarlettlar en kompact tasar\u0131ml\u0131 ses kartlar\u0131d\u0131r. 1000lerce m\u00fczisyenin kay\u0131tlar\u0131n\u0131n st\u00fcdyo kalitesinde sonu\u00e7lar almas\u0131na imkan tan\u0131maktad\u0131r.<\/p>\n<p>En iyi ses performans\u0131 \u00fcstelik kolayca&#8230;<\/p>\n<p>Evinizde st\u00fcdyo kalitesinde kay\u0131t almak hi\u00e7 bu kadar kolay olmam\u0131\u015ft\u0131. Kay\u0131d\u0131n\u0131z kaliteli sonu\u00e7 vermesi i\u00e7in gerekli olan t\u00fcm teknik donan\u0131m\u0131 ger\u00e7ekle\u015ftirdik. Tek yapman\u0131z gereken, yarat\u0131c\u0131\u011f\u0131n\u0131za ve performans\u0131n\u0131za odaklanmak.<\/p>\n<p>Bizim teknolojimiz ses \u00fczerine.<\/p>\n<p>2 y\u0131ll\u0131k garanti s\u00fcremizi g\u00f6n\u00fcl rahatl\u0131\u011f\u0131 ile vermekteyiz. \u00c7\u00fcnk\u00fc kullan\u0131c\u0131lar\u0131m\u0131z\u0131n ihtiya\u00e7lar\u0131 g\u00f6zetilerek tasar\u0131mlar yapmaktay\u0131z. Kullanmakta oldu\u011fumuz \u00fcr\u00fcnler son derece dayan\u0131kl\u0131 \u00fcr\u00fcnlerden tercih edilmektedir. Uzun s\u00fcreler sorunsuz kullan\u0131ma uygundur.<\/p>\n","protected":false},"excerpt":{"rendered":"<p>Focusrite Scarlett 2i2 Gen 3 USB Ses Kart\u0131 \u015eark\u0131c\u0131 ve Besteciler i\u00e7in En Ak\u0131lc\u0131 \u00c7\u00f6z\u00fcm G\u00fcn\u00fcn teknolojisi ile yarat\u0131labilecek en kullan\u0131c\u0131 dostu ses kart\u0131n\u0131 geli\u015ftirdik. E\u011fer gitar\u0131n\u0131z ile birlikte st\u00fcdyo kalitesinde bir kay\u0131t yapmak istiyorsan\u0131z 3. nesik scarlett solo size bunu kolayca sunar. \u2714 Bug\u00fcne kadar geli\u015ftirdiklerimiz aras\u0131nda en iyi preamplara sahip olan Scarlett ile [&hellip;]<\/p>\n","protected":false},"featured_media":2880,"comment_status":"open","ping_status":"closed","template":"","meta":[],"product_cat":[30],"product_tag":[],"class_list":{"0":"post-2879","1":"product","2":"type-product","3":"status-publish","4":"has-post-thumbnail","6":"product_cat-ses-kartlari","7":"notblog","9":"first","10":"instock","11":"featured","12":"shipping-taxable","13":"purchasable","14":"product-type-simple"},"_links":{"self":[{"href":"https:\/\/wtdemo.link\/audio1\/wp-json\/wp\/v2\/product\/2879","targetHints":{"allow":["GET"]}}],"collection":[{"href":"https:\/\/wtdemo.link\/audio1\/wp-json\/wp\/v2\/product"}],"about":[{"href":"https:\/\/wtdemo.link\/audio1\/wp-json\/wp\/v2\/types\/product"}],"replies":[{"embeddable":true,"href":"https:\/\/wtdemo.link\/audio1\/wp-json\/wp\/v2\/comments?post=2879"}],"wp:featuredmedia":[{"embeddable":true,"href":"https:\/\/wtdemo.link\/audio1\/wp-json\/wp\/v2\/media\/2880"}],"wp:attachment":[{"href":"https:\/\/wtdemo.link\/audio1\/wp-json\/wp\/v2\/media?parent=2879"}],"wp:term":[{"taxonomy":"product_cat","embeddable":true,"href":"https:\/\/wtdemo.link\/audio1\/wp-json\/wp\/v2\/product_cat?post=2879"},{"taxonomy":"product_tag","embeddable":true,"href":"https:\/\/wtdemo.link\/audio1\/wp-json\/wp\/v2\/product_tag?post=2879"}],"curies":[{"name":"wp","href":"https:\/\/api.w.org\/{rel}","templated":true}]}}