{"id":1743,"date":"2021-04-30T06:04:06","date_gmt":"2021-04-30T06:04:06","guid":{"rendered":"https:\/\/www.devsnews.com\/wp\/medidove\/about-copy\/"},"modified":"2022-08-20T22:31:15","modified_gmt":"2022-08-20T19:31:15","slug":"ortognatik-cerrahi","status":"publish","type":"page","link":"https:\/\/wtdemo.link\/dental\/ortognatik-cerrahi\/","title":{"rendered":"Ortognatik Cerrahi"},"content":{"rendered":"\t\t<div data-elementor-type=\"wp-post\" data-elementor-id=\"1743\" class=\"elementor elementor-1743\">\n\t\t\t\t\t\t\t\t\t<section class=\"elementor-section elementor-top-section elementor-element elementor-element-c74a701 elementor-section-full_width elementor-section-height-default elementor-section-height-default\" data-id=\"c74a701\" data-element_type=\"section\">\n\t\t\t\t\t\t<div class=\"elementor-container elementor-column-gap-no\">\n\t\t\t\t\t<div class=\"elementor-column elementor-col-100 elementor-top-column elementor-element elementor-element-b5156a5\" data-id=\"b5156a5\" data-element_type=\"column\">\n\t\t\t<div class=\"elementor-widget-wrap elementor-element-populated\">\n\t\t\t\t\t\t\t\t<div class=\"elementor-element elementor-element-dee2cb1 elementor-align-left elementor-widget elementor-widget-bdevs-about\" data-id=\"dee2cb1\" data-element_type=\"widget\" data-widget_type=\"bdevs-about.default\">\n\t\t\t\t<div class=\"elementor-widget-container\">\n\t\t\t        <section class=\"about-area\">\n            <div class=\"container\">\n                <div class=\"row\">\n                    <div class=\"col-xl-6 col-lg-5\">\n                    \t                        <div class=\"medical-icon-brand-2\">\n                        \t<img decoding=\"async\" src=\"https:\/\/wtdemo.link\/dental\/wp-content\/themes\/WT-Dental\/img\/about\/medical-brand-icon-border.png\" alt=\"\">\n                        <\/div>\n                                                <div class=\"about-left-side pos-rel mb-30\">\n                            <div class=\"about-front-img\">\n                                \t\t\t\t\t\t\t\t   <img decoding=\"async\" src=\"\" alt=\"\">\n\t\t\t\t\t\t\t\t                            <\/div>\n\n                                                        <div class=\"about-shape\">\n                                <img decoding=\"async\" src=\"https:\/\/wtdemo.link\/dental\/wp-content\/themes\/WT-Dental\/img\/about\/about-shape.png\" alt=\"\">\n                            <\/div>\n                        \t                        <\/div>\n                    <\/div>\n                    <div class=\"col-xl-6 col-lg-7\">\n                        <div class=\"about-right-side tp-el-content pt-55 mb-30\">\n                            <div class=\"about-title mb-20\">\n\t\t\t\t\t\t\t\t\t \n\n\t\t\t\t\t\t\t\t\t\t\t\t\t\t\t\t<h2 class=\"sec-title tp-el-title\">Ortognatik Cerrahi<\/h2>\n\t\t\t\t\t\t\t\t\t\n                            <\/div>\n                            <div class=\"about-text\">\n                               <p>Lorem ipsum dolor sit amet, consectetur adipisicing elit, sed do eiusmod tempor incididunt ut labore et dolore magna aliqua. Ut enim ad minim veniam, quis nostrud exercitation ullamco laboris nisi ut aliquip ex ea commodo consequat. Duis aute irure dolor in reprehenderit in voluptate velit esse cillum dolore eu fugiat nulla pariatur. Excepteur sint occaecat cupidatat non proident, sunt in culpa qui officia deserunt mollit anim id est laborum.<\/p><p>Ut enim ad minim veniam, quis nostrud exercitation ullamco laboris nisi ut aliquip ex ea commodo consequat. Duis aute irure dolor in reprehenderit in voluptate velit esse cillum dolore eu fugiat nulla pariatur. Excepteur sint occaecat cupidatat non proident, sunt in culpa qui officia.<\/p>                            <\/div>\n\t\t\t\t\t\t\t\t\t\t\t\t\t\t<div class=\"about-text-list mt-15 mb-40\">\n                                <ul>\n\t\t\t                                                        <\/ul>\n                            <\/div>\n\t\t\t\t\t\t\t                            <div class=\"about-author d-flex align-items-center\">\n\t\t\t\t\t\t\t\t                                <div class=\"author-ava\">\n\t\t\t\t\t\t\t\t\t<img decoding=\"async\" src=\"\" alt=\"\">\n                                <\/div>\n                                \n                                <div class=\"author-desination\">\n\t\t\t\t\t\t\t\t\t\t\t\t\t\t\t\t\t\t<h4>Prof. Dr. Celal \u00c7and\u0131rl\u0131<\/h4>\n\t\t\t\t\t\t\t\t\t\t \n\n\t\t\t\t\t\t\t\t\t\t\n                                <\/div>\n                            <\/div>\n                        <\/div>\n                    <\/div>\n                <\/div>\n            <\/div>\n        <\/section>\n\t\t\t\n\t\t\t<\/div>\n\t\t\t\t<\/div>\n\t\t\t\t\t<\/div>\n\t\t<\/div>\n\t\t\t\t\t\t\t<\/div>\n\t\t<\/section>\n\t\t\t\t\t\t\t<\/div>\n\t\t","protected":false},"excerpt":{"rendered":"<p>Ortognatik Cerrahi Lorem ipsum dolor sit amet, consectetur adipisicing elit, sed do eiusmod tempor incididunt ut labore et dolore magna aliqua. Ut enim ad minim veniam, quis nostrud exercitation ullamco laboris nisi ut aliquip ex ea commodo consequat. Duis aute irure dolor in reprehenderit in voluptate velit esse cillum dolore eu fugiat nulla pariatur. Excepteur [&hellip;]<\/p>\n","protected":false},"author":1,"featured_media":0,"parent":0,"menu_order":0,"comment_status":"closed","ping_status":"closed","template":"elementor_header_footer","meta":{"_acf_changed":false,"footnotes":""},"class_list":["post-1743","page","type-page","status-publish","hentry"],"acf":[],"_links":{"self":[{"href":"https:\/\/wtdemo.link\/dental\/wp-json\/wp\/v2\/pages\/1743","targetHints":{"allow":["GET"]}}],"collection":[{"href":"https:\/\/wtdemo.link\/dental\/wp-json\/wp\/v2\/pages"}],"about":[{"href":"https:\/\/wtdemo.link\/dental\/wp-json\/wp\/v2\/types\/page"}],"author":[{"embeddable":true,"href":"https:\/\/wtdemo.link\/dental\/wp-json\/wp\/v2\/users\/1"}],"replies":[{"embeddable":true,"href":"https:\/\/wtdemo.link\/dental\/wp-json\/wp\/v2\/comments?post=1743"}],"version-history":[{"count":7,"href":"https:\/\/wtdemo.link\/dental\/wp-json\/wp\/v2\/pages\/1743\/revisions"}],"predecessor-version":[{"id":2878,"href":"https:\/\/wtdemo.link\/dental\/wp-json\/wp\/v2\/pages\/1743\/revisions\/2878"}],"wp:attachment":[{"href":"https:\/\/wtdemo.link\/dental\/wp-json\/wp\/v2\/media?parent=1743"}],"curies":[{"name":"wp","href":"https:\/\/api.w.org\/{rel}","templated":true}]}}