{"id":20,"date":"2019-05-27T03:26:03","date_gmt":"2019-05-27T03:26:03","guid":{"rendered":"http:\/\/bdevs.net\/theme\/medidove\/?page_id=20"},"modified":"2022-08-20T14:17:02","modified_gmt":"2022-08-20T11:17:02","slug":"doktorlarimiz","status":"publish","type":"page","link":"https:\/\/wtdemo.link\/dental\/doktorlarimiz\/","title":{"rendered":"DOKTORLARIMIZ"},"content":{"rendered":"\t\t<div data-elementor-type=\"wp-post\" data-elementor-id=\"20\" class=\"elementor elementor-20\">\n\t\t\t\t\t\t\t\t\t<section class=\"elementor-section elementor-top-section elementor-element elementor-element-6fb2502 elementor-section-boxed elementor-section-height-default elementor-section-height-default\" data-id=\"6fb2502\" data-element_type=\"section\">\n\t\t\t\t\t\t<div class=\"elementor-container elementor-column-gap-default\">\n\t\t\t\t\t<div class=\"elementor-column elementor-col-100 elementor-top-column elementor-element elementor-element-e7c4d15\" data-id=\"e7c4d15\" data-element_type=\"column\">\n\t\t\t<div class=\"elementor-widget-wrap elementor-element-populated\">\n\t\t\t\t\t\t\t\t<div class=\"elementor-element elementor-element-450a532 elementor-align-center elementor-widget elementor-widget-bdevs-heading\" data-id=\"450a532\" data-element_type=\"widget\" data-widget_type=\"bdevs-heading.default\">\n\t\t\t\t<div class=\"elementor-widget-container\">\n\t\t\t            <div class=\"section-title pos-rel tp-el-content\">\n\n            \t                <div class=\"section-icon\">\n                    <img decoding=\"async\" class=\"section-back-icon back-icon-left\" src=\"https:\/\/wtdemo.link\/dental\/wp-content\/themes\/WT-Dental\/img\/section\/section-back-icon.png\" alt=\"\">\n                <\/div>\n                \t\n\n                <div class=\"section-text pos-rel\">\n\t\t\t\t\t\t\t\t\t\t<h5 class=\"tp-el-subtitle\">Prof. Dr. Celal \u00c7and\u0131rl\u0131<\/h5>\n\t\t\t\t\t\t\n\n                    \t\t\t\t\t<h2 class=\"sec-title tp-el-title\">DOKTORLARIMIZ <br> ALANI<\/h2>\n\t\t\t\t\t\n\t\t\t\t\t\t\t\n                <\/div>\n\t\t\t\t                <div class=\"section-line pos-rel\">\n                    <img decoding=\"async\" src=\"https:\/\/wtdemo.link\/dental\/wp-content\/themes\/WT-Dental\/img\/shape\/section-title-line.png\" alt=\"\">\n                <\/div>\n                \t\n            <\/div>\n\n        \t\t\n\t\t\t<\/div>\n\t\t\t\t<\/div>\n\t\t\t\t\t<\/div>\n\t\t<\/div>\n\t\t\t\t\t\t\t<\/div>\n\t\t<\/section>\n\t\t\t\t\t\t\t<\/div>\n\t\t","protected":false},"excerpt":{"rendered":"<p>Prof. Dr. Celal \u00c7and\u0131rl\u0131 DOKTORLARIMIZ ALANI<\/p>\n","protected":false},"author":1,"featured_media":0,"parent":0,"menu_order":0,"comment_status":"closed","ping_status":"closed","template":"elementor_header_footer","meta":{"_acf_changed":false,"footnotes":""},"class_list":["post-20","page","type-page","status-publish","hentry"],"acf":[],"_links":{"self":[{"href":"https:\/\/wtdemo.link\/dental\/wp-json\/wp\/v2\/pages\/20","targetHints":{"allow":["GET"]}}],"collection":[{"href":"https:\/\/wtdemo.link\/dental\/wp-json\/wp\/v2\/pages"}],"about":[{"href":"https:\/\/wtdemo.link\/dental\/wp-json\/wp\/v2\/types\/page"}],"author":[{"embeddable":true,"href":"https:\/\/wtdemo.link\/dental\/wp-json\/wp\/v2\/users\/1"}],"replies":[{"embeddable":true,"href":"https:\/\/wtdemo.link\/dental\/wp-json\/wp\/v2\/comments?post=20"}],"version-history":[{"count":13,"href":"https:\/\/wtdemo.link\/dental\/wp-json\/wp\/v2\/pages\/20\/revisions"}],"predecessor-version":[{"id":2787,"href":"https:\/\/wtdemo.link\/dental\/wp-json\/wp\/v2\/pages\/20\/revisions\/2787"}],"wp:attachment":[{"href":"https:\/\/wtdemo.link\/dental\/wp-json\/wp\/v2\/media?parent=20"}],"curies":[{"name":"wp","href":"https:\/\/api.w.org\/{rel}","templated":true}]}}