{"id":2623,"date":"2019-05-27T03:23:16","date_gmt":"2019-05-27T03:23:16","guid":{"rendered":"http:\/\/bdevs.net\/theme\/medidove\/?page_id=13"},"modified":"2022-08-20T21:59:57","modified_gmt":"2022-08-20T18:59:57","slug":"hakkimizda","status":"publish","type":"page","link":"https:\/\/wtdemo.link\/dental\/hakkimizda\/","title":{"rendered":"HAKKIMIZDA"},"content":{"rendered":"\t\t<div data-elementor-type=\"wp-post\" data-elementor-id=\"2623\" class=\"elementor elementor-2623\">\n\t\t\t\t\t\t\t\t\t<section class=\"elementor-section elementor-top-section elementor-element elementor-element-e7f0b65 elementor-section-boxed elementor-section-height-default elementor-section-height-default\" data-id=\"e7f0b65\" data-element_type=\"section\">\n\t\t\t\t\t\t<div class=\"elementor-container elementor-column-gap-default\">\n\t\t\t\t\t<div class=\"elementor-column elementor-col-100 elementor-top-column elementor-element elementor-element-779bfa7\" data-id=\"779bfa7\" data-element_type=\"column\">\n\t\t\t<div class=\"elementor-widget-wrap elementor-element-populated\">\n\t\t\t\t\t\t\t\t<div class=\"elementor-element elementor-element-e1c88f5 elementor-widget elementor-widget-text-editor\" data-id=\"e1c88f5\" data-element_type=\"widget\" data-widget_type=\"text-editor.default\">\n\t\t\t\t<div class=\"elementor-widget-container\">\n\t\t\t<style>\/*! elementor - v3.17.0 - 08-11-2023 *\/\n.elementor-widget-text-editor.elementor-drop-cap-view-stacked .elementor-drop-cap{background-color:#69727d;color:#fff}.elementor-widget-text-editor.elementor-drop-cap-view-framed .elementor-drop-cap{color:#69727d;border:3px solid;background-color:transparent}.elementor-widget-text-editor:not(.elementor-drop-cap-view-default) .elementor-drop-cap{margin-top:8px}.elementor-widget-text-editor:not(.elementor-drop-cap-view-default) .elementor-drop-cap-letter{width:1em;height:1em}.elementor-widget-text-editor .elementor-drop-cap{float:left;text-align:center;line-height:1;font-size:50px}.elementor-widget-text-editor .elementor-drop-cap-letter{display:inline-block}<\/style>\t\t\t\t<h1><img loading=\"lazy\" decoding=\"async\" class=\"alignleft wp-image-2792 size-full\" src=\"https:\/\/wtdemo.link\/dental\/wp-content\/uploads\/2022\/08\/celal-candirli-hakkimizda.png\" alt=\"\" width=\"400\" height=\"600\" \/>Prof. Dr. Celal \u00c7and\u0131rl\u0131<\/h1><p>Educated in Dentistry from Selcuk University in Turkey. Dr. Celal \u00c7and\u0131rl\u0131 Has trained at Selcuk University oral and maxillofacial surgery department and took his specialism. He took his postdoc. education in NHS Poole Hospital and NHS\u00a0 Newcastle\u00a0 freeman hospital in United Kingdom.<\/p><p>He began surgical parctice in 2009 in Ankara where he directed the oral and maxillofacial health program at Ankara Be\u015ftepe University Hospital. \u00a0He continued his surgical parctice in Karadeniz Technical University as the Head of Maxillofacial Surgery Department in Trabzon.<\/p><p>In 2018 he was appointed to Istanbul Health Science University Maxillofacial Surgery Department and performing his surcical parctise in this university hospital.<\/p><p>Dr. Celal is an international lecturer and author of textbooks and many peer reviewed papers on maxillofacial surgery. His particular expertice lies in surgical treatment of Temporomandibular Joint disorders. Orthognatic surgery and Maxillofacial tumor surgery.<\/p><p>He is a member of Europian Association of Craniomaxillofacial Surgery and Turkish association for Oral and Maxillofacial Surgery.<\/p>\t\t\t\t\t\t<\/div>\n\t\t\t\t<\/div>\n\t\t\t\t\t<\/div>\n\t\t<\/div>\n\t\t\t\t\t\t\t<\/div>\n\t\t<\/section>\n\t\t\t\t<section class=\"elementor-section elementor-top-section elementor-element elementor-element-222dbdb elementor-section-boxed elementor-section-height-default elementor-section-height-default\" data-id=\"222dbdb\" data-element_type=\"section\">\n\t\t\t\t\t\t<div class=\"elementor-container elementor-column-gap-default\">\n\t\t\t\t\t<div class=\"elementor-column elementor-col-100 elementor-top-column elementor-element elementor-element-e72a0d9\" data-id=\"e72a0d9\" data-element_type=\"column\">\n\t\t\t<div class=\"elementor-widget-wrap elementor-element-populated\">\n\t\t\t\t\t\t\t\t<div class=\"elementor-element elementor-element-dc804a9 elementor-align-center elementor-widget elementor-widget-bdevs-heading\" data-id=\"dc804a9\" data-element_type=\"widget\" data-widget_type=\"bdevs-heading.default\">\n\t\t\t\t<div class=\"elementor-widget-container\">\n\t\t\t            <div class=\"section-title pos-rel tp-el-content\">\n\n            \t                <div class=\"section-icon\">\n                    <img decoding=\"async\" class=\"section-back-icon back-icon-left\" src=\"https:\/\/wtdemo.link\/dental\/wp-content\/themes\/WT-Dental\/img\/section\/section-back-icon.png\" alt=\"\">\n                <\/div>\n                \t\n\n                <div class=\"section-text pos-rel\">\n\t\t\t\t\t\t\n\n                    \t\t\t\t\t<h2 class=\"sec-title tp-el-title\">Scientific Publications<\/h2>\n\t\t\t\t\t\n\t\t\t\t\t\t\t\n                <\/div>\n\t\t\t\t                <div class=\"section-line pos-rel\">\n                    <img decoding=\"async\" src=\"https:\/\/wtdemo.link\/dental\/wp-content\/themes\/WT-Dental\/img\/shape\/section-title-line.png\" alt=\"\">\n                <\/div>\n                \t\n            <\/div>\n\n        \t\t\n\t\t\t<\/div>\n\t\t\t\t<\/div>\n\t\t\t\t<div class=\"elementor-element elementor-element-ea92b5a elementor-widget elementor-widget-text-editor\" data-id=\"ea92b5a\" data-element_type=\"widget\" data-widget_type=\"text-editor.default\">\n\t\t\t\t<div class=\"elementor-widget-container\">\n\t\t\t\t\t\t\t<ol><li><h5>Evaluation of auditory changes in patients undergoing temporomandibular joint discectomy. Yilmaz O, Candirli C, Timarcioglu G, Cobanoglu B, Demirkol M. J Craniomaxillofac surg. 2021<\/h5><\/li><li><h5>Preoperative and postoperative assessment of temporal and masseter muscle size with magnetic resonance imaging in patient undergoing unilateral temporomandibular surgery discectomy. Balaban E, Y\u0131lmaz O, Timarcioglu G, Bahran U, Candirli C, Kosucu P. J Craniomaxillofac Surg. 2021<\/h5><\/li><li><h5>Retrospective evaluation of three different joint surgeries for internal derangements of the temporomandibular joint. Candirli C, Demirkol M, Y\u0131lmaz O, Memis S. J of Cranio-Maxillo-Fac Surg, 45; 775-780. 2017 (Kriter Yay\u0131n\u0131m)<\/h5><\/li><li><h5>\u00a0Effect of platelet-rich plasma on temporomandibular joint cartilage wound healing: Experimental study in rabbits. Coskun U, Candirli C, Kerimoglu G, Taskesen F. J Craniomaxillofac Surg, 47(2);357-364. 2018<\/h5><\/li><li><h5>Trabeculer structural changes in the mandibular condyle caused by degenerative osteoarthritis: a comparative studyby cone-beam computed tomography imaging. Kay\u0131pmaz S, Ak\u00e7ay S, Sezgin \u00d6S, Candirli C. Oral Radiol, 35(1); 51-58. 2019<\/h5><\/li><li><h5>Short term histopathological effects of GaAIAs laser on experimentally induced TNJ osteoarthritis in rabbits. Memis S, Candirli C, Kerimeoglu G. Braz Oral Res, 13, 90. 2018<\/h5><\/li><li><h5>Evaluation of Success criteria for temporomandibular joint arthrocentesis. Y\u0131lmaz O, Candirli C, Balaban E, Demirkol M. J Korean Assoc Oral Maxillofac Surg, 45(1); 15-20. 2019<\/h5><\/li><li><h5>Interpositional flap reconstruction of temporomandibular joint using a novel anterior-based mastoid flap technique. Candirli C, Demirkol M, Y\u0131lmaz O. J Maxillofac Oral Surg, 17(3); 396-397. 2018<\/h5><\/li><li><h5>Ferromagnetic artifacts seen incidentally on magnetic resonance imaging after temporomandibular surgery. Candirli C, Demirkol M, Yilmaz O, Balaban E, Memis S. J Craniofac Surg, 28 (1); 293-294. 2017<\/h5><\/li><li><h5>Evaluation of effectiveness of concentrated growth factor on osseointegration. Pirpir C, Yilmaz O, Candirli C, Balaban E.3(1); 7. 2017<\/h5><\/li><li><h5>Effects of zygoma-gear appliance for unilateral maxillary molar distalization: A prospective clinical study. Kilkis D, Celikoglu M, Nur M, Bayram M, Candirli C. Am J Orthod Dentofacial Orthop. 150(6); 989-996. 2016<\/h5><\/li><li><h5>Novel retromandibular subparatideomasseterik fascial approach for placement of a temporomandibular joint prosthesis. Candirli C, Taskesen F, Altintas M, Memis S. J Oral Maxillofac Surg. 72(7); 1266. 2014.<\/h5><\/li><li><h5>\u00a0Is hyaluronic acid injectioneffective fort he treatment of temporomandibular joint disc displacement with reduction? Korkmaz YT, Altintas NY, Korkmaz FM, Candirli C, Coskun U, Durmuslar MC. J Oral Maxillofac Surg, 74(9); 1728-1740. 2016<\/h5><\/li><li><h5>New hemostatic agent: the effect of ankaferd blood stopper on healing wounds in experimental skin incision model. Y\u00fcce S, Candirli C, Yenid\u00fcnya S, Muslu B. Turk J Med Sci, 44(2); 288-294. 2014<\/h5><\/li><li><h5>Efficacy of deep subfascial approach to the temporomandibular joint. Candirli C, Celik S. J Craniomaxillofac surg. 23(2); 126-129. 2012<\/h5><\/li><li><h5>Evaluation of discectomy and dermis-fat grafting on the contralateral side. Candirli C, Esen A, Taskesen F, Celik S, Cakir B. J Craniofac Surg, 23(6), 1654-1657. 2012<\/h5><\/li><li><h5>Autologous blood injection to the temporomandibular joint: magnetic resonance imaging findings. Candirli C, Y\u00fcce S, Cavus UY, Akin K, Cakir B. Imaging Sci Dent. 42(1); 13-18. 2012<\/h5><\/li><li><h5>Maxillary dental anomalies in patients with cleft lip and palate: a cone beam computed tomography study. Celikoglu M, Buyuk SK, Sekerci AE, Cantekin K, Candirli C. J Clin Pediatr Dent, 39(2);183-186. 2015<\/h5><\/li><li><h5>The effect of Er,YSGG laser irradiation on titanium discs with microtextured surface morphology. Ercan E, candirli C, Arin A, Kara L, Uysal C. Lasers Med Sci, 30(1); 11-15. 2015<\/h5><\/li><li><h5>Could conscious sedation with midazolam for dental procedures be an alternative to general anaesthesia? Silay E, Candirli C, Taskesen F, Coskuner I, Ceylanli KT, Yildiz H. Niger J Clin Pract, 16(2);211-215. 2013<\/h5><\/li><li><h5>Treatment of a class II malocclusion using fixed functional appliance with miniplate anchorage. Celikoglu M, Unal T, Bayram M, Candirli C. Eur J Dent, 82(2); 276-280. 2014<\/h5><\/li><li><h5>Clinicoradiologial evaluation of dermis-fat grafts fater temporomandibular joint discectomy: a retrospective study. Candirli C, Esen A, Taskesen F, Celik S, Cakir B. Natl J Maxillofac Surg, 3(1); 42-46. 2012<\/h5><\/li><li><h5>Effect of Er,Cr:YSGG laser irradiation on the surface characteristic of titanium disc: an in vitro study. Ercan E, Arin T, Kara Li Candirli C. Lasers Med Sci, 29(3);875-880. 2014<\/h5><\/li><li><h5>Effects of 2 flap designs on postoperative pain and swelling after impacted third molar surgery. Dolanmaz D, Esen A, Isik K, Candirli C. Orol Surg Oral Med Oral Pathol Oral Radiol. 116(4);244-246. 2012<\/h5><\/li><li><h5>The effect of chronic temporomandibular joint dislocation: frequency on the success of autologous blood injection. Candirli C, Korkmaz YT, Yuce S, Dayisoylu EH, Taskesen F. J Maxillofac Oral Surg, 12(4); 414-417. 2012<\/h5><\/li><li><h5>Evaluation of the effects of skeletal anchoraged forsus FRD using minip\u015fates inserted on mandibular symphysis: A new approach fort he treatment of class II malocclusion. Unal T, Celikoglu M, Candirli C. Angle Orthod, 85(3);413-419. 2015<\/h5><\/li><li><h5>Routine antibiotiz prophylaxis is not necessary during operations to remove third molars. Ataoglu H, Oz GY, Candirli C, Kiziloglu D. Br J Oral Maxillofac Surg, 64(2); 133-135. 2008<\/h5><\/li><li><h5>Cholesterol granuloma of the jaws: report of two cases. Alkan A, Etoz O, Candirli C, Ulu M, Dayisoylu EH. J Pak Med Assoc, 64(1); 86-88. 2014<\/h5><\/li><li><h5>Experimental evaluation of acute molding of the regenerate in mandibular distraction osteogenesis in a rabbit model. Candirli C, Dolanmaz D, Et\u00f6z OA, Avunduk MC. Orol Surg Oral Med Oral Pathol Oral Radiol, 110(5); 554-559. 2010<\/h5><\/li><li><h5>Comparision of two different approaches to the pterygomaxillary junction in Le Fort I osteotomy. Dokanmaz D, Esen A, Emlik D, Candirli C, Kalayci A, Cicekcibas\u0131 A. Orol Surg Oral Med Oral Pathol Oral Radiol, 106(3); 1-5. 2008<\/h5><\/li><\/ol>\t\t\t\t\t\t<\/div>\n\t\t\t\t<\/div>\n\t\t\t\t\t<\/div>\n\t\t<\/div>\n\t\t\t\t\t\t\t<\/div>\n\t\t<\/section>\n\t\t\t\t<section class=\"elementor-section elementor-top-section elementor-element elementor-element-696252e elementor-section-full_width elementor-section-height-default elementor-section-height-default\" data-id=\"696252e\" data-element_type=\"section\">\n\t\t\t\t\t\t<div class=\"elementor-container elementor-column-gap-no\">\n\t\t\t\t\t<div class=\"elementor-column elementor-col-100 elementor-top-column elementor-element elementor-element-e9c1fa2\" data-id=\"e9c1fa2\" data-element_type=\"column\">\n\t\t\t<div class=\"elementor-widget-wrap elementor-element-populated\">\n\t\t\t\t\t\t\t\t<div class=\"elementor-element elementor-element-0e83422 elementor-align-left elementor-widget elementor-widget-bdevs-challenge\" data-id=\"0e83422\" data-element_type=\"widget\" data-widget_type=\"bdevs-challenge.default\">\n\t\t\t\t<div class=\"elementor-widget-container\">\n\t\t\t\n        <section class=\"fact-area fact-map pos-rel\">\n            <div class=\"container\">\n                <div class=\"row\">\n                    <div class=\"col-xl-6 col-lg-6 col-md-10\">\n                        <div class=\"section-title pos-rel mb-45\">\n                            <div class=\"section-text section-text-white pos-rel\">\n\t\t\t\t\t\t\t\t\t\t\t\t\t\t\t\t\t<h5 >Hasta Hatt\u0131m\u0131z 7\/24 Hizmetinizdedir<\/h5>\n\t\t\t\t\t\t\t\t\t\n\n                                \t\t\t\t\t\t\t\t\t<h2 class=\"sec-title white-text\">De\u011fi\u015fime Hemen Ba\u015flay\u0131n<\/h2>\n\t\t\t\t\t\t\t\t\t\n                            <\/div>\n                        <\/div>\n\n                                                <div class=\"section-button section-button-left mb-30 xxxx\">\n\t\t\t\t\t\t\t<a class=\"btn btn-icon ml-0\" href=\"#\" target=\"_blank\">\n\t\t\t\t\t\t\t\t<span>+<\/span> RANDEVU OLU\u015eTURUN\t\t\t\t\t\t\t<\/a>\n                        <\/div>\n                        \t\n                    <\/div>\n                    <div class=\"col-lg-6 col-lg-6 col-md-8\">\n                        <div class=\"cta-satisfied\">\n                        \t                            <div class=\"single-satisfied mb-50\">\n                                \t\t\t\t\t\t\t\t<h2 class=\"counter-title\">5000+<\/h2>\n\t\t\t\t\t\t\t\t\t\n\n\t\t\t\t\t\t\t\t\t\t\t\t\t\t\t\t<h5><i class=\"fas fa-user\"><\/i> Mutlu Hasta<\/h5>\n\t\t\t\t\t\t\t\t\t\n\n                                \t\t\t\t\t\t\t\t<p>Tecr\u00fcbeli ekibimiz ile kesin sonu\u00e7<\/p>\n\t\t\t\t\t\t\t\t\t\n                            <\/div>\n                                                        <div class=\"single-satisfied mb-50\">\n                                \t\t\t\t\t\t\t\t<h2 class=\"counter-title\">1000+<\/h2>\n\t\t\t\t\t\t\t\t\t\n\n\t\t\t\t\t\t\t\t\t\t\t\t\t\t\t\t<h5><i class=\"fas fa-far fa-thumbs-up\"><\/i> Cerrahi Operasyon<\/h5>\n\t\t\t\t\t\t\t\t\t\n\n                                \t\t\t\t\t\t\t\t<p>Tecr\u00fcbeli ekibimiz ile kesin sonu\u00e7<\/p>\n\t\t\t\t\t\t\t\t\t\n                            <\/div>\n                                                    <\/div>\n                    <\/div>\n                <\/div>\n            <\/div>\n        <\/section>\n\n\t\t\t<\/div>\n\t\t\t\t<\/div>\n\t\t\t\t\t<\/div>\n\t\t<\/div>\n\t\t\t\t\t\t\t<\/div>\n\t\t<\/section>\n\t\t\t\t<section class=\"elementor-section elementor-top-section elementor-element elementor-element-41a0b04 elementor-section-full_width elementor-section-height-default elementor-section-height-default\" data-id=\"41a0b04\" data-element_type=\"section\">\n\t\t\t\t\t\t<div class=\"elementor-container elementor-column-gap-no\">\n\t\t\t\t\t<div class=\"elementor-column elementor-col-100 elementor-top-column elementor-element elementor-element-c454684\" data-id=\"c454684\" data-element_type=\"column\">\n\t\t\t<div class=\"elementor-widget-wrap elementor-element-populated\">\n\t\t\t\t\t\t\t\t<div class=\"elementor-element elementor-element-68e1dc4 elementor-align-center elementor-widget elementor-widget-bdevs-testimonials\" data-id=\"68e1dc4\" data-element_type=\"widget\" data-widget_type=\"bdevs-testimonials.default\">\n\t\t\t\t<div class=\"elementor-widget-container\">\n\t\t\t        <div class=\"testimonials-area\">\n            <div class=\"container\">\n                <div class=\"row\">\n                    <div class=\"col-xl-6 offset-xl-3 col-lg-8 offset-lg-2 col-md-10 offset-md-1\">\n                        <div class=\"section-title text-center pos-rel mb-40 tp-el-content\">\n                        \t                            <div class=\"section-text pos-rel\">\n                            \t\t\t\t\t\t                <h5 class=\"tp-el-subtitle\">Mutlu Hastalar<\/h5>\n\t\t\t\t\t             \n\n\t\t\t\t\t            \t\t\t\t\t                <h2 class=\"sec-title tp-el-title\">Y\u00fczlerce mutlu hasta yorumlar\u0131<\/h2>\n\t\t\t\t\t                                        <\/div>\n                                                        <div class=\"section-line pos-rel\">\n                                <img decoding=\"async\" src=\"https:\/\/wtdemo.link\/dental\/wp-content\/themes\/WT-Dental\/img\/shape\/section-title-line.png\" alt=\"\">\n                            <\/div>\n                                                    <\/div>\n                    <\/div>\n                <\/div>\n                <div class=\"single-testi\">\n                    <div class=\"row\">\n                        <div class=\"col-xl-10 offset-xl-1 col-lg-12 col-md-12\">\n\t                        <div class=\"testimonials-activation-2\">\n\t\t\t\t\t\t\t\t\n\t\t\t\t\t\t\t\t\t\t\t\t\t\t\t\t\t                            <div class=\"testi-box text-center pos-rel\">\n\t                                <div class=\"testi-content pos-rel\">\n\t                                \t\t                                    <div class=\"testi-bg-icon\">\n\t                                        <img decoding=\"async\" src=\"\" alt=\"\">\n\t                                    <\/div>\n\t                                    \t                                    <div class=\"testi-quato-icon\">\n\t                                        <img decoding=\"async\" src=\"https:\/\/wtdemo.link\/dental\/wp-content\/themes\/WT-Dental\/img\/shape\/testi-quato-icon.png\" alt=\"\">\n\t                                    <\/div>\n\t                                    <div class=\"text-text-boxx\">\n\t                                       <p> Hasta yorumu detaylar\u0131 bu alanda yer alacakt\u0131r.  Hasta yorumu detaylar\u0131 bu alanda yer alacakt\u0131r.  Hasta yorumu detaylar\u0131 bu alanda yer alacakt\u0131r. <\/p>\n\t                                    <\/div>\n\t                                    <span><\/span>\n\t                                <\/div>\n\t                                <div class=\"testi-author\">\n\t                                    <h2 class=\"testi-author-title\">\u0130brahim Y.<\/h2>\n\t                                    <span class=\"testi-author-desination\"><\/span>\n\t                                <\/div>\n\t                                \t                            <\/div>\n\t                            \t                        <\/div>\n                        <\/div>\n                    <\/div>\n                <\/div>\n            <\/div>\n        <\/div>\n\n        \t\t\t<\/div>\n\t\t\t\t<\/div>\n\t\t\t\t\t<\/div>\n\t\t<\/div>\n\t\t\t\t\t\t\t<\/div>\n\t\t<\/section>\n\t\t\t\t\t\t\t<\/div>\n\t\t","protected":false},"excerpt":{"rendered":"<p>Prof. Dr. Celal \u00c7and\u0131rl\u0131 Educated in Dentistry from Selcuk University in Turkey. Dr. Celal \u00c7and\u0131rl\u0131 Has trained at Selcuk University oral and maxillofacial surgery department and took his specialism. He took his postdoc. education in NHS Poole Hospital and NHS\u00a0 Newcastle\u00a0 freeman hospital in United Kingdom. He began surgical parctice in 2009 in Ankara where [&hellip;]<\/p>\n","protected":false},"author":1,"featured_media":0,"parent":0,"menu_order":0,"comment_status":"closed","ping_status":"closed","template":"elementor_header_footer","meta":{"_acf_changed":false,"footnotes":""},"class_list":["post-2623","page","type-page","status-publish","hentry"],"acf":[],"_links":{"self":[{"href":"https:\/\/wtdemo.link\/dental\/wp-json\/wp\/v2\/pages\/2623","targetHints":{"allow":["GET"]}}],"collection":[{"href":"https:\/\/wtdemo.link\/dental\/wp-json\/wp\/v2\/pages"}],"about":[{"href":"https:\/\/wtdemo.link\/dental\/wp-json\/wp\/v2\/types\/page"}],"author":[{"embeddable":true,"href":"https:\/\/wtdemo.link\/dental\/wp-json\/wp\/v2\/users\/1"}],"replies":[{"embeddable":true,"href":"https:\/\/wtdemo.link\/dental\/wp-json\/wp\/v2\/comments?post=2623"}],"version-history":[{"count":60,"href":"https:\/\/wtdemo.link\/dental\/wp-json\/wp\/v2\/pages\/2623\/revisions"}],"predecessor-version":[{"id":2807,"href":"https:\/\/wtdemo.link\/dental\/wp-json\/wp\/v2\/pages\/2623\/revisions\/2807"}],"wp:attachment":[{"href":"https:\/\/wtdemo.link\/dental\/wp-json\/wp\/v2\/media?parent=2623"}],"curies":[{"name":"wp","href":"https:\/\/api.w.org\/{rel}","templated":true}]}}