{"id":367,"date":"2019-06-16T08:04:16","date_gmt":"2019-06-16T08:04:16","guid":{"rendered":"http:\/\/bdevs.net\/theme\/medidove\/?page_id=367"},"modified":"2022-08-20T21:58:47","modified_gmt":"2022-08-20T18:58:47","slug":"uygulanan-islemler","status":"publish","type":"page","link":"https:\/\/wtdemo.link\/dental\/uygulanan-islemler\/","title":{"rendered":"UYGULANAN \u0130\u015eLEMLER"},"content":{"rendered":"\t\t<div data-elementor-type=\"wp-post\" data-elementor-id=\"367\" class=\"elementor elementor-367\">\n\t\t\t\t\t\t\t\t\t<section class=\"elementor-section elementor-top-section elementor-element elementor-element-73dc697 elementor-section-boxed elementor-section-height-default elementor-section-height-default\" data-id=\"73dc697\" data-element_type=\"section\">\n\t\t\t\t\t\t\t<div class=\"elementor-background-overlay\"><\/div>\n\t\t\t\t\t\t\t<div class=\"elementor-container elementor-column-gap-default\">\n\t\t\t\t\t<div class=\"elementor-column elementor-col-100 elementor-top-column elementor-element elementor-element-f8cb4a1\" data-id=\"f8cb4a1\" data-element_type=\"column\">\n\t\t\t<div class=\"elementor-widget-wrap elementor-element-populated\">\n\t\t\t\t\t\t\t\t<div class=\"elementor-element elementor-element-4a16bdb elementor-align-center elementor-widget elementor-widget-bdevs-heading\" data-id=\"4a16bdb\" data-element_type=\"widget\" data-widget_type=\"bdevs-heading.default\">\n\t\t\t\t<div class=\"elementor-widget-container\">\n\t\t\t            <div class=\"section-title pos-rel tp-el-content\">\n\n            \t                <div class=\"section-icon\">\n                    <img decoding=\"async\" class=\"section-back-icon back-icon-left\" src=\"https:\/\/wtdemo.link\/dental\/wp-content\/themes\/WT-Dental\/img\/section\/section-back-icon.png\" alt=\"\">\n                <\/div>\n                \t\n\n                <div class=\"section-text pos-rel\">\n\t\t\t\t\t\t\t\t\t\t<h5 class=\"tp-el-subtitle\">Prof. Dr. Celal \u00c7and\u0131rl\u0131<\/h5>\n\t\t\t\t\t\t\n\n                    \t\t\t\t\t<h2 class=\"sec-title tp-el-title\">UYGULANAN \u0130\u015eLEMLER<\/h2>\n\t\t\t\t\t\n\t\t\t\t\t\t\t\n                <\/div>\n\t\t\t\t                <div class=\"section-line pos-rel\">\n                    <img decoding=\"async\" src=\"https:\/\/wtdemo.link\/dental\/wp-content\/themes\/WT-Dental\/img\/shape\/section-title-line.png\" alt=\"\">\n                <\/div>\n                \t\n            <\/div>\n\n        \t\t\n\t\t\t<\/div>\n\t\t\t\t<\/div>\n\t\t\t\t\t<\/div>\n\t\t<\/div>\n\t\t\t\t\t\t\t<\/div>\n\t\t<\/section>\n\t\t\t\t<section class=\"elementor-section elementor-top-section elementor-element elementor-element-57ecabf elementor-section-full_width elementor-section-height-default elementor-section-height-default\" data-id=\"57ecabf\" data-element_type=\"section\">\n\t\t\t\t\t\t<div class=\"elementor-container elementor-column-gap-no\">\n\t\t\t\t\t<div class=\"elementor-column elementor-col-100 elementor-top-column elementor-element elementor-element-bd75759\" data-id=\"bd75759\" data-element_type=\"column\">\n\t\t\t<div class=\"elementor-widget-wrap elementor-element-populated\">\n\t\t\t\t\t\t\t\t<div class=\"elementor-element elementor-element-6e298c5 elementor-align-left elementor-widget elementor-widget-bdevs-about-info\" data-id=\"6e298c5\" data-element_type=\"widget\" data-widget_type=\"bdevs-about-info.default\">\n\t\t\t\t<div class=\"elementor-widget-container\">\n\t\t\t\t\t\n\n\t        <section class=\"hiring-area\">\n            <div class=\"container\">\n                <div class=\"row no-gutters hire-bg-2\">\n                    <div class=\"col-xl-6 col-lg-6\">\n                        <div class=\"hire-img\">\n                            <img decoding=\"async\" class=\"img\" src=\"\" alt=\"\">\n                        <\/div>\n                    <\/div>\n                    <div class=\"col-xl-6 col-lg-6\">\n                        <div class=\"hire-text\">\n\t\t\t\t\t\t\t\t\t\t\t\t\t\t<h2 class=\"sec-title\">Ortognatik Cerrahi<\/h2>\n\t\t\t\t\t\t\t\t\n                            <p style=\";  ;\">Lorem ipsum dolor sit amet, consectetur adipisicing elit, sed do eiusmod tempor incididunt ut labore et dolore magna aliqua. Ut enim ad minim veniam, quis nostrud exercitation ullamco laboris nisi ut aliquip ex ea commodo consequat. Duis aute irure dolor in reprehenderit in voluptate velit esse cillum dolore eu fugiat nulla pariatur. Excepteur sint occaecat cupidatat non proident, sunt in culpa qui officia deserunt mollit anim id est laborum. <\/p>\n\n                            <a class=\"btn btn-icon btn-icon-green ml-0\" href=\"#\" target=\"_blank\"><span>+<\/span> Detayl\u0131 Bilgi<\/a>\n                        <\/div>\n                    <\/div>\n                <\/div>\n                <div class=\"row no-gutters hire-bg\">\n                    <div class=\"col-xl-6 col-lg-6\">\n                        <div class=\"hire-text\">\n                            \t\t\t\t\t\t\t\t<h2 class=\"sec-title\">Temporomandibular Eklem Cerrahisi<\/h2>\n\t\t\t\t\t\t\t                            <p>Lorem ipsum dolor sit amet, consectetur adipisicing elit, sed do eiusmod tempor incididunt ut labore et dolore magna aliqua. Ut enim ad minim veniam, quis nostrud exercitation ullamco laboris nisi ut aliquip ex ea commodo consequat. Duis aute irure dolor in reprehenderit in voluptate velit esse cillum dolore eu fugiat nulla pariatur. Excepteur sint occaecat cupidatat non proident, sunt in culpa qui officia deserunt mollit anim id est laborum. <\/p>\n\n                            <a class=\"btn btn-icon ml-0\" href=\"#\" target=\"_blank\"><span>+<\/span> DETAYLI B\u0130LG\u0130<\/a>\n                        <\/div>\n                    <\/div>\n                    <div class=\"col-xl-6 col-lg-6\">\n                        <div class=\"hire-img\">\n                            <img decoding=\"async\" class=\"img\" src=\"\" alt=\"\">\n                        <\/div>\n                    <\/div>\n                <\/div>\n            <\/div>\n        <\/section>\n\t\t\t\n\t\t\t<\/div>\n\t\t\t\t<\/div>\n\t\t\t\t<div class=\"elementor-element elementor-element-f7d76ee elementor-align-left elementor-widget elementor-widget-bdevs-about-info\" data-id=\"f7d76ee\" data-element_type=\"widget\" data-widget_type=\"bdevs-about-info.default\">\n\t\t\t\t<div class=\"elementor-widget-container\">\n\t\t\t\t\t\n\n\t        <section class=\"hiring-area\">\n            <div class=\"container\">\n                <div class=\"row no-gutters hire-bg-2\">\n                    <div class=\"col-xl-6 col-lg-6\">\n                        <div class=\"hire-img\">\n                            <img decoding=\"async\" class=\"img\" src=\"\" alt=\"\">\n                        <\/div>\n                    <\/div>\n                    <div class=\"col-xl-6 col-lg-6\">\n                        <div class=\"hire-text\">\n\t\t\t\t\t\t\t\t\t\t\t\t\t\t<h2 class=\"sec-title\">\u00c7ene ve Y\u00fcz T\u00fcm\u00f6r Cerrahisi<\/h2>\n\t\t\t\t\t\t\t\t\n                            <p style=\";  ;\">Lorem ipsum dolor sit amet, consectetur adipisicing elit, sed do eiusmod tempor incididunt ut labore et dolore magna aliqua. Ut enim ad minim veniam, quis nostrud exercitation ullamco laboris nisi ut aliquip ex ea commodo consequat. Duis aute irure dolor in reprehenderit in voluptate velit esse cillum dolore eu fugiat nulla pariatur. Excepteur sint occaecat cupidatat non proident, sunt in culpa qui officia deserunt mollit anim id est laborum. <\/p>\n\n                            <a class=\"btn btn-icon btn-icon-green ml-0\" href=\"#\" target=\"_blank\"><span>+<\/span> Detayl\u0131 Bilgi<\/a>\n                        <\/div>\n                    <\/div>\n                <\/div>\n                <div class=\"row no-gutters hire-bg\">\n                    <div class=\"col-xl-6 col-lg-6\">\n                        <div class=\"hire-text\">\n                            \t\t\t\t\t\t\t\t<h2 class=\"sec-title\">Dental \u0130mplantlar<\/h2>\n\t\t\t\t\t\t\t                            <p>Lorem ipsum dolor sit amet, consectetur adipisicing elit, sed do eiusmod tempor incididunt ut labore et dolore magna aliqua. Ut enim ad minim veniam, quis nostrud exercitation ullamco laboris nisi ut aliquip ex ea commodo consequat. Duis aute irure dolor in reprehenderit in voluptate velit esse cillum dolore eu fugiat nulla pariatur. Excepteur sint occaecat cupidatat non proident, sunt in culpa qui officia deserunt mollit anim id est laborum. <\/p>\n\n                            <a class=\"btn btn-icon ml-0\" href=\"#\" target=\"_blank\"><span>+<\/span> DETAYLI B\u0130LG\u0130<\/a>\n                        <\/div>\n                    <\/div>\n                    <div class=\"col-xl-6 col-lg-6\">\n                        <div class=\"hire-img\">\n                            <img decoding=\"async\" class=\"img\" src=\"\" alt=\"\">\n                        <\/div>\n                    <\/div>\n                <\/div>\n            <\/div>\n        <\/section>\n\t\t\t\n\t\t\t<\/div>\n\t\t\t\t<\/div>\n\t\t\t\t<div class=\"elementor-element elementor-element-f2ef6e1 elementor-align-left elementor-widget elementor-widget-bdevs-about-info\" data-id=\"f2ef6e1\" data-element_type=\"widget\" data-widget_type=\"bdevs-about-info.default\">\n\t\t\t\t<div class=\"elementor-widget-container\">\n\t\t\t\t\t\n\n\t        <section class=\"hiring-area\">\n            <div class=\"container\">\n                <div class=\"row no-gutters hire-bg-2\">\n                    <div class=\"col-xl-6 col-lg-6\">\n                        <div class=\"hire-img\">\n                            <img decoding=\"async\" class=\"img\" src=\"\" alt=\"\">\n                        <\/div>\n                    <\/div>\n                    <div class=\"col-xl-6 col-lg-6\">\n                        <div class=\"hire-text\">\n\t\t\t\t\t\t\t\t\t\t\t\t\t\t<h2 class=\"sec-title\">\u00c7ene ve Y\u00fcz Deformitelerinin Tedavisi<\/h2>\n\t\t\t\t\t\t\t\t\n                            <p style=\";  ;\">Lorem ipsum dolor sit amet, consectetur adipisicing elit, sed do eiusmod tempor incididunt ut labore et dolore magna aliqua. Ut enim ad minim veniam, quis nostrud exercitation ullamco laboris nisi ut aliquip ex ea commodo consequat. Duis aute irure dolor in reprehenderit in voluptate velit esse cillum dolore eu fugiat nulla pariatur. Excepteur sint occaecat cupidatat non proident, sunt in culpa qui officia deserunt mollit anim id est laborum. <\/p>\n\n                            <a class=\"btn btn-icon btn-icon-green ml-0\" href=\"#\" target=\"_blank\"><span>+<\/span> Detayl\u0131 Bilgi<\/a>\n                        <\/div>\n                    <\/div>\n                <\/div>\n                <div class=\"row no-gutters hire-bg\">\n                    <div class=\"col-xl-6 col-lg-6\">\n                        <div class=\"hire-text\">\n                                                        <p>Educated in Dentistry from Selcuk University in Turkey. Dr. Celal \u00c7and\u0131rl\u0131 Has trained at Selcuk University oral and maxillofacial surgery department and took his specialism. He took his postdoc. education in NHS Poole Hospital and NHS  Newcastle  freeman hospital in United Kingdom.\n\nHe began surgical parctice in 2009 in Ankara where he directed the oral and maxillofacial health program at Ankara Be\u015ftepe University Hospital.  He continued his surgical parctice in Karadeniz Technical University as the Head of Maxillofacial Surgery Department in Trabzon.\n\nIn 2018 he was appointed to Istanbul Health Science University Maxillofacial Surgery Department and performing his surcical parctise in this university hospital.\n\nDr. Celal is an international lecturer and author of textbooks and many peer reviewed papers on maxillofacial surgery. His particular expertice lies in surgical treatment of Temporomandibular Joint disorders. Orthognatic surgery and Maxillofacial tumor surgery.\n\nHe is a member of Europian Association of Craniomaxillofacial Surgery and Turkish association for Oral and Maxillofacial Surgery.<\/p>\n\n                            <a class=\"btn btn-icon ml-0\" href=\"#\" target=\"_blank\"><span>+<\/span> HAKKIMIZDA<\/a>\n                        <\/div>\n                    <\/div>\n                    <div class=\"col-xl-6 col-lg-6\">\n                        <div class=\"hire-img\">\n                            <img decoding=\"async\" class=\"img\" src=\"\" alt=\"\">\n                        <\/div>\n                    <\/div>\n                <\/div>\n            <\/div>\n        <\/section>\n\t\t\t\n\t\t\t<\/div>\n\t\t\t\t<\/div>\n\t\t\t\t\t<\/div>\n\t\t<\/div>\n\t\t\t\t\t\t\t<\/div>\n\t\t<\/section>\n\t\t\t\t\t\t\t<\/div>\n\t\t","protected":false},"excerpt":{"rendered":"<p>Prof. Dr. Celal \u00c7and\u0131rl\u0131 UYGULANAN \u0130\u015eLEMLER Ortognatik Cerrahi Lorem ipsum dolor sit amet, consectetur adipisicing elit, sed do eiusmod tempor incididunt ut labore et dolore magna aliqua. Ut enim ad minim veniam, quis nostrud exercitation ullamco laboris nisi ut aliquip ex ea commodo consequat. Duis aute irure dolor in reprehenderit in voluptate velit esse cillum [&hellip;]<\/p>\n","protected":false},"author":1,"featured_media":0,"parent":0,"menu_order":0,"comment_status":"closed","ping_status":"closed","template":"elementor_header_footer","meta":{"_acf_changed":false,"footnotes":""},"class_list":["post-367","page","type-page","status-publish","hentry"],"acf":[],"_links":{"self":[{"href":"https:\/\/wtdemo.link\/dental\/wp-json\/wp\/v2\/pages\/367","targetHints":{"allow":["GET"]}}],"collection":[{"href":"https:\/\/wtdemo.link\/dental\/wp-json\/wp\/v2\/pages"}],"about":[{"href":"https:\/\/wtdemo.link\/dental\/wp-json\/wp\/v2\/types\/page"}],"author":[{"embeddable":true,"href":"https:\/\/wtdemo.link\/dental\/wp-json\/wp\/v2\/users\/1"}],"replies":[{"embeddable":true,"href":"https:\/\/wtdemo.link\/dental\/wp-json\/wp\/v2\/comments?post=367"}],"version-history":[{"count":15,"href":"https:\/\/wtdemo.link\/dental\/wp-json\/wp\/v2\/pages\/367\/revisions"}],"predecessor-version":[{"id":2806,"href":"https:\/\/wtdemo.link\/dental\/wp-json\/wp\/v2\/pages\/367\/revisions\/2806"}],"wp:attachment":[{"href":"https:\/\/wtdemo.link\/dental\/wp-json\/wp\/v2\/media?parent=367"}],"curies":[{"name":"wp","href":"https:\/\/api.w.org\/{rel}","templated":true}]}}