{"id":29,"date":"2023-09-28T12:22:43","date_gmt":"2023-09-28T12:22:43","guid":{"rendered":"https:\/\/narihealth.tanshcreative.com\/?page_id=29"},"modified":"2024-04-15T18:49:50","modified_gmt":"2024-04-15T15:49:50","slug":"iletisim","status":"publish","type":"page","link":"https:\/\/wtdemo.link\/doktor1\/iletisim","title":{"rendered":"\u0130LET\u0130\u015e\u0130M"},"content":{"rendered":"\t\t<div data-elementor-type=\"wp-page\" data-elementor-id=\"29\" class=\"elementor elementor-29\">\n\t\t\t\t<div class=\"elementor-element elementor-element-688a531 e-flex e-con-boxed e-con e-parent\" data-id=\"688a531\" data-element_type=\"container\" data-settings=\"{&quot;background_background&quot;:&quot;classic&quot;}\" data-core-v316-plus=\"true\">\n\t\t\t\t\t<div class=\"e-con-inner\">\n\t\t<div class=\"elementor-element elementor-element-6da89e4 e-con-full e-flex e-con e-child\" data-id=\"6da89e4\" data-element_type=\"container\">\n\t\t\t\t<div class=\"elementor-element elementor-element-b6d4d39 elementor-widget__width-initial elementor-widget elementor-widget-dtr-section-intro\" data-id=\"b6d4d39\" data-element_type=\"widget\" data-widget_type=\"dtr-section-intro.default\">\n\t\t\t\t<div class=\"elementor-widget-container\">\n\t\t\t    <div class=\"dtr-section-intro text-left\">\r\n    \t                \t<h2 class=\"dtr-section-intro__heading\">Prof. Dr. Ali Metin Esen'e Ula\u015f\u0131n<\/h2>\r\n                    <\/div>\r\n\t\t<\/div>\n\t\t\t\t<\/div>\n\t\t\t\t<div class=\"elementor-element elementor-element-3526ead elementor-widget__width-initial elementor-widget elementor-widget-text-editor\" data-id=\"3526ead\" data-element_type=\"widget\" data-widget_type=\"text-editor.default\">\n\t\t\t\t<div class=\"elementor-widget-container\">\n\t\t\t<style>\/*! elementor - v3.20.0 - 10-04-2024 *\/\n.elementor-widget-text-editor.elementor-drop-cap-view-stacked .elementor-drop-cap{background-color:#69727d;color:#fff}.elementor-widget-text-editor.elementor-drop-cap-view-framed .elementor-drop-cap{color:#69727d;border:3px solid;background-color:transparent}.elementor-widget-text-editor:not(.elementor-drop-cap-view-default) .elementor-drop-cap{margin-top:8px}.elementor-widget-text-editor:not(.elementor-drop-cap-view-default) .elementor-drop-cap-letter{width:1em;height:1em}.elementor-widget-text-editor .elementor-drop-cap{float:left;text-align:center;line-height:1;font-size:50px}.elementor-widget-text-editor .elementor-drop-cap-letter{display:inline-block}<\/style>\t\t\t\t<p>\u00d6n inceleme ad\u0131na bilgilerinizi detayl\u0131 olarak iletiniz.<\/p>\t\t\t\t\t\t<\/div>\n\t\t\t\t<\/div>\n\t\t<div class=\"elementor-element elementor-element-055bb23 e-flex e-con-boxed e-con e-child\" data-id=\"055bb23\" data-element_type=\"container\" data-settings=\"{&quot;background_background&quot;:&quot;classic&quot;}\">\n\t\t\t\t\t<div class=\"e-con-inner\">\n\t\t\t\t<div class=\"elementor-element elementor-element-5bda017 elementor-widget elementor-widget-image\" data-id=\"5bda017\" data-element_type=\"widget\" data-widget_type=\"image.default\">\n\t\t\t\t<div class=\"elementor-widget-container\">\n\t\t\t<style>\/*! elementor - v3.20.0 - 10-04-2024 *\/\n.elementor-widget-image{text-align:center}.elementor-widget-image a{display:inline-block}.elementor-widget-image a img[src$=\".svg\"]{width:48px}.elementor-widget-image img{vertical-align:middle;display:inline-block}<\/style>\t\t\t\t\t\t\t\t\t\t<img fetchpriority=\"high\" decoding=\"async\" width=\"1024\" height=\"570\" src=\"https:\/\/wtdemo.link\/doktor1\/wp-content\/uploads\/2024\/04\/Lotus_Nisantasi_Daire_Secenekleri.jpg\" class=\"attachment-full size-full wp-image-5783\" alt=\"\" srcset=\"https:\/\/wtdemo.link\/doktor1\/wp-content\/uploads\/2024\/04\/Lotus_Nisantasi_Daire_Secenekleri.jpg 1024w, https:\/\/wtdemo.link\/doktor1\/wp-content\/uploads\/2024\/04\/Lotus_Nisantasi_Daire_Secenekleri-300x167.jpg 300w, https:\/\/wtdemo.link\/doktor1\/wp-content\/uploads\/2024\/04\/Lotus_Nisantasi_Daire_Secenekleri-768x428.jpg 768w\" sizes=\"(max-width: 1024px) 100vw, 1024px\" \/>\t\t\t\t\t\t\t\t\t\t\t\t\t<\/div>\n\t\t\t\t<\/div>\n\t\t<div class=\"elementor-element elementor-element-59ad580 e-flex e-con-boxed e-con e-child\" data-id=\"59ad580\" data-element_type=\"container\">\n\t\t\t\t\t<div class=\"e-con-inner\">\n\t\t\t\t<div class=\"elementor-element elementor-element-e54d55c elementor-widget elementor-widget-heading\" data-id=\"e54d55c\" data-element_type=\"widget\" data-widget_type=\"heading.default\">\n\t\t\t\t<div class=\"elementor-widget-container\">\n\t\t\t<style>\/*! elementor - v3.20.0 - 10-04-2024 *\/\n.elementor-heading-title{padding:0;margin:0;line-height:1}.elementor-widget-heading .elementor-heading-title[class*=elementor-size-]>a{color:inherit;font-size:inherit;line-height:inherit}.elementor-widget-heading .elementor-heading-title.elementor-size-small{font-size:15px}.elementor-widget-heading .elementor-heading-title.elementor-size-medium{font-size:19px}.elementor-widget-heading .elementor-heading-title.elementor-size-large{font-size:29px}.elementor-widget-heading .elementor-heading-title.elementor-size-xl{font-size:39px}.elementor-widget-heading .elementor-heading-title.elementor-size-xxl{font-size:59px}<\/style><h4 class=\"elementor-heading-title elementor-size-default\">Harbiye, Lotus Ni\u015fanta\u015f\u0131, \u015ei\u015fli \/ \u0130stanbul\n<\/h4>\t\t<\/div>\n\t\t\t\t<\/div>\n\t\t\t\t\t<\/div>\n\t\t\t\t<\/div>\n\t\t\t\t\t<\/div>\n\t\t\t\t<\/div>\n\t\t\t\t<\/div>\n\t\t<div class=\"elementor-element elementor-element-3ea839d e-con-full e-flex e-con e-child\" data-id=\"3ea839d\" data-element_type=\"container\" data-settings=\"{&quot;background_background&quot;:&quot;classic&quot;}\">\n\t\t<div class=\"elementor-element elementor-element-1a8d277 e-flex e-con-boxed e-con e-child\" data-id=\"1a8d277\" data-element_type=\"container\" data-settings=\"{&quot;background_background&quot;:&quot;classic&quot;}\">\n\t\t\t\t\t<div class=\"e-con-inner\">\n\t\t<div class=\"elementor-element elementor-element-62ae5e8 e-flex e-con-boxed e-con e-child\" data-id=\"62ae5e8\" data-element_type=\"container\" data-settings=\"{&quot;background_background&quot;:&quot;classic&quot;,&quot;shape_divider_bottom&quot;:&quot;split&quot;,&quot;shape_divider_bottom_negative&quot;:&quot;yes&quot;}\">\n\t\t\t\t\t<div class=\"e-con-inner\">\n\t\t\t\t<div class=\"elementor-shape elementor-shape-bottom\" data-negative=\"true\">\n\t\t\t<svg xmlns=\"http:\/\/www.w3.org\/2000\/svg\" viewBox=\"0 0 1000 20\" preserveAspectRatio=\"none\">\n\t<path class=\"elementor-shape-fill\" d=\"M519.8,0.2c-11,0-19.8,8.5-19.8,19c0-10.4-8.8-19-19.8-19L0,0v20h1000V0.2H519.8z\"\/>\n<\/svg>\t\t<\/div>\n\t\t\t\t<div class=\"elementor-element elementor-element-44ec195 elementor-widget elementor-widget-heading\" data-id=\"44ec195\" data-element_type=\"widget\" data-widget_type=\"heading.default\">\n\t\t\t\t<div class=\"elementor-widget-container\">\n\t\t\t<h3 class=\"elementor-heading-title elementor-size-default\">\u0130LET\u0130\u015e\u0130M FORMU<\/h3>\t\t<\/div>\n\t\t\t\t<\/div>\n\t\t\t\t\t<\/div>\n\t\t\t\t<\/div>\n\t\t<div class=\"elementor-element elementor-element-6d13156 e-con-full e-flex e-con e-child\" data-id=\"6d13156\" data-element_type=\"container\">\n\t\t\t\t<div class=\"elementor-element elementor-element-aecc66f elementor-widget elementor-widget-shortcode\" data-id=\"aecc66f\" data-element_type=\"widget\" data-widget_type=\"shortcode.default\">\n\t\t\t\t<div class=\"elementor-widget-container\">\n\t\t\t\t\t<div class=\"elementor-shortcode\">\n<div class=\"wpcf7 no-js\" id=\"wpcf7-f5415-o1\" lang=\"en-US\" dir=\"ltr\">\n<div class=\"screen-reader-response\"><p role=\"status\" aria-live=\"polite\" aria-atomic=\"true\"><\/p> <ul><\/ul><\/div>\n<form action=\"\/doktor1\/wp-json\/wp\/v2\/pages\/29#wpcf7-f5415-o1\" method=\"post\" class=\"wpcf7-form init\" aria-label=\"Contact form\" novalidate=\"novalidate\" data-status=\"init\">\n<div style=\"display: none;\">\n<input type=\"hidden\" name=\"_wpcf7\" value=\"5415\" \/>\n<input type=\"hidden\" name=\"_wpcf7_version\" value=\"5.9.3\" \/>\n<input type=\"hidden\" name=\"_wpcf7_locale\" value=\"en_US\" \/>\n<input type=\"hidden\" name=\"_wpcf7_unit_tag\" value=\"wpcf7-f5415-o1\" \/>\n<input type=\"hidden\" name=\"_wpcf7_container_post\" value=\"0\" \/>\n<input type=\"hidden\" name=\"_wpcf7_posted_data_hash\" value=\"\" \/>\n<\/div>\n<div class=\"dtr-form-row-2col clearfix\">\n\t<p class=\"dtr-form-column mb-10\"><label>\u0130sim Soyisim*<span class=\"wpcf7-form-control-wrap\" data-name=\"your-name\"><input size=\"40\" class=\"wpcf7-form-control wpcf7-text wpcf7-validates-as-required\" aria-required=\"true\" aria-invalid=\"false\" value=\"\" type=\"text\" name=\"your-name\" \/><\/span><\/label>\n\t<\/p>\n\t<p class=\"dtr-form-column mb-10\"><label>Email*<span class=\"wpcf7-form-control-wrap\" data-name=\"your-email\"><input size=\"40\" class=\"wpcf7-form-control wpcf7-email wpcf7-validates-as-required wpcf7-text wpcf7-validates-as-email\" aria-required=\"true\" aria-invalid=\"false\" value=\"\" type=\"email\" name=\"your-email\" \/><\/span><\/label>\n\t<\/p>\n<\/div>\n<p><label> Telefon* <span class=\"wpcf7-form-control-wrap\" data-name=\"phone-number\"><input size=\"40\" class=\"wpcf7-form-control wpcf7-tel wpcf7-validates-as-required wpcf7-text wpcf7-validates-as-tel\" aria-required=\"true\" aria-invalid=\"false\" value=\"\" type=\"tel\" name=\"phone-number\" \/><\/span> <\/label><br \/>\n<label> Konu<span class=\"wpcf7-form-control-wrap\" data-name=\"your-subject\"><input size=\"40\" class=\"wpcf7-form-control wpcf7-text\" aria-invalid=\"false\" value=\"\" type=\"text\" name=\"your-subject\" \/><\/span> <\/label><br \/>\n<label> Mesaj\u0131n\u0131z* <span class=\"wpcf7-form-control-wrap\" data-name=\"your-message\"><textarea cols=\"10\" rows=\"3\" class=\"wpcf7-form-control wpcf7-textarea wpcf7-validates-as-required\" aria-required=\"true\" aria-invalid=\"false\" name=\"your-message\"><\/textarea><\/span> <\/label>\n<\/p>\n<p><button type=\"submit\" class=\"dtr-btn dtr-btn--rounded\" aria-label=\"Send Button\">G\u00f6nder<\/button>\n<\/p><div class=\"wpcf7-response-output\" aria-hidden=\"true\"><\/div>\n<\/form>\n<\/div>\n<\/div>\n\t\t\t\t<\/div>\n\t\t\t\t<\/div>\n\t\t\t\t<\/div>\n\t\t\t\t\t<\/div>\n\t\t\t\t<\/div>\n\t\t\t\t<\/div>\n\t\t\t\t\t<\/div>\n\t\t\t\t<\/div>\n\t\t<div class=\"elementor-element elementor-element-e515768 e-flex e-con-boxed e-con e-parent\" data-id=\"e515768\" data-element_type=\"container\" data-core-v316-plus=\"true\">\n\t\t\t\t\t<div class=\"e-con-inner\">\n\t\t<div class=\"elementor-element elementor-element-d7ef314 e-flex e-con-boxed e-con e-child\" data-id=\"d7ef314\" data-element_type=\"container\">\n\t\t\t\t\t<div class=\"e-con-inner\">\n\t\t<div class=\"elementor-element elementor-element-7d8c71e e-con-full e-flex e-con e-child\" data-id=\"7d8c71e\" data-element_type=\"container\" data-settings=\"{&quot;background_background&quot;:&quot;classic&quot;}\">\n\t\t\t\t<div class=\"elementor-element elementor-element-acf246a elementor-widget elementor-widget-dtr-feature\" data-id=\"acf246a\" data-element_type=\"widget\" data-widget_type=\"dtr-feature.default\">\n\t\t\t\t<div class=\"elementor-widget-container\">\n\t\t\t        <div class=\"dtr-feature  dtr-feature--style-circle dtr-feature--icon-vert-align-top dtr-feature--text-left dtr-feature--icon-align-left dtr-feature--size-small \">\r\n            <div class=\"dtr-icon dtr-feature__icon\">\r\n             <svg aria-hidden=\"true\" class=\"e-font-icon-svg e-fas-phone-alt\" viewBox=\"0 0 512 512\" xmlns=\"http:\/\/www.w3.org\/2000\/svg\"><path d=\"M497.39 361.8l-112-48a24 24 0 0 0-28 6.9l-49.6 60.6A370.66 370.66 0 0 1 130.6 204.11l60.6-49.6a23.94 23.94 0 0 0 6.9-28l-48-112A24.16 24.16 0 0 0 122.6.61l-104 24A24 24 0 0 0 0 48c0 256.5 207.9 464 464 464a24 24 0 0 0 23.4-18.6l24-104a24.29 24.29 0 0 0-14.01-27.6z\"><\/path><\/svg>      \r\n            <\/div>\r\n                     <div class=\"dtr-feature__content\">\r\n                                       <h4 class=\"dtr-feature__heading\">Telefon<\/h4>\r\n                                       <div class=\"dtr-feature__text\">0552 852 99 81<\/div>\r\n                          <\/div>\r\n                <\/div>\r\n\t\t<\/div>\n\t\t\t\t<\/div>\n\t\t\t\t<\/div>\n\t\t<div class=\"elementor-element elementor-element-ec62446 e-con-full e-flex e-con e-child\" data-id=\"ec62446\" data-element_type=\"container\" data-settings=\"{&quot;background_background&quot;:&quot;classic&quot;}\">\n\t\t\t\t<div class=\"elementor-element elementor-element-7cf516b elementor-widget elementor-widget-dtr-feature\" data-id=\"7cf516b\" data-element_type=\"widget\" data-widget_type=\"dtr-feature.default\">\n\t\t\t\t<div class=\"elementor-widget-container\">\n\t\t\t        <div class=\"dtr-feature  dtr-feature--style-circle dtr-feature--icon-vert-align-top dtr-feature--text-left dtr-feature--icon-align-left dtr-feature--size-small \">\r\n            <div class=\"dtr-icon dtr-feature__icon\">\r\n             <svg aria-hidden=\"true\" class=\"e-font-icon-svg e-fas-envelope\" viewBox=\"0 0 512 512\" xmlns=\"http:\/\/www.w3.org\/2000\/svg\"><path d=\"M502.3 190.8c3.9-3.1 9.7-.2 9.7 4.7V400c0 26.5-21.5 48-48 48H48c-26.5 0-48-21.5-48-48V195.6c0-5 5.7-7.8 9.7-4.7 22.4 17.4 52.1 39.5 154.1 113.6 21.1 15.4 56.7 47.8 92.2 47.6 35.7.3 72-32.8 92.3-47.6 102-74.1 131.6-96.3 154-113.7zM256 320c23.2.4 56.6-29.2 73.4-41.4 132.7-96.3 142.8-104.7 173.4-128.7 5.8-4.5 9.2-11.5 9.2-18.9v-19c0-26.5-21.5-48-48-48H48C21.5 64 0 85.5 0 112v19c0 7.4 3.4 14.3 9.2 18.9 30.6 23.9 40.7 32.4 173.4 128.7 16.8 12.2 50.2 41.8 73.4 41.4z\"><\/path><\/svg>      \r\n            <\/div>\r\n                     <div class=\"dtr-feature__content\">\r\n                                       <h4 class=\"dtr-feature__heading\">E-Posta<\/h4>\r\n                                       <div class=\"dtr-feature__text\">info@profalimetinesen.com<\/div>\r\n                          <\/div>\r\n                <\/div>\r\n\t\t<\/div>\n\t\t\t\t<\/div>\n\t\t\t\t<\/div>\n\t\t<div class=\"elementor-element elementor-element-7c5fd6f e-con-full e-flex e-con e-child\" data-id=\"7c5fd6f\" data-element_type=\"container\" data-settings=\"{&quot;background_background&quot;:&quot;classic&quot;}\">\n\t\t\t\t<div class=\"elementor-element elementor-element-8f8d384 elementor-widget elementor-widget-dtr-feature\" data-id=\"8f8d384\" data-element_type=\"widget\" data-widget_type=\"dtr-feature.default\">\n\t\t\t\t<div class=\"elementor-widget-container\">\n\t\t\t        <div class=\"dtr-feature  dtr-feature--style-circle dtr-feature--icon-vert-align-top dtr-feature--text-left dtr-feature--icon-align-left dtr-feature--size-small \">\r\n            <div class=\"dtr-icon dtr-feature__icon\">\r\n             <svg aria-hidden=\"true\" class=\"e-font-icon-svg e-fas-clock\" viewBox=\"0 0 512 512\" xmlns=\"http:\/\/www.w3.org\/2000\/svg\"><path d=\"M256,8C119,8,8,119,8,256S119,504,256,504,504,393,504,256,393,8,256,8Zm92.49,313h0l-20,25a16,16,0,0,1-22.49,2.5h0l-67-49.72a40,40,0,0,1-15-31.23V112a16,16,0,0,1,16-16h32a16,16,0,0,1,16,16V256l58,42.5A16,16,0,0,1,348.49,321Z\"><\/path><\/svg>      \r\n            <\/div>\r\n                     <div class=\"dtr-feature__content\">\r\n                                       <h4 class=\"dtr-feature__heading\">\u00c7al\u0131\u015fma Saatleri<\/h4>\r\n                                       <div class=\"dtr-feature__text\">Pztsi-Cmtsi: 8:00  - 18:00 <br> <br>Pazar: Kapal\u0131<\/div>\r\n                          <\/div>\r\n                <\/div>\r\n\t\t<\/div>\n\t\t\t\t<\/div>\n\t\t\t\t<\/div>\n\t\t\t\t\t<\/div>\n\t\t\t\t<\/div>\n\t\t\t\t\t<\/div>\n\t\t\t\t<\/div>\n\t\t\t\t<\/div>\n\t\t","protected":false},"excerpt":{"rendered":"<p>Prof. Dr. Ali Metin Esen&#8217;e Ula\u015f\u0131n \u00d6n inceleme ad\u0131na bilgilerinizi detayl\u0131 olarak iletiniz. Harbiye, Lotus Ni\u015fanta\u015f\u0131, \u015ei\u015fli \/ \u0130stanbul \u0130LET\u0130\u015e\u0130M FORMU Telefon 0552 852 99 81 E-Posta info@profalimetinesen.com \u00c7al\u0131\u015fma Saatleri Pztsi-Cmtsi: 8:00 &#8211; 18:00 Pazar: Kapal\u0131<\/p>\n","protected":false},"author":1,"featured_media":0,"parent":0,"menu_order":0,"comment_status":"closed","ping_status":"closed","template":"elementor_header_footer","meta":{"footnotes":""},"class_list":["post-29","page","type-page","status-publish","hentry"],"_links":{"self":[{"href":"https:\/\/wtdemo.link\/doktor1\/wp-json\/wp\/v2\/pages\/29","targetHints":{"allow":["GET"]}}],"collection":[{"href":"https:\/\/wtdemo.link\/doktor1\/wp-json\/wp\/v2\/pages"}],"about":[{"href":"https:\/\/wtdemo.link\/doktor1\/wp-json\/wp\/v2\/types\/page"}],"author":[{"embeddable":true,"href":"https:\/\/wtdemo.link\/doktor1\/wp-json\/wp\/v2\/users\/1"}],"replies":[{"embeddable":true,"href":"https:\/\/wtdemo.link\/doktor1\/wp-json\/wp\/v2\/comments?post=29"}],"version-history":[{"count":5,"href":"https:\/\/wtdemo.link\/doktor1\/wp-json\/wp\/v2\/pages\/29\/revisions"}],"predecessor-version":[{"id":5786,"href":"https:\/\/wtdemo.link\/doktor1\/wp-json\/wp\/v2\/pages\/29\/revisions\/5786"}],"wp:attachment":[{"href":"https:\/\/wtdemo.link\/doktor1\/wp-json\/wp\/v2\/media?parent=29"}],"curies":[{"name":"wp","href":"https:\/\/api.w.org\/{rel}","templated":true}]}}