{"id":5679,"date":"2024-04-15T18:00:07","date_gmt":"2024-04-15T15:00:07","guid":{"rendered":"https:\/\/wtdemo.link\/doktor1\/?page_id=5679"},"modified":"2024-04-15T18:00:36","modified_gmt":"2024-04-15T15:00:36","slug":"sah-damari-karotis-stent-islemleri","status":"publish","type":"page","link":"https:\/\/wtdemo.link\/doktor1\/sah-damari-karotis-stent-islemleri","title":{"rendered":"\u015eah Damar\u0131 (karotis stent) \u0130\u015flemleri"},"content":{"rendered":"\t\t<div data-elementor-type=\"wp-page\" data-elementor-id=\"5679\" class=\"elementor elementor-5679\">\n\t\t\t\t<div class=\"elementor-element elementor-element-640465ed e-flex e-con-boxed e-con e-parent\" data-id=\"640465ed\" data-element_type=\"container\" data-core-v316-plus=\"true\">\n\t\t\t\t\t<div class=\"e-con-inner\">\n\t\t<div class=\"elementor-element elementor-element-41e03b99 e-flex e-con-boxed e-con e-child\" data-id=\"41e03b99\" data-element_type=\"container\">\n\t\t\t\t\t<div class=\"e-con-inner\">\n\t\t\t\t<div class=\"elementor-element elementor-element-4ab4931e elementor-widget elementor-widget-text-editor\" data-id=\"4ab4931e\" data-element_type=\"widget\" data-widget_type=\"text-editor.default\">\n\t\t\t\t<div class=\"elementor-widget-container\">\n\t\t\t<style>\/*! elementor - v3.20.0 - 10-04-2024 *\/\n.elementor-widget-text-editor.elementor-drop-cap-view-stacked .elementor-drop-cap{background-color:#69727d;color:#fff}.elementor-widget-text-editor.elementor-drop-cap-view-framed .elementor-drop-cap{color:#69727d;border:3px solid;background-color:transparent}.elementor-widget-text-editor:not(.elementor-drop-cap-view-default) .elementor-drop-cap{margin-top:8px}.elementor-widget-text-editor:not(.elementor-drop-cap-view-default) .elementor-drop-cap-letter{width:1em;height:1em}.elementor-widget-text-editor .elementor-drop-cap{float:left;text-align:center;line-height:1;font-size:50px}.elementor-widget-text-editor .elementor-drop-cap-letter{display:inline-block}<\/style>\t\t\t\t<p>\u015eah damar\u0131, beyne oksijen ve besin ta\u015f\u0131yan \u00f6nemli bir damard\u0131r. Karotis stent, \u015fah damar\u0131nda olu\u015fan daralmalar\u0131n tedavisinde kullan\u0131lan bir y\u00f6ntemdir.<\/p><p><strong>Karotis Stent Nedir?<\/strong><\/p><p>Karotis stent, \u015fah damar\u0131nda meydana gelen daralmalar\u0131n a\u00e7\u0131lmas\u0131 ve damar\u0131n normal kan ak\u0131\u015f\u0131n\u0131n sa\u011flanmas\u0131 i\u00e7in kullan\u0131lan bir t\u0131bbi cihazd\u0131r. Stent, genellikle metal bir t\u00fcp \u015feklindedir ve daralm\u0131\u015f olan \u015fah damar\u0131n\u0131n i\u00e7ine yerle\u015ftirilerek geni\u015fletilir. Bu i\u015flem, daralman\u0131n neden oldu\u011fu kan ak\u0131\u015f\u0131n\u0131n azalmas\u0131n\u0131 veya durmas\u0131n\u0131 engeller, b\u00f6ylece beyne yeterli oksijen ve besin ta\u015f\u0131nmas\u0131n\u0131 sa\u011flar.<\/p><p><strong>Karotis Stent Nas\u0131l Yap\u0131l\u0131r?<\/strong><\/p><p>Karotis stent i\u015flemi genellikle bir anjiyografi laboratuvar\u0131nda ger\u00e7ekle\u015ftirilir. \u0130\u015flem \u00f6ncesi hastaya lokal anestezi uygulan\u0131r. Ard\u0131ndan, kas\u0131k veya kol damarlar\u0131ndan birine k\u00fc\u00e7\u00fck bir kesi yap\u0131l\u0131r ve kateter yerle\u015ftirilir. Kateter, daralma b\u00f6lgesine do\u011fru ilerletilir ve daralman\u0131n oldu\u011fu b\u00f6lgeye ula\u015f\u0131l\u0131r. Daralma b\u00f6lgesine ula\u015f\u0131ld\u0131\u011f\u0131nda, stent kateter \u00fczerinde ta\u015f\u0131narak daralma b\u00f6lgesinin i\u00e7ine yerle\u015ftirilir. Stent, geni\u015fletildi\u011finde daralma a\u00e7\u0131l\u0131r ve damar normal kan ak\u0131\u015f\u0131na izin verir. \u0130\u015flem tamamland\u0131ktan sonra kateter \u00e7\u0131kar\u0131l\u0131r ve kesi kapat\u0131l\u0131r.<\/p><p><strong>\u015eah Damar\u0131na Stent Tak\u0131lmas\u0131 Riskli mi?<\/strong><\/p><p>Karotis stent i\u015flemi, her t\u0131bbi m\u00fcdahalede oldu\u011fu gibi baz\u0131 riskleri i\u00e7erir. Bunlar aras\u0131nda damar yaralanmas\u0131, enfeksiyon, kan p\u0131ht\u0131s\u0131 olu\u015fumu, stent migrasyonu veya restenoz (daralman\u0131n tekrar olu\u015fmas\u0131) gibi komplikasyonlar bulunabilir. Ancak, bu risklerin olu\u015fma olas\u0131l\u0131\u011f\u0131 genellikle d\u00fc\u015f\u00fckt\u00fcr. \u0130\u015flemi ger\u00e7ekle\u015ftiren Prof. Dr. Ali Metin Esen, gerekli \u00f6nlemleri alarak riskleri minimize etmeye \u00e7al\u0131\u015f\u0131r ve hasta g\u00fcvenli\u011fini sa\u011flar.<\/p><p><strong>Stent Tak\u0131ld\u0131ktan Sonra Hastanede Yat\u0131\u015f S\u00fcresi<\/strong><\/p><p>Stent tak\u0131lmas\u0131n\u0131n ard\u0131ndan hastalar genellikle birka\u00e7 g\u00fcn hastanede g\u00f6zlem alt\u0131nda tutulurlar. Bu s\u00fcre boyunca doktorlar, hastan\u0131n durumunu yak\u0131ndan takip eder ve olas\u0131 komplikasyonlar\u0131 erken tespit etmeye \u00e7al\u0131\u015f\u0131r. Hastan\u0131n durumuna ba\u011fl\u0131 olarak, hastanede kalma s\u00fcresi de\u011fi\u015febilir. Genellikle hastalar, i\u015flem sonras\u0131 d\u00f6nemde dinlenmeleri, kan bas\u0131nc\u0131n\u0131 kontrol alt\u0131nda tutmalar\u0131 ve ila\u00e7lar\u0131n\u0131 d\u00fczenli olarak kullanmalar\u0131 \u00f6nerilir.<\/p><p><strong>Stent Tak\u0131ld\u0131ktan Sonra Hasta Nelere Dikkat Etmeli?<\/strong><\/p><p>Stent tak\u0131ld\u0131ktan sonra hasta, doktorun \u00f6nerilerine uyarak dikkatli bir \u015fekilde hareket etmelidir. Baz\u0131 genel \u00f6neriler \u015funlard\u0131r:<\/p><p><strong>Fiziksel aktiviteler:<\/strong> \u0130\u015flem sonras\u0131 belirli bir s\u00fcre boyunca a\u011f\u0131r fiziksel aktivitelerden ka\u00e7\u0131n\u0131lmal\u0131d\u0131r. Doktorun \u00f6nerileri do\u011frultusunda yava\u015f yava\u015f normal aktivitelere d\u00f6n\u00fclebilir.<\/p><p><strong>\u0130la\u00e7lar:<\/strong> Hasta, doktorun \u00f6nerdi\u011fi \u015fekilde ila\u00e7lar\u0131n\u0131 d\u00fczenli olarak kullanmal\u0131d\u0131r. Kan inceltici veya tansiyon d\u00fc\u015f\u00fcr\u00fcc\u00fc gibi ila\u00e7lar, damar sa\u011fl\u0131\u011f\u0131n\u0131 korumak i\u00e7in \u00f6nemlidir.<\/p><p><strong>Sigara b\u0131rakma:<\/strong> Sigara kullan\u0131m\u0131, \u015fah damar\u0131 daralmalar\u0131n\u0131n olu\u015fumunu h\u0131zland\u0131rabilir ve komplikasyon riskini art\u0131rabilir. Stent tak\u0131ld\u0131ktan sonra sigara kullan\u0131m\u0131 kesinlikle b\u0131rak\u0131lmal\u0131d\u0131r.<\/p><p><strong>Sa\u011fl\u0131kl\u0131 beslenme:<\/strong> Dengeli ve sa\u011fl\u0131kl\u0131 bir beslenme, damar sa\u011fl\u0131\u011f\u0131n\u0131 korumak i\u00e7in \u00f6nemlidir. D\u00fc\u015f\u00fck ya\u011fl\u0131, d\u00fc\u015f\u00fck tuzlu ve yeterli miktarda meyve, sebze, tam tah\u0131llar ve protein i\u00e7eren bir beslenme d\u00fczeni benimsenmelidir.<\/p><p><strong>D\u00fczenli kontroller:<\/strong> Stent tak\u0131ld\u0131ktan sonra d\u00fczenli doktor kontrollerine devam etmek \u00f6nemlidir. Bu kontrollerde stentin durumu ve genel sa\u011fl\u0131k durumu de\u011ferlendirilir.<\/p><p><strong>\u0130\u015faretlenmi\u015f semptomlara dikkat:<\/strong> Stent tak\u0131ld\u0131ktan sonra belirli semptomlar ortaya \u00e7\u0131kabilir. Bunlar aras\u0131nda ani ba\u015f a\u011fr\u0131s\u0131, g\u00f6rme veya konu\u015fma problemleri, kol veya bacaklarda g\u00fc\u00e7s\u00fczl\u00fck veya uyu\u015fma gibi beyin dola\u015f\u0131m\u0131yla ilgili sorunlar yer alabilir. Bu semptomlar ortaya \u00e7\u0131kt\u0131\u011f\u0131nda derhal doktora ba\u015fvurulmal\u0131d\u0131r.<\/p><p><strong>Sonu\u00e7<\/strong><\/p><p>Karotis stent, \u015fah damar\u0131nda daralma olan hastalar\u0131n tedavisinde etkili bir y\u00f6ntemdir. \u0130\u015flem, daralman\u0131n a\u00e7\u0131lmas\u0131 ve normal kan ak\u0131\u015f\u0131n\u0131n sa\u011flanmas\u0131 amac\u0131yla ger\u00e7ekle\u015ftirilir. Her t\u0131bbi m\u00fcdahalede oldu\u011fu gibi, karotis stent i\u015flemi de baz\u0131 riskleri i\u00e7erir, ancak bu riskler genellikle d\u00fc\u015f\u00fckt\u00fcr. Stent tak\u0131ld\u0131ktan sonra hastalar\u0131n Prof. Dr. Ali Metin Esen \u00f6nerilerine dikkat etmeleri, d\u00fczenli kontrolleri takip etmeleri ve sa\u011fl\u0131kl\u0131 ya\u015fam al\u0131\u015fkanl\u0131klar\u0131n\u0131 s\u00fcrd\u00fcrmeleri \u00f6nemlidir.<\/p><p>\u00a0<\/p><p><strong>Karotis Stent Nedir?<\/strong><\/p><p>Karotis stent, \u015fah damar\u0131nda olu\u015fan daralmalar\u0131n tedavisinde kullan\u0131lan bir t\u0131bbi cihazd\u0131r. \u015eah damar\u0131, boyundan ge\u00e7erek beyne kan ta\u015f\u0131yan \u00f6nemli bir damard\u0131r. Ancak, baz\u0131 durumlarda bu damarda daralmalar meydana gelebilir.<\/p><p>Daralma genellikle ateroskleroz ad\u0131 verilen bir durumla ili\u015fkilidir. Ateroskleroz, arter duvarlar\u0131nda kolesterol, ya\u011f ve di\u011fer maddelerin birikmesiyle olu\u015fan plaklar\u0131n olu\u015ftu\u011fu bir durumdur. Bu plaklar zamanla b\u00fcy\u00fcyebilir ve \u015fah damar\u0131nda daralmalara neden olabilir. Daralma sonucunda kan ak\u0131\u015f\u0131 azal\u0131r ve beyne yeterli miktarda oksijen ve besin ta\u015f\u0131nmas\u0131 engellenebilir. Bu durum, inme gibi ciddi sa\u011fl\u0131k sorunlar\u0131na yol a\u00e7abilir.<\/p><p>Karotis stent i\u015flemi, daralm\u0131\u015f olan \u015fah damar\u0131n\u0131n a\u00e7\u0131lmas\u0131 ve normal kan ak\u0131\u015f\u0131n\u0131n sa\u011flanmas\u0131 amac\u0131yla uygulan\u0131r. \u0130\u015flem genellikle anjiyografi laboratuvar\u0131nda ger\u00e7ekle\u015ftirilir. Hastaya lokal anestezi uygulan\u0131r ve kas\u0131k veya kol damarlar\u0131ndan birine k\u00fc\u00e7\u00fck bir kesi yap\u0131l\u0131r. Ard\u0131ndan, kateter ad\u0131 verilen ince bir t\u00fcp yerle\u015ftirilir ve daralma b\u00f6lgesine do\u011fru ilerletilir.<\/p><p>Daralma b\u00f6lgesine ula\u015f\u0131ld\u0131\u011f\u0131nda, stent ad\u0131 verilen metal bir t\u00fcp kateter \u00fczerinde ta\u015f\u0131narak daralma b\u00f6lgesinin i\u00e7ine yerle\u015ftirilir. Stent, geni\u015fletildi\u011finde daralma a\u00e7\u0131l\u0131r ve damar\u0131n i\u00e7 \u00e7ap\u0131 geni\u015fler. Bu sayede kan ak\u0131\u015f\u0131 normal seviyeye d\u00f6ner ve beyne yeterli oksijen ve besin ta\u015f\u0131nmas\u0131 sa\u011flan\u0131r. Stent, genellikle kal\u0131c\u0131 olarak yerinde kal\u0131r ve damar\u0131n a\u00e7\u0131k kalmas\u0131n\u0131 sa\u011flar.<\/p><p>Karotis stent i\u015flemi, cerrahi bir m\u00fcdahaleye g\u00f6re daha az invazivdir ve hasta i\u00e7in daha az risk ta\u015f\u0131r. \u0130\u015flem sonras\u0131 hastanede k\u0131sa bir s\u00fcre g\u00f6zlem alt\u0131nda tutulabilir ve genellikle h\u0131zl\u0131 bir iyile\u015fme s\u00fcreci vard\u0131r. Ancak, her t\u0131bbi m\u00fcdahalede oldu\u011fu gibi, karotis stent i\u015flemi de baz\u0131 riskleri i\u00e7erir. Bunlar aras\u0131nda damar yaralanmas\u0131, enfeksiyon, kan p\u0131ht\u0131s\u0131 olu\u015fumu, stent migrasyonu veya restenoz (daralman\u0131n tekrar olu\u015fmas\u0131) gibi komplikasyonlar bulunabilir. Bu nedenle, i\u015flemi ger\u00e7ekle\u015ftiren Prof. Dr. Ali Metin Esen, gerekli \u00f6nlemleri alarak riskleri minimize etmeye \u00e7al\u0131\u015f\u0131r ve hasta g\u00fcvenli\u011fini sa\u011flar.<\/p><p>\u00a0<\/p><p><strong>Karotis Stent Nas\u0131l Yap\u0131l\u0131r?<\/strong><\/p><p>Karotis stent i\u015flemi a\u015fa\u011f\u0131daki ad\u0131mlar\u0131 i\u00e7erir:<\/p><p><strong>Anestezi:<\/strong> \u0130\u015flem genellikle lokal anestezi alt\u0131nda ger\u00e7ekle\u015ftirilir. Bu, i\u015flem yap\u0131lan b\u00f6lgenin uyu\u015fturulmas\u0131 anlam\u0131na gelir. B\u00f6ylece hastan\u0131n ac\u0131 veya a\u011fr\u0131 hissetmesi engellenir. Nadiren, genel anestezi uygulanabilir.<\/p><p><strong>Eri\u015fim noktas\u0131n\u0131n belirlenmesi:<\/strong> \u0130\u015flemin ba\u015flamas\u0131 i\u00e7in kateterin \u015fah damar\u0131na ula\u015fmas\u0131 gerekmektedir. Bu nedenle, genellikle kas\u0131k veya kol damarlar\u0131ndan biri se\u00e7ilir ve steril bir \u015fekilde haz\u0131rlan\u0131r.<\/p><p><strong>Cilt kesisi ve damar eri\u015fimi:<\/strong> Se\u00e7ilen b\u00f6lgede k\u00fc\u00e7\u00fck bir cilt kesisi yap\u0131l\u0131r. Ard\u0131ndan, damar\u0131n i\u00e7ine kateterin yerle\u015ftirilece\u011fi bir eri\u015fim noktas\u0131 olu\u015fturmak i\u00e7in damar a\u00e7\u0131l\u0131r.<\/p><p><strong>Kateter ilerletme:<\/strong> \u0130\u015flem i\u00e7in ince bir kateter, kesiden yerle\u015ftirilen bir rehber tel ile damara y\u00f6nlendirilir. Kateter, \u015fah damar\u0131na do\u011fru ilerletilir.<\/p><p><strong>Daralma b\u00f6lgesinin tespiti:<\/strong> Kateterin ilerlemesi s\u0131ras\u0131nda, daralm\u0131\u015f olan \u015fah damar\u0131n\u0131n yeri ve derecesi anjiyografi y\u00f6ntemiyle belirlenir. Anjiyografi, kontrast madde kullanarak damarlar\u0131n g\u00f6r\u00fcnt\u00fclenmesini sa\u011flayan bir r\u00f6ntgen teknikidir.<\/p><p><strong>Stent yerle\u015ftirme:<\/strong> Daralma b\u00f6lgesine ula\u015f\u0131ld\u0131\u011f\u0131nda, stent ad\u0131 verilen metal t\u00fcp kateter \u00fczerinde ta\u015f\u0131narak daralma b\u00f6lgesinin i\u00e7ine yerle\u015ftirilir. Stent, s\u0131k\u0131\u015ft\u0131r\u0131lm\u0131\u015f haldeyken kateter i\u00e7inde bulunur. Daralma b\u00f6lgesine gelindi\u011finde, stent geni\u015fletilir ve damar\u0131n i\u00e7 \u00e7ap\u0131n\u0131 geni\u015fleterek daralman\u0131n a\u00e7\u0131lmas\u0131n\u0131 sa\u011flar.<\/p><p><strong>Stent geni\u015fletme:<\/strong> Stent, genellikle balon ad\u0131 verilen bir mekanizma yard\u0131m\u0131yla geni\u015fletilir. Balon, stentin i\u00e7inde yer alan bir kanal\u0131n i\u00e7ine yerle\u015ftirilir ve \u015fi\u015firilir. Bu, stentin geni\u015flemesini ve daralman\u0131n a\u00e7\u0131lmas\u0131n\u0131 sa\u011flar.<\/p><p><strong>Stentin yerinde kalmas\u0131:<\/strong> Stent, geni\u015fletildikten sonra normal kan ak\u0131\u015f\u0131n\u0131 sa\u011flamak i\u00e7in daralma b\u00f6lgesinde kal\u0131c\u0131 olarak yerle\u015ftirilir. Stent, damar\u0131n i\u00e7 y\u00fczeyine oturarak stabil hale gelir ve damar\u0131n a\u00e7\u0131k kalmas\u0131n\u0131 sa\u011flar.<\/p><p><strong>\u0130\u015flem sonras\u0131:<\/strong> Stent yerle\u015ftirildikten sonra kateter ve rehber tel \u00e7\u0131kar\u0131l\u0131r. Kesilen b\u00f6lge steril bir \u015fekilde kapat\u0131l\u0131r. Hastan\u0131n kan bas\u0131nc\u0131, nab\u0131z ve genel durumu yak\u0131ndan takip edilir. Hastanede k\u0131sa bir s\u00fcre g\u00f6zlem alt\u0131nda tutulabilir.<\/p><p>Karotis stent i\u015flemi genellikle 1-2 saat s\u00fcrer. \u0130\u015flem sonras\u0131nda hastalar genellikle h\u0131zl\u0131 bir \u015fekilde iyile\u015fir ve normal g\u00fcnl\u00fck aktivitelerine d\u00f6nebilir. Ancak, her hasta farkl\u0131 oldu\u011fundan, iyile\u015fme s\u00fcreci ve \u00f6neriler Prof. Dr. Ali Metin Esen taraf\u0131ndan belirlenir.<\/p><p>\u00a0<\/p><p><strong>\u015eah Damar\u0131na Stent Tak\u0131lmas\u0131 Riskli mi?<\/strong><\/p><p>Karotis stent i\u015flemi, bir\u00e7ok hastada ba\u015far\u0131yla uygulanan bir tedavi y\u00f6ntemidir. Ancak, her t\u0131bbi m\u00fcdahalede oldu\u011fu gibi, baz\u0131 riskler ve potansiyel komplikasyonlar bulunmaktad\u0131r. \u0130\u015flemi ger\u00e7ekle\u015ftiren uzman hekimler, bu riskleri minimize etmek i\u00e7in gerekli \u00f6nlemleri al\u0131r ve hastalar\u0131 yak\u0131ndan takip eder.<\/p><p>\u0130\u015flem s\u0131ras\u0131nda ortaya \u00e7\u0131kabilecek riskler \u015funlar\u0131 i\u00e7erebilir:<\/p><p><strong>Damar yaralanmas\u0131:<\/strong> Kateterin yerle\u015ftirildi\u011fi b\u00f6lgede damar yaralanmas\u0131 meydana gelebilir. Bu, kanamaya ve hematoma (kan birikimi) olu\u015fumuna yol a\u00e7abilir. Ancak, deneyimli bir hekim taraf\u0131ndan yap\u0131lan i\u015flemlerde bu risk minimaldir.<\/p><p><strong>Enfeksiyon:<\/strong> \u0130\u015flem s\u0131ras\u0131nda veya sonras\u0131nda enfeksiyon riski bulunur. Steril tekniklerin kullan\u0131lmas\u0131 ve enfeksiyon \u00f6nleme tedbirlerinin al\u0131nmas\u0131 bu riski azalt\u0131r.<\/p><p><strong>Kan p\u0131ht\u0131s\u0131 olu\u015fumu:<\/strong> Stent yerle\u015ftirildikten sonra kan p\u0131ht\u0131lar\u0131 olu\u015fabilir. Bu p\u0131ht\u0131lar, damar\u0131n t\u0131kanmas\u0131na veya ba\u015fka bir yerde p\u0131ht\u0131 olu\u015fumuna yol a\u00e7abilir. Antikoag\u00fclan ila\u00e7lar veya kan inceltici ila\u00e7lar kullan\u0131larak bu risk azalt\u0131labilir.<\/p><p><strong>Alerjik reaksiyonlar:<\/strong> Kontrast madde kullan\u0131m\u0131 s\u0131ras\u0131nda nadir durumlarda alerjik reaksiyonlar ortaya \u00e7\u0131kabilir. Bu nedenle, hastalar\u0131n alerjik \u00f6yk\u00fcs\u00fc dikkate al\u0131n\u0131r ve gerekli \u00f6nlemler al\u0131n\u0131r.<\/p><p><strong>Stent migrasyonu veya restenoz:<\/strong> Nadir durumlarda, stent yerinden kayabilir veya daralma tekrar olu\u015fabilir. Bu durumlar, tekrarlayan daralmalar\u0131 veya kan ak\u0131\u015f\u0131n\u0131n bozulmas\u0131n\u0131 tetikleyebilir. D\u00fczenli takip ve gerekirse giri\u015fimsel m\u00fcdahalelerle bu riskler kontrol alt\u0131nda tutulur.<\/p><p>Karotis stent i\u015flemi genellikle hasta i\u00e7in daha az riskli bir se\u00e7enek olarak kabul edilir. Ancak, her hastan\u0131n durumu farkl\u0131d\u0131r ve riskler bireysel olarak de\u011ferlendirilmelidir. \u0130\u015flemi ger\u00e7ekle\u015ftirecek Prof. Dr. Ali Metin Esen, hastan\u0131n genel sa\u011fl\u0131k durumunu ve risk fakt\u00f6rlerini dikkate alarak en uygun tedavi plan\u0131n\u0131 belirler ve hastay\u0131 bu s\u00fcre\u00e7te bilgilendirir.<\/p><p>\u00a0<\/p><p><strong>Stent Tak\u0131ld\u0131ktan Sonra Hastanede Yat\u0131\u015f S\u00fcresi<\/strong><\/p><p>Karotis stent i\u015fleminden sonra hastanede kalma s\u00fcresi, hastan\u0131n durumuna, i\u015flem s\u0131ras\u0131ndaki komplikasyonlara ve hastan\u0131n genel sa\u011fl\u0131k durumuna ba\u011fl\u0131 olarak de\u011fi\u015febilir. Genellikle hastalar, i\u015flem sonras\u0131 birka\u00e7 g\u00fcn boyunca hastanede g\u00f6zlem alt\u0131nda tutulurlar. Bu s\u00fcre, doktorun hastan\u0131n durumunu yak\u0131ndan takip etmesi ve olas\u0131 komplikasyonlar\u0131 erken tespit etmesi i\u00e7in \u00f6nemlidir.<\/p><p>Hastanede kalma s\u00fcresi, hastan\u0131n genel sa\u011fl\u0131k durumuna, i\u015flem s\u0131ras\u0131nda olu\u015fabilecek komplikasyonlara ve hastan\u0131n iyile\u015fme h\u0131z\u0131na ba\u011fl\u0131 olarak de\u011fi\u015febilir. \u00d6rne\u011fin, ileri ya\u015f, e\u015flik eden sa\u011fl\u0131k sorunlar\u0131 veya daha \u00f6nce ge\u00e7irilmi\u015f komplikasyonlar gibi fakt\u00f6rler hastan\u0131n daha uzun s\u00fcre hastanede kalmas\u0131n\u0131 gerektirebilir.<\/p><p>Hastanede kalma s\u00fcresi boyunca, hastan\u0131n kan bas\u0131nc\u0131, nab\u0131z, yara iyile\u015fmesi ve genel durumu yak\u0131ndan takip edilir. \u0130\u015flem sonras\u0131 kan inceltici ila\u00e7lar veya antikoag\u00fclanlar kullan\u0131l\u0131yorsa, kanama riskinin de\u011ferlendirilmesi ve d\u00fczenli kan testleri yap\u0131lmas\u0131 da \u00f6nemlidir.<\/p><p>Hastaneden taburcu edildikten sonra, hastalar genellikle d\u00fczenli kontroller ve takip ziyaretleri i\u00e7in doktorlar\u0131 taraf\u0131ndan y\u00f6nlendirilirler. Bu kontrollerde, stentin durumu ve hastan\u0131n genel sa\u011fl\u0131k durumu de\u011ferlendirilir ve gerekirse ila\u00e7 tedavisi veya di\u011fer tedavi y\u00f6ntemleri ayarlan\u0131r.<\/p><p>Hastanede kalma s\u00fcresi hastadan hastaya de\u011fi\u015febilir, bu nedenle Prof. Dr. Ali Metin Esen size \u00f6zg\u00fc durumu hakk\u0131nda daha fazla bilgi verecektir.<\/p><p>\u00a0<\/p><p><strong>Stent Tak\u0131ld\u0131ktan Sonra Hasta Nelere Dikkat Etmeli?<\/strong><\/p><p>Stent tak\u0131ld\u0131ktan sonra hastalar\u0131n dikkat etmeleri gereken baz\u0131 \u00f6nemli noktalar vard\u0131r. \u0130\u015fte bunlardan baz\u0131lar\u0131:<\/p><p><strong>\u0130la\u00e7lar\u0131n\u0131 d\u00fczenli olarak kullanmak:<\/strong> Doktorunuz taraf\u0131ndan re\u00e7ete edilen ila\u00e7lar\u0131 d\u00fczenli olarak kullanman\u0131z \u00f6nemlidir. Bu ila\u00e7lar, kan p\u0131ht\u0131lar\u0131n\u0131 \u00f6nlemek, kan bas\u0131nc\u0131n\u0131 kontrol alt\u0131nda tutmak veya kolesterol seviyelerini d\u00fc\u015f\u00fcrmek gibi ama\u00e7larla kullan\u0131labilir. \u0130la\u00e7lar\u0131n\u0131z\u0131 d\u00fczenli olarak ve doktorunuzun talimatlar\u0131na uygun \u015fekilde alman\u0131z, stentin sa\u011fl\u0131kl\u0131 bir \u015fekilde \u00e7al\u0131\u015fmas\u0131na yard\u0131mc\u0131 olacakt\u0131r.<\/p><p><strong>Fiziksel aktiviteleri s\u0131n\u0131rlamak:<\/strong> \u0130\u015flem sonras\u0131 d\u00f6nemde, doktorunuzun \u00f6nerdi\u011fi s\u00fcre boyunca fiziksel aktivitelerinizi s\u0131n\u0131rlaman\u0131z gerekebilir. Bu, a\u015f\u0131r\u0131 fiziksel eforun stente zarar verebilece\u011fi durumlarda \u00f6nemlidir. Doktorunuz, ne kadar s\u00fcreyle ve hangi aktivitelerle ba\u015flayabilece\u011finizi size bildirecektir. Yava\u015f yava\u015f aktivite seviyenizi art\u0131rabilirsiniz, ancak doktorunuzun talimatlar\u0131na uymak \u00f6nemlidir.<\/p><p><strong>Sa\u011fl\u0131kl\u0131 beslenme:<\/strong> Sa\u011fl\u0131kl\u0131 bir diyet s\u00fcrd\u00fcrmek, stent tak\u0131ld\u0131ktan sonra da \u00f6nemlidir. D\u00fc\u015f\u00fck ya\u011fl\u0131 ve d\u00fc\u015f\u00fck tuzlu besinler tercih etmek, taze meyve ve sebzeleri t\u00fcketmek, tam tah\u0131ll\u0131 \u00fcr\u00fcnleri se\u00e7mek ve doymu\u015f ya\u011f ve trans ya\u011f i\u00e7eren yiyecekleri s\u0131n\u0131rlamak \u00f6nemli ad\u0131mlard\u0131r. Ayr\u0131ca, doktorunuzun \u00f6nerdi\u011fi \u00f6zel diyet veya beslenme plan\u0131na uymak da \u00f6nemlidir.<\/p><p><strong>Risk fakt\u00f6rlerinden ka\u00e7\u0131nmak:<\/strong> Sigara i\u00e7mek, y\u00fcksek tansiyon, y\u00fcksek kolesterol veya diyabet gibi risk fakt\u00f6rleri, stentin etkinli\u011fini etkileyebilir ve yeni damar problemlerine yol a\u00e7abilir. Bu nedenle, sigara i\u00e7mekten ka\u00e7\u0131nmal\u0131, tansiyonunuzu kontrol alt\u0131nda tutmal\u0131, d\u00fc\u015f\u00fck kolesterol seviyeleri hedeflemeli ve diyabetinizi y\u00f6netmelisiniz. Sa\u011fl\u0131kl\u0131 bir ya\u015fam tarz\u0131 benimsemek ve doktorunuzun \u00f6nerilerini takip etmek bu konuda \u00f6nemlidir.<\/p><p><strong>D\u00fczenli kontrolleri takip etmek:<\/strong> Doktorunuzun \u00f6nerdi\u011fi randevulara d\u00fczenli olarak gitmek \u00f6nemlidir. Bu kontrollerde, stentin durumu, kan bas\u0131nc\u0131, kolesterol seviyeleri ve genel sa\u011fl\u0131k durumunuz de\u011ferlendirilir. Doktorunuz, stentin etkinli\u011fini izlemek ve gerekirse ila\u00e7 tedavisini ayarlamak i\u00e7in d\u00fczenli takip yapacakt\u0131r.<\/p><p>Hastan\u0131n stent tak\u0131ld\u0131ktan sonra dikkat etmesi gerekenler, bireysel duruma ve Prof. Dr. Ali Metin Esen \u00f6nerilerine ba\u011fl\u0131 olarak de\u011fi\u015febilir. Bu nedenle, Prof. Dr. Ali Metin Esen size \u00f6zel talimatlar\u0131na uymak ve d\u00fczenli ileti\u015fim halinde olmak \u00f6nemlidir.<\/p><p>\u00a0<\/p><p><strong>Prof. Dr. Ali Metin Esen ve Karotis Stent \u0130\u015flemleri<\/strong><\/p><p>\u015ei\u015fli b\u00f6lgesinde karotis stent i\u015flemleri konusunda uzmanla\u015fm\u0131\u015f bir hekim olan Prof. Dr. Ali Metin Esen, bu alanda \u00f6nemli bir isimdir. Prof. Dr. Ali Metin Esen, y\u00fcksek tecr\u00fcbesi ve uzmanl\u0131\u011f\u0131yla karotis stent i\u015flemlerini g\u00fcvenli bir \u015fekilde ger\u00e7ekle\u015ftirmektedir. \u00a0Prof. Dr. Ali Metin Esen ile ileti\u015fime ge\u00e7erek karotis stent i\u015flemi hakk\u0131nda daha fazla bilgi alabilir ve randevu talep edebilirsiniz.<\/p>\t\t\t\t\t\t<\/div>\n\t\t\t\t<\/div>\n\t\t\t\t\t<\/div>\n\t\t\t\t<\/div>\n\t\t\t\t\t<\/div>\n\t\t\t\t<\/div>\n\t\t\t\t<\/div>\n\t\t","protected":false},"excerpt":{"rendered":"<p>\u015eah damar\u0131, beyne oksijen ve besin ta\u015f\u0131yan \u00f6nemli bir damard\u0131r. Karotis stent, \u015fah damar\u0131nda olu\u015fan daralmalar\u0131n tedavisinde kullan\u0131lan bir y\u00f6ntemdir. Karotis Stent Nedir? Karotis stent, \u015fah damar\u0131nda meydana gelen daralmalar\u0131n a\u00e7\u0131lmas\u0131 ve damar\u0131n normal kan ak\u0131\u015f\u0131n\u0131n sa\u011flanmas\u0131 i\u00e7in kullan\u0131lan bir t\u0131bbi cihazd\u0131r. Stent, genellikle metal bir t\u00fcp \u015feklindedir ve daralm\u0131\u015f olan \u015fah damar\u0131n\u0131n i\u00e7ine yerle\u015ftirilerek [&hellip;]<\/p>\n","protected":false},"author":1,"featured_media":0,"parent":0,"menu_order":0,"comment_status":"closed","ping_status":"closed","template":"elementor_header_footer","meta":{"footnotes":""},"class_list":["post-5679","page","type-page","status-publish","hentry"],"_links":{"self":[{"href":"https:\/\/wtdemo.link\/doktor1\/wp-json\/wp\/v2\/pages\/5679","targetHints":{"allow":["GET"]}}],"collection":[{"href":"https:\/\/wtdemo.link\/doktor1\/wp-json\/wp\/v2\/pages"}],"about":[{"href":"https:\/\/wtdemo.link\/doktor1\/wp-json\/wp\/v2\/types\/page"}],"author":[{"embeddable":true,"href":"https:\/\/wtdemo.link\/doktor1\/wp-json\/wp\/v2\/users\/1"}],"replies":[{"embeddable":true,"href":"https:\/\/wtdemo.link\/doktor1\/wp-json\/wp\/v2\/comments?post=5679"}],"version-history":[{"count":4,"href":"https:\/\/wtdemo.link\/doktor1\/wp-json\/wp\/v2\/pages\/5679\/revisions"}],"predecessor-version":[{"id":5683,"href":"https:\/\/wtdemo.link\/doktor1\/wp-json\/wp\/v2\/pages\/5679\/revisions\/5683"}],"wp:attachment":[{"href":"https:\/\/wtdemo.link\/doktor1\/wp-json\/wp\/v2\/media?parent=5679"}],"curies":[{"name":"wp","href":"https:\/\/api.w.org\/{rel}","templated":true}]}}