{"id":5778,"date":"2024-04-15T18:45:17","date_gmt":"2024-04-15T15:45:17","guid":{"rendered":"https:\/\/wtdemo.link\/doktor1\/?page_id=5778"},"modified":"2024-04-15T21:47:08","modified_gmt":"2024-04-15T18:47:08","slug":"hakkimda","status":"publish","type":"page","link":"https:\/\/wtdemo.link\/doktor1\/hakkimda","title":{"rendered":"HAKKIMDA"},"content":{"rendered":"\t\t<div data-elementor-type=\"wp-page\" data-elementor-id=\"5778\" class=\"elementor elementor-5778\">\n\t\t\t\t<div class=\"elementor-element elementor-element-395c9b3c e-con-full e-flex e-con e-parent\" data-id=\"395c9b3c\" data-element_type=\"container\" data-settings=\"{&quot;background_background&quot;:&quot;classic&quot;}\" data-core-v316-plus=\"true\">\n\t\t<div class=\"elementor-element elementor-element-3129dce7 e-con-full e-flex e-con e-child\" data-id=\"3129dce7\" data-element_type=\"container\">\n\t\t\t\t<div class=\"elementor-element elementor-element-60936e8 elementor-widget elementor-widget-image\" data-id=\"60936e8\" data-element_type=\"widget\" data-widget_type=\"image.default\">\n\t\t\t\t<div class=\"elementor-widget-container\">\n\t\t\t<style>\/*! elementor - v3.20.0 - 10-04-2024 *\/\n.elementor-widget-image{text-align:center}.elementor-widget-image a{display:inline-block}.elementor-widget-image a img[src$=\".svg\"]{width:48px}.elementor-widget-image img{vertical-align:middle;display:inline-block}<\/style>\t\t\t\t\t\t\t\t\t\t<img fetchpriority=\"high\" decoding=\"async\" width=\"800\" height=\"1000\" src=\"https:\/\/wtdemo.link\/doktor1\/wp-content\/uploads\/2024\/04\/HAKKIMDA.png\" class=\"attachment-full size-full wp-image-5734\" alt=\"\" srcset=\"https:\/\/wtdemo.link\/doktor1\/wp-content\/uploads\/2024\/04\/HAKKIMDA.png 800w, https:\/\/wtdemo.link\/doktor1\/wp-content\/uploads\/2024\/04\/HAKKIMDA-240x300.png 240w, https:\/\/wtdemo.link\/doktor1\/wp-content\/uploads\/2024\/04\/HAKKIMDA-768x960.png 768w\" sizes=\"(max-width: 800px) 100vw, 800px\" \/>\t\t\t\t\t\t\t\t\t\t\t\t\t<\/div>\n\t\t\t\t<\/div>\n\t\t\t\t<\/div>\n\t\t<div class=\"elementor-element elementor-element-23c2bcd5 e-con-full e-flex e-con e-child\" data-id=\"23c2bcd5\" data-element_type=\"container\">\n\t\t\t\t<div class=\"elementor-element elementor-element-21e4463b elementor-widget__width-initial elementor-widget elementor-widget-dtr-section-intro\" data-id=\"21e4463b\" data-element_type=\"widget\" data-widget_type=\"dtr-section-intro.default\">\n\t\t\t\t<div class=\"elementor-widget-container\">\n\t\t\t    <div class=\"dtr-section-intro text-left\">\r\n    \t                \t<h2 class=\"dtr-section-intro__heading\">Prof. Dr. Ali Metin Esen<\/h2>\r\n                    <\/div>\r\n\t\t<\/div>\n\t\t\t\t<\/div>\n\t\t\t\t<div class=\"elementor-element elementor-element-456d16d5 elementor-widget elementor-widget-text-editor\" data-id=\"456d16d5\" data-element_type=\"widget\" data-widget_type=\"text-editor.default\">\n\t\t\t\t<div class=\"elementor-widget-container\">\n\t\t\t<style>\/*! elementor - v3.20.0 - 10-04-2024 *\/\n.elementor-widget-text-editor.elementor-drop-cap-view-stacked .elementor-drop-cap{background-color:#69727d;color:#fff}.elementor-widget-text-editor.elementor-drop-cap-view-framed .elementor-drop-cap{color:#69727d;border:3px solid;background-color:transparent}.elementor-widget-text-editor:not(.elementor-drop-cap-view-default) .elementor-drop-cap{margin-top:8px}.elementor-widget-text-editor:not(.elementor-drop-cap-view-default) .elementor-drop-cap-letter{width:1em;height:1em}.elementor-widget-text-editor .elementor-drop-cap{float:left;text-align:center;line-height:1;font-size:50px}.elementor-widget-text-editor .elementor-drop-cap-letter{display:inline-block}<\/style>\t\t\t\t<p><strong>\u00d6\u011frenim Durumu:<\/strong><\/p><p>1988: Kabata\u015f Erkek Lisesi<\/p><p>1995: Ege \u00dcniversitesi (T\u0131p Fak\u00fcltesi)<\/p><p>2001: \u0130stanbul \u00dcniversitesi (Kardiyoloji Uzmanl\u0131k E\u011fitimi)<\/p><p><strong>Deneyim:<\/strong><\/p><p>\u0130stanbul \u00dcniversitesi Kardiyoloji Enstit\u00fcs\u00fc&#8217;nde e\u011fitim ald\u0131 (1996-2001).<\/p><p>Ko\u015fuyolu Kalp Hastanesi&#8217;nde akademik y\u00fckselme, klinik \u015fefli\u011fi ve ba\u015fhekimlik g\u00f6revlerinde bulundu (2003-2015).<\/p><p>Giri\u015fimsel kardiyoloji alan\u0131nda geni\u015f bir vaka ve kompleks vaka deneyimine sahiptir. TAV\u0130, mitral klipler, EVAR, ASD, PFO gibi yap\u0131sal ve yap\u0131sal kalp hastal\u0131klar\u0131n\u0131n perk\u00fctan tedavilerinde uzmand\u0131r. Ayr\u0131ca CTO, sol ana ya\u015fam ve bifurkasyon oranlar\u0131nda y\u00fcksek deneyime sahiptir.<\/p><p>Karotis ve di\u011fer periferik damar hastal\u0131klar\u0131n\u0131n perk\u00fctan tedavilerinde bir\u00e7ok vaka y\u00f6netimi ger\u00e7ekle\u015ftirmi\u015ftir.<\/p><p>Giri\u015fimsel Kardiyoloji, kalp nakli ve klinik Kardiyoloji alanlar\u0131nda kitap edit\u00f6rl\u00fc\u011f\u00fc ve b\u00f6l\u00fcm yazarl\u0131\u011f\u0131 yapm\u0131\u015ft\u0131r.<\/p><p>Bir\u00e7ok uluslararas\u0131 bilimsel makalenin yazar\u0131d\u0131r.<\/p><p>Uluslararas\u0131 kongrelerde birle\u015ftirilir, panelist ve oturum ba\u015fkanl\u0131\u011f\u0131 yap\u0131lm\u0131\u015ft\u0131r.<\/p><p><strong>\u0130\u015f Deneyimi:<\/strong><\/p><p>Memorial Hastanesi, Prof. Dr. (2015-2018)<\/p><p>BAU T\u0131p G\u00f6ztepe Medicalpark Hastanesi, Profes\u00f6r \u00dcnvan\u0131 ile (2019-2021)<\/p><p>Serbest Muayenehane Hekimli\u011fi (2021)<\/p><p>L\u0130V Hospital Vadi \u0130stanbul&#8217;da Giri\u015fimsel \u0130\u015flemler i\u00e7in afiliyasyonu devam etmektedir (2011-g\u00fcn\u00fcm\u00fcz)<\/p>\t\t\t\t\t\t<\/div>\n\t\t\t\t<\/div>\n\t\t\t\t<\/div>\n\t\t\t\t<\/div>\n\t\t\t\t<\/div>\n\t\t","protected":false},"excerpt":{"rendered":"<p>Prof. Dr. Ali Metin Esen \u00d6\u011frenim Durumu: 1988: Kabata\u015f Erkek Lisesi 1995: Ege \u00dcniversitesi (T\u0131p Fak\u00fcltesi) 2001: \u0130stanbul \u00dcniversitesi (Kardiyoloji Uzmanl\u0131k E\u011fitimi) Deneyim: \u0130stanbul \u00dcniversitesi Kardiyoloji Enstit\u00fcs\u00fc&#8217;nde e\u011fitim ald\u0131 (1996-2001). Ko\u015fuyolu Kalp Hastanesi&#8217;nde akademik y\u00fckselme, klinik \u015fefli\u011fi ve ba\u015fhekimlik g\u00f6revlerinde bulundu (2003-2015). Giri\u015fimsel kardiyoloji alan\u0131nda geni\u015f bir vaka ve kompleks vaka deneyimine sahiptir. TAV\u0130, mitral [&hellip;]<\/p>\n","protected":false},"author":1,"featured_media":0,"parent":0,"menu_order":0,"comment_status":"closed","ping_status":"closed","template":"","meta":{"footnotes":""},"class_list":["post-5778","page","type-page","status-publish","hentry"],"_links":{"self":[{"href":"https:\/\/wtdemo.link\/doktor1\/wp-json\/wp\/v2\/pages\/5778","targetHints":{"allow":["GET"]}}],"collection":[{"href":"https:\/\/wtdemo.link\/doktor1\/wp-json\/wp\/v2\/pages"}],"about":[{"href":"https:\/\/wtdemo.link\/doktor1\/wp-json\/wp\/v2\/types\/page"}],"author":[{"embeddable":true,"href":"https:\/\/wtdemo.link\/doktor1\/wp-json\/wp\/v2\/users\/1"}],"replies":[{"embeddable":true,"href":"https:\/\/wtdemo.link\/doktor1\/wp-json\/wp\/v2\/comments?post=5778"}],"version-history":[{"count":14,"href":"https:\/\/wtdemo.link\/doktor1\/wp-json\/wp\/v2\/pages\/5778\/revisions"}],"predecessor-version":[{"id":5866,"href":"https:\/\/wtdemo.link\/doktor1\/wp-json\/wp\/v2\/pages\/5778\/revisions\/5866"}],"wp:attachment":[{"href":"https:\/\/wtdemo.link\/doktor1\/wp-json\/wp\/v2\/media?parent=5778"}],"curies":[{"name":"wp","href":"https:\/\/api.w.org\/{rel}","templated":true}]}}