{"id":1755,"date":"2024-02-24T15:31:38","date_gmt":"2024-02-24T12:31:38","guid":{"rendered":"https:\/\/wtdemo.link\/kombiteknik\/?page_id=1755"},"modified":"2024-02-24T15:31:38","modified_gmt":"2024-02-24T12:31:38","slug":"kombi-servisi","status":"publish","type":"page","link":"https:\/\/wtdemo.link\/kombiteknik\/kombi-servisi","title":{"rendered":"Kombi Servisi"},"content":{"rendered":"\t\t<div data-elementor-type=\"wp-page\" data-elementor-id=\"1755\" class=\"elementor elementor-1755\">\n\t\t\t\t<div class=\"elementor-element elementor-element-43a58d5 e-flex e-con-boxed e-con e-parent\" data-id=\"43a58d5\" data-element_type=\"container\" data-settings=\"{&quot;content_width&quot;:&quot;boxed&quot;}\" data-core-v316-plus=\"true\">\n\t\t\t\t\t<div class=\"e-con-inner\">\n\t\t<div class=\"elementor-element elementor-element-60c2cf1 e-con-full e-flex e-con e-child\" data-id=\"60c2cf1\" data-element_type=\"container\" data-settings=\"{&quot;content_width&quot;:&quot;full&quot;}\">\n\t\t\t\t<div class=\"elementor-element elementor-element-780b26e elementor-widget elementor-widget-text-editor\" data-id=\"780b26e\" data-element_type=\"widget\" data-widget_type=\"text-editor.default\">\n\t\t\t\t<div class=\"elementor-widget-container\">\n\t\t\t<style>\/*! elementor - v3.19.0 - 07-02-2024 *\/\n.elementor-widget-text-editor.elementor-drop-cap-view-stacked .elementor-drop-cap{background-color:#69727d;color:#fff}.elementor-widget-text-editor.elementor-drop-cap-view-framed .elementor-drop-cap{color:#69727d;border:3px solid;background-color:transparent}.elementor-widget-text-editor:not(.elementor-drop-cap-view-default) .elementor-drop-cap{margin-top:8px}.elementor-widget-text-editor:not(.elementor-drop-cap-view-default) .elementor-drop-cap-letter{width:1em;height:1em}.elementor-widget-text-editor .elementor-drop-cap{float:left;text-align:center;line-height:1;font-size:50px}.elementor-widget-text-editor .elementor-drop-cap-letter{display:inline-block}<\/style>\t\t\t\t<p>Do\u011fru \u00c7\u00f6z\u00fcm Firmam\u0131z\u0131n Sancaktepe Kombi Servisi, Sancaktepe b\u00f6lgesinde kombi ile ilgili her t\u00fcrl\u00fc sorununuzu \u00e7\u00f6zmek i\u00e7in hizmet veren bir firmad\u0131r. G\u00fcnl\u00fck hayat\u0131m\u0131z\u0131n \u00f6nemli bir par\u00e7as\u0131 olan kombiler, \u0131s\u0131tma ve s\u0131cak su gibi temel ihtiya\u00e7lar\u0131m\u0131z\u0131 kar\u015f\u0131larken zaman zaman ar\u0131zalanabilir veya bak\u0131ma ihtiya\u00e7 duyabilirler. Bu durumda do\u011fru ve g\u00fcvenilir bir kombi servisine ba\u015fvurmak olduk\u00e7a \u00f6nemlidir.<\/p><p>Sancaktepe Kombi Servisi, uzman kadrosuyla Sancaktepe b\u00f6lgesindeki t\u00fcm kombi marka ve modellerine hizmet vermektedir. E\u011fitimli ve deneyimli personelimiz sayesinde en karma\u015f\u0131k problemleri bile k\u0131sa s\u00fcrede \u00e7\u00f6zerek m\u00fc\u015fterilerimize kaliteli hizmet sunmaktay\u0131z.<\/p><p>Firmam\u0131z\u0131n sundu\u011fu hizmetler aras\u0131nda kombi tamiri, bak\u0131m\u0131, montaj\u0131 ve yedek par\u00e7a de\u011fi\u015fimi gibi i\u015flemler bulunmaktad\u0131r. Ar\u0131zalanan veya \u00e7al\u0131\u015fmayan kombileriniz i\u00e7in en uygun \u00e7\u00f6z\u00fcm\u00fc bulmak amac\u0131yla \u00f6ncelikle detayl\u0131 bir inceleme yaparak sorunu tespit ediyoruz. Ard\u0131ndan sizlere gerekli onar\u0131m veya de\u011fi\u015ftirilmesi gereken par\u00e7alar hakk\u0131nda bilgi veriyoruz.<\/p><p>Kombinizin d\u00fczenli olarak bak\u0131m\u0131n\u0131 yapmak hem daha uzun \u00f6m\u00fcrl\u00fc olmas\u0131n\u0131 sa\u011flar hem de daha az enerji t\u00fcketmesine yard\u0131mc\u0131 olur. Sancaktepe Kombi Servisi olarak periyodik bak\u0131m hizmeti sunarak kombinizin performans\u0131n\u0131n d\u00fc\u015fmesini engelliyor ve b\u00f6ylece daha tasarruflu bir \u015fekilde kullanabilmenizi sa\u011fl\u0131yoruz.<\/p>\t\t\t\t\t\t<\/div>\n\t\t\t\t<\/div>\n\t\t\t\t<\/div>\n\t\t<div class=\"elementor-element elementor-element-17d4c66 e-con-full sidebar-area elementor-hidden-tablet elementor-hidden-mobile e-flex e-con e-child\" data-id=\"17d4c66\" data-element_type=\"container\" data-settings=\"{&quot;content_width&quot;:&quot;full&quot;}\">\n\t\t\t\t<div class=\"elementor-element elementor-element-31351e9 elementor-widget elementor-widget-konsalservicelist\" data-id=\"31351e9\" data-element_type=\"widget\" data-widget_type=\"konsalservicelist.default\">\n\t\t\t\t<div class=\"elementor-widget-container\">\n\t\t\t<div class=\"widget widget_categories th-cate-wrap\"><h3 class=\"widget_title\">T\u00fcm Hizmetlerimiz<\/h3><ul> <li><a href=\"#\">Kombi Servisi<\/a><span><i class=\"fas fa-angle-right\"><\/i><\/span><\/li> <li><a href=\"#\">Kombi Tamiri<\/a><span><i class=\"fas fa-angle-right\"><\/i><\/span><\/li> <li><a href=\"#\">Kombi Bak\u0131m\u0131<\/a><span><i class=\"fas fa-angle-right\"><\/i><\/span><\/li> <li><a href=\"#\">Petek Temizli\u011fi<\/a><span><i class=\"fas fa-angle-right\"><\/i><\/span><\/li> <li><a href=\"http:\/\/3\" target=\"_blank\">Kombi De\u011fi\u015fimi<\/a><span><i class=\"fas fa-angle-right\"><\/i><\/span><\/li> <li><a href=\"#\">\u015eofben Servisi<\/a><span><i class=\"fas fa-angle-right\"><\/i><\/span><\/li><\/ul><\/div>\t\t<\/div>\n\t\t\t\t<\/div>\n\t\t\t\t<\/div>\n\t\t\t\t\t<\/div>\n\t\t\t\t<\/div>\n\t\t<div class=\"elementor-element elementor-element-fa4a4f3 e-flex e-con-boxed e-con e-parent\" data-id=\"fa4a4f3\" data-element_type=\"container\" data-settings=\"{&quot;content_width&quot;:&quot;boxed&quot;}\" data-core-v316-plus=\"true\">\n\t\t\t\t\t<div class=\"e-con-inner\">\n\t\t<div class=\"elementor-element elementor-element-6a0f28d e-con-full e-flex e-con e-child\" data-id=\"6a0f28d\" data-element_type=\"container\" data-settings=\"{&quot;content_width&quot;:&quot;full&quot;}\">\n\t\t\t\t<div class=\"elementor-element elementor-element-a6ac905 elementor-widget elementor-widget-image\" data-id=\"a6ac905\" data-element_type=\"widget\" data-widget_type=\"image.default\">\n\t\t\t\t<div class=\"elementor-widget-container\">\n\t\t\t<style>\/*! elementor - v3.19.0 - 07-02-2024 *\/\n.elementor-widget-image{text-align:center}.elementor-widget-image a{display:inline-block}.elementor-widget-image a img[src$=\".svg\"]{width:48px}.elementor-widget-image img{vertical-align:middle;display:inline-block}<\/style>\t\t\t\t\t\t\t\t\t\t<img fetchpriority=\"high\" decoding=\"async\" width=\"500\" height=\"500\" src=\"https:\/\/wtdemo.link\/kombiteknik\/wp-content\/uploads\/2024\/02\/kombi-servisi.png\" class=\"attachment-full size-full wp-image-1741\" alt=\"\" srcset=\"https:\/\/wtdemo.link\/kombiteknik\/wp-content\/uploads\/2024\/02\/kombi-servisi.png 500w, https:\/\/wtdemo.link\/kombiteknik\/wp-content\/uploads\/2024\/02\/kombi-servisi-300x300.png 300w, https:\/\/wtdemo.link\/kombiteknik\/wp-content\/uploads\/2024\/02\/kombi-servisi-150x150.png 150w, https:\/\/wtdemo.link\/kombiteknik\/wp-content\/uploads\/2024\/02\/kombi-servisi-85x85.png 85w, https:\/\/wtdemo.link\/kombiteknik\/wp-content\/uploads\/2024\/02\/kombi-servisi-80x80.png 80w, https:\/\/wtdemo.link\/kombiteknik\/wp-content\/uploads\/2024\/02\/kombi-servisi-100x100.png 100w, https:\/\/wtdemo.link\/kombiteknik\/wp-content\/uploads\/2024\/02\/kombi-servisi-460x460.png 460w\" sizes=\"(max-width: 500px) 100vw, 500px\" \/>\t\t\t\t\t\t\t\t\t\t\t\t\t<\/div>\n\t\t\t\t<\/div>\n\t\t\t\t<\/div>\n\t\t<div class=\"elementor-element elementor-element-1702a30 e-con-full e-flex e-con e-child\" data-id=\"1702a30\" data-element_type=\"container\" data-settings=\"{&quot;content_width&quot;:&quot;full&quot;}\">\n\t\t\t\t<div class=\"elementor-element elementor-element-b834447 elementor-widget elementor-widget-image\" data-id=\"b834447\" data-element_type=\"widget\" data-widget_type=\"image.default\">\n\t\t\t\t<div class=\"elementor-widget-container\">\n\t\t\t\t\t\t\t\t\t\t\t\t\t<img decoding=\"async\" width=\"500\" height=\"500\" src=\"https:\/\/wtdemo.link\/kombiteknik\/wp-content\/uploads\/2024\/02\/genel-foto.png\" class=\"attachment-full size-full wp-image-1744\" alt=\"\" srcset=\"https:\/\/wtdemo.link\/kombiteknik\/wp-content\/uploads\/2024\/02\/genel-foto.png 500w, https:\/\/wtdemo.link\/kombiteknik\/wp-content\/uploads\/2024\/02\/genel-foto-300x300.png 300w, https:\/\/wtdemo.link\/kombiteknik\/wp-content\/uploads\/2024\/02\/genel-foto-150x150.png 150w, https:\/\/wtdemo.link\/kombiteknik\/wp-content\/uploads\/2024\/02\/genel-foto-85x85.png 85w, https:\/\/wtdemo.link\/kombiteknik\/wp-content\/uploads\/2024\/02\/genel-foto-80x80.png 80w, https:\/\/wtdemo.link\/kombiteknik\/wp-content\/uploads\/2024\/02\/genel-foto-100x100.png 100w, https:\/\/wtdemo.link\/kombiteknik\/wp-content\/uploads\/2024\/02\/genel-foto-460x460.png 460w\" sizes=\"(max-width: 500px) 100vw, 500px\" \/>\t\t\t\t\t\t\t\t\t\t\t\t\t<\/div>\n\t\t\t\t<\/div>\n\t\t\t\t<\/div>\n\t\t\t\t\t<\/div>\n\t\t\t\t<\/div>\n\t\t<div class=\"elementor-element elementor-element-d155ca0 e-flex e-con-boxed e-con e-parent\" data-id=\"d155ca0\" data-element_type=\"container\" data-settings=\"{&quot;content_width&quot;:&quot;boxed&quot;}\" data-core-v316-plus=\"true\">\n\t\t\t\t\t<div class=\"e-con-inner\">\n\t\t\t\t<div class=\"elementor-element elementor-element-edba78a elementor-widget elementor-widget-text-editor\" data-id=\"edba78a\" data-element_type=\"widget\" data-widget_type=\"text-editor.default\">\n\t\t\t\t<div class=\"elementor-widget-container\">\n\t\t\t\t\t\t\t<p>Sancaktepe b\u00f6lgesinde bulunan m\u00fc\u015fterilerimize h\u0131zl\u0131 ve g\u00fcvenilir hizmet sunmay\u0131 ilke edinen firmam\u0131z, ayn\u0131 zamanda 7\/24 acil durum servisiyle de yan\u0131n\u0131zdad\u0131r. Acil durumlarda sizlere en k\u0131sa s\u00fcrede ula\u015f\u0131p sorununuzu \u00e7\u00f6zerek konforlu bir ortama geri d\u00f6nmenizi sa\u011flamaktay\u0131z.<\/p><p>Sancaktepe Kombi Servisi olarak m\u00fc\u015fteri memnuniyetini her zaman \u00f6n planda tutuyoruz. Bu nedenle uygun fiyatlarla kaliteli hizmet sunarak, m\u00fc\u015fterilerimizin g\u00fcvenini kazanmaya devam ediyoruz. Siz de Sancaktepe b\u00f6lgesindeki kombi sorunlar\u0131n\u0131z i\u00e7in do\u011fru ve g\u00fcvenilir bir \u00e7\u00f6z\u00fcm ar\u0131yorsan\u0131z, bize ula\u015fabilirsiniz. Evinizin veya i\u015fyerinizin s\u0131cac\u0131k bir ortama kavu\u015fmas\u0131n\u0131 sa\u011flamak i\u00e7in biz her zaman yan\u0131n\u0131zday\u0131z.<\/p><h2>Do\u011fru \u00c7\u00f6z\u00fcm Firmas\u0131: Sancaktepe B\u00f6lgesinin G\u00fcvenilir Kombi Servisi<\/h2><p>Sancaktepe&#8217;nin g\u00fcvenilir kombi servisi Do\u011fru \u00c7\u00f6z\u00fcm Firmas\u0131 olarak sizlere hizmet vermekten b\u00fcy\u00fck mutluluk duyuyoruz. Sancaktepe b\u00f6lgesinde ya\u015fayan herkesin evlerinde k\u0131\u015f aylar\u0131nda en \u00f6nemli ihtiya\u00e7lar\u0131ndan biri olan kombiler, do\u011fru bak\u0131m ve onar\u0131mlar yap\u0131lmad\u0131\u011f\u0131nda istenmeyen durumlara sebep olabilmektedir. Bu nedenle, uzman ve g\u00fcvenilir bir kombi servisi ile \u00e7al\u0131\u015fmak olduk\u00e7a \u00f6nemlidir.<\/p><p>Do\u011fru \u00c7\u00f6z\u00fcm Firmas\u0131 olarak, y\u0131llard\u0131r teknik bilgi ve deneyimlerimizi kullanarak Sancaktepe b\u00f6lgesinin en g\u00fcvenilir kombi servisi olmay\u0131 ba\u015fard\u0131k. M\u00fc\u015fterilerimize sundu\u011fumuz kaliteli hizmet sayesinde b\u00f6lgede sayg\u0131n bir yer edinmi\u015f bulunmaktay\u0131z. Kombinizde ya\u015fanan her t\u00fcrl\u00fc ar\u0131za veya sorun i\u00e7in bizimle ileti\u015fime ge\u00e7ebilirsiniz.<\/p><p>Kombilerinizin d\u00fczenli bak\u0131m\u0131n\u0131 yaparak hem daha verimli \u00e7al\u0131\u015fmas\u0131n\u0131 sa\u011fl\u0131yor hem de beklenmedik ar\u0131zalar\u0131n \u00f6n\u00fcne ge\u00e7iyoruz. Uzman ekibimiz taraf\u0131ndan yap\u0131lan bak\u0131m i\u015flemlerinde t\u00fcm par\u00e7alar detayl\u0131 bir \u015fekilde incelenerek gerekli durumlarda de\u011fi\u015ftirilmektedir. Ayr\u0131ca, filtre temizli\u011fi ve gaz ayarlar\u0131n\u0131n kontrol\u00fc gibi detayl\u0131 i\u015flemler de yap\u0131larak kombilerinizin performans\u0131 artt\u0131r\u0131lmaktad\u0131r.<\/p><p>Kombi ar\u0131zalar\u0131 olduk\u00e7a s\u0131k kar\u015f\u0131la\u015f\u0131lan durumlardand\u0131r. Bu nedenle, Do\u011fru \u00c7\u00f6z\u00fcm Firmas\u0131 olarak Sancaktepe b\u00f6lgesinde acil kombi servisi hizmeti de sunmaktay\u0131z. E\u011fer kombinizde bir ar\u0131za ya da sorun ile kar\u015f\u0131la\u015f\u0131rsan\u0131z, bizimle ileti\u015fime ge\u00e7erek en k\u0131sa s\u00fcrede m\u00fcdahale etmemizi sa\u011flayabilirsiniz. Uzman ekibimiz ar\u0131zan\u0131n kayna\u011f\u0131n\u0131 tespit ederek \u00e7\u00f6z\u00fcm i\u00e7in gerekli ad\u0131mlar\u0131 atacakt\u0131r.<\/p><p>Kombilerinizin onar\u0131m i\u015flemlerini de uzman ekibimiz taraf\u0131ndan titizlikle ger\u00e7ekle\u015ftirilmektedir. Kullanmakta oldu\u011fumuz yedek par\u00e7alar orijinal ve kaliteli olup, uzun \u00f6m\u00fcrl\u00fc kullan\u0131m sa\u011flamaktad\u0131r. Onar\u0131m i\u015flemleri sonras\u0131nda kombinizin tekrar g\u00fcvenli bir \u015fekilde \u00e7al\u0131\u015ft\u0131\u011f\u0131ndan emin olabilirsiniz.<\/p><p>Do\u011fru \u00c7\u00f6z\u00fcm Firmas\u0131 olarak, Sancaktepe b\u00f6lgesinin g\u00fcvenilir kombi servisi olarak sizlere en iyi hizmeti sunmak i\u00e7in \u00e7al\u0131\u015fmaya devam ediyoruz. Kombilerinizde ya\u015fanan her t\u00fcrl\u00fc sorun i\u00e7in bizimle ileti\u015fime ge\u00e7ebilirsiniz.<\/p><h2>Sancaktepe Kombi Teknik Servis<\/h2><p>Sancaktepe Kombi Teknik Servis olarak, m\u00fc\u015fterilerimize kaliteli ve g\u00fcvenilir hizmet sunmay\u0131 ama\u00e7l\u0131yoruz. Bu nedenle alan\u0131nda uzman ekiplerimiz ile sizlere 7 g\u00fcn 24 saat destek sa\u011flamaktay\u0131z. Kombinizde istedi\u011finiz zaman s\u0131cak su gelmesi, vanalar\u0131n t\u0131kanmas\u0131 gibi durumlarda bizlerden yard\u0131m alabilirsiniz.<\/p><p>Pek \u00e7ok marka ve model i\u00e7in kumandadan kullan\u0131m hatalar\u0131 veya elektronik kart ar\u0131zas\u0131 meydana gelebilir. Sancaktepe kombi tamiri konusunda bu gibi durumlarda yine bize dan\u0131\u015fabilece\u011finizi hat\u0131rlatmak isteriz.<\/p><p>Sancaktepe her marka kombi servisi olarak t\u00fcm br\u00fcl\u00f6rleriniz i\u00e7in \u00f6zenli ve ustal\u0131k gerektiren \u00e7al\u0131\u015fmalar yap\u0131lmaktad\u0131r. \u00d6zellikle kombinizin emniyet ventili ve \u0131s\u0131t\u0131c\u0131s\u0131n\u0131n bak\u0131m\u0131n\u0131 d\u00fczenli olarak yapmay\u0131 ihmal etmeyin.<\/p><p>Kombi ar\u0131zalar\u0131 aniden meydana gelir ve b\u00f6yle bir durumla kar\u015f\u0131la\u015ft\u0131\u011f\u0131n\u0131zda hemen bizlere ula\u015farak kalifiye ekibimizin size yard\u0131mc\u0131 olmas\u0131n\u0131 sa\u011flayabilirsiniz. Yapaca\u011f\u0131m\u0131z kontroller sonucunda, sorununuz k\u0131sa s\u00fcrede tespit edilerek sizlerden onay al\u0131narak tamiri ger\u00e7ekle\u015ftirilir.<br \/>B\u00f6ylelikle kombinizin uzun \u00f6m\u00fcrl\u00fc bir \u015fekilde kullan\u0131m\u0131 sa\u011flan\u0131r ve tasarruflu bir \u015fekilde yak\u0131t t\u00fcketimi ger\u00e7ekle\u015ftirilir. Sancaktepe kombi bak\u0131m\u0131, ar\u0131zalar\u0131n \u00f6nlenmesi i\u00e7in mutlaka yapt\u0131r\u0131lmas\u0131 gereken bir i\u015flemdir.<\/p><p>Kombi Ar\u0131zas\u0131 Durumunda Ne Yapmal\u0131s\u0131n\u0131z?<\/p><p>Kombi ar\u0131zas\u0131 durumunda panik yapmay\u0131n. Hemen bize ula\u015farak teknik destek talebinde bulunabilirsiniz. Alan\u0131nda uzman ekiplerimiz, sorununuzu en k\u0131sa s\u00fcrede \u00e7\u00f6z\u00fcmleyerek kombinizin tekrar \u00e7al\u0131\u015f\u0131r hale gelmesini sa\u011flayacakt\u0131r.<\/p><p>Ayr\u0131ca kombinizin daha az ar\u0131za vermesi ve performans\u0131n\u0131n artmas\u0131 i\u00e7in d\u00fczenli olarak bak\u0131m yapt\u0131rmay\u0131 ihmal etmeyin. Bu sayede hem enerji tasarrufu sa\u011flayacak hem de kombinizin \u00f6mr\u00fcn\u00fc uzatacaks\u0131n\u0131z.<\/p><p>Kombi bak\u0131m\u0131, kombinin i\u00e7inde biriken kir ve tortular\u0131n temizlenmesini sa\u011flar. Bu sayede kombi daha verimli bir \u015fekilde \u00e7al\u0131\u015f\u0131r ve yak\u0131t tasarrufu sa\u011flan\u0131r. Ayr\u0131ca d\u00fczenli bak\u0131m ile kombide meydana gelebilecek ar\u0131zalar\u0131n \u00f6n\u00fcne ge\u00e7ilir.<\/p><p>Sancaktepe Kombi Teknik Servis olarak, siz de\u011ferli m\u00fc\u015fterilerimize kaliteli ve g\u00fcvenilir hizmet sunmay\u0131 ama\u00e7l\u0131yoruz. Sekt\u00f6rdeki tecr\u00fcbemiz ve alan\u0131nda uzman ekiplerimizle her marka ve model kombinin tamiri, bak\u0131m\u0131 yapmaktay\u0131z. Kombinizde meydana gelen her t\u00fcrl\u00fc ar\u0131zada bize ula\u015farak destek alabilirsiniz.<\/p><p>Unutmay\u0131n, kombi ar\u0131zalar\u0131n\u0131n b\u00fcy\u00fck bir \u00e7o\u011funlu\u011fu d\u00fczenli bak\u0131m yap\u0131lmamas\u0131ndan kaynaklanmaktad\u0131r. Bu nedenle \u00f6zellikle k\u0131\u015f aylar\u0131na girmeden \u00f6nce mutlaka kombi bak\u0131m\u0131n\u0131z\u0131 yapt\u0131r\u0131n ve s\u0131cak bir k\u0131\u015f ge\u00e7irin.<\/p><h2>Hizmetlerimiz ve Fiyat Politikam\u0131z<\/h2><p>Sancaktepe b\u00f6lgesinde hizmet veren g\u00fcvenilir kombi servisimiz, uzman kadrosu ve kaliteli hizmet anlay\u0131\u015f\u0131 ile siz de\u011ferli m\u00fc\u015fterilerimize do\u011fru \u00e7\u00f6z\u00fcm sunmaktad\u0131r. Hizmetlerimizin yan\u0131 s\u0131ra, uygulad\u0131\u011f\u0131m\u0131z fiyat politikas\u0131 da \u00f6ncelikli olarak m\u00fc\u015fteri memnuniyetini g\u00f6zetmektedir.<\/p><p>Kombi bak\u0131m\u0131, onar\u0131m\u0131 ve montaj\u0131 konular\u0131nda deneyimli teknisyenlerimiz ile sizlere en iyi hizmeti sunuyoruz. Kaliteli ekipmanlar kullanarak yap\u0131lan i\u015flemler sayesinde kombinizin \u00f6mr\u00fcn\u00fc uzatmay\u0131 ama\u00e7l\u0131yoruz. Yap\u0131lan her i\u015flem sonras\u0131nda detayl\u0131 bir kontrol yaparak sorunsuz \u00e7al\u0131\u015fan bir kombinin keyfini ya\u015faman\u0131z i\u00e7in elimizden gelenin en iyisini yap\u0131yoruz.<\/p><p>Servisimizin fiyat politikas\u0131 ise \u015feffaf ve adil bir \u015fekilde belirlenmi\u015ftir. Sadece gerekli olan par\u00e7alar\u0131n de\u011fi\u015ftirilmesi ya da onar\u0131lmas\u0131 konusunda size bilgi verip onay\u0131n\u0131z do\u011frultusunda hareket ediyoruz. B\u00f6ylelikle m\u00fc\u015fterilerimize gereksiz masraflardan ka\u00e7\u0131nma imkan\u0131 sa\u011fl\u0131yoruz.<\/p><p>Hem zaman hem de maddiyat a\u00e7\u0131s\u0131ndan avantaj sa\u011flamak isteyen m\u00fc\u015fterilerimize y\u0131l boyunca d\u00fczenledi\u011fimiz kampanyalar ve indirimlerle destek oluyoruz. Ayr\u0131ca kombi bak\u0131m s\u00f6zle\u015fmesi sunarak d\u00fczenli olarak kombinizin kontrol\u00fcn\u00fc ve bak\u0131m\u0131n\u0131 ger\u00e7ekle\u015ftiriyoruz. Bu sayede ar\u0131zalar\u0131n \u00f6n\u00fcne ge\u00e7erek daha uzun \u00f6m\u00fcrl\u00fc bir kombinin keyfini \u00e7\u0131karman\u0131z\u0131 sa\u011fl\u0131yoruz.<\/p><p>M\u00fc\u015fterilerimizin memnuniyetini en \u00fcst seviyede tutmak i\u00e7in s\u00fcrekli kendimizi geli\u015ftirmeye devam ediyoruz. Kombinizde meydana gelebilecek her t\u00fcrl\u00fc sorun kar\u015f\u0131s\u0131nda sizlere h\u0131zl\u0131 ve etkili \u00e7\u00f6z\u00fcm sunabilmek i\u00e7in ekip arkada\u015flar\u0131m\u0131zla birlikte g\u00fcncel teknolojiyi takip ediyoruz.<\/p><p>Sonu\u00e7 olarak, Sancaktepe b\u00f6lgesindeki g\u00fcvenilir kombi servisimiz sizlere kaliteli hizmet ve uygun fiyatlar sunmay\u0131 ama\u00e7lamaktad\u0131r. Y\u0131l\u0131n her d\u00f6neminde hizmet vermeye ve m\u00fc\u015fterilerimizin memnuniyetini sa\u011flamaya devam edece\u011fiz.<\/p>\t\t\t\t\t\t<\/div>\n\t\t\t\t<\/div>\n\t\t\t\t\t<\/div>\n\t\t\t\t<\/div>\n\t\t\t\t<\/div>\n\t\t","protected":false},"excerpt":{"rendered":"<p>Do\u011fru \u00c7\u00f6z\u00fcm Firmam\u0131z\u0131n Sancaktepe Kombi Servisi, Sancaktepe b\u00f6lgesinde kombi ile ilgili her t\u00fcrl\u00fc sorununuzu \u00e7\u00f6zmek i\u00e7in hizmet veren bir firmad\u0131r. G\u00fcnl\u00fck hayat\u0131m\u0131z\u0131n \u00f6nemli bir par\u00e7as\u0131 olan kombiler, \u0131s\u0131tma ve s\u0131cak su gibi temel ihtiya\u00e7lar\u0131m\u0131z\u0131 kar\u015f\u0131larken zaman zaman ar\u0131zalanabilir veya bak\u0131ma ihtiya\u00e7 duyabilirler. Bu durumda do\u011fru ve g\u00fcvenilir bir kombi servisine ba\u015fvurmak olduk\u00e7a \u00f6nemlidir. Sancaktepe Kombi&#8230;<\/p>\n","protected":false},"author":1,"featured_media":0,"parent":0,"menu_order":0,"comment_status":"closed","ping_status":"closed","template":"template-builder.php","meta":{"footnotes":""},"class_list":["post-1755","page","type-page","status-publish","hentry"],"_links":{"self":[{"href":"https:\/\/wtdemo.link\/kombiteknik\/wp-json\/wp\/v2\/pages\/1755","targetHints":{"allow":["GET"]}}],"collection":[{"href":"https:\/\/wtdemo.link\/kombiteknik\/wp-json\/wp\/v2\/pages"}],"about":[{"href":"https:\/\/wtdemo.link\/kombiteknik\/wp-json\/wp\/v2\/types\/page"}],"author":[{"embeddable":true,"href":"https:\/\/wtdemo.link\/kombiteknik\/wp-json\/wp\/v2\/users\/1"}],"replies":[{"embeddable":true,"href":"https:\/\/wtdemo.link\/kombiteknik\/wp-json\/wp\/v2\/comments?post=1755"}],"version-history":[{"count":0,"href":"https:\/\/wtdemo.link\/kombiteknik\/wp-json\/wp\/v2\/pages\/1755\/revisions"}],"wp:attachment":[{"href":"https:\/\/wtdemo.link\/kombiteknik\/wp-json\/wp\/v2\/media?parent=1755"}],"curies":[{"name":"wp","href":"https:\/\/api.w.org\/{rel}","templated":true}]}}