{"id":1757,"date":"2024-02-24T15:32:09","date_gmt":"2024-02-24T12:32:09","guid":{"rendered":"https:\/\/wtdemo.link\/kombiteknik\/?page_id=1757"},"modified":"2024-02-24T15:33:14","modified_gmt":"2024-02-24T12:33:14","slug":"kombi-ariza","status":"publish","type":"page","link":"https:\/\/wtdemo.link\/kombiteknik\/kombi-ariza","title":{"rendered":"Kombi Ar\u0131za"},"content":{"rendered":"\t\t<div data-elementor-type=\"wp-page\" data-elementor-id=\"1757\" class=\"elementor elementor-1757\">\n\t\t\t\t<div class=\"elementor-element elementor-element-43a58d5 e-flex e-con-boxed e-con e-parent\" data-id=\"43a58d5\" data-element_type=\"container\" data-settings=\"{&quot;content_width&quot;:&quot;boxed&quot;}\" data-core-v316-plus=\"true\">\n\t\t\t\t\t<div class=\"e-con-inner\">\n\t\t<div class=\"elementor-element elementor-element-60c2cf1 e-con-full e-flex e-con e-child\" data-id=\"60c2cf1\" data-element_type=\"container\" data-settings=\"{&quot;content_width&quot;:&quot;full&quot;}\">\n\t\t\t\t<div class=\"elementor-element elementor-element-780b26e elementor-widget elementor-widget-text-editor\" data-id=\"780b26e\" data-element_type=\"widget\" data-widget_type=\"text-editor.default\">\n\t\t\t\t<div class=\"elementor-widget-container\">\n\t\t\t<style>\/*! elementor - v3.19.0 - 07-02-2024 *\/\n.elementor-widget-text-editor.elementor-drop-cap-view-stacked .elementor-drop-cap{background-color:#69727d;color:#fff}.elementor-widget-text-editor.elementor-drop-cap-view-framed .elementor-drop-cap{color:#69727d;border:3px solid;background-color:transparent}.elementor-widget-text-editor:not(.elementor-drop-cap-view-default) .elementor-drop-cap{margin-top:8px}.elementor-widget-text-editor:not(.elementor-drop-cap-view-default) .elementor-drop-cap-letter{width:1em;height:1em}.elementor-widget-text-editor .elementor-drop-cap{float:left;text-align:center;line-height:1;font-size:50px}.elementor-widget-text-editor .elementor-drop-cap-letter{display:inline-block}<\/style>\t\t\t\t<p>Do\u011fru \u00c7\u00f6z\u00fcm Firmam\u0131z\u0131n Sancaktepe Kombi Ar\u0131za Servisi, k\u0131\u015f aylar\u0131nda en \u00e7ok ihtiya\u00e7 duyulan kombi ar\u0131za giderme hizmeti sunmaktad\u0131r. Sancaktepe b\u00f6lgesinde hizmet veren Do\u011fru \u00c7\u00f6z\u00fcm, uzman kadrosu ve y\u00fcksek kaliteli ekipmanlar\u0131yla sizlere en iyi tamir ve bak\u0131m hizmetlerini sunmaktad\u0131r.<\/p><p>Kombi ar\u0131zalar\u0131n\u0131n ba\u015fl\u0131ca sebeplerinden biri d\u00fczenli bak\u0131m yap\u0131lmamas\u0131d\u0131r. Bu nedenle, kombinizin performans\u0131n\u0131 artt\u0131rmak ve ar\u0131zalar\u0131n \u00f6n\u00fcne ge\u00e7mek i\u00e7in periyodik bak\u0131m i\u015flemlerinin d\u00fczenli olarak yap\u0131lmas\u0131 gerekmektedir. Do\u011fru \u00c7\u00f6z\u00fcm Firmam\u0131zda bulunan alan\u0131nda uzman teknisyenlerimiz, deneyimleriyle kombinizin her t\u00fcrl\u00fc sorununu \u00e7\u00f6zmekte ve sizlere daha ekonomik bir \u0131s\u0131nma sa\u011flamaktad\u0131r.<\/p><p>Kombi ar\u0131zalar\u0131n\u0131n yan\u0131 s\u0131ra petek temizli\u011fi de olduk\u00e7a \u00f6nemlidir. Kirli petekler hem \u0131s\u0131tma sistemini etkiler hem de sa\u011fl\u0131\u011f\u0131n\u0131z a\u00e7\u0131s\u0131ndan risk olu\u015fturabilir. Sancaktepe Kombi Ar\u0131za Servisi hizmetleri kapsam\u0131nda petek temizli\u011fi de ger\u00e7ekle\u015ftirilmekte ve tesisat\u0131n\u0131z\u0131n daha verimli \u00e7al\u0131\u015fmas\u0131na yard\u0131mc\u0131 olmaktad\u0131r.<\/p><p>Firmam\u0131z, yaln\u0131zca ar\u0131za ve bak\u0131m hizmetleri sunmakla kalmay\u0131p ayn\u0131 zamanda kombi montaj\u0131 ve de\u011fi\u015fimi gibi i\u015flemleri de ger\u00e7ekle\u015ftirmektedir. Yeni bir kombinin kurulumu s\u0131ras\u0131nda dikkat edilmesi gereken pek \u00e7ok fakt\u00f6r vard\u0131r. Bu nedenle, uzman kadromuz en do\u011fru ve g\u00fcvenli \u015fekilde kombinizin kurulumunu yapmaktad\u0131r.<\/p><p>Sancaktepe Kombi Ar\u0131za Servisi Hizmetleri i\u00e7in bize ula\u015fabilece\u011finiz telefon numaralar\u0131m\u0131z mevcuttur. Ayr\u0131ca online olarak da randevu olu\u015fturabilirsiniz. Ekiplerimiz en k\u0131sa s\u00fcrede adresinize gelerek sorununuzu tespit edecek ve \u00e7\u00f6z\u00fcm i\u00e7in gerekli olan i\u015flemleri yapacakt\u0131r . Do\u011fru \u00c7\u00f6z\u00fcm Firmam\u0131zla kombinizin sorunlar\u0131na kal\u0131c\u0131 ve g\u00fcvenilir \u00e7\u00f6z\u00fcmler bulabilirsiniz.<\/p>\t\t\t\t\t\t<\/div>\n\t\t\t\t<\/div>\n\t\t\t\t<\/div>\n\t\t<div class=\"elementor-element elementor-element-17d4c66 e-con-full sidebar-area elementor-hidden-tablet elementor-hidden-mobile e-flex e-con e-child\" data-id=\"17d4c66\" data-element_type=\"container\" data-settings=\"{&quot;content_width&quot;:&quot;full&quot;}\">\n\t\t\t\t<div class=\"elementor-element elementor-element-31351e9 elementor-widget elementor-widget-konsalservicelist\" data-id=\"31351e9\" data-element_type=\"widget\" data-widget_type=\"konsalservicelist.default\">\n\t\t\t\t<div class=\"elementor-widget-container\">\n\t\t\t<div class=\"widget widget_categories th-cate-wrap\"><h3 class=\"widget_title\">T\u00fcm Hizmetlerimiz<\/h3><ul> <li><a href=\"#\">Kombi Servisi<\/a><span><i class=\"fas fa-angle-right\"><\/i><\/span><\/li> <li><a href=\"#\">Kombi Tamiri<\/a><span><i class=\"fas fa-angle-right\"><\/i><\/span><\/li> <li><a href=\"#\">Kombi Bak\u0131m\u0131<\/a><span><i class=\"fas fa-angle-right\"><\/i><\/span><\/li> <li><a href=\"#\">Petek Temizli\u011fi<\/a><span><i class=\"fas fa-angle-right\"><\/i><\/span><\/li> <li><a href=\"http:\/\/3\" target=\"_blank\">Kombi De\u011fi\u015fimi<\/a><span><i class=\"fas fa-angle-right\"><\/i><\/span><\/li> <li><a href=\"#\">\u015eofben Servisi<\/a><span><i class=\"fas fa-angle-right\"><\/i><\/span><\/li><\/ul><\/div>\t\t<\/div>\n\t\t\t\t<\/div>\n\t\t\t\t<\/div>\n\t\t\t\t\t<\/div>\n\t\t\t\t<\/div>\n\t\t<div class=\"elementor-element elementor-element-fa4a4f3 e-flex e-con-boxed e-con e-parent\" data-id=\"fa4a4f3\" data-element_type=\"container\" data-settings=\"{&quot;content_width&quot;:&quot;boxed&quot;}\" data-core-v316-plus=\"true\">\n\t\t\t\t\t<div class=\"e-con-inner\">\n\t\t<div class=\"elementor-element elementor-element-6a0f28d e-con-full e-flex e-con e-child\" data-id=\"6a0f28d\" data-element_type=\"container\" data-settings=\"{&quot;content_width&quot;:&quot;full&quot;}\">\n\t\t\t\t<div class=\"elementor-element elementor-element-a6ac905 elementor-widget elementor-widget-image\" data-id=\"a6ac905\" data-element_type=\"widget\" data-widget_type=\"image.default\">\n\t\t\t\t<div class=\"elementor-widget-container\">\n\t\t\t<style>\/*! elementor - v3.19.0 - 07-02-2024 *\/\n.elementor-widget-image{text-align:center}.elementor-widget-image a{display:inline-block}.elementor-widget-image a img[src$=\".svg\"]{width:48px}.elementor-widget-image img{vertical-align:middle;display:inline-block}<\/style>\t\t\t\t\t\t\t\t\t\t<img fetchpriority=\"high\" decoding=\"async\" width=\"500\" height=\"500\" src=\"https:\/\/wtdemo.link\/kombiteknik\/wp-content\/uploads\/2024\/02\/kombi-ariza.png\" class=\"attachment-full size-full wp-image-1759\" alt=\"\" srcset=\"https:\/\/wtdemo.link\/kombiteknik\/wp-content\/uploads\/2024\/02\/kombi-ariza.png 500w, https:\/\/wtdemo.link\/kombiteknik\/wp-content\/uploads\/2024\/02\/kombi-ariza-300x300.png 300w, https:\/\/wtdemo.link\/kombiteknik\/wp-content\/uploads\/2024\/02\/kombi-ariza-150x150.png 150w, https:\/\/wtdemo.link\/kombiteknik\/wp-content\/uploads\/2024\/02\/kombi-ariza-85x85.png 85w, https:\/\/wtdemo.link\/kombiteknik\/wp-content\/uploads\/2024\/02\/kombi-ariza-80x80.png 80w, https:\/\/wtdemo.link\/kombiteknik\/wp-content\/uploads\/2024\/02\/kombi-ariza-100x100.png 100w, https:\/\/wtdemo.link\/kombiteknik\/wp-content\/uploads\/2024\/02\/kombi-ariza-460x460.png 460w\" sizes=\"(max-width: 500px) 100vw, 500px\" \/>\t\t\t\t\t\t\t\t\t\t\t\t\t<\/div>\n\t\t\t\t<\/div>\n\t\t\t\t<\/div>\n\t\t<div class=\"elementor-element elementor-element-1702a30 e-con-full e-flex e-con e-child\" data-id=\"1702a30\" data-element_type=\"container\" data-settings=\"{&quot;content_width&quot;:&quot;full&quot;}\">\n\t\t\t\t<div class=\"elementor-element elementor-element-b834447 elementor-widget elementor-widget-image\" data-id=\"b834447\" data-element_type=\"widget\" data-widget_type=\"image.default\">\n\t\t\t\t<div class=\"elementor-widget-container\">\n\t\t\t\t\t\t\t\t\t\t\t\t\t<img decoding=\"async\" width=\"500\" height=\"500\" src=\"https:\/\/wtdemo.link\/kombiteknik\/wp-content\/uploads\/2024\/02\/genel-foto.png\" class=\"attachment-full size-full wp-image-1744\" alt=\"\" srcset=\"https:\/\/wtdemo.link\/kombiteknik\/wp-content\/uploads\/2024\/02\/genel-foto.png 500w, https:\/\/wtdemo.link\/kombiteknik\/wp-content\/uploads\/2024\/02\/genel-foto-300x300.png 300w, https:\/\/wtdemo.link\/kombiteknik\/wp-content\/uploads\/2024\/02\/genel-foto-150x150.png 150w, https:\/\/wtdemo.link\/kombiteknik\/wp-content\/uploads\/2024\/02\/genel-foto-85x85.png 85w, https:\/\/wtdemo.link\/kombiteknik\/wp-content\/uploads\/2024\/02\/genel-foto-80x80.png 80w, https:\/\/wtdemo.link\/kombiteknik\/wp-content\/uploads\/2024\/02\/genel-foto-100x100.png 100w, https:\/\/wtdemo.link\/kombiteknik\/wp-content\/uploads\/2024\/02\/genel-foto-460x460.png 460w\" sizes=\"(max-width: 500px) 100vw, 500px\" \/>\t\t\t\t\t\t\t\t\t\t\t\t\t<\/div>\n\t\t\t\t<\/div>\n\t\t\t\t<\/div>\n\t\t\t\t\t<\/div>\n\t\t\t\t<\/div>\n\t\t<div class=\"elementor-element elementor-element-d155ca0 e-flex e-con-boxed e-con e-parent\" data-id=\"d155ca0\" data-element_type=\"container\" data-settings=\"{&quot;content_width&quot;:&quot;boxed&quot;}\" data-core-v316-plus=\"true\">\n\t\t\t\t\t<div class=\"e-con-inner\">\n\t\t\t\t<div class=\"elementor-element elementor-element-edba78a elementor-widget elementor-widget-text-editor\" data-id=\"edba78a\" data-element_type=\"widget\" data-widget_type=\"text-editor.default\">\n\t\t\t\t<div class=\"elementor-widget-container\">\n\t\t\t\t\t\t\t<h2>Kombi Ar\u0131zalar\u0131 ve Nedenleri<\/h2><p>Kombi ar\u0131zalar\u0131, evlerimizde en s\u0131k kar\u015f\u0131la\u015ft\u0131\u011f\u0131m\u0131z sorunlardan biridir. Is\u0131nma ve s\u0131cak su ihtiyac\u0131n\u0131 kar\u015f\u0131lamak i\u00e7in kulland\u0131\u011f\u0131m\u0131z kombiler, yo\u011fun kullan\u0131mlar\u0131 nedeniyle zaman zaman \u00e7e\u015fitli ar\u0131zalar verebilir. Bu durumda, uzman bir kombi ar\u0131za servisi ihtiyac\u0131 do\u011far.<\/p><p>Sancaktepe b\u00f6lgesinde hizmet veren Do\u011fru \u00c7\u00f6z\u00fcm Firmam\u0131z\u0131n Sancaktepe Kombi Ar\u0131za servisimiz, b\u00f6lgenin en g\u00fcvenilir ve tecr\u00fcbeli ekiplerinden olu\u015fmaktad\u0131r. Kombi ar\u0131zalar\u0131n\u0131n nedenleri olduk\u00e7a \u00e7e\u015fitlidir ve genellikle yanl\u0131\u015f kullan\u0131m ya da d\u00fczenli bak\u0131m yap\u0131lmamas\u0131ndan kaynaklan\u0131r.<\/p><p>En yayg\u0131n kombi ar\u0131zalar\u0131ndan biri olan su bas\u0131nc\u0131n\u0131n d\u00fc\u015fmesi, genellikle sistemde ka\u00e7ak olmas\u0131ndan kaynaklan\u0131r. Ka\u00e7aklar genellikle bas\u0131n\u00e7 vanas\u0131nda veya peteklerde meydana gelir ve ciddi sonu\u00e7lar do\u011furabilir. Bu nedenle, d\u00fczenli olarak bak\u0131m yapt\u0131rmak \u00f6nemlidir.<\/p><p>Kombinin \u00e7al\u0131\u015fmamas\u0131na neden olan di\u011fer bir sorun ise kart ar\u0131zas\u0131d\u0131r. Kart \u00fczerindeki elektronik par\u00e7alardaki a\u015f\u0131nma veya ba\u011flant\u0131lardaki gev\u015femeler sonucu kart bozulabilir ve kombinin \u00e7al\u0131\u015fmas\u0131n\u0131 engelleyebilir. Uzman ekiplerimiz taraf\u0131ndan yap\u0131lacak incelemeler sonucu, kartta meydana gelen ar\u0131zalar tespit edilerek gerekli tamirat yap\u0131lmaktad\u0131r.<\/p><p>Kombilerde s\u0131k\u00e7a kar\u015f\u0131la\u015f\u0131lan di\u011fer bir sorun ise termostat ar\u0131zas\u0131d\u0131r. Termostat\u0131n yanl\u0131\u015f \u00f6l\u00e7\u00fcm yapmas\u0131 veya bozulmas\u0131 sonucu kombi istenilen s\u0131cakl\u0131k de\u011ferine ula\u015famaz ve evinizde yeterli bir \u0131s\u0131 sa\u011flayamaz. Bu durumda, termostat\u0131n de\u011fi\u015ftirilmesi gerekebilir ve uzman ekiplerimiz taraf\u0131ndan gerekli m\u00fcdahaleler yap\u0131larak kombinizin do\u011fru \u00e7al\u0131\u015fmas\u0131n\u0131 sa\u011flan\u0131r.<\/p><p>Kombinin yanmas\u0131 gereken gaz\u0131n gelmemesi de s\u0131k\u00e7a kar\u015f\u0131la\u015f\u0131lan bir ar\u0131za t\u00fcr\u00fcd\u00fcr. Bu durum genellikle gaz vanas\u0131n\u0131n kapal\u0131 olmas\u0131ndan veya gaz bas\u0131nc\u0131n\u0131n yetersiz olmas\u0131ndan kaynaklan\u0131r. Bu konuda dikkatli olmak ve d\u00fczenli olarak gaz bas\u0131nc\u0131n\u0131 kontrol ettirmek \u00f6nemlidir.<\/p><p>Kombi ar\u0131zalar\u0131n\u0131n nedenleri ve \u00e7\u00f6z\u00fcmleri olduk\u00e7a \u00e7e\u015fitlidir. Sancaktepe Kombi Ar\u0131za servisimiz, uzman ekipleri ve geli\u015fmi\u015f ekipmanlar\u0131yla kombinizde meydana gelen her t\u00fcrl\u00fc ar\u0131zaya m\u00fcdahale ederek, sorunun en k\u0131sa s\u00fcrede \u00e7\u00f6z\u00fclmesini sa\u011flamaktad\u0131r. Dilerseniz, kombilerinizde meydana gelen sorunlar\u0131 \u00f6nlemek i\u00e7in d\u00fczenli bak\u0131m hizmetlerimizi de tercih edebilirsiniz.<\/p><h2>Bak\u0131m ve Onar\u0131m S\u00fcreci<\/h2><p>Bak\u0131m ve onar\u0131m s\u00fcreci, kombi kullan\u0131c\u0131lar\u0131n\u0131n en \u00e7ok dikkat etmesi gereken konulardan biridir. Kombinizin d\u00fczenli olarak bak\u0131m ve onar\u0131mlar\u0131n\u0131n yap\u0131lmamas\u0131, hem cihaz\u0131n\u0131z\u0131n \u00f6mr\u00fcn\u00fc k\u0131saltabilir hem de g\u00fcvenli\u011fi tehlikeye atabilir. Bu nedenle Sancaktepe kombi ar\u0131za servisi olarak sizlere en iyi tamir ve bak\u0131m hizmetlerini sunuyoruz.<\/p><p>\u0130lk olarak, kombinizin bak\u0131m s\u00fcrecinden bahsedelim. Bak\u0131m i\u015flemi, cihaz\u0131n\u0131z\u0131n \u00e7al\u0131\u015fma performans\u0131n\u0131 artt\u0131rmak i\u00e7in d\u00fczenli aral\u0131klarla yap\u0131lmas\u0131 gereken temel bir i\u015flemdir. Kombinizin bak\u0131m zaman\u0131n\u0131 belirlemek i\u00e7in genellikle \u00fcretici firmalar taraf\u0131ndan \u00f6nerilen periyotlar vard\u0131r. Ancak daha s\u0131k kullan\u0131l\u0131yorsa veya farkl\u0131 sebeplerden dolay\u0131 sorun ya\u015fanm\u0131\u015fsa bu s\u00fcre daha da k\u0131salt\u0131labilir.<\/p><p>Sancaktepe Kombi Ar\u0131za Servisi olarak bizler, uzman ekiplerimiz sayesinde kombinizin t\u00fcm par\u00e7alar\u0131n\u0131 detayl\u0131 bir \u015fekilde inceleriz. \u00d6zellikle filtrelerin temizlenmesine ve gaz valflerinin kontrol edilmesine b\u00fcy\u00fck \u00f6nem veriyoruz. Ayr\u0131ca su bas\u0131n\u00e7 ayarlar\u0131na da dikkat ederek gerekirse yenileme i\u015flemi ger\u00e7ekle\u015ftiriyoruz.<\/p><p>Kombinizde herhangi bir ar\u0131zaya rastlanmas\u0131 durumunda ise hemen m\u00fcdahale ediyor ve onar\u0131m i\u015flemlerine ba\u015fl\u0131yoruz. \u00d6ncelikle ar\u0131zan\u0131n tespiti i\u00e7in detayl\u0131 bir inceleme yaparak sorunun kayna\u011f\u0131n\u0131 belirliyoruz. Sonras\u0131nda gerekli par\u00e7alar\u0131n de\u011fi\u015fimi veya tamir i\u015flemlerini ger\u00e7ekle\u015ftirerek kombinizin tekrar sa\u011fl\u0131kl\u0131 bir \u015fekilde \u00e7al\u0131\u015fmas\u0131n\u0131 sa\u011fl\u0131yoruz.<\/p><p>Kombinizin bak\u0131m ve onar\u0131mlar\u0131n\u0131n d\u00fczenli olarak yap\u0131lmas\u0131, hem cihaz\u0131n\u0131z\u0131n \u00f6mr\u00fcn\u00fc uzat\u0131r hem de enerji tasarrufu sa\u011flar. Ayr\u0131ca do\u011fru bir bak\u0131m ve onar\u0131m s\u00fcreciyle kombinizde meydana gelebilecek olas\u0131 ar\u0131zalar\u0131n \u00f6n\u00fcne ge\u00e7ilmesi de \u00f6nemlidir. Bu nedenle Do\u011fru \u00c7\u00f6z\u00fcm Sancaktepe Kombi Ar\u0131za Servisi olarak sizlere her zaman en kaliteli ve g\u00fcvenilir hizmeti sunmaya devam ediyoruz.<\/p><h2>Kombi Tamircisi<\/h2><p>Do\u011fru \u00c7\u00f6z\u00fcm firmam\u0131z\u0131n Sancaktepe Kombi Ar\u0131za Servisi&#8217;ndeki Kombi tamircilerimiz alan\u0131nda uzman ki\u015filerdir. Firmam\u0131z, e\u011fitimli ve sertifikal\u0131 \u00e7ok say\u0131da kombi tamircisine sahiptir. Bu nedenle arad\u0131\u011f\u0131n\u0131z her t\u00fcrl\u00fc kombi sorunlar\u0131n\u0131n \u00e7\u00f6z\u00fcm\u00fcnde profesyonel deste\u011fi firmam\u0131zdan alabilirsiniz. Kombinizin sorunlar\u0131n\u0131 h\u0131zl\u0131 bir \u015fekilde \u00e7\u00f6zecek, kaliteden \u00f6d\u00fcn vermeyecek olan kombi tamircisi personelimiz, sizlere sundu\u011fumuz kaliteli hizmetlerden yararlanabilirsiniz.<\/p><p>Kombi Tamiri<\/p><p>Sancaktepe Kombi Ar\u0131za Servisi olarak, uzman bir tamir ekibine sahip olmakla beraber uzun s\u00fcredir sekt\u00f6rde \u00e7al\u0131\u015fmaktay\u0131z. Uzman teknik ekiplerimiz arac\u0131l\u0131\u011f\u0131 ile en k\u0131sa zamanda kombinizin ar\u0131zalar\u0131na m\u00fcdahale edebilir ve uygun fiyatlarla en iyi onar\u0131mlar\u0131 ger\u00e7ekle\u015ftiririz. Kombi tamiri hizmetlerimizde en iyi \u00e7\u00f6z\u00fcm\u00fc sunarak kombinizin daha uzun \u00f6m\u00fcrl\u00fc olmas\u0131n\u0131 sa\u011flar\u0131z. Siz de Kombi ar\u0131za servisi hizmetlerimizden yararlanmak i\u00e7in bizimle ileti\u015fime ge\u00e7ebilirsiniz.<\/p><p>Kombi Bak\u0131m\u0131<\/p><p>K\u0131\u015f mevsiminin gelmesiyle beraber, kombilerin s\u0131kl\u0131kla kullan\u0131lmas\u0131 do\u011falgaz faturalar\u0131na da yans\u0131maktad\u0131r. E\u011fer dikkatli bir \u015fekilde kullan\u0131lmayan veya bak\u0131m\u0131 yap\u0131lmayan bir kombiniz varsa bu durum do\u011falgaz faturas\u0131n\u0131n y\u00fcksek gelmesine sebep olabilir. Bu nedenle d\u00fczenli olarak yap\u0131lacak olan kombi bak\u0131m\u0131 hem normal kullan\u0131m, hem de enerji tasarrufu a\u00e7\u0131s\u0131ndan olduk\u00e7a \u00f6nemlidir. Do\u011fru \u00c7\u00f6z\u00fcm Firmam\u0131z, m\u00fc\u015fterilerine d\u00fczenli olarak yap\u0131lan bak\u0131m sayesinde daha verimli ve tasarruflu bir kombiyi sunuyoruz. Kombinizin verimlili\u011fini artt\u0131rmak ve daha uzun \u00f6m\u00fcrl\u00fc olmas\u0131n\u0131 sa\u011flamak i\u00e7in bak\u0131m hizmetlerimizden yararlanabilirsiniz.<\/p><h2>Neden Sancaktepe Kombi Ar\u0131za Servisi<\/h2><p>Sancaktepe Kombi Ar\u0131za Servisi, b\u00f6lgede en iyi tamir ve bak\u0131m hizmetlerini sunan bir firma olarak \u00f6ne \u00e7\u0131k\u0131yor. M\u00fc\u015fteri memnuniyetine verdi\u011fi \u00f6nemle, uzman ekipleriyle kombi ar\u0131zalar\u0131n\u0131 k\u0131sa s\u00fcrede \u00e7\u00f6z\u00fcme kavu\u015fturuyor ve d\u00fczenli bak\u0131m hizmetleriyle kombilerin \u00f6mr\u00fcn\u00fc uzat\u0131yor.<\/p><p>Do\u011fru \u00c7\u00f6z\u00fcm Firmam\u0131z, alan\u0131nda uzman teknisyenlerden olu\u015fan deneyimli bir ekibe sahiptir. Kombinizde meydana gelen her t\u00fcrl\u00fc ar\u0131zaya profesyonelce m\u00fcdahale ederken, ayn\u0131 zamanda orijinal yedek par\u00e7a kullanarak kaliteli bir onar\u0131m sa\u011flar. Ayr\u0131ca kombinizin d\u00fczenli bak\u0131m\u0131n\u0131 ger\u00e7ekle\u015ftirerek performans\u0131n\u0131n y\u00fcksek olmas\u0131n\u0131 sa\u011flar ve enerji tasarrufuna yard\u0131mc\u0131 olur.<\/p><p>Sancaktepe Kombi Ar\u0131za Servisi\u2019nin en b\u00fcy\u00fck \u00f6zelliklerinden biri de 7\/24 kesintisiz hizmet sunmas\u0131d\u0131r. G\u00fcn\u00fcn her saati sizlere destek olmak i\u00e7in haz\u0131r olan ekip, h\u0131zl\u0131 ve g\u00fcvenilir servis anlay\u0131\u015f\u0131yla sizlere hizmet vermektedir. Acil durumlarda bile m\u00fc\u015fterilerine zaman\u0131nda ula\u015f\u0131p sorunlar\u0131na \u00e7\u00f6z\u00fcm bulmaktad\u0131r.<\/p><p>Ayr\u0131ca firmam\u0131z, uygun fiyat politikas\u0131yla da dikkat \u00e7ekiyor. Tamiri yap\u0131lan kombilerin \u00f6mr\u00fcn\u00fc uzatmak ve daha az enerji harcayarak tasarruf sa\u011flamak amac\u0131yla d\u00fczenli bak\u0131m hizmetleri sunuyor. Bu sayede m\u00fc\u015fterilerine hem ekonomik hem de kaliteli bir hizmet sunmay\u0131 ama\u00e7l\u0131yor.<\/p><p>M\u00fc\u015fteri memnuniyetini her zaman en \u00f6n planda tutan Sancaktepe Kombi Ar\u0131za Servisi, g\u00fcler y\u00fczl\u00fc ve samimi ileti\u015fimiyle de dikkat \u00e7ekmektedir. M\u00fc\u015fterilerinin sorunlar\u0131n\u0131 anlayarak \u00e7\u00f6z\u00fcm odakl\u0131 \u00e7al\u0131\u015fan firma, her zaman profesyonel bir hizmet sunmaktad\u0131r.<\/p><p>Sonu\u00e7 olarak, Sancaktepe Kombi Ar\u0131za Servisi, b\u00f6lgedeki en iyi tamir ve bak\u0131m hizmetlerini sunan bir firma olarak \u00f6ne \u00e7\u0131k\u0131yor. Uzman ekipleri, h\u0131zl\u0131 ve g\u00fcvenilir hizmetleri, uygun fiyat politikas\u0131 ve m\u00fc\u015fteri memnuniyetine verdi\u011fi \u00f6nemle tercih edilebilecek bir servis sa\u011flay\u0131c\u0131d\u0131r.<\/p>\t\t\t\t\t\t<\/div>\n\t\t\t\t<\/div>\n\t\t\t\t\t<\/div>\n\t\t\t\t<\/div>\n\t\t\t\t<\/div>\n\t\t","protected":false},"excerpt":{"rendered":"<p>Do\u011fru \u00c7\u00f6z\u00fcm Firmam\u0131z\u0131n Sancaktepe Kombi Ar\u0131za Servisi, k\u0131\u015f aylar\u0131nda en \u00e7ok ihtiya\u00e7 duyulan kombi ar\u0131za giderme hizmeti sunmaktad\u0131r. Sancaktepe b\u00f6lgesinde hizmet veren Do\u011fru \u00c7\u00f6z\u00fcm, uzman kadrosu ve y\u00fcksek kaliteli ekipmanlar\u0131yla sizlere en iyi tamir ve bak\u0131m hizmetlerini sunmaktad\u0131r. Kombi ar\u0131zalar\u0131n\u0131n ba\u015fl\u0131ca sebeplerinden biri d\u00fczenli bak\u0131m yap\u0131lmamas\u0131d\u0131r. Bu nedenle, kombinizin performans\u0131n\u0131 artt\u0131rmak ve ar\u0131zalar\u0131n \u00f6n\u00fcne ge\u00e7mek&#8230;<\/p>\n","protected":false},"author":1,"featured_media":0,"parent":0,"menu_order":0,"comment_status":"closed","ping_status":"closed","template":"template-builder.php","meta":{"footnotes":""},"class_list":["post-1757","page","type-page","status-publish","hentry"],"_links":{"self":[{"href":"https:\/\/wtdemo.link\/kombiteknik\/wp-json\/wp\/v2\/pages\/1757","targetHints":{"allow":["GET"]}}],"collection":[{"href":"https:\/\/wtdemo.link\/kombiteknik\/wp-json\/wp\/v2\/pages"}],"about":[{"href":"https:\/\/wtdemo.link\/kombiteknik\/wp-json\/wp\/v2\/types\/page"}],"author":[{"embeddable":true,"href":"https:\/\/wtdemo.link\/kombiteknik\/wp-json\/wp\/v2\/users\/1"}],"replies":[{"embeddable":true,"href":"https:\/\/wtdemo.link\/kombiteknik\/wp-json\/wp\/v2\/comments?post=1757"}],"version-history":[{"count":0,"href":"https:\/\/wtdemo.link\/kombiteknik\/wp-json\/wp\/v2\/pages\/1757\/revisions"}],"wp:attachment":[{"href":"https:\/\/wtdemo.link\/kombiteknik\/wp-json\/wp\/v2\/media?parent=1757"}],"curies":[{"name":"wp","href":"https:\/\/api.w.org\/{rel}","templated":true}]}}