{"id":1763,"date":"2024-02-24T15:34:13","date_gmt":"2024-02-24T12:34:13","guid":{"rendered":"https:\/\/wtdemo.link\/kombiteknik\/?page_id=1763"},"modified":"2024-02-24T15:34:54","modified_gmt":"2024-02-24T12:34:54","slug":"kombi-bakimi","status":"publish","type":"page","link":"https:\/\/wtdemo.link\/kombiteknik\/kombi-bakimi","title":{"rendered":"Kombi Bak\u0131m\u0131"},"content":{"rendered":"\t\t<div data-elementor-type=\"wp-page\" data-elementor-id=\"1763\" class=\"elementor elementor-1763\">\n\t\t\t\t<div class=\"elementor-element elementor-element-43a58d5 e-flex e-con-boxed e-con e-parent\" data-id=\"43a58d5\" data-element_type=\"container\" data-settings=\"{&quot;content_width&quot;:&quot;boxed&quot;}\" data-core-v316-plus=\"true\">\n\t\t\t\t\t<div class=\"e-con-inner\">\n\t\t<div class=\"elementor-element elementor-element-60c2cf1 e-con-full e-flex e-con e-child\" data-id=\"60c2cf1\" data-element_type=\"container\" data-settings=\"{&quot;content_width&quot;:&quot;full&quot;}\">\n\t\t\t\t<div class=\"elementor-element elementor-element-780b26e elementor-widget elementor-widget-text-editor\" data-id=\"780b26e\" data-element_type=\"widget\" data-widget_type=\"text-editor.default\">\n\t\t\t\t<div class=\"elementor-widget-container\">\n\t\t\t<style>\/*! elementor - v3.19.0 - 07-02-2024 *\/\n.elementor-widget-text-editor.elementor-drop-cap-view-stacked .elementor-drop-cap{background-color:#69727d;color:#fff}.elementor-widget-text-editor.elementor-drop-cap-view-framed .elementor-drop-cap{color:#69727d;border:3px solid;background-color:transparent}.elementor-widget-text-editor:not(.elementor-drop-cap-view-default) .elementor-drop-cap{margin-top:8px}.elementor-widget-text-editor:not(.elementor-drop-cap-view-default) .elementor-drop-cap-letter{width:1em;height:1em}.elementor-widget-text-editor .elementor-drop-cap{float:left;text-align:center;line-height:1;font-size:50px}.elementor-widget-text-editor .elementor-drop-cap-letter{display:inline-block}<\/style>\t\t\t\t<p>Sancaktepe kombi bak\u0131m\u0131 hizmeti, evinizin konforunu artt\u0131rmak ve g\u00fcvenli\u011fini sa\u011flamak i\u00e7in olduk\u00e7a b\u00fcy\u00fck bir role sahiptir. Kombiler, k\u0131\u015f aylar\u0131nda en \u00e7ok ihtiya\u00e7 duydu\u011fumuz \u0131s\u0131 kaynaklar\u0131ndan biridir ve d\u00fczenli olarak bak\u0131m yap\u0131lmad\u0131klar\u0131nda ciddi sorunlar ortaya \u00e7\u0131kabilir.<\/p><p>\u00d6ncelikle, Sancaktepe Kombi Bak\u0131m\u0131 ile sayesinde kombinizde olu\u015fabilecek ar\u0131zalar zaman\u0131nda tespit edilerek \u00f6nlenir. Kombideki herhangi bir sorun, uzman teknisyenler taraf\u0131ndan yap\u0131lan d\u00fczenli kontroller sayesinde erken d\u00f6nemde fark edilebilir ve gerekli tamirat i\u015flemleri ger\u00e7ekle\u015ftirilerek daha b\u00fcy\u00fck maddi kay\u0131plar\u0131n \u00f6n\u00fcne ge\u00e7ilebilir.<\/p><p>Bununla birlikte, Sancaktepe kombi bak\u0131m\u0131 hizmetinin \u00f6nemli bir di\u011fer y\u00f6n\u00fc ise enerji verimlili\u011fi sa\u011flamas\u0131d\u0131r. D\u00fczenli olarak yap\u0131lan bak\u0131mlar sayesinde kombinizin performans\u0131 artacak ve daha az yak\u0131t kullanarak daha fazla \u0131s\u0131 \u00fcretebilecektir. Bu da hem \u00e7evreye hem de sizlere maddi a\u00e7\u0131dan b\u00fcy\u00fck fayda sa\u011flayacakt\u0131r.<\/p><p>Kombinizin verimli \u00e7al\u0131\u015fmas\u0131 sadece enerji tasarrufu de\u011fil ayn\u0131 zamanda g\u00fcvenli\u011finiz i\u00e7in de \u00e7ok \u00f6nemlidir. Bak\u0131m\u0131 yap\u0131lmayan kombilerde gaz ka\u00e7a\u011f\u0131, yang\u0131n veya patlama gibi ciddi tehlikeler ortaya \u00e7\u0131kabilir. Bu nedenle d\u00fczenli olarak kombi bak\u0131m\u0131 yapt\u0131rmak, sizin ve sevdiklerinizin g\u00fcvenli\u011fini sa\u011flamak i\u00e7in olduk\u00e7a \u00f6nemlidir.<\/p><p>Ayr\u0131ca Sancaktepe kombi bak\u0131m\u0131, kombinizin \u00f6mr\u00fcn\u00fc uzat\u0131r. D\u00fczenli olarak yap\u0131lacak bak\u0131mlar sayesinde par\u00e7alar\u0131n a\u015f\u0131nmas\u0131 \u00f6nlenir ve b\u00f6ylece kombiniz daha uzun s\u00fcre sorunsuz bir \u015fekilde \u00e7al\u0131\u015fabilir. Aksi takdirde, zamanla olu\u015fabilecek ar\u0131zalar hem sizi maddi a\u00e7\u0131dan zor duruma sokacak hem de evinizin konforunu olumsuz etkileyecektir.<\/p><p>Son olarak, Sancaktepe kombi bak\u0131m\u0131n\u0131n sa\u011flad\u0131\u011f\u0131 en b\u00fcy\u00fck avantajlardan biri de zaman ve stres tasarrufu sa\u011flamas\u0131d\u0131r. D\u00fczenli olarak bak\u0131m yapt\u0131rmak, kombinizde beklenmedik ar\u0131zalar\u0131n olu\u015fmas\u0131n\u0131 engelleyerek sizin zaman\u0131n\u0131z\u0131 almaz ve evinizdeki \u0131s\u0131 kayna\u011f\u0131 sorunsuz bir \u015fekilde \u00e7al\u0131\u015fmaya devam eder.<\/p><p>T\u00fcm bu nedenlerden dolay\u0131, Do\u011fru \u00c7\u00f6z\u00fcm Sancaktepe kombi bak\u0131m\u0131 d\u00fczenli olarak yapt\u0131r\u0131lmas\u0131 gereken \u00f6nemli bir i\u015ftir. Kombinizin d\u00fczenli bak\u0131m\u0131n\u0131 yapt\u0131rmak hem sizin hem de sevdiklerinizin konfor ve g\u00fcvenli\u011fi i\u00e7in olduk\u00e7a \u00f6nemlidir. Unutmay\u0131n, d\u00fczenli bak\u0131m yap\u0131lmayan kombiler tehlikeli olabilir, bu nedenle bir uzman teknisyenden yard\u0131m alarak kombinizin sa\u011fl\u0131kl\u0131 ve verimli bir \u015fekilde \u00e7al\u0131\u015fmas\u0131n\u0131 sa\u011flayabilirsiniz.<\/p>\t\t\t\t\t\t<\/div>\n\t\t\t\t<\/div>\n\t\t\t\t<\/div>\n\t\t<div class=\"elementor-element elementor-element-17d4c66 e-con-full sidebar-area elementor-hidden-tablet elementor-hidden-mobile e-flex e-con e-child\" data-id=\"17d4c66\" data-element_type=\"container\" data-settings=\"{&quot;content_width&quot;:&quot;full&quot;}\">\n\t\t\t\t<div class=\"elementor-element elementor-element-31351e9 elementor-widget elementor-widget-konsalservicelist\" data-id=\"31351e9\" data-element_type=\"widget\" data-widget_type=\"konsalservicelist.default\">\n\t\t\t\t<div class=\"elementor-widget-container\">\n\t\t\t<div class=\"widget widget_categories th-cate-wrap\"><h3 class=\"widget_title\">T\u00fcm Hizmetlerimiz<\/h3><ul> <li><a href=\"#\">Kombi Servisi<\/a><span><i class=\"fas fa-angle-right\"><\/i><\/span><\/li> <li><a href=\"#\">Kombi Tamiri<\/a><span><i class=\"fas fa-angle-right\"><\/i><\/span><\/li> <li><a href=\"#\">Kombi Bak\u0131m\u0131<\/a><span><i class=\"fas fa-angle-right\"><\/i><\/span><\/li> <li><a href=\"#\">Petek Temizli\u011fi<\/a><span><i class=\"fas fa-angle-right\"><\/i><\/span><\/li> <li><a href=\"http:\/\/3\" target=\"_blank\">Kombi De\u011fi\u015fimi<\/a><span><i class=\"fas fa-angle-right\"><\/i><\/span><\/li> <li><a href=\"#\">\u015eofben Servisi<\/a><span><i class=\"fas fa-angle-right\"><\/i><\/span><\/li><\/ul><\/div>\t\t<\/div>\n\t\t\t\t<\/div>\n\t\t\t\t<\/div>\n\t\t\t\t\t<\/div>\n\t\t\t\t<\/div>\n\t\t<div class=\"elementor-element elementor-element-fa4a4f3 e-flex e-con-boxed e-con e-parent\" data-id=\"fa4a4f3\" data-element_type=\"container\" data-settings=\"{&quot;content_width&quot;:&quot;boxed&quot;}\" data-core-v316-plus=\"true\">\n\t\t\t\t\t<div class=\"e-con-inner\">\n\t\t<div class=\"elementor-element elementor-element-6a0f28d e-con-full e-flex e-con e-child\" data-id=\"6a0f28d\" data-element_type=\"container\" data-settings=\"{&quot;content_width&quot;:&quot;full&quot;}\">\n\t\t\t\t<div class=\"elementor-element elementor-element-a6ac905 elementor-widget elementor-widget-image\" data-id=\"a6ac905\" data-element_type=\"widget\" data-widget_type=\"image.default\">\n\t\t\t\t<div class=\"elementor-widget-container\">\n\t\t\t<style>\/*! elementor - v3.19.0 - 07-02-2024 *\/\n.elementor-widget-image{text-align:center}.elementor-widget-image a{display:inline-block}.elementor-widget-image a img[src$=\".svg\"]{width:48px}.elementor-widget-image img{vertical-align:middle;display:inline-block}<\/style>\t\t\t\t\t\t\t\t\t\t<img fetchpriority=\"high\" decoding=\"async\" width=\"500\" height=\"500\" src=\"https:\/\/wtdemo.link\/kombiteknik\/wp-content\/uploads\/2024\/02\/kombi-bakimi.png\" class=\"attachment-full size-full wp-image-1745\" alt=\"\" srcset=\"https:\/\/wtdemo.link\/kombiteknik\/wp-content\/uploads\/2024\/02\/kombi-bakimi.png 500w, https:\/\/wtdemo.link\/kombiteknik\/wp-content\/uploads\/2024\/02\/kombi-bakimi-300x300.png 300w, https:\/\/wtdemo.link\/kombiteknik\/wp-content\/uploads\/2024\/02\/kombi-bakimi-150x150.png 150w, https:\/\/wtdemo.link\/kombiteknik\/wp-content\/uploads\/2024\/02\/kombi-bakimi-85x85.png 85w, https:\/\/wtdemo.link\/kombiteknik\/wp-content\/uploads\/2024\/02\/kombi-bakimi-80x80.png 80w, https:\/\/wtdemo.link\/kombiteknik\/wp-content\/uploads\/2024\/02\/kombi-bakimi-100x100.png 100w, https:\/\/wtdemo.link\/kombiteknik\/wp-content\/uploads\/2024\/02\/kombi-bakimi-460x460.png 460w\" sizes=\"(max-width: 500px) 100vw, 500px\" \/>\t\t\t\t\t\t\t\t\t\t\t\t\t<\/div>\n\t\t\t\t<\/div>\n\t\t\t\t<\/div>\n\t\t<div class=\"elementor-element elementor-element-1702a30 e-con-full e-flex e-con e-child\" data-id=\"1702a30\" data-element_type=\"container\" data-settings=\"{&quot;content_width&quot;:&quot;full&quot;}\">\n\t\t\t\t<div class=\"elementor-element elementor-element-b834447 elementor-widget elementor-widget-image\" data-id=\"b834447\" data-element_type=\"widget\" data-widget_type=\"image.default\">\n\t\t\t\t<div class=\"elementor-widget-container\">\n\t\t\t\t\t\t\t\t\t\t\t\t\t<img decoding=\"async\" width=\"500\" height=\"500\" src=\"https:\/\/wtdemo.link\/kombiteknik\/wp-content\/uploads\/2024\/02\/genel-foto.png\" class=\"attachment-full size-full wp-image-1744\" alt=\"\" srcset=\"https:\/\/wtdemo.link\/kombiteknik\/wp-content\/uploads\/2024\/02\/genel-foto.png 500w, https:\/\/wtdemo.link\/kombiteknik\/wp-content\/uploads\/2024\/02\/genel-foto-300x300.png 300w, https:\/\/wtdemo.link\/kombiteknik\/wp-content\/uploads\/2024\/02\/genel-foto-150x150.png 150w, https:\/\/wtdemo.link\/kombiteknik\/wp-content\/uploads\/2024\/02\/genel-foto-85x85.png 85w, https:\/\/wtdemo.link\/kombiteknik\/wp-content\/uploads\/2024\/02\/genel-foto-80x80.png 80w, https:\/\/wtdemo.link\/kombiteknik\/wp-content\/uploads\/2024\/02\/genel-foto-100x100.png 100w, https:\/\/wtdemo.link\/kombiteknik\/wp-content\/uploads\/2024\/02\/genel-foto-460x460.png 460w\" sizes=\"(max-width: 500px) 100vw, 500px\" \/>\t\t\t\t\t\t\t\t\t\t\t\t\t<\/div>\n\t\t\t\t<\/div>\n\t\t\t\t<\/div>\n\t\t\t\t\t<\/div>\n\t\t\t\t<\/div>\n\t\t<div class=\"elementor-element elementor-element-d155ca0 e-flex e-con-boxed e-con e-parent\" data-id=\"d155ca0\" data-element_type=\"container\" data-settings=\"{&quot;content_width&quot;:&quot;boxed&quot;}\" data-core-v316-plus=\"true\">\n\t\t\t\t\t<div class=\"e-con-inner\">\n\t\t\t\t<div class=\"elementor-element elementor-element-edba78a elementor-widget elementor-widget-text-editor\" data-id=\"edba78a\" data-element_type=\"widget\" data-widget_type=\"text-editor.default\">\n\t\t\t\t<div class=\"elementor-widget-container\">\n\t\t\t\t\t\t\t<h2>Do\u011fru \u00c7\u00f6z\u00fcm Firmam\u0131z\u0131n Sancaktepe Kombi Bak\u0131m\u0131 Hizmeti<\/h2><p>Do\u011fru \u00c7\u00f6z\u00fcm firmas\u0131 olarak, evinizin konforunu art\u0131rmak ve kombi sistemlerinizin d\u00fczenli bir \u015fekilde \u00e7al\u0131\u015fmas\u0131n\u0131 sa\u011flamak i\u00e7in Sancaktepe kombi bak\u0131m\u0131 sunmaktay\u0131z. Kombiler, k\u0131\u015f aylar\u0131nda evimizin en \u00f6nemli par\u00e7alar\u0131ndan biridir ve do\u011fru bir \u015fekilde \u00e7al\u0131\u015fmas\u0131 hem bizi s\u0131cak tutar hem de enerji tasarrufu sa\u011flar. Bu nedenle, kombilerin periyodik olarak bak\u0131mlar\u0131n\u0131n yap\u0131lmas\u0131 olduk\u00e7a \u00f6nemlidir.<\/p><p>Firmam\u0131z\u0131n uzman teknisyenleri, y\u00fcksek kaliteli ekipmanlar kullanarak kombi sisteminizin tam bir kontrol\u00fcn\u00fc ger\u00e7ekle\u015ftirirler. Bu sayede, kombinizde olu\u015fabilecek herhangi bir ar\u0131zan\u0131n tespiti ve \u00e7\u00f6z\u00fcm\u00fc h\u0131zl\u0131ca yap\u0131lm\u0131\u015f olur. Ayr\u0131ca, d\u00fczenli bak\u0131m ile kombinizdeki a\u015f\u0131nmalar\u0131n \u00f6n\u00fcne ge\u00e7ilerek daha uzun \u00f6m\u00fcrl\u00fc ve verimli bir \u015fekilde kullan\u0131lmas\u0131n\u0131 sa\u011flar\u0131z.<\/p><p>Kombinin yan\u0131nda bulunan bacan\u0131n temizlenmesi de olduk\u00e7a \u00f6nemlidir. Bacalarda olu\u015fabilecek t\u0131kan\u0131kl\u0131klar hem yang\u0131na yol a\u00e7abilir hem de karbon monoksit zehirlenmesine sebep olabilir. Do\u011fru \u00c7\u00f6z\u00fcm Firmam\u0131z\u0131n uzman teknisyenleri, bu riskleri ortadan kald\u0131rmak i\u00e7in baca temizli\u011fini de yaparak sizlere g\u00fcvenli bir ya\u015fam alan\u0131 sunmay\u0131 ama\u00e7lar.<\/p><p>Sancaktepe kombi bak\u0131m\u0131 kapsam\u0131nda, kombinizin i\u00e7 ve d\u0131\u015f temizli\u011fi de yap\u0131lmaktad\u0131r. Kombinin i\u00e7inde biriken toz ve kirler, zamanla cihaz\u0131n \u0131s\u0131nma verimini d\u00fc\u015f\u00fcr\u00fcr ve ar\u0131zalara sebep olabilir. Bu nedenle, d\u00fczenli olarak bu temizlik i\u015fleminin yap\u0131lmas\u0131 gerekmektedir. Ayr\u0131ca kombinin d\u0131\u015f\u0131n\u0131n da temizlenmesi, daha estetik bir g\u00f6r\u00fcn\u00fcm sa\u011flarken ayn\u0131 zamanda kombinin \u00f6mr\u00fcn\u00fc uzatmaya da yard\u0131mc\u0131 olur.<\/p><p>Do\u011fru \u00c7\u00f6z\u00fcm Firmam\u0131z\u0131n uzman teknisyenleri, yapt\u0131klar\u0131 i\u015flem sonras\u0131nda sizlere detayl\u0131 bir rapor sunarak yap\u0131lan t\u00fcm kontrollerin sonu\u00e7lar\u0131n\u0131 payla\u015f\u0131rlar. E\u011fer kombinizde herhangi bir sorun veya ar\u0131za varsa, gerekli onar\u0131m i\u015flemlerini de h\u0131zl\u0131 ve g\u00fcvenilir bir \u015fekilde ger\u00e7ekle\u015ftirirler.<\/p><p>Siz de Sancaktepe kombi bak\u0131m\u0131 hizmetimizden yararlanarak, k\u0131\u015f aylar\u0131nda kesintisiz ve g\u00fcvenli bir \u0131s\u0131nma sistemine sahip olabilirsiniz. Bizi arayarak veya web sitemiz \u00fczerinden online randevu alarak hizmetlerimizden faydalanabilirsiniz.<\/p><h2>Sancaktepe Kombi Bak\u0131m<\/h2><p>Do\u011fru \u00c7\u00f6z\u00fcm ile Sancaktepe Kombi Bak\u0131m Sancaktepe kombi bak\u0131m hizmetleri, evlerde, i\u015f yerinde, sanayide veya okullar\u0131 gibi her t\u00fcrl\u00fc binada uyguland\u0131\u011f\u0131nda, bu binalarda meydana gelebilecek bozukluklar\u0131n \u00f6nlenmesine yard\u0131mc\u0131 olur. Kombilerin d\u00fczenli olarak bak\u0131m\u0131n\u0131n yap\u0131lmas\u0131 sayesinde daha uzun s\u00fcreli kullan\u0131m sa\u011flan\u0131r ve ar\u0131zalar\u0131n \u00f6n\u00fcne ge\u00e7ilir. Bununla birlikte hem enerji tasarrufu elde edilir hem de kombinin verimlili\u011fi artar. Bu da ayn\u0131 zamanda faturalardan da tasarruf etmenizi sa\u011flar.<\/p><p>Kombi Bak\u0131m Hizmetleri ile Enerji Tasarrufu Sa\u011flay\u0131n<\/p><p>Sancaktepe kombi tamiri ve bak\u0131m hizmetleri al\u0131nd\u0131\u011f\u0131nda \u00f6ncelikle bir uzman gelip cihaz\u0131n kontrol\u00fcn\u00fc yaparak ar\u0131zalar\u0131n\u0131 tespit eder ve gerekli onar\u0131m\u0131 ger\u00e7ekle\u015ftirir. Ayr\u0131ca kombinin i\u00e7 k\u0131sm\u0131nda bulunan t\u00fcm par\u00e7alar\u0131n temizlenmesi sa\u011flan\u0131r. Kombinin y\u0131lda en az bir kez bak\u0131m\u0131n\u0131n yap\u0131lmas\u0131, olas\u0131 ar\u0131zalar\u0131n \u00f6n\u00fcne ge\u00e7meyi sa\u011flar ve ayr\u0131ca enerji tasarrufu elde edilir.<\/p><p>Sancaktepe Kombi Bak\u0131m Hizmetleri<\/p><p>Sancaktepe kombi servisi hizmetleri aras\u0131nda yer alan di\u011fer i\u015flemler ise \u015funlard\u0131r;<\/p><p>Kombinin genel olarak kontrol edilmesi,<\/p><p>Kapal\u0131 devre yanma odas\u0131n\u0131n temizlenmesi,<\/p><p>Ate\u015fleme elektrotunun de\u011fi\u015ftirilmesi,<\/p><p>Hava kanallar\u0131n\u0131n temizlenmesi,<\/p><p>Parmakl\u0131k ve ayarlar\u0131n yenilenmesi.<\/p><p>Firma olarak siz de\u011ferli m\u00fc\u015fterilerimize en iyi hizmetleri sunmak i\u00e7in uzman teknik ekiplerimiz ile her daim yan\u0131n\u0131zday\u0131z. Sancaktepe kombi bak\u0131m hizmetlerine ek olarak, kombinizin tamiri ve montaj\u0131 gibi i\u015flemlerinde de profesyonel ekibimizle yan\u0131n\u0131zday\u0131z. Ayr\u0131ca kombi yedek par\u00e7a temini de firmam\u0131z taraf\u0131ndan sa\u011flanmaktad\u0131r.<\/p><p>Kaliteli Hizmet Anlay\u0131\u015f\u0131m\u0131z<\/p><p>Sancaktepe Kombi bak\u0131m konusunda hizmet verdi\u011fimiz t\u00fcm m\u00fc\u015fterilerimize kaliteli bir hizmet sunmak en b\u00fcy\u00fck hedeflerimizden biridir. Firmam\u0131z\u0131n uzman ekiplerinin her biri konular\u0131nda uzman ki\u015filerdir. Sertifikalara sahip olan teknik elemanlar\u0131m\u0131z kaliteli hizmet anlay\u0131\u015f\u0131yla \u00e7al\u0131\u015fmaktad\u0131r. Bu sayede sizlerde g\u00fcven i\u00e7inde bizlere kombi bak\u0131m i\u015flemlerinizi yapt\u0131rabilirsiniz.<\/p><h2>Sancaktepe Kombi Bak\u0131m \u00dccreti<\/h2><p>Do\u011fru \u00c7\u00f6z\u00fcm olarak, profesyonel ekiplerimizle Sancaktepe kombi bak\u0131m \u00fccretini en uygun \u015fekilde belirliyor ve sizlere sunuyoruz. B\u00f6ylelikle hem kaliteli servis anlay\u0131\u015f\u0131n\u0131, hem de uygun fiyatlar\u0131m\u0131z\u0131 \u00f6n plana \u00e7\u0131karabiliyoruz. Sizler de bu hizmetlerimizden yararlanmak ve kombilerinizin verimli \u00e7al\u0131\u015fmas\u0131n\u0131 sa\u011flamak i\u00e7in bizimle ileti\u015fime ge\u00e7ebilirsiniz.<\/p><p>Sitemize gelerek, Kombi bak\u0131m \u00fccretleri kapsam\u0131nda gerekli bilgileri alabilir ve ilgili formu doldurarak bizlere ula\u015fabilirsiniz. B\u00f6ylelikle sizlere daha detayl\u0131 bilgi verebilmemizi sa\u011flayabilirsiniz. Do\u011fru \u00c7\u00f6z\u00fcm olarak sizlerin memnuniyetini her zaman \u00f6n planda tutuyor ve kombilerinizin en do\u011fru \u015fekilde bak\u0131mlar\u0131n\u0131 ger\u00e7ekle\u015ftiriyoruz.<\/p><p>Unutmay\u0131n ki, do\u011fru bak\u0131mlar\u0131 yap\u0131lmayan kombileriniz ilerleyen zamanlarda performans kayb\u0131na u\u011frarken, daha fazla enerji t\u00fcketimi yapacak ve faturalar\u0131n\u0131z da kabaracakt\u0131r. Bizler, sizlere en uygun fiyatlar ile hizmet veriyor ve kombilerinizin performans\u0131n\u0131 en \u00fcst seviyede tutuyoruz. Sizler de hala servislerimizden yararlanm\u0131yorsan\u0131z, bizlere ula\u015fabilirsiniz.<\/p><p>Profesyonel ekiplerimiz ile birlikte sizlere en do\u011fru hizmetleri sunuyor ve 7\/24 destek veriyoruz. B\u00f6ylelikle her zaman kaliteli bir servis anlay\u0131\u015f\u0131na sahip olabileceksiniz. Sancaktepe kombi bak\u0131m \u00fccretleri kapsam\u0131nda bizlere ula\u015farak daha detayl\u0131 bilgiler alabilir ve gerekli deste\u011fi alabilirsiniz.<\/p><p>Bizler, her zaman i\u00e7in m\u00fc\u015fteri memnuniyetini \u00f6n planda tutuyor ve sizlere kaliteli bir \u015fekilde hizmet vermeye devam ediyoruz. Uygun fiyatlar\u0131m\u0131z ve kaliteli servis anlay\u0131\u015f\u0131m\u0131z ile birlikte sizler de do\u011fru bak\u0131mlar\u0131n\u0131z\u0131 yapt\u0131rabilir ve kombilerinizin performans\u0131n\u0131 en \u00fcst seviyede tutabilirsiniz. Sizlere hizmet vermekten mutluluk duyuyoruz.<\/p><h2>Sancaktepe Kombi Bak\u0131m\u0131 Servisi<\/h2><p>Sancaktepe&#8217;de bulunan Do\u011fru \u00c7\u00f6z\u00fcm kombi Bak\u0131m\u0131 servisi ile bir \u00e7ok marka ve modelde kombinizin bak\u0131m\u0131n\u0131 yapt\u0131rabilirsiniz. Kombi bak\u0131mlar\u0131, kombinizin daha uzun \u00f6m\u00fcrl\u00fc olmas\u0131n\u0131 ve verimli \u00e7al\u0131\u015fmas\u0131n\u0131 sa\u011flar. Bak\u0131ms\u0131z kombiler zamanla ar\u0131zalanabilir ve sizlere b\u00fcy\u00fck masraflar \u00e7\u0131karabilir. Bu gibi durumlar\u0131n \u00f6n\u00fcne ge\u00e7mek i\u00e7in y\u0131ll\u0131k periyodik kombi bak\u0131mlar\u0131n\u0131n yap\u0131lmas\u0131 gerekir.<\/p><p>Bak\u0131m i\u00e7in adresinizdeki t\u00fcm i\u015flemleri yapabilen Do\u011fru \u00c7\u00f6z\u00fcm servisimize g\u00fcvenebilirsiniz. Uzman kadromuz sayesinde t\u00fcm kombi modellerinin bak\u0131m ve onar\u0131m i\u015flemlerini garantili olarak yap\u0131yoruz. Hemen bizimle ileti\u015fime ge\u00e7in!<\/p><p>Kombinizin bak\u0131m\u0131 s\u0131ras\u0131nda genel olarak \u015fu i\u015flemler yap\u0131l\u0131r:<\/p><p>&#8211; Kombinin i\u00e7 ve d\u0131\u015f temizli\u011fi yap\u0131l\u0131r.<br \/>&#8211; Br\u00fcl\u00f6r, buji ve di\u011fer par\u00e7alar\u0131n temizli\u011fi sa\u011flan\u0131r.<br \/>&#8211; Gaz bas\u0131nc\u0131 ve ate\u015fleme ayarlar\u0131 kontrol edilir.<br \/>&#8211; Su bas\u0131nc\u0131 ve filtreler kontrol edilir.<br \/>&#8211; Is\u0131 e\u015fanj\u00f6r\u00fc kontrol edilir ve gerekirse temizlenir.<br \/>&#8211; Tesisat ba\u011flant\u0131lar\u0131n\u0131n durumu incelenir ve gerekiyorsa de\u011fi\u015ftirilir.<br \/>&#8211; Kontrol paneli, sens\u00f6rler ve di\u011fer elektronik par\u00e7alar\u0131n durumu incelenir.<\/p><p>E\u011fer kombinizde bir ar\u0131za varsa, bunun tespiti yap\u0131larak onar\u0131m i\u015flemine hemen ba\u015flan\u0131r. Bak\u0131m sonras\u0131nda kombinizin performans\u0131nda art\u0131\u015f g\u00f6zlemleyebilirsiniz. Daha az enerji harcayacak, daha verimli \u00e7al\u0131\u015facak ve daha uzun \u00f6m\u00fcrl \u00fc olacakt\u0131r.<\/p><p>Do\u011fru \u00c7\u00f6z\u00fcm Sancaktepe Kombi Bak\u0131m\u0131 Servisi olarak, her zaman m\u00fc\u015fteri memnuniyetini \u00f6n planda tutuyoruz. H\u0131zl\u0131 ve kaliteli hizmetimizle sizlere g\u00fcvenilir bir kombi bak\u0131m\u0131 sunuyoruz. Siz de kombinizin bak\u0131m\u0131n\u0131 yapt\u0131rmak istiyorsan\u0131z bize ula\u015f\u0131n, en k\u0131sa s\u00fcrede adresinizde olal\u0131m!<\/p>\t\t\t\t\t\t<\/div>\n\t\t\t\t<\/div>\n\t\t\t\t\t<\/div>\n\t\t\t\t<\/div>\n\t\t\t\t<\/div>\n\t\t","protected":false},"excerpt":{"rendered":"<p>Sancaktepe kombi bak\u0131m\u0131 hizmeti, evinizin konforunu artt\u0131rmak ve g\u00fcvenli\u011fini sa\u011flamak i\u00e7in olduk\u00e7a b\u00fcy\u00fck bir role sahiptir. Kombiler, k\u0131\u015f aylar\u0131nda en \u00e7ok ihtiya\u00e7 duydu\u011fumuz \u0131s\u0131 kaynaklar\u0131ndan biridir ve d\u00fczenli olarak bak\u0131m yap\u0131lmad\u0131klar\u0131nda ciddi sorunlar ortaya \u00e7\u0131kabilir. \u00d6ncelikle, Sancaktepe Kombi Bak\u0131m\u0131 ile sayesinde kombinizde olu\u015fabilecek ar\u0131zalar zaman\u0131nda tespit edilerek \u00f6nlenir. Kombideki herhangi bir sorun, uzman teknisyenler taraf\u0131ndan&#8230;<\/p>\n","protected":false},"author":1,"featured_media":0,"parent":0,"menu_order":0,"comment_status":"closed","ping_status":"closed","template":"template-builder.php","meta":{"footnotes":""},"class_list":["post-1763","page","type-page","status-publish","hentry"],"_links":{"self":[{"href":"https:\/\/wtdemo.link\/kombiteknik\/wp-json\/wp\/v2\/pages\/1763","targetHints":{"allow":["GET"]}}],"collection":[{"href":"https:\/\/wtdemo.link\/kombiteknik\/wp-json\/wp\/v2\/pages"}],"about":[{"href":"https:\/\/wtdemo.link\/kombiteknik\/wp-json\/wp\/v2\/types\/page"}],"author":[{"embeddable":true,"href":"https:\/\/wtdemo.link\/kombiteknik\/wp-json\/wp\/v2\/users\/1"}],"replies":[{"embeddable":true,"href":"https:\/\/wtdemo.link\/kombiteknik\/wp-json\/wp\/v2\/comments?post=1763"}],"version-history":[{"count":0,"href":"https:\/\/wtdemo.link\/kombiteknik\/wp-json\/wp\/v2\/pages\/1763\/revisions"}],"wp:attachment":[{"href":"https:\/\/wtdemo.link\/kombiteknik\/wp-json\/wp\/v2\/media?parent=1763"}],"curies":[{"name":"wp","href":"https:\/\/api.w.org\/{rel}","templated":true}]}}