{"id":1768,"date":"2024-02-24T15:36:23","date_gmt":"2024-02-24T12:36:23","guid":{"rendered":"https:\/\/wtdemo.link\/kombiteknik\/?page_id=1768"},"modified":"2024-02-24T15:44:37","modified_gmt":"2024-02-24T12:44:37","slug":"kombi-degisimi","status":"publish","type":"page","link":"https:\/\/wtdemo.link\/kombiteknik\/kombi-degisimi","title":{"rendered":"Kombi De\u011fi\u015fimi"},"content":{"rendered":"\t\t<div data-elementor-type=\"wp-page\" data-elementor-id=\"1768\" class=\"elementor elementor-1768\">\n\t\t\t\t<div class=\"elementor-element elementor-element-43a58d5 e-flex e-con-boxed e-con e-parent\" data-id=\"43a58d5\" data-element_type=\"container\" data-settings=\"{&quot;content_width&quot;:&quot;boxed&quot;}\" data-core-v316-plus=\"true\">\n\t\t\t\t\t<div class=\"e-con-inner\">\n\t\t<div class=\"elementor-element elementor-element-60c2cf1 e-con-full e-flex e-con e-child\" data-id=\"60c2cf1\" data-element_type=\"container\" data-settings=\"{&quot;content_width&quot;:&quot;full&quot;}\">\n\t\t\t\t<div class=\"elementor-element elementor-element-780b26e elementor-widget elementor-widget-text-editor\" data-id=\"780b26e\" data-element_type=\"widget\" data-widget_type=\"text-editor.default\">\n\t\t\t\t<div class=\"elementor-widget-container\">\n\t\t\t<style>\/*! elementor - v3.19.0 - 07-02-2024 *\/\n.elementor-widget-text-editor.elementor-drop-cap-view-stacked .elementor-drop-cap{background-color:#69727d;color:#fff}.elementor-widget-text-editor.elementor-drop-cap-view-framed .elementor-drop-cap{color:#69727d;border:3px solid;background-color:transparent}.elementor-widget-text-editor:not(.elementor-drop-cap-view-default) .elementor-drop-cap{margin-top:8px}.elementor-widget-text-editor:not(.elementor-drop-cap-view-default) .elementor-drop-cap-letter{width:1em;height:1em}.elementor-widget-text-editor .elementor-drop-cap{float:left;text-align:center;line-height:1;font-size:50px}.elementor-widget-text-editor .elementor-drop-cap-letter{display:inline-block}<\/style>\t\t\t\t<p>Kombi de\u011fi\u015fimi, evlerimizdeki \u0131s\u0131tma ve s\u0131cak su ihtiyac\u0131n\u0131 kar\u015f\u0131layan kombi cihazlar\u0131n\u0131n kullan\u0131m \u00f6mr\u00fcn\u00fcn dolmas\u0131 veya ar\u0131zalanmas\u0131 durumunda yap\u0131lan bir i\u015flemdir. Bu i\u015flem, eski ve y\u0131pranm\u0131\u015f kombi cihaz\u0131n\u0131n yenisiyle de\u011fi\u015ftirilmesini i\u00e7erir.<\/p><p>Eski kombilerin kullan\u0131m s\u00fcresinin dolmas\u0131 ya da ar\u0131zalanmas\u0131 durumunda, bir\u00e7ok sorun ortaya \u00e7\u0131kabilir. \u00d6ncelikle, verimsiz \u00e7al\u0131\u015fan eski kombiler enerji t\u00fcketimini artt\u0131rarak faturalar\u0131n y\u00fcksek gelmesine sebep olur. Ayr\u0131ca, g\u00fcvenlik a\u00e7\u0131s\u0131ndan da risk ta\u015f\u0131rlar ve sa\u011fl\u0131ks\u0131z bir ortam olu\u015fturabilirler. Bunun yan\u0131 s\u0131ra, d\u00fczenli olarak bak\u0131m yap\u0131lmayan eski kombilerde zamanla meydana gelen kire\u00e7lenme ve paslanma gibi problemler de s\u0131cak suyun kalitesini etkileyerek sa\u011fl\u0131k sorunlar\u0131na neden olabilir.<\/p><p>T\u00fcm bu nedenlerden dolay\u0131, kombi de\u011fi\u015fimi gereklidir. Yeni teknolojilere sahip olan modern kombiler daha verimli \u00e7al\u0131\u015f\u0131r ve enerji tasarrufu sa\u011flarlar. Ayr\u0131ca, daha az gaz t\u00fcketerek b\u00fct\u00e7enize dosttur. Yeni kombilerin g\u00fcvenlik sistemleri de \u00e7ok daha geli\u015fmi\u015ftir ve risk fakt\u00f6r\u00fcn\u00fc minimuma indirirler. Daha d\u00fczenli bak\u0131m gerektiren yeni cihazlar, uzun \u00f6m\u00fcrl\u00fc ve sa\u011fl\u0131kl\u0131 bir kullan\u0131m sunar.<\/p><p>Do\u011fru \u00c7\u00f6z\u00fcm Firmam\u0131z\u0131n Sancaktepe kombi de\u011fi\u015fimi hizmeti ile ihtiya\u00e7lar\u0131n\u0131z h\u0131zla ve g\u00fcvenle kar\u015f\u0131lanmaktad\u0131r. Uzman kadromuz ve deneyimli teknisyenlerimizle sizlere en kaliteli hizmeti sunmak i\u00e7in haz\u0131r\u0131z. Kombinizin tamamen de\u011fi\u015ftirilmesine gerek olmayabilir, bazen sadece par\u00e7a de\u011fi\u015fimi veya bak\u0131m yap\u0131lmas\u0131 da sorunu \u00e7\u00f6zebilir. Bu nedenle, alan\u0131nda uzman ekibimiz ile kombinizin durumunu de\u011ferlendiriyor ve size en uygun \u00e7\u00f6z\u00fcm\u00fc sunuyoruz.<\/p><p>Firmam\u0131z b\u00fcnyesinde bulunan farkl\u0131 marka ve modellere sahip kombiler sayesinde istekleriniz do\u011frultusunda size en uygun se\u00e7ene\u011fi sunuyoruz. Ayr\u0131ca, kombi de\u011fi\u015fim i\u015fleminde kulland\u0131\u011f\u0131m\u0131z yedek par\u00e7alar\u0131n kalitesi de garantidir. Siz de Sancaktepe&#8217;de kombi de\u011fi\u015fimi ihtiyac\u0131n\u0131z varsa Do\u011fru \u00c7\u00f6z\u00fcm Sancaktepe Kombi De\u011fi\u015fimi ile do\u011fru adrestesiniz. Hemen bizimle ileti\u015fime ge\u00e7in ve konforlu bir \u0131s\u0131nma ve s\u0131cak su deneyimi ya\u015fay\u0131n.<\/p>\t\t\t\t\t\t<\/div>\n\t\t\t\t<\/div>\n\t\t\t\t<\/div>\n\t\t<div class=\"elementor-element elementor-element-17d4c66 e-con-full sidebar-area elementor-hidden-tablet elementor-hidden-mobile e-flex e-con e-child\" data-id=\"17d4c66\" data-element_type=\"container\" data-settings=\"{&quot;content_width&quot;:&quot;full&quot;}\">\n\t\t\t\t<div class=\"elementor-element elementor-element-31351e9 elementor-widget elementor-widget-konsalservicelist\" data-id=\"31351e9\" data-element_type=\"widget\" data-widget_type=\"konsalservicelist.default\">\n\t\t\t\t<div class=\"elementor-widget-container\">\n\t\t\t<div class=\"widget widget_categories th-cate-wrap\"><h3 class=\"widget_title\">T\u00fcm Hizmetlerimiz<\/h3><ul> <li><a href=\"#\">Kombi Servisi<\/a><span><i class=\"fas fa-angle-right\"><\/i><\/span><\/li> <li><a href=\"#\">Kombi Tamiri<\/a><span><i class=\"fas fa-angle-right\"><\/i><\/span><\/li> <li><a href=\"#\">Kombi Bak\u0131m\u0131<\/a><span><i class=\"fas fa-angle-right\"><\/i><\/span><\/li> <li><a href=\"#\">Petek Temizli\u011fi<\/a><span><i class=\"fas fa-angle-right\"><\/i><\/span><\/li> <li><a href=\"http:\/\/3\" target=\"_blank\">Kombi De\u011fi\u015fimi<\/a><span><i class=\"fas fa-angle-right\"><\/i><\/span><\/li> <li><a href=\"#\">\u015eofben Servisi<\/a><span><i class=\"fas fa-angle-right\"><\/i><\/span><\/li><\/ul><\/div>\t\t<\/div>\n\t\t\t\t<\/div>\n\t\t\t\t<\/div>\n\t\t\t\t\t<\/div>\n\t\t\t\t<\/div>\n\t\t<div class=\"elementor-element elementor-element-fa4a4f3 e-flex e-con-boxed e-con e-parent\" data-id=\"fa4a4f3\" data-element_type=\"container\" data-settings=\"{&quot;content_width&quot;:&quot;boxed&quot;}\" data-core-v316-plus=\"true\">\n\t\t\t\t\t<div class=\"e-con-inner\">\n\t\t<div class=\"elementor-element elementor-element-6a0f28d e-con-full e-flex e-con e-child\" data-id=\"6a0f28d\" data-element_type=\"container\" data-settings=\"{&quot;content_width&quot;:&quot;full&quot;}\">\n\t\t\t\t<div class=\"elementor-element elementor-element-a6ac905 elementor-widget elementor-widget-image\" data-id=\"a6ac905\" data-element_type=\"widget\" data-widget_type=\"image.default\">\n\t\t\t\t<div class=\"elementor-widget-container\">\n\t\t\t<style>\/*! elementor - v3.19.0 - 07-02-2024 *\/\n.elementor-widget-image{text-align:center}.elementor-widget-image a{display:inline-block}.elementor-widget-image a img[src$=\".svg\"]{width:48px}.elementor-widget-image img{vertical-align:middle;display:inline-block}<\/style>\t\t\t\t\t\t\t\t\t\t<img fetchpriority=\"high\" decoding=\"async\" width=\"500\" height=\"500\" src=\"https:\/\/wtdemo.link\/kombiteknik\/wp-content\/uploads\/2024\/02\/kombi-degisimi.png\" class=\"attachment-full size-full wp-image-1740\" alt=\"\" srcset=\"https:\/\/wtdemo.link\/kombiteknik\/wp-content\/uploads\/2024\/02\/kombi-degisimi.png 500w, https:\/\/wtdemo.link\/kombiteknik\/wp-content\/uploads\/2024\/02\/kombi-degisimi-300x300.png 300w, https:\/\/wtdemo.link\/kombiteknik\/wp-content\/uploads\/2024\/02\/kombi-degisimi-150x150.png 150w, https:\/\/wtdemo.link\/kombiteknik\/wp-content\/uploads\/2024\/02\/kombi-degisimi-85x85.png 85w, https:\/\/wtdemo.link\/kombiteknik\/wp-content\/uploads\/2024\/02\/kombi-degisimi-80x80.png 80w, https:\/\/wtdemo.link\/kombiteknik\/wp-content\/uploads\/2024\/02\/kombi-degisimi-100x100.png 100w, https:\/\/wtdemo.link\/kombiteknik\/wp-content\/uploads\/2024\/02\/kombi-degisimi-460x460.png 460w\" sizes=\"(max-width: 500px) 100vw, 500px\" \/>\t\t\t\t\t\t\t\t\t\t\t\t\t<\/div>\n\t\t\t\t<\/div>\n\t\t\t\t<\/div>\n\t\t<div class=\"elementor-element elementor-element-1702a30 e-con-full e-flex e-con e-child\" data-id=\"1702a30\" data-element_type=\"container\" data-settings=\"{&quot;content_width&quot;:&quot;full&quot;}\">\n\t\t\t\t<div class=\"elementor-element elementor-element-b834447 elementor-widget elementor-widget-image\" data-id=\"b834447\" data-element_type=\"widget\" data-widget_type=\"image.default\">\n\t\t\t\t<div class=\"elementor-widget-container\">\n\t\t\t\t\t\t\t\t\t\t\t\t\t<img decoding=\"async\" width=\"500\" height=\"500\" src=\"https:\/\/wtdemo.link\/kombiteknik\/wp-content\/uploads\/2024\/02\/genel-foto.png\" class=\"attachment-full size-full wp-image-1744\" alt=\"\" srcset=\"https:\/\/wtdemo.link\/kombiteknik\/wp-content\/uploads\/2024\/02\/genel-foto.png 500w, https:\/\/wtdemo.link\/kombiteknik\/wp-content\/uploads\/2024\/02\/genel-foto-300x300.png 300w, https:\/\/wtdemo.link\/kombiteknik\/wp-content\/uploads\/2024\/02\/genel-foto-150x150.png 150w, https:\/\/wtdemo.link\/kombiteknik\/wp-content\/uploads\/2024\/02\/genel-foto-85x85.png 85w, https:\/\/wtdemo.link\/kombiteknik\/wp-content\/uploads\/2024\/02\/genel-foto-80x80.png 80w, https:\/\/wtdemo.link\/kombiteknik\/wp-content\/uploads\/2024\/02\/genel-foto-100x100.png 100w, https:\/\/wtdemo.link\/kombiteknik\/wp-content\/uploads\/2024\/02\/genel-foto-460x460.png 460w\" sizes=\"(max-width: 500px) 100vw, 500px\" \/>\t\t\t\t\t\t\t\t\t\t\t\t\t<\/div>\n\t\t\t\t<\/div>\n\t\t\t\t<\/div>\n\t\t\t\t\t<\/div>\n\t\t\t\t<\/div>\n\t\t<div class=\"elementor-element elementor-element-d155ca0 e-flex e-con-boxed e-con e-parent\" data-id=\"d155ca0\" data-element_type=\"container\" data-settings=\"{&quot;content_width&quot;:&quot;boxed&quot;}\" data-core-v316-plus=\"true\">\n\t\t\t\t\t<div class=\"e-con-inner\">\n\t\t\t\t<div class=\"elementor-element elementor-element-edba78a elementor-widget elementor-widget-text-editor\" data-id=\"edba78a\" data-element_type=\"widget\" data-widget_type=\"text-editor.default\">\n\t\t\t\t<div class=\"elementor-widget-container\">\n\t\t\t\t\t\t\t<h2>Kombi E\u015fanj\u00f6r De\u011fi\u015fimi<\/h2><p>Sancaktepe Kombi De\u011fi\u015fim servisi olarak rehberlik etti\u011fimiz bir di\u011fer konu ise kombilerinizin e\u015fanj\u00f6rlerinin de\u011fi\u015ftirilmesidir. Kombi bak\u0131m\u0131 a\u015famas\u0131nda muayene edilen e\u015fanj\u00f6rdeki hasar\u0131n tespiti sonucu par\u00e7a de\u011fi\u015ftirme i\u015flemi yap\u0131lmas\u0131 gerekebilir.<\/p><p>Kombi E\u015fanj\u00f6r Nas\u0131l De\u011fi\u015ftirilir?<\/p><p>Sancaktepe Kombi De\u011fi\u015fimi Servisi olarak e\u015fanj\u00f6r de\u011fi\u015ftirme i\u015fleminin nas\u0131l ger\u00e7ekle\u015ftirildi\u011fini sizlere aktarmak isteriz. E\u015fanj\u00f6r de\u011fi\u015ftirmenin asl\u0131nda karma\u015f\u0131k bir i\u015flem olmad\u0131\u011f\u0131n\u0131 belirtmek gerekmekte. \u00d6ncelikli olarak kombide bulunan suyun bo\u015falt\u0131lmas\u0131 ve ard\u0131ndan kombinin s\u00f6k\u00fclerek i\u00e7indeki kitap\u00e7\u0131ktan ya da internetten modeline uygun \u00e7izimlerden yararlanarak kullan\u0131m talimatlar\u0131na uygun \u015fekilde s\u00f6k\u00fcl\u00fcp, yeni e\u015fanj\u00f6re yerle \u015ftirilmesi gerekmektedir.<\/p><p>Kombi E\u015fanj\u00f6r De\u011fi\u015fimi Fiyatlar\u0131<\/p><p>Sancaktepe Kombi De\u011fi\u015fimi Servisi olarak sizlere sunaca\u011f\u0131m\u0131z bilgilerden bir di\u011feri ise kombi e\u015fanj\u00f6rleri de\u011fi\u015ftirmenin fiyat\u0131 konusunda olacakt\u0131r. \u00d6ncelikle belirtmek isteriz ki e\u015fanj\u00f6rler fiyat a\u00e7\u0131s\u0131ndan olduk\u00e7a uygun par\u00e7alardand\u0131r. Bunun sebebi ise k\u00fc\u00e7\u00fck bir par\u00e7a olmas\u0131n\u0131n yan\u0131nda sadece suyun \u0131s\u0131t\u0131lmas\u0131 ve termal enerjinin ta\u015f\u0131nmas\u0131ndan sorumlu olan yap\u0131s\u0131d\u0131r. E\u011fer bir sorun ile kar\u015f\u0131la\u015f\u0131ld\u0131\u011f\u0131nda zaman\u0131nda m\u00fcdahale edilmezse bu durumda daha b\u00fcy\u00fck ar\u0131zalarla kar\u015f\u0131la\u015f\u0131labilir.<\/p><p>Kombi Tamir \u00dccretleri<\/p><p>Sancaktepe Kombi De\u011fi\u015fimi Servisi olarak kombilerdeki s\u0131k\u0131nt\u0131lar\u0131n en geneli tamir edilebilir durumlardad\u0131r . \u00d6zellikle kombilerde olu\u015fan su ka\u00e7aklar\u0131, elektrik ar\u0131zalar\u0131 ya da bas\u0131n\u00e7 sorunlar\u0131n\u0131n tamam\u0131 g\u00fcn i\u00e7erisinde tamir edilebilir durumdaki ar\u0131zalard\u0131r.<\/p><p>Kombi Tamir Servisi \u00dccretleri<\/p><p>Kombi bak\u0131m, tamir ve de\u011fi\u015fim i\u015flemlerinin fiyatlar\u0131 marka, model ve par\u00e7a kalitesine g\u00f6re farkl\u0131l\u0131k g\u00f6stermektedir. Firmam\u0131z Sancaktepe Kombi De\u011fi\u015fimi olarak bu \u00fccretlerin en uygun seviyelerde olmas\u0131na \u00f6zen g\u00f6stermekteyiz.<\/p><p>Sancaktepe Kombi De\u011fi\u015fimi Servisi<\/p><p>Firmam\u0131z olarak Sancaktepe b\u00f6lgesinde hizmet vermekte oldu\u011fumuzu belirtmek isteriz. T\u00fcm kombi bak\u0131m, de\u011fi\u015fim ve onar\u0131m ihtiya\u00e7lar\u0131n\u0131z i\u00e7in bizlere 7\/24 ula\u015fabilirsiniz. Uzman kadromuz ile siz de\u011ferli m\u00fc\u015fterilerimize en kaliteli hizmetleri sunmak i\u00e7in \u00e7al\u0131\u015f\u0131yoruz. Bizi tercih etti\u011finizde kaliteli hizmeti en uygun fiyatlarla alaca\u011f\u0131n\u0131zdan emin olabilirsiniz.<\/p><h2>Do\u011fru \u00c7\u00f6z\u00fcm Firmam\u0131z\u0131n Sancaktepe Kombi De\u011fi\u015fimi Hizmetleri<\/h2><p>Do\u011fru \u00c7\u00f6z\u00fcm firmam\u0131z, Sancaktepe b\u00f6lgesinde hizmet veren en g\u00fcvenilir kombi de\u011fi\u015fimi firmalar\u0131ndan biridir. M\u00fc\u015fterilerimize en y\u00fcksek kalitede ve profesyonel \u015fekilde hizmet sunmaktay\u0131z. E\u011fer Sancaktepe&#8217;de bir kombi de\u011fi\u015fim hizmetine ihtiyac\u0131n\u0131z varsa, do\u011fru adrestesiniz.<\/p><p>Kombi de\u011fi\u015fimi, evlerimizin vazge\u00e7ilmez par\u00e7alar\u0131ndan biridir. Is\u0131tma ve s\u0131cak su ihtiya\u00e7lar\u0131m\u0131z\u0131 kar\u015f\u0131lamada \u00f6nemli bir role sahiptir. Ancak zamanla eskimeye ba\u015flayan kombiler, enerji verimlili\u011fini kaybederek daha fazla yak\u0131t t\u00fcketmeye ba\u015flarlar. Bu da hem cebinize hem de \u00e7evreye zarar verir. Ayr\u0131ca eski kombiler, ar\u0131zalanma riskleri nedeniyle g\u00fcvenlik a\u00e7\u0131s\u0131ndan da risk olu\u015fturabilirler.<\/p><p>Sancaktepe&#8217;de bulunan m\u00fc\u015fterilerimize en iyi kombi de\u011fi\u015fimi hizmetini sunmak i\u00e7in uzman ekibimizle \u00e7al\u0131\u015fmaktay\u0131z. Kombinizin durumuna g\u00f6re uygun ve kaliteli markalardan se\u00e7ti\u011fimiz yeni kombilerle profesyonelce montaj i\u015flemini ger\u00e7ekle\u015ftiriyoruz. Ayr\u0131ca eski kombinizi dikkatlice s\u00f6k\u00fcp bertaraf ediyoruz.<\/p><p>Firmam\u0131z\u0131n yapt\u0131\u011f\u0131 t\u00fcm \u00e7al\u0131\u015fmalar garanti kapsam\u0131ndad\u0131r. Bu sayede m\u00fc\u015fterilerimizin g\u00fcvenli\u011fi ve memnuniyeti bizim i\u00e7in \u00f6nemlidir. M\u00fc\u015fterilerimize en iyi hizmeti sunabilmek i\u00e7in s\u00fcrekli olarak kendimizi geli\u015ftiriyor ve yenilikleri takip ediyoruz.<\/p><p>Do\u011fru \u00c7\u00f6z\u00fcm firmam\u0131zda kombi de\u011fi\u015fimi d\u0131\u015f\u0131nda bak\u0131m, onar\u0131m, par\u00e7a de\u011fi\u015fimi gibi di\u011fer hizmetler de bulunmaktad\u0131r. Kombinizin d\u00fczenli olarak bak\u0131m\u0131n\u0131n yap\u0131lmas\u0131, daha uzun \u00f6m\u00fcrl\u00fc olmas\u0131n\u0131 ve verimlili\u011fini kaybetmeden \u00e7al\u0131\u015fmas\u0131n\u0131 sa\u011flar. Ayr\u0131ca ar\u0131zalar\u0131n \u00f6nlenmesine de yard\u0131mc\u0131 olur. Bak\u0131m hizmetinde kulland\u0131\u011f\u0131m\u0131z kaliteli \u00fcr\u00fcnlerle kombinizdeki t\u00fcm sorunlar\u0131 \u00e7\u00f6zmekteyiz.<\/p><p>M\u00fc\u015fteri memnuniyetini her zaman \u00f6n planda tutan firmam\u0131z, Sancaktepe&#8217;de en iyi kombi de\u011fi\u015fimi hizmetini sunmak i\u00e7in \u00e7al\u0131\u015fmaktad\u0131r. E\u011fer siz de kombinizde sorun ya\u015f\u0131yorsan\u0131z veya eski kombinizi daha verimli bir modele de\u011fi\u015ftirmek istiyorsan\u0131z, bize ula\u015f\u0131n. Uzman ekibimizle en k\u0131sa s\u00fcrede size yard\u0131mc\u0131 olaca\u011f\u0131z.<\/p><h2>Kombi De\u011fi\u015fim S\u00fcrecinde Nelere Dikkat Edilmelidir?<\/h2><p>K\u0131\u015f aylar\u0131n\u0131n yakla\u015fmas\u0131yla birlikte kombiler, ev ve i\u015f yerlerinde s\u0131cak su ve \u0131s\u0131nma ihtiyac\u0131n\u0131 kar\u015f\u0131lamada b\u00fcy\u00fck \u00f6nem ta\u015f\u0131r. Ancak zaman i\u00e7erisinde eskiyen veya ar\u0131za yapan kombilerin de\u011fi\u015ftirilmesi gerekebilir. Sancaktepe b\u00f6lgesinde ya\u015f\u0131yorsan\u0131z ve kombinizin de\u011fi\u015ftirilmesi gerekti\u011fine karar verdiyseniz, do\u011fru firmay\u0131 se\u00e7mek olduk\u00e7a \u00f6nemlidir. Kombi de\u011fi\u015fim s\u00fcrecinde nelere dikkat etmeniz gerekti\u011fini sizler i\u00e7in detayl\u0131 bir \u015fekilde ele alaca\u011f\u0131z.<\/p><p>\u0130lk olarak, kombinizin ne zaman de\u011fi\u015ftirilmesi gerekti\u011fini belirlemelisiniz. Eski bir kombinin verimsiz \u00e7al\u0131\u015fmas\u0131 hem enerji faturas\u0131n\u0131 y\u00fckseltecek hem de konforunuzu olumsuz y\u00f6nde etkileyecektir. Ayr\u0131ca s\u0131k s\u0131k ar\u0131za yapmas\u0131 durumunda da yeni bir kombiye ihtiya\u00e7 duyabilirsiniz. Kombinizde bu gibi sorunlar varsa, uzman bir servisten yard\u0131m alarak durumu de\u011ferlendirmeli ve gerekli g\u00f6r\u00fcl\u00fcrse kombinizin de\u011fi\u015ftirilmesine karar vermelisiniz.<\/p><p>Kombinizi yenisiyle de\u011fi\u015ftirmeden \u00f6nce, do\u011fru boyutta olup olmad\u0131\u011f\u0131n\u0131 kontrol etmelisiniz. Kombinin boyutu, ev veya i\u015f yerinizin b\u00fcy\u00fckl\u00fc\u011f\u00fcne g\u00f6re belirlenmelidir. Fazla b\u00fcy\u00fck bir kombi, gereksiz enerji t\u00fcketimi ve y\u00fcksek fatura demektir. Ayr\u0131ca kombinin uygun yerle\u015ftirilmesi de \u00f6nemlidir. Kombiler genellikle banyoda veya mutfa\u011f\u0131n i\u00e7erisinde yer al\u0131r ve yan\u0131ndaki alanlar\u0131n havaland\u0131r\u0131lmas\u0131 gerekir.<\/p><p>Kombinizin marka ve model se\u00e7imini yaparken, uzun \u00f6m\u00fcrl\u00fc ve kaliteli olmas\u0131na dikkat etmelisiniz. Ucuz ama kalitesiz bir kombi se\u00e7mek, ilerleyen d\u00f6nemlerde daha fazla maliyet \u00e7\u0131kartabilir. Bu nedenle g\u00fcvenilir markalara y\u00f6nelmenizi \u00f6neririz.<\/p><p>Kombi de\u011fi\u015fimi s\u00fcrecinde en \u00f6nemli noktalardan birisi de do\u011fru firmay\u0131 se\u00e7mektir. Sancaktepe b\u00f6lgesinde kaliteli hizmet sunan ve g\u00fcvenilir bir firma olarak Do\u011fru \u00c7\u00f6z\u00fcm ile i\u00e7iniz rahat olsun.<\/p>\t\t\t\t\t\t<\/div>\n\t\t\t\t<\/div>\n\t\t\t\t\t<\/div>\n\t\t\t\t<\/div>\n\t\t\t\t<\/div>\n\t\t","protected":false},"excerpt":{"rendered":"<p>Kombi de\u011fi\u015fimi, evlerimizdeki \u0131s\u0131tma ve s\u0131cak su ihtiyac\u0131n\u0131 kar\u015f\u0131layan kombi cihazlar\u0131n\u0131n kullan\u0131m \u00f6mr\u00fcn\u00fcn dolmas\u0131 veya ar\u0131zalanmas\u0131 durumunda yap\u0131lan bir i\u015flemdir. Bu i\u015flem, eski ve y\u0131pranm\u0131\u015f kombi cihaz\u0131n\u0131n yenisiyle de\u011fi\u015ftirilmesini i\u00e7erir. Eski kombilerin kullan\u0131m s\u00fcresinin dolmas\u0131 ya da ar\u0131zalanmas\u0131 durumunda, bir\u00e7ok sorun ortaya \u00e7\u0131kabilir. \u00d6ncelikle, verimsiz \u00e7al\u0131\u015fan eski kombiler enerji t\u00fcketimini artt\u0131rarak faturalar\u0131n y\u00fcksek gelmesine sebep&#8230;<\/p>\n","protected":false},"author":1,"featured_media":0,"parent":0,"menu_order":0,"comment_status":"closed","ping_status":"closed","template":"template-builder.php","meta":{"footnotes":""},"class_list":["post-1768","page","type-page","status-publish","hentry"],"_links":{"self":[{"href":"https:\/\/wtdemo.link\/kombiteknik\/wp-json\/wp\/v2\/pages\/1768","targetHints":{"allow":["GET"]}}],"collection":[{"href":"https:\/\/wtdemo.link\/kombiteknik\/wp-json\/wp\/v2\/pages"}],"about":[{"href":"https:\/\/wtdemo.link\/kombiteknik\/wp-json\/wp\/v2\/types\/page"}],"author":[{"embeddable":true,"href":"https:\/\/wtdemo.link\/kombiteknik\/wp-json\/wp\/v2\/users\/1"}],"replies":[{"embeddable":true,"href":"https:\/\/wtdemo.link\/kombiteknik\/wp-json\/wp\/v2\/comments?post=1768"}],"version-history":[{"count":0,"href":"https:\/\/wtdemo.link\/kombiteknik\/wp-json\/wp\/v2\/pages\/1768\/revisions"}],"wp:attachment":[{"href":"https:\/\/wtdemo.link\/kombiteknik\/wp-json\/wp\/v2\/media?parent=1768"}],"curies":[{"name":"wp","href":"https:\/\/api.w.org\/{rel}","templated":true}]}}