{"id":1776,"date":"2024-02-24T15:41:52","date_gmt":"2024-02-24T12:41:52","guid":{"rendered":"https:\/\/wtdemo.link\/kombiteknik\/?page_id=1776"},"modified":"2024-02-24T15:42:39","modified_gmt":"2024-02-24T12:42:39","slug":"kombi-tamiri","status":"publish","type":"page","link":"https:\/\/wtdemo.link\/kombiteknik\/kombi-tamiri","title":{"rendered":"Kombi Tamiri"},"content":{"rendered":"\t\t<div data-elementor-type=\"wp-page\" data-elementor-id=\"1776\" class=\"elementor elementor-1776\">\n\t\t\t\t<div class=\"elementor-element elementor-element-43a58d5 e-flex e-con-boxed e-con e-parent\" data-id=\"43a58d5\" data-element_type=\"container\" data-settings=\"{&quot;content_width&quot;:&quot;boxed&quot;}\" data-core-v316-plus=\"true\">\n\t\t\t\t\t<div class=\"e-con-inner\">\n\t\t<div class=\"elementor-element elementor-element-60c2cf1 e-con-full e-flex e-con e-child\" data-id=\"60c2cf1\" data-element_type=\"container\" data-settings=\"{&quot;content_width&quot;:&quot;full&quot;}\">\n\t\t\t\t<div class=\"elementor-element elementor-element-780b26e elementor-widget elementor-widget-text-editor\" data-id=\"780b26e\" data-element_type=\"widget\" data-widget_type=\"text-editor.default\">\n\t\t\t\t<div class=\"elementor-widget-container\">\n\t\t\t<style>\/*! elementor - v3.19.0 - 07-02-2024 *\/\n.elementor-widget-text-editor.elementor-drop-cap-view-stacked .elementor-drop-cap{background-color:#69727d;color:#fff}.elementor-widget-text-editor.elementor-drop-cap-view-framed .elementor-drop-cap{color:#69727d;border:3px solid;background-color:transparent}.elementor-widget-text-editor:not(.elementor-drop-cap-view-default) .elementor-drop-cap{margin-top:8px}.elementor-widget-text-editor:not(.elementor-drop-cap-view-default) .elementor-drop-cap-letter{width:1em;height:1em}.elementor-widget-text-editor .elementor-drop-cap{float:left;text-align:center;line-height:1;font-size:50px}.elementor-widget-text-editor .elementor-drop-cap-letter{display:inline-block}<\/style>\t\t\t\t<p>Do\u011fru \u00c7\u00f6z\u00fcm Firmam\u0131z\u0131n sundu\u011fu Sancaktepe kombi tamiri, kombi cihazlar\u0131n\u0131n bak\u0131m ve onar\u0131m i\u015flemlerinin yap\u0131ld\u0131\u011f\u0131 bir hizmettir. Bu hizmet sayesinde kombilerinizin d\u00fczenli olarak kontrol edilmesi, ar\u0131za durumlar\u0131nda do\u011fru ve kaliteli bir \u015fekilde tamir edilmesi sa\u011flan\u0131r.<\/p><p>Kombiler evlerimizin vazge\u00e7ilmez \u0131s\u0131tma sistemleridir. So\u011fuk k\u0131\u015f g\u00fcnlerinde bize s\u0131cac\u0131k bir ortam sunan bu cihazlar, zamanla a\u015f\u0131nma ve y\u0131pranmaya u\u011frayabilir. Bu da performans kayb\u0131na ve ar\u0131zalara neden olabilir. \u0130\u015fte tam da bu noktada Sancaktepe Kombi Tamiri devreye girer.<\/p><p>Firmam\u0131z, uzun y\u0131llard\u0131r alan\u0131nda uzmanla\u015fm\u0131\u015f ekip ve ekipmanlarla Sancaktepe b\u00f6lgesinde kombi tamiri hizmeti vermektedir. Kombilerinizde meydana gelen her t\u00fcrl\u00fc sorunu en k\u0131sa s\u00fcrede tespit ederek profesyonel \u00e7\u00f6z\u00fcmler \u00fcretiyoruz.<\/p><p>Kombilerinizi d\u00fczenli olarak kontrol ettirmek hem sizin hem de cihaz\u0131n\u0131z\u0131n sa\u011fl\u0131\u011f\u0131 i\u00e7in olduk\u00e7a \u00f6nemlidir. Bak\u0131m yap\u0131lmayan veya yanl\u0131\u015f yap\u0131lan bak\u0131mlar sonucunda olu\u015fabilecek ar\u0131zalar, daha b\u00fcy\u00fck maddi zararlara yol a\u00e7abilir. Bu nedenle firmam\u0131zda bulunan uzman ekiplerimiz periyodik olarak kombilerinizin bak\u0131m\u0131n\u0131 ger\u00e7ekle\u015ftirerek, olas\u0131 ar\u0131za durumlar\u0131n\u0131 \u00f6nlemeyi hedefler.<\/p><p>Do\u011fru \u00c7\u00f6z\u00fcm&#8217;\u00fcn Sancaktepe kombi tamiri hizmetimizde en kaliteli yedek par\u00e7alar kullan\u0131lmaktad\u0131r. Bu sayede cihaz\u0131n\u0131z\u0131n \u00f6mr\u00fcn\u00fc uzat\u0131rken ayn\u0131 zamanda da performans kayb\u0131n\u0131n \u00f6n\u00fcne ge\u00e7ilir. Kombilerinizin ihtiya\u00e7 duydu\u011fu t\u00fcm par\u00e7a de\u011fi\u015fimlerini ve onar\u0131mlar\u0131n\u0131, deneyimli teknik ekibimiz taraf\u0131ndan titizlikle ger\u00e7ekle\u015ftirilir.<\/p><p>Firmam\u0131zda kombi tamiri d\u0131\u015f\u0131nda kombi montaj ve kurulum i\u015flemleri de yap\u0131lmaktad\u0131r. Yeni bir kombi ald\u0131n\u0131z veya eski cihaz\u0131n\u0131z\u0131 yenilemek istiyorsan\u0131z, sizlere en uygun se\u00e7enekleri sunarak yerinde ve profesyonel bir \u015fekilde kombinizin montaj\u0131n\u0131 ger\u00e7ekle\u015ftiriyoruz.<\/p>\t\t\t\t\t\t<\/div>\n\t\t\t\t<\/div>\n\t\t\t\t<\/div>\n\t\t<div class=\"elementor-element elementor-element-17d4c66 e-con-full sidebar-area elementor-hidden-tablet elementor-hidden-mobile e-flex e-con e-child\" data-id=\"17d4c66\" data-element_type=\"container\" data-settings=\"{&quot;content_width&quot;:&quot;full&quot;}\">\n\t\t\t\t<div class=\"elementor-element elementor-element-31351e9 elementor-widget elementor-widget-konsalservicelist\" data-id=\"31351e9\" data-element_type=\"widget\" data-widget_type=\"konsalservicelist.default\">\n\t\t\t\t<div class=\"elementor-widget-container\">\n\t\t\t<div class=\"widget widget_categories th-cate-wrap\"><h3 class=\"widget_title\">T\u00fcm Hizmetlerimiz<\/h3><ul> <li><a href=\"#\">Kombi Servisi<\/a><span><i class=\"fas fa-angle-right\"><\/i><\/span><\/li> <li><a href=\"#\">Kombi Tamiri<\/a><span><i class=\"fas fa-angle-right\"><\/i><\/span><\/li> <li><a href=\"#\">Kombi Bak\u0131m\u0131<\/a><span><i class=\"fas fa-angle-right\"><\/i><\/span><\/li> <li><a href=\"#\">Petek Temizli\u011fi<\/a><span><i class=\"fas fa-angle-right\"><\/i><\/span><\/li> <li><a href=\"http:\/\/3\" target=\"_blank\">Kombi De\u011fi\u015fimi<\/a><span><i class=\"fas fa-angle-right\"><\/i><\/span><\/li> <li><a href=\"#\">\u015eofben Servisi<\/a><span><i class=\"fas fa-angle-right\"><\/i><\/span><\/li><\/ul><\/div>\t\t<\/div>\n\t\t\t\t<\/div>\n\t\t\t\t<\/div>\n\t\t\t\t\t<\/div>\n\t\t\t\t<\/div>\n\t\t<div class=\"elementor-element elementor-element-fa4a4f3 e-flex e-con-boxed e-con e-parent\" data-id=\"fa4a4f3\" data-element_type=\"container\" data-settings=\"{&quot;content_width&quot;:&quot;boxed&quot;}\" data-core-v316-plus=\"true\">\n\t\t\t\t\t<div class=\"e-con-inner\">\n\t\t<div class=\"elementor-element elementor-element-6a0f28d e-con-full e-flex e-con e-child\" data-id=\"6a0f28d\" data-element_type=\"container\" data-settings=\"{&quot;content_width&quot;:&quot;full&quot;}\">\n\t\t\t\t<div class=\"elementor-element elementor-element-a6ac905 elementor-widget elementor-widget-image\" data-id=\"a6ac905\" data-element_type=\"widget\" data-widget_type=\"image.default\">\n\t\t\t\t<div class=\"elementor-widget-container\">\n\t\t\t<style>\/*! elementor - v3.19.0 - 07-02-2024 *\/\n.elementor-widget-image{text-align:center}.elementor-widget-image a{display:inline-block}.elementor-widget-image a img[src$=\".svg\"]{width:48px}.elementor-widget-image img{vertical-align:middle;display:inline-block}<\/style>\t\t\t\t\t\t\t\t\t\t<img fetchpriority=\"high\" decoding=\"async\" width=\"500\" height=\"500\" src=\"https:\/\/wtdemo.link\/kombiteknik\/wp-content\/uploads\/2024\/02\/kombi-tamiri.png\" class=\"attachment-full size-full wp-image-1742\" alt=\"\" srcset=\"https:\/\/wtdemo.link\/kombiteknik\/wp-content\/uploads\/2024\/02\/kombi-tamiri.png 500w, https:\/\/wtdemo.link\/kombiteknik\/wp-content\/uploads\/2024\/02\/kombi-tamiri-300x300.png 300w, https:\/\/wtdemo.link\/kombiteknik\/wp-content\/uploads\/2024\/02\/kombi-tamiri-150x150.png 150w, https:\/\/wtdemo.link\/kombiteknik\/wp-content\/uploads\/2024\/02\/kombi-tamiri-85x85.png 85w, https:\/\/wtdemo.link\/kombiteknik\/wp-content\/uploads\/2024\/02\/kombi-tamiri-80x80.png 80w, https:\/\/wtdemo.link\/kombiteknik\/wp-content\/uploads\/2024\/02\/kombi-tamiri-100x100.png 100w, https:\/\/wtdemo.link\/kombiteknik\/wp-content\/uploads\/2024\/02\/kombi-tamiri-460x460.png 460w\" sizes=\"(max-width: 500px) 100vw, 500px\" \/>\t\t\t\t\t\t\t\t\t\t\t\t\t<\/div>\n\t\t\t\t<\/div>\n\t\t\t\t<\/div>\n\t\t<div class=\"elementor-element elementor-element-1702a30 e-con-full e-flex e-con e-child\" data-id=\"1702a30\" data-element_type=\"container\" data-settings=\"{&quot;content_width&quot;:&quot;full&quot;}\">\n\t\t\t\t<div class=\"elementor-element elementor-element-b834447 elementor-widget elementor-widget-image\" data-id=\"b834447\" data-element_type=\"widget\" data-widget_type=\"image.default\">\n\t\t\t\t<div class=\"elementor-widget-container\">\n\t\t\t\t\t\t\t\t\t\t\t\t\t<img decoding=\"async\" width=\"500\" height=\"500\" src=\"https:\/\/wtdemo.link\/kombiteknik\/wp-content\/uploads\/2024\/02\/genel-foto.png\" class=\"attachment-full size-full wp-image-1744\" alt=\"\" srcset=\"https:\/\/wtdemo.link\/kombiteknik\/wp-content\/uploads\/2024\/02\/genel-foto.png 500w, https:\/\/wtdemo.link\/kombiteknik\/wp-content\/uploads\/2024\/02\/genel-foto-300x300.png 300w, https:\/\/wtdemo.link\/kombiteknik\/wp-content\/uploads\/2024\/02\/genel-foto-150x150.png 150w, https:\/\/wtdemo.link\/kombiteknik\/wp-content\/uploads\/2024\/02\/genel-foto-85x85.png 85w, https:\/\/wtdemo.link\/kombiteknik\/wp-content\/uploads\/2024\/02\/genel-foto-80x80.png 80w, https:\/\/wtdemo.link\/kombiteknik\/wp-content\/uploads\/2024\/02\/genel-foto-100x100.png 100w, https:\/\/wtdemo.link\/kombiteknik\/wp-content\/uploads\/2024\/02\/genel-foto-460x460.png 460w\" sizes=\"(max-width: 500px) 100vw, 500px\" \/>\t\t\t\t\t\t\t\t\t\t\t\t\t<\/div>\n\t\t\t\t<\/div>\n\t\t\t\t<\/div>\n\t\t\t\t\t<\/div>\n\t\t\t\t<\/div>\n\t\t<div class=\"elementor-element elementor-element-d155ca0 e-flex e-con-boxed e-con e-parent\" data-id=\"d155ca0\" data-element_type=\"container\" data-settings=\"{&quot;content_width&quot;:&quot;boxed&quot;}\" data-core-v316-plus=\"true\">\n\t\t\t\t\t<div class=\"e-con-inner\">\n\t\t\t\t<div class=\"elementor-element elementor-element-edba78a elementor-widget elementor-widget-text-editor\" data-id=\"edba78a\" data-element_type=\"widget\" data-widget_type=\"text-editor.default\">\n\t\t\t\t<div class=\"elementor-widget-container\">\n\t\t\t\t\t\t\t<p>Sancaktepe Kombi Tamiri ekiplerimiz, h\u0131zl\u0131 ve kaliteli hizmet anlay\u0131\u015f\u0131yla sizlere en iyi hizmeti sunmay\u0131 ama\u00e7lamaktad\u0131r. Siz de kombilerinizde meydana gelen her t\u00fcrl\u00fc ar\u0131za durumunda firmam\u0131z\u0131n uzman kadrosundan destek alabilirsiniz. Bizlere ileti\u015fim numaralar\u0131m\u0131zdan ula\u015farak ayr\u0131nt\u0131l\u0131 bilgi alabilir veya randevu olu\u015fturabilirsiniz.<\/p><h2>Sancaktepe Kombi Tamircisi<\/h2><p>Do\u011fru \u00c7\u00f6z\u00fcm Firmam\u0131z\u0131n y\u0131llar\u0131n verdi\u011fi tecr\u00fcbe ile hata pay\u0131m\u0131z\u0131 s\u0131f\u0131ra indirerek tamir ve bak\u0131m i\u015flerinizi garantili bir \u015fekilde yapmaktay\u0131z. 7\/24 ula\u015fabilece\u011finiz telefon numaram\u0131zdan bizlere ula\u015ft\u0131\u011f\u0131n\u0131zda an\u0131nda yerinde servis talebinde bulunabilirsiniz. Kulland\u0131\u011f\u0131n\u0131z kombi markas\u0131 ne olursa olsun uzman ekibimiz sayesinde her t\u00fcrl\u00fc ar\u0131za ve bak\u0131m i\u015fleminizi kusursuz bir \u015fekilde yap\u0131p sizleri memnun edecektir.<\/p><p>Sancaktepe kombi tamircisi olarak sizlere kaliteli hizmet sunmak i\u00e7in buraday\u0131z. Ekibimizin s\u00fcrekli olarak e\u011fitilmesi ve kendini geli\u015ftirmesi sayesinde en yeni teknolojileri kullanarak kombinize en iyi yard\u0131m\u0131 sa\u011flamaktay\u0131z. Kombiniz i\u00e7in gerekli olan t\u00fcm par\u00e7alar\u0131 stoklar\u0131m\u0131zda bulundurarak tamir i\u015fleminizi en k\u0131sa s\u00fcrede ger\u00e7ekle\u015ftiriyoruz.<\/p><p>Kombinin s\u0131k s\u0131k ar\u0131zalanmas\u0131 durumunda ise belli bir zaman sonra y\u00fcksek maliyetler ortaya \u00e7\u0131kmaktad\u0131r. Bu nedenle d\u00fczenli olarak kombinize bak\u0131m yapt\u0131rman\u0131z gerekmektedir. Bak\u0131m i\u015flemi sayesinde olu\u015fabilecek olan ar\u0131zalar\u0131n \u00f6n\u00fcne ge\u00e7ebilirsiniz ve kombinizin \u00f6mr\u00fcn\u00fc uzatabilirsiniz. Bunun yan\u0131nda d\u00fczenli bak\u0131m yap\u0131lan kombiler daha az yak\u0131t t\u00fcketmekte ve b\u00f6ylelikle tasarruf sa\u011flamaktas\u0131n\u0131z.<\/p><p>Sancaktepe Kombi Tamircisi Hizmetlerimiz<\/p><p>Firmam\u0131z\u0131n sizlere sundu\u011fu hizmetler aras\u0131nda;<\/p><p>&#8211; Kombi Tamiri<\/p><p>&#8211; Kombi Bak\u0131m\u0131<\/p><p>&#8211; Petek Temizli\u011fi<\/p><p>&#8211; Par\u00e7a De\u011fi\u015fimi<\/p><p>&#8211; Kombi De\u011fi\u015fimi<\/p><p>bulunmaktad\u0131r. Bu hizmetlerimizi en kaliteli ve garantili bir \u015fekilde sunuyoruz. Ayr\u0131ca kombinin ar\u0131zas\u0131na kesin bir \u00e7\u00f6z\u00fcm getirebilmek i\u00e7in alan\u0131nda uzman ekibimiz kombiyi yerinde inceleyerek ar\u0131zan\u0131n kayna\u011f\u0131n\u0131 tespit etmektedir. B\u00f6ylelikle sadece gereken par\u00e7ay\u0131 de\u011fi\u015ftirerek size ekstra masraf \u00e7\u0131karmam\u0131\u015f oluyoruz.<\/p><p>Sancaktepe kombi tamircisi olarak sizlere sundu\u011fumuz hizmetler ile fark yarat\u0131yoruz. Bizleri tercih etmeniz i\u00e7in birka\u00e7 neden sunuyoruz;<\/p><p>1) 7\/24 ula\u015fabilece\u011finiz telefon numaram\u0131z sayesinde her an bizlere ula\u015fabilirsiniz.<\/p><p>2) Uzman ekibimiz sayesinde kombiniz hakk\u0131nda do\u011fru bilgilendirme alabilirsiniz.<\/p><p>3) Kulland\u0131\u011f\u0131m\u0131z yedek par\u00e7alar\u0131n tamam\u0131 orijinal ve garantilidir.<\/p><p>4) Ar\u0131za tespiti sonras\u0131 size en uygun fiyat teklifini sunuyoruz.<\/p><p>5) Ekonomik fiyat politikam\u0131z ile sizlere kaliteli hizmeti ekstra masraf \u00e7\u0131karmadan sunuyoruz.<\/p><p>6) Garantili hizmetlerimiz sayesinde herhangi bir sorun ya\u015faman\u0131z durumunda \u00fccretsiz olarak tekrar gelerek sorunu \u00e7\u00f6z\u00fcyoruz.<\/p><p>Sancaktepe Kombi Tamircisi olarak uzman ekibimiz, g\u00fcler y\u00fczl\u00fc personelimiz ve yenilik\u00e7i yakla\u015f\u0131m\u0131m\u0131z ile sizlere en iyi hizmeti sunmak i\u00e7in buraday\u0131z. Kombinizde ar\u0131za veya bak\u0131m i\u015flemlerine ihtiya\u00e7 duydu\u011funuzda bizlere ula\u015farak randevu alabilirsiniz. Dilerseniz kombinizin durumu hakk\u0131nda bizlere a\u015fa\u011f\u0131da bulunan yorum k\u0131sm\u0131ndan bildirimde bulunabilirsiniz.<\/p><h2>Sancaktepe Kombi Tamiri Fiyatlar\u0131<\/h2><p>K\u0131\u015f aylar\u0131n\u0131n vazge\u00e7ilmez ekipman\u0131 olan kombiler, evlerimizin s\u0131cakl\u0131\u011f\u0131n\u0131 ve konforunu sa\u011flamada b\u00fcy\u00fck bir rol oynamaktad\u0131r. Ancak zaman zaman ar\u0131zalanabilen veya bak\u0131m gerektiren kombilerin tamir i\u015flemleri de \u00f6nemli bir konudur. Sancaktepe b\u00f6lgesindeki t\u00fcm kombi tamiri ihtiya\u00e7lar\u0131n\u0131z i\u00e7in do\u011fru \u00e7\u00f6z\u00fcm firmas\u0131 olarak hizmet vermekteyiz.<\/p><p>Firmam\u0131z, uzun y\u0131llard\u0131r sekt\u00f6rde edindi\u011fi deneyim ve tecr\u00fcbeler sayesinde kaliteli ve g\u00fcvenilir hizmetler sunmaktad\u0131r. Sancaktepe kombi tamiri fiyatlar\u0131 konusunda da uygun ve rekabet\u00e7i fiyatlar sunarak m\u00fc\u015fterilerimize avantajl\u0131 bir se\u00e7enek sunuyoruz.<\/p><p>Tamir i\u015flemlerine ba\u015flamadan \u00f6nce, alan\u0131nda uzman ekibimiz taraf\u0131ndan yap\u0131lan detayl\u0131 inceleme sonras\u0131nda size en uygun hizmet se\u00e7ene\u011fi belirlenmektedir. Bu s\u00fcre\u00e7te, tamir ile birlikte gerekli par\u00e7a de\u011fi\u015fimi ya da bak\u0131m i\u015flemlerinin yap\u0131lmas\u0131 da de\u011ferlendirilmektedir. T\u00fcm bu ad\u0131mlar\u0131n ard\u0131ndan size detayl\u0131 bir fiyat teklifi sunulmaktad\u0131r.<\/p><p>Tamir i\u015flemine ge\u00e7ildikten sonra ise ilk \u00f6nceli\u011fimiz sizin memnuniyetinizdir. Firmam\u0131zda kullan\u0131lan y\u00fcksek kaliteli ekipmanlar ve orijinal yedek par\u00e7a se\u00e7enekleri, kombinizin uzun s\u00fcre sorunsuz bir \u015fekilde \u00e7al\u0131\u015fmas\u0131n\u0131 sa\u011flamaktad\u0131r. Ayr\u0131ca i\u015flemlerimiz sonras\u0131nda sizlere verdi\u011fimiz garanti ile de tamir edilen kombinizde herhangi bir sorun ya\u015faman\u0131z durumunda bize ba\u015fvurabilir ve \u00fccretsiz olarak tekrar hizmet alabilirsiniz.<\/p><p>Sancaktepe kombi tamiri fiyatlar\u0131 konusunda da \u015feffaf bir politika izlemekteyiz. Fiyat tekliflerinde yer alan t\u00fcm detaylar\u0131n a\u00e7\u0131k\u00e7a belirtilmesinin yan\u0131 s\u0131ra, ek \u00fccret taleplerine de asla yer vermemekteyiz. B\u00f6ylece m\u00fc\u015fterilerimize g\u00fcvenilir ve adil bir hizmet sunmay\u0131 ama\u00e7l\u0131yoruz.<\/p><p>Unutmay\u0131n, kombi tamir i\u015flemlerini yapt\u0131rmak, kombinizin \u00f6mr\u00fcn\u00fc uzat\u0131r ve daha verimli bir \u015fekilde \u00e7al\u0131\u015fmas\u0131n\u0131 sa\u011flar. Bu nedenle, ar\u0131zalanma ya da bak\u0131m ihtiyac\u0131 hissetti\u011finizde vakit kaybetmeden bize ba\u015fvurabilir ve kaliteli hizmetlerimizden yararlanabilirsiniz. Hemen bizimle ileti\u015fime ge\u00e7in ve uygun fiyatlarla kombi tamiri hizmetinden faydalan\u0131n.<\/p><h2>Neden Do\u011fru \u00c7\u00f6z\u00fcm Firmam\u0131z\u0131 Se\u00e7melisiniz?<\/h2><p>Sancaktepe&#8217;de kombi tamiri hizmeti almak istedi\u011finizde, en \u00f6nemli karar\u0131n\u0131z Do\u011fru \u00c7\u00f6z\u00fcm firmam\u0131z\u0131 se\u00e7mektir. Bu se\u00e7im, hem cihaz\u0131n\u0131z\u0131n do\u011fru \u015fekilde tamir edilmesini sa\u011flamak hem de uzun vadede size ekonomik ve g\u00fcvenilir bir hizmet sunmak a\u00e7\u0131s\u0131ndan olduk\u00e7a \u00f6nemlidir. Peki neden Sancaktepe b\u00f6lgesindeki kombi tamiri i\u00e7in Do\u011fru \u00c7\u00f6z\u00fcm firmam\u0131z\u0131 tercih etmelisiniz?<\/p><p>\u00d6ncelikle, uzman kadromuz ve deneyimli teknisyenlerimiz sayesinde kombinizin her t\u00fcrl\u00fc ar\u0131zas\u0131na profesyonel bir \u015fekilde m\u00fcdahale edebiliyoruz. Kombi marka veya modelinden ba\u011f\u0131ms\u0131z olarak, e\u011fitimli personelimizin bilgi ve tecr\u00fcbesi sayesinde sorunlar\u0131n\u0131za k\u0131sa s\u00fcrede \u00e7\u00f6z\u00fcm bulabiliyoruz.<\/p><p>Ayr\u0131ca, m\u00fc\u015fterilerimize sundu\u011fumuz kaliteli hizmetin yan\u0131nda uygun fiyatlarla da dikkat \u00e7ekiyoruz. Sancaktepe b\u00f6lgesindeki di\u011fer kombi tamiri firmalar\u0131na g\u00f6re daha ekonomik fiyatlarla kaliteli i\u015f\u00e7ilik sunarak sizlere avantajl\u0131 bir hizmet sa\u011fl\u0131yoruz. B\u00fct\u00e7enizi zorlamadan cihaz\u0131n\u0131z\u0131n sorununu gideriyor ve rahat bir nefes alman\u0131z\u0131 sa\u011fl\u0131yoruz.<\/p><p>Do\u011fru \u00e7\u00f6z\u00fcm firmam\u0131z, m\u00fc\u015fteri memnuniyetine verdi\u011fi \u00f6nemle de \u00f6ne \u00e7\u0131k\u0131yor. Sizlere sundu\u011fumuz hizmette tamamen g\u00fcvenilir ve \u015feffaf bir yakla\u015f\u0131m sergiliyor, her ad\u0131mda sizlerle ileti\u015fim halinde oluyoruz. B\u00f6ylece kombinizin sorunu ve onar\u0131m s\u00fcreci hakk\u0131nda detayl\u0131 bilgi sahibi olman\u0131z\u0131 sa\u011fl\u0131yoruz.<\/p><p>Teknolojinin geli\u015fmesiyle birlikte kombilerin yap\u0131s\u0131 da g\u00fcn ge\u00e7tik\u00e7e karma\u015f\u0131kla\u015f\u0131yor. Ancak do\u011fru \u00e7\u00f6z\u00fcm firmam\u0131z\u0131n teknolojiye ayak uyduran ekipmanlar\u0131 sayesinde en son teknoloji \u00fcr\u00fcn\u00fc cihazlar\u0131n\u0131z\u0131n tamirini de ba\u015far\u0131yla ger\u00e7ekle\u015ftiriyoruz. B\u00f6ylece, kombinizin sorunu ne olursa olsun bizimle ileti\u015fime ge\u00e7ebilir ve profesyonel bir hizmet alabilirsiniz.<\/p><p>Son olarak, do\u011fru \u00e7\u00f6z\u00fcm firmam\u0131z\u0131n 7\/24 hizmet sunuyor olmas\u0131 da sizler i\u00e7in b\u00fcy\u00fck bir avantajd\u0131r. Kombi ar\u0131zalar\u0131 genellikle beklenmedik zamanlarda meydana gelir ve bu durumda bir an \u00f6nce \u00e7\u00f6z\u00fcme kavu\u015fturulmas\u0131 gerekir. Bizler gece g\u00fcnd\u00fcz demeden sizlere h\u0131zl\u0131 bir \u015fekilde destek sa\u011fl\u0131yor ve kombinizin en k\u0131sa s\u00fcrede onar\u0131m\u0131n\u0131 ger\u00e7ekle\u015ftiriyoruz.<\/p>\t\t\t\t\t\t<\/div>\n\t\t\t\t<\/div>\n\t\t\t\t\t<\/div>\n\t\t\t\t<\/div>\n\t\t\t\t<\/div>\n\t\t","protected":false},"excerpt":{"rendered":"<p>Do\u011fru \u00c7\u00f6z\u00fcm Firmam\u0131z\u0131n sundu\u011fu Sancaktepe kombi tamiri, kombi cihazlar\u0131n\u0131n bak\u0131m ve onar\u0131m i\u015flemlerinin yap\u0131ld\u0131\u011f\u0131 bir hizmettir. Bu hizmet sayesinde kombilerinizin d\u00fczenli olarak kontrol edilmesi, ar\u0131za durumlar\u0131nda do\u011fru ve kaliteli bir \u015fekilde tamir edilmesi sa\u011flan\u0131r. Kombiler evlerimizin vazge\u00e7ilmez \u0131s\u0131tma sistemleridir. So\u011fuk k\u0131\u015f g\u00fcnlerinde bize s\u0131cac\u0131k bir ortam sunan bu cihazlar, zamanla a\u015f\u0131nma ve y\u0131pranmaya u\u011frayabilir. Bu&#8230;<\/p>\n","protected":false},"author":1,"featured_media":0,"parent":0,"menu_order":0,"comment_status":"closed","ping_status":"closed","template":"template-builder.php","meta":{"footnotes":""},"class_list":["post-1776","page","type-page","status-publish","hentry"],"_links":{"self":[{"href":"https:\/\/wtdemo.link\/kombiteknik\/wp-json\/wp\/v2\/pages\/1776","targetHints":{"allow":["GET"]}}],"collection":[{"href":"https:\/\/wtdemo.link\/kombiteknik\/wp-json\/wp\/v2\/pages"}],"about":[{"href":"https:\/\/wtdemo.link\/kombiteknik\/wp-json\/wp\/v2\/types\/page"}],"author":[{"embeddable":true,"href":"https:\/\/wtdemo.link\/kombiteknik\/wp-json\/wp\/v2\/users\/1"}],"replies":[{"embeddable":true,"href":"https:\/\/wtdemo.link\/kombiteknik\/wp-json\/wp\/v2\/comments?post=1776"}],"version-history":[{"count":0,"href":"https:\/\/wtdemo.link\/kombiteknik\/wp-json\/wp\/v2\/pages\/1776\/revisions"}],"wp:attachment":[{"href":"https:\/\/wtdemo.link\/kombiteknik\/wp-json\/wp\/v2\/media?parent=1776"}],"curies":[{"name":"wp","href":"https:\/\/api.w.org\/{rel}","templated":true}]}}