{"id":1790,"date":"2024-02-24T15:44:57","date_gmt":"2024-02-24T12:44:57","guid":{"rendered":"https:\/\/wtdemo.link\/kombiteknik\/?page_id=1790"},"modified":"2024-02-24T15:46:22","modified_gmt":"2024-02-24T12:46:22","slug":"petek-temizligi","status":"publish","type":"page","link":"https:\/\/wtdemo.link\/kombiteknik\/petek-temizligi","title":{"rendered":"Petek Temizli\u011fi"},"content":{"rendered":"\t\t<div data-elementor-type=\"wp-page\" data-elementor-id=\"1790\" class=\"elementor elementor-1790\">\n\t\t\t\t<div class=\"elementor-element elementor-element-43a58d5 e-flex e-con-boxed e-con e-parent\" data-id=\"43a58d5\" data-element_type=\"container\" data-settings=\"{&quot;content_width&quot;:&quot;boxed&quot;}\" data-core-v316-plus=\"true\">\n\t\t\t\t\t<div class=\"e-con-inner\">\n\t\t<div class=\"elementor-element elementor-element-60c2cf1 e-con-full e-flex e-con e-child\" data-id=\"60c2cf1\" data-element_type=\"container\" data-settings=\"{&quot;content_width&quot;:&quot;full&quot;}\">\n\t\t\t\t<div class=\"elementor-element elementor-element-780b26e elementor-widget elementor-widget-text-editor\" data-id=\"780b26e\" data-element_type=\"widget\" data-widget_type=\"text-editor.default\">\n\t\t\t\t<div class=\"elementor-widget-container\">\n\t\t\t<style>\/*! elementor - v3.19.0 - 07-02-2024 *\/\n.elementor-widget-text-editor.elementor-drop-cap-view-stacked .elementor-drop-cap{background-color:#69727d;color:#fff}.elementor-widget-text-editor.elementor-drop-cap-view-framed .elementor-drop-cap{color:#69727d;border:3px solid;background-color:transparent}.elementor-widget-text-editor:not(.elementor-drop-cap-view-default) .elementor-drop-cap{margin-top:8px}.elementor-widget-text-editor:not(.elementor-drop-cap-view-default) .elementor-drop-cap-letter{width:1em;height:1em}.elementor-widget-text-editor .elementor-drop-cap{float:left;text-align:center;line-height:1;font-size:50px}.elementor-widget-text-editor .elementor-drop-cap-letter{display:inline-block}<\/style>\t\t\t\t<p>Petek temizli\u011fi, evlerimizin en \u00f6nemli \u0131s\u0131tma sistemlerinden biri olan kalorifer peteklerinin i\u00e7erisinde biriken kiri ve tortuyu temizlemek i\u00e7in yap\u0131lan bir i\u015flemdir. Kalorifer petekleri, s\u0131cak suyun ge\u00e7mesi sonucu \u0131s\u0131n\u0131r ve bu sayede evlerimizi \u0131s\u0131tmaya yard\u0131mc\u0131 olur. Ancak zamanla i\u00e7erisinde toz, kir, pas gibi maddelerin birikmesi sonucu verimlili\u011fi d\u00fc\u015fer ve sa\u011fl\u0131ks\u0131z hale gelir.<\/p><p>Sancaktepe\u2019de Profesyonel Petek Temizli\u011fi \u0130\u00e7in Do\u011fru Adres: Do\u011fru \u00c7\u00f6z\u00fcm<\/p><p>Sancaktepe b\u00f6lgesinde ya\u015fayanlar i\u00e7in kaliteli ve profesyonel petek temizleme hizmeti sunan Do\u011fru \u00c7\u00f6z\u00fcm, Sancaktepe\u2019de do\u011fru adres olarak \u00f6ne \u00e7\u0131k\u0131yor. Evinizin sa\u011fl\u0131kl\u0131 ve verimli bir \u015fekilde \u0131s\u0131nmas\u0131 i\u00e7in kalorifer peteklerinizin periyodik olarak temizlenmesi olduk\u00e7a \u00f6nemlidir. Bu nedenle uzman ekiplerimiz ile sizlere en iyi hizmeti sunmak i\u00e7in \u00e7al\u0131\u015fmaktay\u0131z.<\/p><p>Do\u011fru \u00c7\u00f6z\u00fcm ekibi, y\u0131llar\u0131n verdi\u011fi tecr\u00fcbe ve deneyime sahip olup modern ekipmanlar kullanarak petek temizli\u011fi i\u015flemini ger\u00e7ekle\u015ftiriyor. Bu sayede peteklerinizde olu\u015fan tortu, kire\u00e7 ve pas gibi maddelerden tamamen ar\u0131narak sa\u011fl\u0131kl\u0131 ve verimli bir \u0131s\u0131tma sistemine sahip olman\u0131z sa\u011flan\u0131yor.<\/p><p>Petek temizleme i\u015flemi sadece evinizin sa\u011fl\u0131\u011f\u0131 i\u00e7in de\u011fil, ayn\u0131 zamanda tasarruf etmenize de yard\u0131mc\u0131 olur. Kirli peteklerin varl\u0131\u011f\u0131, \u0131s\u0131nmak i\u00e7in daha fazla enerji t\u00fcketilmesine neden olur. Temizlenmi\u015f petekler sayesinde ise daha az enerji kullanarak evinizdeki \u0131s\u0131y\u0131 koruyabilirsiniz.<\/p>\t\t\t\t\t\t<\/div>\n\t\t\t\t<\/div>\n\t\t\t\t<\/div>\n\t\t<div class=\"elementor-element elementor-element-17d4c66 e-con-full sidebar-area elementor-hidden-tablet elementor-hidden-mobile e-flex e-con e-child\" data-id=\"17d4c66\" data-element_type=\"container\" data-settings=\"{&quot;content_width&quot;:&quot;full&quot;}\">\n\t\t\t\t<div class=\"elementor-element elementor-element-31351e9 elementor-widget elementor-widget-konsalservicelist\" data-id=\"31351e9\" data-element_type=\"widget\" data-widget_type=\"konsalservicelist.default\">\n\t\t\t\t<div class=\"elementor-widget-container\">\n\t\t\t<div class=\"widget widget_categories th-cate-wrap\"><h3 class=\"widget_title\">T\u00fcm Hizmetlerimiz<\/h3><ul> <li><a href=\"#\">Kombi Servisi<\/a><span><i class=\"fas fa-angle-right\"><\/i><\/span><\/li> <li><a href=\"#\">Kombi Tamiri<\/a><span><i class=\"fas fa-angle-right\"><\/i><\/span><\/li> <li><a href=\"#\">Kombi Bak\u0131m\u0131<\/a><span><i class=\"fas fa-angle-right\"><\/i><\/span><\/li> <li><a href=\"#\">Petek Temizli\u011fi<\/a><span><i class=\"fas fa-angle-right\"><\/i><\/span><\/li> <li><a href=\"http:\/\/3\" target=\"_blank\">Kombi De\u011fi\u015fimi<\/a><span><i class=\"fas fa-angle-right\"><\/i><\/span><\/li> <li><a href=\"#\">\u015eofben Servisi<\/a><span><i class=\"fas fa-angle-right\"><\/i><\/span><\/li><\/ul><\/div>\t\t<\/div>\n\t\t\t\t<\/div>\n\t\t\t\t<\/div>\n\t\t\t\t\t<\/div>\n\t\t\t\t<\/div>\n\t\t<div class=\"elementor-element elementor-element-fa4a4f3 e-flex e-con-boxed e-con e-parent\" data-id=\"fa4a4f3\" data-element_type=\"container\" data-settings=\"{&quot;content_width&quot;:&quot;boxed&quot;}\" data-core-v316-plus=\"true\">\n\t\t\t\t\t<div class=\"e-con-inner\">\n\t\t<div class=\"elementor-element elementor-element-6a0f28d e-con-full e-flex e-con e-child\" data-id=\"6a0f28d\" data-element_type=\"container\" data-settings=\"{&quot;content_width&quot;:&quot;full&quot;}\">\n\t\t\t\t<div class=\"elementor-element elementor-element-a6ac905 elementor-widget elementor-widget-image\" data-id=\"a6ac905\" data-element_type=\"widget\" data-widget_type=\"image.default\">\n\t\t\t\t<div class=\"elementor-widget-container\">\n\t\t\t<style>\/*! elementor - v3.19.0 - 07-02-2024 *\/\n.elementor-widget-image{text-align:center}.elementor-widget-image a{display:inline-block}.elementor-widget-image a img[src$=\".svg\"]{width:48px}.elementor-widget-image img{vertical-align:middle;display:inline-block}<\/style>\t\t\t\t\t\t\t\t\t\t<img fetchpriority=\"high\" decoding=\"async\" width=\"500\" height=\"500\" src=\"https:\/\/wtdemo.link\/kombiteknik\/wp-content\/uploads\/2024\/02\/petek-temizligi.png\" class=\"attachment-full size-full wp-image-1743\" alt=\"\" srcset=\"https:\/\/wtdemo.link\/kombiteknik\/wp-content\/uploads\/2024\/02\/petek-temizligi.png 500w, https:\/\/wtdemo.link\/kombiteknik\/wp-content\/uploads\/2024\/02\/petek-temizligi-300x300.png 300w, https:\/\/wtdemo.link\/kombiteknik\/wp-content\/uploads\/2024\/02\/petek-temizligi-150x150.png 150w, https:\/\/wtdemo.link\/kombiteknik\/wp-content\/uploads\/2024\/02\/petek-temizligi-85x85.png 85w, https:\/\/wtdemo.link\/kombiteknik\/wp-content\/uploads\/2024\/02\/petek-temizligi-80x80.png 80w, https:\/\/wtdemo.link\/kombiteknik\/wp-content\/uploads\/2024\/02\/petek-temizligi-100x100.png 100w, https:\/\/wtdemo.link\/kombiteknik\/wp-content\/uploads\/2024\/02\/petek-temizligi-460x460.png 460w\" sizes=\"(max-width: 500px) 100vw, 500px\" \/>\t\t\t\t\t\t\t\t\t\t\t\t\t<\/div>\n\t\t\t\t<\/div>\n\t\t\t\t<\/div>\n\t\t<div class=\"elementor-element elementor-element-1702a30 e-con-full e-flex e-con e-child\" data-id=\"1702a30\" data-element_type=\"container\" data-settings=\"{&quot;content_width&quot;:&quot;full&quot;}\">\n\t\t\t\t<div class=\"elementor-element elementor-element-b834447 elementor-widget elementor-widget-image\" data-id=\"b834447\" data-element_type=\"widget\" data-widget_type=\"image.default\">\n\t\t\t\t<div class=\"elementor-widget-container\">\n\t\t\t\t\t\t\t\t\t\t\t\t\t<img decoding=\"async\" width=\"500\" height=\"500\" src=\"https:\/\/wtdemo.link\/kombiteknik\/wp-content\/uploads\/2024\/02\/genel-foto.png\" class=\"attachment-full size-full wp-image-1744\" alt=\"\" srcset=\"https:\/\/wtdemo.link\/kombiteknik\/wp-content\/uploads\/2024\/02\/genel-foto.png 500w, https:\/\/wtdemo.link\/kombiteknik\/wp-content\/uploads\/2024\/02\/genel-foto-300x300.png 300w, https:\/\/wtdemo.link\/kombiteknik\/wp-content\/uploads\/2024\/02\/genel-foto-150x150.png 150w, https:\/\/wtdemo.link\/kombiteknik\/wp-content\/uploads\/2024\/02\/genel-foto-85x85.png 85w, https:\/\/wtdemo.link\/kombiteknik\/wp-content\/uploads\/2024\/02\/genel-foto-80x80.png 80w, https:\/\/wtdemo.link\/kombiteknik\/wp-content\/uploads\/2024\/02\/genel-foto-100x100.png 100w, https:\/\/wtdemo.link\/kombiteknik\/wp-content\/uploads\/2024\/02\/genel-foto-460x460.png 460w\" sizes=\"(max-width: 500px) 100vw, 500px\" \/>\t\t\t\t\t\t\t\t\t\t\t\t\t<\/div>\n\t\t\t\t<\/div>\n\t\t\t\t<\/div>\n\t\t\t\t\t<\/div>\n\t\t\t\t<\/div>\n\t\t<div class=\"elementor-element elementor-element-d155ca0 e-flex e-con-boxed e-con e-parent\" data-id=\"d155ca0\" data-element_type=\"container\" data-settings=\"{&quot;content_width&quot;:&quot;boxed&quot;}\" data-core-v316-plus=\"true\">\n\t\t\t\t\t<div class=\"e-con-inner\">\n\t\t\t\t<div class=\"elementor-element elementor-element-edba78a elementor-widget elementor-widget-text-editor\" data-id=\"edba78a\" data-element_type=\"widget\" data-widget_type=\"text-editor.default\">\n\t\t\t\t<div class=\"elementor-widget-container\">\n\t\t\t\t\t\t\t<p>Do\u011fru \u00c7\u00f6z\u00fcm olarak, Sancaktepe b\u00f6lgesindeki m\u00fc\u015fterilerimize kaliteli hizmet sunmay\u0131 ama\u00e7l\u0131yoruz. Bu nedenle i\u015flem \u00f6ncesinde sizlere detayl\u0131 bilgi ve fiyat teklifi sunuyoruz. Ayr\u0131 ca petek temizli\u011fi sonras\u0131nda da m\u00fc\u015fteri memnuniyetini \u00f6n planda tutarak gerekli kontrolleri yap\u0131yoruz.<\/p><p>Evinizin ve ailenizin sa\u011fl\u0131\u011f\u0131 i\u00e7in peteklerinizin periyodik olarak temizlenmesini ihmal etmeyin. Do\u011fru \u00c7\u00f6z\u00fcm ile ileti\u015fime ge\u00e7erek profesyonel ve kaliteli bir petek temizli\u011fi hizmeti alabilirsiniz. Is\u0131nman\u0131n keyfini \u00e7\u0131kar\u0131rken, ayn\u0131 zamanda tasarruf edebilirsiniz. Sancaktepe b\u00f6lgesinde petek temizli\u011fi i\u00e7in do\u011fru adrestesiniz!<\/p><h2>Sancaktepe Kombi Petek Temizli\u011fi<\/h2><p>K\u0131\u015f aylar\u0131nda s\u0131cak su ve \u0131s\u0131nma sa\u011flamak ad\u0131na kullan\u0131lan kombiler, do\u011fal olarak belirli bir s\u00fcre sonra bak\u0131ma ihtiya\u00e7 duyarlar. Bu bak\u0131m hizmetlerinin ba\u015fl\u0131calar\u0131ndan bir tanesi de petek temizli\u011fidir. Sancaktepe Kombi Petek Temizli\u011fi i\u00e7in do\u011fru adres olan Do\u011fru \u00c7\u00f6z\u00fcm firmam\u0131z, y\u0131llard\u0131r bu sekt\u00f6rde hizmet vermektedir.<\/p><p>Firmam\u0131z bu alanda uzman kadrosu ile sizlere y\u00fcksek kaliteli ve profesyonel hizmetler sunmaktad\u0131r. Sancaktepe Kombi Petek Temizli\u011fi konusunda yap\u0131lmas\u0131 gereken i\u015flemlerin ba\u015f\u0131nda petek damarlar\u0131n\u0131n i\u00e7erisinde olu\u015fan kire\u00e7, tortu ve di\u011fer maddelerin tamamen temizlenmesi gelmektedir. Bu sayede petekleriniz daha verimli bir \u015fekilde \u00e7al\u0131\u015facak ve kombinizden daha fazla faydalanabileceksiniz.<\/p><p>Sancaktepe Kombi Petek Temizli\u011fi hizmetini kaliteli bir \u015fekilde almak istiyorsan\u0131z, mutlaka uzman ve deneyimli bir firma ile \u00e7al\u0131\u015fmal\u0131s\u0131n\u0131z. Do\u011fru \u00c7\u00f6z\u00fcm Firmam\u0131z bu konuda sizlere en iyi hizmeti sunmak i\u00e7in gerekli donan\u0131ma ve tecr\u00fcbeye sahiptir. Ayr\u0131ca kulland\u0131\u011f\u0131m\u0131z ekipmanlar son teknolojiye uygun olup peteklerinizin zarar g\u00f6rmesini \u00f6nleyecek \u015fekilde tasarlanm\u0131\u015ft\u0131r.<\/p><p>Petek temizleme i\u015flemi esnas\u0131nda \u00f6ncelikle peteklerin s\u00f6k\u00fclmesine gerek yoktur. Firmam\u0131z bu i\u015flemi \u00f6zel kimyasallar kullanarak yapmaktad\u0131r. Bu sayede peteklerinizde herhangi bir deformasyon meydana gelmez ve kombinizin garanti s\u00fcresi bozulmaz. Ayr\u0131ca yapt\u0131\u011f\u0131m\u0131z i\u015flemler sonras\u0131nda petekleriniz daha verimli bir \u015fekilde \u0131s\u0131nacak ve elektrik faturalar\u0131n\u0131z azalacakt\u0131r.<\/p><p>Sancaktepe Kombi Petek Temizli\u011fi hizmetinin yan\u0131 s\u0131ra yine kombilerinizin bak\u0131m ve onar\u0131m i\u015flemlerini de yapmaktay\u0131z. K\u0131\u015f aylar\u0131nda kombilerinizin ar\u0131zalanmas\u0131 durumunda da firmam\u0131zdan destek alabilirsiniz. Firmam\u0131z\u0131n uzman kadrosu, her t\u00fcrl\u00fc ar\u0131za durumlar\u0131nda sorunlar\u0131n\u0131za en k\u0131sa s\u00fcrede \u00e7\u00f6z\u00fcm \u00fcretmektedir. Ayr\u0131ca firmam\u0131z sizlere uygun fiyatlar sunarak b\u00fct\u00e7enizi zorlamayacak \u015fekilde hizmet vermektedir.<\/p><p>Sancaktepe Kombi Petek Temizli\u011fi hakk\u0131nda daha detayl\u0131 bilgi almak i\u00e7in bizlerle ileti\u015fime ge\u00e7ebilirsiniz. Firmam\u0131zda g\u00f6revli olan uzman ekibimiz, sizlere gerekli deste\u011fi sa\u011flayacakt\u0131r. Do\u011fru \u00c7\u00f6z\u00fcm olarak bizler siz de\u011ferli m\u00fc\u015fterilerimize en iyi hizmeti vermek i\u00e7in \u00e7al\u0131\u015fmaktay\u0131z. Bizlere ula\u015farak sizler de kaliteli hizmetlerimizden yararlanabilirsiniz.<\/p><h2>Sancaktepe Kalorifer Petek Temizli\u011fi<\/h2><p>Do\u011fru \u00c7\u00f6z\u00fcm Firmas\u0131, Sancaktepe b\u00f6lgesinde hizmet veren bir petek temizleme firmas\u0131d\u0131r. Bu firma, y\u0131llar\u0131n verdi\u011fi tecr\u00fcbe ve uzman kadrosuyla m\u00fc\u015fterilerine kaliteli ve profesyonel hizmetler sunmaktad\u0131r.<\/p><p>Firman\u0131n en \u00f6nemli \u00f6zelliklerinden biri, teknolojiye ayak uydurarak son sistem ekipmanlar kullanmas\u0131d\u0131r. Bu sayede petek temizli\u011fi i\u015flemleri daha h\u0131zl\u0131 ve etkili bir \u015fekilde ger\u00e7ekle\u015ftirilebilmekte, ayn\u0131 zamanda da hijyenik standartlara uygun olarak yap\u0131lmaktad\u0131r.<\/p><p>Sancaktepe Kalorifer Petek Temizli\u011fi hizmeti, \u00f6ncelikle peteklerin i\u00e7inde biriken kire\u00e7 ve tortular\u0131n temizlenmesiyle ba\u015flar. Bunun i\u00e7in profesyonel ekipmanlar kullan\u0131lmaktad\u0131r. Ard\u0131ndan peteklerin i\u00e7ine \u00f6zel kimyasallar s\u0131k\u0131l\u0131r ve bu kimyasallar sayesinde kire\u00e7 ve tortular \u00e7\u00f6z\u00fcl\u00fcr. Daha sonra y\u00fcksek bas\u0131n\u00e7l\u0131 su ile peteklerin i\u00e7i durulanarak t\u00fcm kirlerden ar\u0131nd\u0131r\u0131l\u0131r.<\/p><p>Do\u011fru \u00c7\u00f6z\u00fcm Firmas\u0131, Sancaktepe b\u00f6lgesinde kalorifer petek temizli\u011fi i\u015flemlerini ev, ofis, i\u015fyeri gibi her t\u00fcrl\u00fc mek\u00e2nda ger\u00e7ekle\u015ftirmektedir. Ayr\u0131ca m\u00fc\u015fterilerine uygun fiyatlarla kaliteli hizmet sunmaktad\u0131r.<\/p><p>E\u011fer siz de Sancaktepe b\u00f6lgesinde kaliteli bir kalorifer petek temizli\u011fi hizmeti almak isterseniz Do\u011fru \u00c7\u00f6z\u00fcm Firmas\u0131 ile ileti\u015fime ge\u00e7ebilirsiniz. Profesyonel ekibi ve son teknoloji ekipmanlar\u0131 sayesinde peteklerinizin temizli\u011fini en iyi \u015fekilde yapacaklard\u0131r.<\/p><h2>Sancaktepe Petek Temizleme<\/h2><p>Do\u011fru \u00c7\u00f6z\u00fcm Firmam\u0131z ile Sancaktepe Petek Temizleme, Sancaktepe b\u00f6lgesinde hizmet veren bir petek temizleme firmas\u0131d\u0131r. Uzman ekip ve ekipmanlar\u0131m\u0131z sayesinde peteklerinizi k\u0131sa s\u00fcrede ve en do\u011fru \u015fekilde temizleriz.<\/p><p>Peteklerinizin d\u00fczenli aral\u0131klarla temizlenmesi, \u0131s\u0131tma sisteminizin verimlili\u011fini artt\u0131r\u0131r ve enerji tasarrufu sa\u011flar. Ayr\u0131ca kirli petekler sa\u011fl\u0131\u011f\u0131n\u0131z i\u00e7in de bir tehdit olu\u015fturabilir. Kirli peteklerde biriken bakteri, mantar ve zararl\u0131 maddeler havaya yay\u0131l\u0131r ve solunum yolu enfeksiyonlar\u0131na neden olabilir.<\/p><p>Firmam\u0131z\u0131n petek temizleme hizmetinde a\u015fa\u011f\u0131daki ad\u0131mlar uygulanmaktad\u0131r:<\/p><p>1. Petekleriniz incelenir ve hangi i\u015flemlerin yap\u0131lmas\u0131 gerekti\u011fine karar verilir.<\/p><p>2. Peteklerden su bo\u015falt\u0131l\u0131r ve i\u00e7erisindeki tortu, kir ve pas temizlenir.<\/p><p>3. Petekler bas\u0131n\u00e7l\u0131 hava ile y\u0131kan\u0131r ve sonras\u0131nda kimyasal bir madde ile dezenfekte edilir.<\/p><p>4. Petekler tekrar su ile doldurulur ve \u0131s\u0131tma sistemi \u00e7al\u0131\u015ft\u0131r\u0131larak kontrol edilir.<\/p><p>5. Gerekli g\u00f6r\u00fcld\u00fc\u011f\u00fc durumlarda petek vanalar\u0131 da de\u011fi\u015ftirilir veya tamir edilir.<\/p><p>Sancaktepe Petek Temizleme i\u00e7in Do\u011fru \u00c7\u00f6z\u00fcm firmas\u0131 olarak m\u00fc\u015fteri memnuniyetini \u00f6n planda tutuyoruz ve kulland\u0131\u011f\u0131m\u0131z ekipmanlar\u0131n tamam\u0131 y\u00fcksek kaliteli \u00fcr\u00fcnlerden olu\u015fmaktad\u0131r. Ayr\u0131ca i\u015flemlerimizin sonunda size petekleri nas\u0131l koruyaca\u011f\u0131n\u0131z konusunda da bilgi veriyoruz.<\/p><p>Peteklerinizin d\u00fczenli aral\u0131klarla temizlenmesi, hem sa\u011fl\u0131kl\u0131 bir ya\u015fam alan\u0131 sa\u011flamak hem de faturalar\u0131n\u0131z\u0131 d\u00fc\u015f\u00fcrmek i\u00e7in \u00f6nemlidir. Sancaktepe Petek Temizleme i\u00e7in Do\u011fru \u00c7\u00f6z\u00fcm ile ileti\u015fime ge\u00e7erek peteklerinizin temizli\u011fini yapt\u0131rabilir ve \u0131s\u0131tma sisteminizin verimlili\u011fini artt\u0131rabilirsiniz.<\/p><h2>Neden Do\u011fru \u00c7\u00f6z\u00fcm Tercih Edilmeli?<\/h2><p>Petek temizli\u011fi, evlerimizde ve i\u015f yerlerimizde s\u0131cakl\u0131k ve konfor sa\u011flamada \u00f6nemli bir rol oynar. Ancak zamanla peteklerin i\u00e7inde biriken kir, toz ve kire\u00e7 gibi unsurlar verimi d\u00fc\u015f\u00fcr\u00fcr ve hatta sa\u011fl\u0131\u011f\u0131m\u0131z\u0131 olumsuz etkileyebilir. Bu nedenle petek temizli\u011fi olduk\u00e7a \u00f6nemlidir ve do\u011fru \u00e7\u00f6z\u00fcm tercih edilmelidir.<\/p><p>Do\u011fru \u00e7\u00f6z\u00fcm\u00fc tercih etmek, hem bize hem de peteklere zarar vermeden tamamen profesyonel bir \u015fekilde temizlik yap\u0131lmas\u0131 anlam\u0131na gelir. Sancaktepe b\u00f6lgesinde bulunan do\u011fru adres ise \u015f\u00fcphesiz Do\u011fru \u00c7\u00f6z\u00fcm firmas\u0131d\u0131r. Firman\u0131n uzman ekipleri, y\u0131llard\u0131r sekt\u00f6rde edindikleri bilgi ve deneyimlerini en son teknolojilerle birle\u015ftirerek petek temizli\u011fi hizmeti sunmaktad\u0131r.<\/p><p>Do\u011fru \u00c7\u00f6z\u00fcm\u2019\u00fcn sundu\u011fu profesyonel petek temizli\u011fi hizmetinin neden tercih edilmesi gerekti\u011fine gelince; ilk olarak belirtmemiz gereken unsur, kullan\u0131lan ekipmanlar\u0131n son derece modern olmas\u0131d\u0131r. Firmam\u0131z, insan sa\u011fl\u0131\u011f\u0131na zarars\u0131z \u00f6zel kimyasallar kullanarak peteklerinizi t\u00fcm bakterilerden ar\u0131nd\u0131rmaktad\u0131r. Ayr\u0131ca y\u00fcksek vakumlu makineler sayesinde peteklerin i\u00e7inde biriken t\u00fcm kir ve kire\u00e7ler temizlenmektedir.<\/p><p>Bunun yan\u0131 s\u0131ra, Do\u011fru \u00c7\u00f6z\u00fcm\u2019\u00fcn uzman ekipleri petek temizli\u011fi i\u015flemini olduk\u00e7a titiz bir \u015fekilde ger\u00e7ekle\u015ftirir. Peteklerinizin \u00f6zelliklerine g\u00f6re uygun y\u00f6ntemleri kullanarak temizlik i\u015flemini tamamlarlar. Ayr\u0131ca peteklerinizin i\u00e7inde bulunan termostat vanalar\u0131n\u0131 da kontrol ederek gerekli bak\u0131m ve onar\u0131mlar\u0131 yaparlar. B\u00f6ylece petekleriniz daha verimli ve uzun \u00f6m\u00fcrl\u00fc olur.<\/p><p>Do\u011fru \u00c7\u00f6z\u00fcm, m\u00fc\u015fteri memnuniyetini her zaman \u00f6n planda tutan bir anlay\u0131\u015fa sahiptir. Bu nedenle hizmet sonras\u0131 yap\u0131lan kontroller ile peteklerinizde herhangi bir sorun olup olmad\u0131\u011f\u0131 kontrol edilir. Ayr\u0131ca peteklerinizi temizlerken evinizde veya i\u015f yerinizde herhangi bir kirlilik b\u0131rakmazlar.<\/p><p>Son olarak, Do\u011fru \u00c7\u00f6z\u00fcm tercih edildi\u011finde hem vakitten hem de maddi a\u00e7\u0131dan tasarruf sa\u011flanm\u0131\u015f olur. Yeni petek alman\u0131n y\u00fcksek maliyetinden ka\u00e7\u0131nmak i\u00e7in periyodik olarak petek temizli\u011fi yapt\u0131rmak gerekir. Do\u011fru \u00c7\u00f6z\u00fcm uzman ekiplerinin profesyonel hizmeti sayesinde peteklerinizin \u00f6mr\u00fc uzar ve daha az yak\u0131tla \u00e7ok daha verimli bir \u015fekilde \u0131s\u0131nma imkan\u0131na sahip olursunuz.<\/p>\t\t\t\t\t\t<\/div>\n\t\t\t\t<\/div>\n\t\t\t\t\t<\/div>\n\t\t\t\t<\/div>\n\t\t\t\t<\/div>\n\t\t","protected":false},"excerpt":{"rendered":"<p>Petek temizli\u011fi, evlerimizin en \u00f6nemli \u0131s\u0131tma sistemlerinden biri olan kalorifer peteklerinin i\u00e7erisinde biriken kiri ve tortuyu temizlemek i\u00e7in yap\u0131lan bir i\u015flemdir. Kalorifer petekleri, s\u0131cak suyun ge\u00e7mesi sonucu \u0131s\u0131n\u0131r ve bu sayede evlerimizi \u0131s\u0131tmaya yard\u0131mc\u0131 olur. Ancak zamanla i\u00e7erisinde toz, kir, pas gibi maddelerin birikmesi sonucu verimlili\u011fi d\u00fc\u015fer ve sa\u011fl\u0131ks\u0131z hale gelir. Sancaktepe\u2019de Profesyonel Petek Temizli\u011fi&#8230;<\/p>\n","protected":false},"author":1,"featured_media":0,"parent":0,"menu_order":0,"comment_status":"closed","ping_status":"closed","template":"template-builder.php","meta":{"footnotes":""},"class_list":["post-1790","page","type-page","status-publish","hentry"],"_links":{"self":[{"href":"https:\/\/wtdemo.link\/kombiteknik\/wp-json\/wp\/v2\/pages\/1790","targetHints":{"allow":["GET"]}}],"collection":[{"href":"https:\/\/wtdemo.link\/kombiteknik\/wp-json\/wp\/v2\/pages"}],"about":[{"href":"https:\/\/wtdemo.link\/kombiteknik\/wp-json\/wp\/v2\/types\/page"}],"author":[{"embeddable":true,"href":"https:\/\/wtdemo.link\/kombiteknik\/wp-json\/wp\/v2\/users\/1"}],"replies":[{"embeddable":true,"href":"https:\/\/wtdemo.link\/kombiteknik\/wp-json\/wp\/v2\/comments?post=1790"}],"version-history":[{"count":0,"href":"https:\/\/wtdemo.link\/kombiteknik\/wp-json\/wp\/v2\/pages\/1790\/revisions"}],"wp:attachment":[{"href":"https:\/\/wtdemo.link\/kombiteknik\/wp-json\/wp\/v2\/media?parent=1790"}],"curies":[{"name":"wp","href":"https:\/\/api.w.org\/{rel}","templated":true}]}}